{"id":37239,"date":"2024-05-23T13:08:59","date_gmt":"2024-05-23T11:08:59","guid":{"rendered":"https:\/\/prod.altaydagistan.com\/unser-netzwerk\/"},"modified":"2026-03-30T18:25:07","modified_gmt":"2026-03-30T16:25:07","slug":"unser-netzwerk","status":"publish","type":"page","link":"https:\/\/www.ethifinance.com\/de\/unser-netzwerk\/","title":{"rendered":"Netzwerk"},"content":{"rendered":"\t\t<div data-elementor-type=\"wp-page\" data-elementor-id=\"37239\" class=\"elementor elementor-37239 elementor-29862\" data-elementor-post-type=\"page\">\n\t\t\t\t<div class=\"elementor-element elementor-element-ad50a94 e-flex e-con-boxed e-con e-parent\" data-id=\"ad50a94\" data-element_type=\"container\" data-e-type=\"container\">\n\t\t\t\t\t<div class=\"e-con-inner\">\n\t\t\t\t<div class=\"elementor-element elementor-element-0528d28 elementor-widget elementor-widget-shortcode\" data-id=\"0528d28\" data-element_type=\"widget\" data-e-type=\"widget\" data-widget_type=\"shortcode.default\">\n\t\t\t\t<div class=\"elementor-widget-container\">\n\t\t\t\t\t\t\t<div class=\"elementor-shortcode\">\t\t<div data-elementor-type=\"container\" data-elementor-id=\"37689\" class=\"elementor elementor-37689 elementor-29413\" data-elementor-post-type=\"elementor_library\">\n\t\t\t\t<div class=\"elementor-element elementor-element-7d4c768a e-con-full e-flex e-con e-parent\" data-id=\"7d4c768a\" data-element_type=\"container\" data-e-type=\"container\" data-settings=\"{&quot;background_background&quot;:&quot;classic&quot;}\">\n\t\t<div class=\"elementor-element elementor-element-e9a1c69 e-flex e-con-boxed e-con e-child\" data-id=\"e9a1c69\" data-element_type=\"container\" data-e-type=\"container\">\n\t\t\t\t\t<div class=\"e-con-inner\">\n\t\t\t\t<div class=\"elementor-element elementor-element-7cde6404 elementor-widget__width-initial elementor-widget elementor-widget-text-editor\" data-id=\"7cde6404\" data-element_type=\"widget\" data-e-type=\"widget\" data-widget_type=\"text-editor.default\">\n\t\t\t\t<div class=\"elementor-widget-container\">\n\t\t\t\t\t\t\t\t\tEthiFinance ist national und international innerhalb wichtiger Finanzm\u00e4rkte und mit relevanten Branchenverb\u00e4nden vernetzt. Wir arbeiten mit qualifizierten Partnern in ganz Europa zusammen \u2013 unsere Verbindungen reichen von ESG-Daten-, Research- und Software-Anbietern bis hin zu Vertreibern unserer Produkte und Dienstleistungen.\n\t\t\t\t\t\t\t\t<\/div>\n\t\t\t\t<\/div>\n\t\t\t\t\t<\/div>\n\t\t\t\t<\/div>\n\t\t\t\t<\/div>\n\t\t\t\t<\/div>\n\t\t<\/div>\n\t\t\t\t\t\t<\/div>\n\t\t\t\t<\/div>\n\t\t\t\t\t<\/div>\n\t\t\t\t<\/div>\n\t\t<div class=\"elementor-element elementor-element-1229a081 e-flex e-con-boxed e-con e-parent\" data-id=\"1229a081\" data-element_type=\"container\" data-e-type=\"container\" data-settings=\"{&quot;background_background&quot;:&quot;classic&quot;}\">\n\t\t\t\t\t<div class=\"e-con-inner\">\n\t\t<div class=\"elementor-element elementor-element-304cd09e e-flex e-con-boxed e-con e-child\" data-id=\"304cd09e\" data-element_type=\"container\" data-e-type=\"container\">\n\t\t\t\t\t<div class=\"e-con-inner\">\n\t\t<div class=\"elementor-element elementor-element-1abc35dd e-con-full e-flex e-con e-child\" data-id=\"1abc35dd\" data-element_type=\"container\" data-e-type=\"container\">\n\t\t\t\t<div class=\"elementor-element elementor-element-f0168bd elementor-widget elementor-widget-heading\" data-id=\"f0168bd\" data-element_type=\"widget\" data-e-type=\"widget\" data-widget_type=\"heading.default\">\n\t\t\t\t<div class=\"elementor-widget-container\">\n\t\t\t\t\t<h3 class=\"elementor-heading-title elementor-size-default\">Institutionelles Netzwerk \n<\/h3>\t\t\t\t<\/div>\n\t\t\t\t<\/div>\n\t\t\t\t<div class=\"elementor-element elementor-element-eb5b3bc elementor-widget elementor-widget-text-editor\" data-id=\"eb5b3bc\" data-element_type=\"widget\" data-e-type=\"widget\" data-widget_type=\"text-editor.default\">\n\t\t\t\t<div class=\"elementor-widget-container\">\n\t\t\t\t\t\t\t\t\t<p><span data-contrast=\"auto\">EthiFinance ist sowohl auf nationaler als auch auf internationaler Ebene mit den Finanzm\u00e4rkten und Branchenverb\u00e4nden vernetzt. <\/span>Wir sind Gr\u00fcndungsmitglied der <strong>European Association of Credit Rating Agencies<\/strong> (EACRA) &#8211; einer Plattform f\u00fcr Zusammenarbeit und Diskussion f\u00fcr Ratingagenturen in ganz Europa.<br \/>\nDer Verband wurde im November 2009 gegr\u00fcndet und hat elf Mitglieder, die jeweils tief in ihren jeweiligen M\u00e4rkten verwurzelt sind, einen hohen Marktanteil haben und einen guten Ruf bei lokalen Investoren haben. <\/p>\n\t\t\t\t\t\t\t\t<\/div>\n\t\t\t\t<\/div>\n\t\t\t\t<div class=\"elementor-element elementor-element-8dd8e89 elementor-widget elementor-widget-button\" data-id=\"8dd8e89\" data-element_type=\"widget\" data-e-type=\"widget\" data-widget_type=\"button.default\">\n\t\t\t\t<div class=\"elementor-widget-container\">\n\t\t\t\t\t\t\t\t\t<div class=\"elementor-button-wrapper\">\n\t\t\t\t\t<a class=\"elementor-button elementor-button-link elementor-size-sm\" href=\"https:\/\/eacra.eu\/\" target=\"_blank\">\n\t\t\t\t\t\t<span class=\"elementor-button-content-wrapper\">\n\t\t\t\t\t\t\t\t\t<span class=\"elementor-button-text\">Mehr zu EACRA<\/span>\n\t\t\t\t\t<\/span>\n\t\t\t\t\t<\/a>\n\t\t\t\t<\/div>\n\t\t\t\t\t\t\t\t<\/div>\n\t\t\t\t<\/div>\n\t\t\t\t<div class=\"elementor-element elementor-element-f968eae elementor-widget elementor-widget-text-editor\" data-id=\"f968eae\" data-element_type=\"widget\" data-e-type=\"widget\" data-widget_type=\"text-editor.default\">\n\t\t\t\t<div class=\"elementor-widget-container\">\n\t\t\t\t\t\t\t\t\t<p>Wir sind Gr\u00fcndungsmitglied der <strong>European Association of Sustainability Rating Agencies (EASRA).<\/strong> Der Verband wurde im Fr\u00fchjahr 2023 in Paris gegr\u00fcndet und soll eine neue Generation von europ\u00e4ischen Dienstleistern im Bereich Sustainable Finance repr\u00e4sentieren. Die EASRA-Mitglieder verpflichten sich zu Transparenz, Exaktheit, Unabh\u00e4ngigkeit und zur F\u00f6rderung der doppelten Materialit\u00e4t.<\/p>\t\t\t\t\t\t\t\t<\/div>\n\t\t\t\t<\/div>\n\t\t\t\t<div class=\"elementor-element elementor-element-3a19a9e elementor-widget elementor-widget-button\" data-id=\"3a19a9e\" data-element_type=\"widget\" data-e-type=\"widget\" data-widget_type=\"button.default\">\n\t\t\t\t<div class=\"elementor-widget-container\">\n\t\t\t\t\t\t\t\t\t<div class=\"elementor-button-wrapper\">\n\t\t\t\t\t<a class=\"elementor-button elementor-button-link elementor-size-sm\" href=\"https:\/\/www.easra.org\/\" target=\"_blank\">\n\t\t\t\t\t\t<span class=\"elementor-button-content-wrapper\">\n\t\t\t\t\t\t\t\t\t<span class=\"elementor-button-text\">Mehr zu EASRA<\/span>\n\t\t\t\t\t<\/span>\n\t\t\t\t\t<\/a>\n\t\t\t\t<\/div>\n\t\t\t\t\t\t\t\t<\/div>\n\t\t\t\t<\/div>\n\t\t\t\t<div class=\"elementor-element elementor-element-dd985b7 elementor-widget elementor-widget-text-editor\" data-id=\"dd985b7\" data-element_type=\"widget\" data-e-type=\"widget\" data-widget_type=\"text-editor.default\">\n\t\t\t\t<div class=\"elementor-widget-container\">\n\t\t\t\t\t\t\t\t\t<p>EthiFinance ist Unterzeichner der\u00a0<strong>PRI<\/strong>\u00a0(Principles for Responsible Investment), Mitglied gro\u00dfer\u00a0<strong>franz\u00f6sischer Investmentverb\u00e4nde<\/strong>\u00a0und aktives Mitglied europ\u00e4ischer und lokaler\u00a0<strong>Social-Investment-Foren<\/strong>.<\/p>\t\t\t\t\t\t\t\t<\/div>\n\t\t\t\t<\/div>\n\t\t\t\t<div class=\"elementor-element elementor-element-47e3359 elementor-widget elementor-widget-heading\" data-id=\"47e3359\" data-element_type=\"widget\" data-e-type=\"widget\" data-widget_type=\"heading.default\">\n\t\t\t\t<div class=\"elementor-widget-container\">\n\t\t\t\t\t<h3 class=\"elementor-heading-title elementor-size-default\">Gesch\u00e4ftliches Netzwerk\n<\/h3>\t\t\t\t<\/div>\n\t\t\t\t<\/div>\n\t\t\t\t<div class=\"elementor-element elementor-element-f68ea02 elementor-widget elementor-widget-text-editor\" data-id=\"f68ea02\" data-element_type=\"widget\" data-e-type=\"widget\" data-widget_type=\"text-editor.default\">\n\t\t\t\t<div class=\"elementor-widget-container\">\n\t\t\t\t\t\t\t\t\t<p><span class=\"NormalTextRun SpellingErrorV2Themed SCXW225897210 BCX0\">mit EthiFinance eingegangen,<\/span><span class=\"NormalTextRun SCXW225897210 BCX0\">\u00a0ist mit verschiedenen Partnern in ganz Europa vernetzt<\/span><span class=\"NormalTextRun SCXW225897210 BCX0\">.\u00a0<\/span><span class=\"NormalTextRun AdvancedProofingIssueV2Themed SCXW225897210 BCX0\">Unser gesch\u00e4ftliches Netzwerk umfasst ESG\u00a0<\/span><span class=\"NormalTextRun AdvancedProofingIssueV2Themed SCXW225897210 BCX0\">&#8211;<\/span><span class=\"NormalTextRun AdvancedProofingIssueV2Themed SCXW225897210 BCX0\">Daten<\/span>\u00a0<span class=\"NormalTextRun AdvancedProofingIssueV2Themed SCXW225897210 BCX0\">&#8211;<\/span><span class=\"NormalTextRun AdvancedProofingIssueV2Themed SCXW225897210 BCX0\">,<\/span><span class=\"NormalTextRun AdvancedProofingIssueV2Themed SCXW225897210 BCX0\">Research- und Software-Anbieter sowie Vertreiber unserer Produkte und Dienstleistungen.<\/span><\/p>\t\t\t\t\t\t\t\t<\/div>\n\t\t\t\t<\/div>\n\t\t\t\t<\/div>\n\t\t<div class=\"elementor-element elementor-element-6bbea09 e-con-full elementor-hidden-tablet e-flex e-con e-child\" data-id=\"6bbea09\" data-element_type=\"container\" data-e-type=\"container\">\n\t\t\t\t<div class=\"elementor-element elementor-element-4dacadb0 elementor-widget elementor-widget-image\" data-id=\"4dacadb0\" data-element_type=\"widget\" data-e-type=\"widget\" data-widget_type=\"image.default\">\n\t\t\t\t<div class=\"elementor-widget-container\">\n\t\t\t\t\t\t\t\t\t\t\t\t\t\t\t<img fetchpriority=\"high\" decoding=\"async\" width=\"768\" height=\"987\" src=\"https:\/\/www.ethifinance.com\/wp-content\/uploads\/2024\/06\/Sustainable-company-building-surrounded-with-trees-in-a-city-63488-768x987.jpg\" class=\"attachment-medium_large size-medium_large wp-image-36806\" alt=\"\" srcset=\"https:\/\/www.ethifinance.com\/wp-content\/uploads\/2024\/06\/Sustainable-company-building-surrounded-with-trees-in-a-city-63488-768x987.jpg 768w, https:\/\/www.ethifinance.com\/wp-content\/uploads\/2024\/06\/Sustainable-company-building-surrounded-with-trees-in-a-city-63488-233x300.jpg 233w, https:\/\/www.ethifinance.com\/wp-content\/uploads\/2024\/06\/Sustainable-company-building-surrounded-with-trees-in-a-city-63488-796x1024.jpg 796w, https:\/\/www.ethifinance.com\/wp-content\/uploads\/2024\/06\/Sustainable-company-building-surrounded-with-trees-in-a-city-63488-1195x1536.jpg 1195w, https:\/\/www.ethifinance.com\/wp-content\/uploads\/2024\/06\/Sustainable-company-building-surrounded-with-trees-in-a-city-63488-1593x2048.jpg 1593w, https:\/\/www.ethifinance.com\/wp-content\/uploads\/2024\/06\/Sustainable-company-building-surrounded-with-trees-in-a-city-63488-9x12.jpg 9w, https:\/\/www.ethifinance.com\/wp-content\/uploads\/2024\/06\/Sustainable-company-building-surrounded-with-trees-in-a-city-63488.jpg 1792w\" sizes=\"(max-width: 768px) 100vw, 768px\" \/>\t\t\t\t\t\t\t\t\t\t\t\t\t\t\t<\/div>\n\t\t\t\t<\/div>\n\t\t\t\t<\/div>\n\t\t\t\t\t<\/div>\n\t\t\t\t<\/div>\n\t\t\t\t\t<\/div>\n\t\t\t\t<\/div>\n\t\t<div class=\"elementor-element elementor-element-d8eead3 e-flex e-con-boxed e-con e-parent\" data-id=\"d8eead3\" data-element_type=\"container\" data-e-type=\"container\" data-settings=\"{&quot;background_background&quot;:&quot;classic&quot;}\">\n\t\t\t\t\t<div class=\"e-con-inner\">\n\t\t<div class=\"elementor-element elementor-element-00aebaa e-con-full e-flex e-con e-child\" data-id=\"00aebaa\" data-element_type=\"container\" data-e-type=\"container\" data-settings=\"{&quot;background_background&quot;:&quot;classic&quot;}\">\n\t\t\t\t<div class=\"elementor-element elementor-element-7657ef6 elementor-widget elementor-widget-html\" data-id=\"7657ef6\" data-element_type=\"widget\" data-e-type=\"widget\" data-widget_type=\"html.default\">\n\t\t\t\t<div class=\"elementor-widget-container\">\n\t\t\t\t\t<script src=\"https:\/\/ethifinance.my.site.com\/lp\/assets\/scripts\/external-forms-host.min.js\"><\/script>\r\n<script src=\"https:\/\/ethifinance.my.site.com\/lp\/assets\/lightning_out_embed\/prod\/fr\/MCRFJA2XXAZVBNXKHQ5DWSUMQQFI.js\" onload=\"window.sfdc_forms?sfdc_forms.init():window.sfdc_forms={loReady:!0}\"><\/script>\r\n<!-- This tag contains the form. Add it to your page where you want the form to be located. -->\r\n<fragment-z4vjav7rtctw2tbrbx9bwusk2r213h5ezba9eiy1qh5 title=\"Marketing Form\" id=\"container\" data-recaptcha-site-key=\"\" data-web-tracking=\"true\" data-external-form=\"true\"><\/fragment-z4vjav7rtctw2tbrbx9bwusk2r213h5ezba9eiy1qh5>\t\t\t\t<\/div>\n\t\t\t\t<\/div>\n\t\t\t\t<\/div>\n\t\t\t\t\t<\/div>\n\t\t\t\t<\/div>\n\t\t\t\t<\/div>\n\t\t","protected":false},"excerpt":{"rendered":"<p>EthiFinance ist national und international innerhalb wichtiger Finanzm\u00e4rkte und mit relevanten Branchenverb\u00e4nden vernetzt. Wir arbeiten mit qualifizierten Partnern in ganz Europa zusammen \u2013 unsere Verbindungen reichen von ESG-Daten-, Research- und Software-Anbietern bis hin zu Vertreibern unserer Produkte und Dienstleistungen.<\/p>\n","protected":false},"author":2,"featured_media":36962,"parent":0,"menu_order":0,"comment_status":"closed","ping_status":"closed","template":"elementor_header_footer","meta":{"_acf_changed":false,"footnotes":""},"class_list":["post-37239","page","type-page","status-publish","has-post-thumbnail","hentry"],"acf":[],"yoast_head":"<!-- This site is optimized with the Yoast SEO plugin v26.9 - https:\/\/yoast.com\/product\/yoast-seo-wordpress\/ -->\n<title>Netzwerk - EthiFinance<\/title>\n<meta name=\"robots\" content=\"index, follow, max-snippet:-1, max-image-preview:large, max-video-preview:-1\" \/>\n<link rel=\"canonical\" href=\"https:\/\/www.ethifinance.com\/de\/unser-netzwerk\/\" \/>\n<meta property=\"og:locale\" content=\"de_DE\" \/>\n<meta property=\"og:type\" content=\"article\" \/>\n<meta property=\"og:title\" content=\"Netzwerk - EthiFinance\" \/>\n<meta property=\"og:description\" content=\"EthiFinance ist national und international innerhalb wichtiger Finanzm\u00e4rkte und mit relevanten Branchenverb\u00e4nden vernetzt. Wir arbeiten mit qualifizierten Partnern in ganz Europa zusammen \u2013 unsere Verbindungen reichen von ESG-Daten-, Research- und Software-Anbietern bis hin zu Vertreibern unserer Produkte und Dienstleistungen.\" \/>\n<meta property=\"og:url\" content=\"https:\/\/www.ethifinance.com\/de\/unser-netzwerk\/\" \/>\n<meta property=\"og:site_name\" content=\"EthiFinance\" \/>\n<meta property=\"article:modified_time\" content=\"2026-03-30T16:25:07+00:00\" \/>\n<meta property=\"og:image\" content=\"https:\/\/www.ethifinance.com\/wp-content\/uploads\/2024\/06\/frans-leivo-QEJzR7GoHz8-unsplash.jpg\" \/>\n\t<meta property=\"og:image:width\" content=\"1920\" \/>\n\t<meta property=\"og:image:height\" content=\"1206\" \/>\n\t<meta property=\"og:image:type\" content=\"image\/jpeg\" \/>\n<meta name=\"twitter:card\" content=\"summary_large_image\" \/>\n<meta name=\"twitter:label1\" content=\"Gesch\u00e4tzte Lesezeit\" \/>\n\t<meta name=\"twitter:data1\" content=\"2\u00a0Minuten\" \/>\n<script type=\"application\/ld+json\" class=\"yoast-schema-graph\">{\"@context\":\"https:\/\/schema.org\",\"@graph\":[{\"@type\":\"WebPage\",\"@id\":\"https:\/\/www.ethifinance.com\/de\/unser-netzwerk\/\",\"url\":\"https:\/\/www.ethifinance.com\/de\/unser-netzwerk\/\",\"name\":\"Netzwerk - EthiFinance\",\"isPartOf\":{\"@id\":\"https:\/\/www.ethifinance.com\/de\/#website\"},\"primaryImageOfPage\":{\"@id\":\"https:\/\/www.ethifinance.com\/de\/unser-netzwerk\/#primaryimage\"},\"image\":{\"@id\":\"https:\/\/www.ethifinance.com\/de\/unser-netzwerk\/#primaryimage\"},\"thumbnailUrl\":\"https:\/\/www.ethifinance.com\/wp-content\/uploads\/2024\/06\/frans-leivo-QEJzR7GoHz8-unsplash.jpg\",\"datePublished\":\"2024-05-23T11:08:59+00:00\",\"dateModified\":\"2026-03-30T16:25:07+00:00\",\"breadcrumb\":{\"@id\":\"https:\/\/www.ethifinance.com\/de\/unser-netzwerk\/#breadcrumb\"},\"inLanguage\":\"de\",\"potentialAction\":[{\"@type\":\"ReadAction\",\"target\":[\"https:\/\/www.ethifinance.com\/de\/unser-netzwerk\/\"]}]},{\"@type\":\"ImageObject\",\"inLanguage\":\"de\",\"@id\":\"https:\/\/www.ethifinance.com\/de\/unser-netzwerk\/#primaryimage\",\"url\":\"https:\/\/www.ethifinance.com\/wp-content\/uploads\/2024\/06\/frans-leivo-QEJzR7GoHz8-unsplash.jpg\",\"contentUrl\":\"https:\/\/www.ethifinance.com\/wp-content\/uploads\/2024\/06\/frans-leivo-QEJzR7GoHz8-unsplash.jpg\",\"width\":1920,\"height\":1206},{\"@type\":\"BreadcrumbList\",\"@id\":\"https:\/\/www.ethifinance.com\/de\/unser-netzwerk\/#breadcrumb\",\"itemListElement\":[{\"@type\":\"ListItem\",\"position\":1,\"name\":\"Accueil\",\"item\":\"https:\/\/www.ethifinance.com\/de\/\"},{\"@type\":\"ListItem\",\"position\":2,\"name\":\"Netzwerk\"}]},{\"@type\":\"WebSite\",\"@id\":\"https:\/\/www.ethifinance.com\/de\/#website\",\"url\":\"https:\/\/www.ethifinance.com\/de\/\",\"name\":\"Ethifinance\",\"description\":\"\",\"publisher\":{\"@id\":\"https:\/\/www.ethifinance.com\/de\/#organization\"},\"potentialAction\":[{\"@type\":\"SearchAction\",\"target\":{\"@type\":\"EntryPoint\",\"urlTemplate\":\"https:\/\/www.ethifinance.com\/de\/?s={search_term_string}\"},\"query-input\":{\"@type\":\"PropertyValueSpecification\",\"valueRequired\":true,\"valueName\":\"search_term_string\"}}],\"inLanguage\":\"de\"},{\"@type\":\"Organization\",\"@id\":\"https:\/\/www.ethifinance.com\/de\/#organization\",\"name\":\"Ethifinance\",\"url\":\"https:\/\/www.ethifinance.com\/de\/\",\"logo\":{\"@type\":\"ImageObject\",\"inLanguage\":\"de\",\"@id\":\"https:\/\/www.ethifinance.com\/de\/#\/schema\/logo\/image\/\",\"url\":\"https:\/\/www.ethifinance.com\/wp-content\/uploads\/2024\/05\/Logo_simplified_green_by_altay-01-01.png\",\"contentUrl\":\"https:\/\/www.ethifinance.com\/wp-content\/uploads\/2024\/05\/Logo_simplified_green_by_altay-01-01.png\",\"width\":1424,\"height\":248,\"caption\":\"Ethifinance\"},\"image\":{\"@id\":\"https:\/\/www.ethifinance.com\/de\/#\/schema\/logo\/image\/\"},\"sameAs\":[\"https:\/\/www.linkedin.com\/company\/ethifinance\/\",\"https:\/\/www.youtube.com\/@ethifinance_EU\"]}]}<\/script>\n<!-- \/ Yoast SEO plugin. -->","yoast_head_json":{"title":"Netzwerk - EthiFinance","robots":{"index":"index","follow":"follow","max-snippet":"max-snippet:-1","max-image-preview":"max-image-preview:large","max-video-preview":"max-video-preview:-1"},"canonical":"https:\/\/www.ethifinance.com\/de\/unser-netzwerk\/","og_locale":"de_DE","og_type":"article","og_title":"Netzwerk - EthiFinance","og_description":"EthiFinance ist national und international innerhalb wichtiger Finanzm\u00e4rkte und mit relevanten Branchenverb\u00e4nden vernetzt. Wir arbeiten mit qualifizierten Partnern in ganz Europa zusammen \u2013 unsere Verbindungen reichen von ESG-Daten-, Research- und Software-Anbietern bis hin zu Vertreibern unserer Produkte und Dienstleistungen.","og_url":"https:\/\/www.ethifinance.com\/de\/unser-netzwerk\/","og_site_name":"EthiFinance","article_modified_time":"2026-03-30T16:25:07+00:00","og_image":[{"width":1920,"height":1206,"url":"https:\/\/www.ethifinance.com\/wp-content\/uploads\/2024\/06\/frans-leivo-QEJzR7GoHz8-unsplash.jpg","type":"image\/jpeg"}],"twitter_card":"summary_large_image","twitter_misc":{"Gesch\u00e4tzte Lesezeit":"2\u00a0Minuten"},"schema":{"@context":"https:\/\/schema.org","@graph":[{"@type":"WebPage","@id":"https:\/\/www.ethifinance.com\/de\/unser-netzwerk\/","url":"https:\/\/www.ethifinance.com\/de\/unser-netzwerk\/","name":"Netzwerk - EthiFinance","isPartOf":{"@id":"https:\/\/www.ethifinance.com\/de\/#website"},"primaryImageOfPage":{"@id":"https:\/\/www.ethifinance.com\/de\/unser-netzwerk\/#primaryimage"},"image":{"@id":"https:\/\/www.ethifinance.com\/de\/unser-netzwerk\/#primaryimage"},"thumbnailUrl":"https:\/\/www.ethifinance.com\/wp-content\/uploads\/2024\/06\/frans-leivo-QEJzR7GoHz8-unsplash.jpg","datePublished":"2024-05-23T11:08:59+00:00","dateModified":"2026-03-30T16:25:07+00:00","breadcrumb":{"@id":"https:\/\/www.ethifinance.com\/de\/unser-netzwerk\/#breadcrumb"},"inLanguage":"de","potentialAction":[{"@type":"ReadAction","target":["https:\/\/www.ethifinance.com\/de\/unser-netzwerk\/"]}]},{"@type":"ImageObject","inLanguage":"de","@id":"https:\/\/www.ethifinance.com\/de\/unser-netzwerk\/#primaryimage","url":"https:\/\/www.ethifinance.com\/wp-content\/uploads\/2024\/06\/frans-leivo-QEJzR7GoHz8-unsplash.jpg","contentUrl":"https:\/\/www.ethifinance.com\/wp-content\/uploads\/2024\/06\/frans-leivo-QEJzR7GoHz8-unsplash.jpg","width":1920,"height":1206},{"@type":"BreadcrumbList","@id":"https:\/\/www.ethifinance.com\/de\/unser-netzwerk\/#breadcrumb","itemListElement":[{"@type":"ListItem","position":1,"name":"Accueil","item":"https:\/\/www.ethifinance.com\/de\/"},{"@type":"ListItem","position":2,"name":"Netzwerk"}]},{"@type":"WebSite","@id":"https:\/\/www.ethifinance.com\/de\/#website","url":"https:\/\/www.ethifinance.com\/de\/","name":"Ethifinance","description":"","publisher":{"@id":"https:\/\/www.ethifinance.com\/de\/#organization"},"potentialAction":[{"@type":"SearchAction","target":{"@type":"EntryPoint","urlTemplate":"https:\/\/www.ethifinance.com\/de\/?s={search_term_string}"},"query-input":{"@type":"PropertyValueSpecification","valueRequired":true,"valueName":"search_term_string"}}],"inLanguage":"de"},{"@type":"Organization","@id":"https:\/\/www.ethifinance.com\/de\/#organization","name":"Ethifinance","url":"https:\/\/www.ethifinance.com\/de\/","logo":{"@type":"ImageObject","inLanguage":"de","@id":"https:\/\/www.ethifinance.com\/de\/#\/schema\/logo\/image\/","url":"https:\/\/www.ethifinance.com\/wp-content\/uploads\/2024\/05\/Logo_simplified_green_by_altay-01-01.png","contentUrl":"https:\/\/www.ethifinance.com\/wp-content\/uploads\/2024\/05\/Logo_simplified_green_by_altay-01-01.png","width":1424,"height":248,"caption":"Ethifinance"},"image":{"@id":"https:\/\/www.ethifinance.com\/de\/#\/schema\/logo\/image\/"},"sameAs":["https:\/\/www.linkedin.com\/company\/ethifinance\/","https:\/\/www.youtube.com\/@ethifinance_EU"]}]}},"_links":{"self":[{"href":"https:\/\/www.ethifinance.com\/de\/wp-json\/wp\/v2\/pages\/37239","targetHints":{"allow":["GET"]}}],"collection":[{"href":"https:\/\/www.ethifinance.com\/de\/wp-json\/wp\/v2\/pages"}],"about":[{"href":"https:\/\/www.ethifinance.com\/de\/wp-json\/wp\/v2\/types\/page"}],"author":[{"embeddable":true,"href":"https:\/\/www.ethifinance.com\/de\/wp-json\/wp\/v2\/users\/2"}],"replies":[{"embeddable":true,"href":"https:\/\/www.ethifinance.com\/de\/wp-json\/wp\/v2\/comments?post=37239"}],"version-history":[{"count":21,"href":"https:\/\/www.ethifinance.com\/de\/wp-json\/wp\/v2\/pages\/37239\/revisions"}],"predecessor-version":[{"id":48885,"href":"https:\/\/www.ethifinance.com\/de\/wp-json\/wp\/v2\/pages\/37239\/revisions\/48885"}],"wp:featuredmedia":[{"embeddable":true,"href":"https:\/\/www.ethifinance.com\/de\/wp-json\/wp\/v2\/media\/36962"}],"wp:attachment":[{"href":"https:\/\/www.ethifinance.com\/de\/wp-json\/wp\/v2\/media?parent=37239"}],"curies":[{"name":"wp","href":"https:\/\/api.w.org\/{rel}","templated":true}]}}