{"id":37383,"date":"2024-05-30T16:13:51","date_gmt":"2024-05-30T14:13:51","guid":{"rendered":"https:\/\/prod.altaydagistan.com\/beteiligung\/"},"modified":"2024-09-26T14:18:16","modified_gmt":"2024-09-26T12:18:16","slug":"beteiligung","status":"publish","type":"page","link":"https:\/\/www.ethifinance.com\/de\/beteiligung\/","title":{"rendered":"Beteiligungen"},"content":{"rendered":"\t\t<div data-elementor-type=\"wp-page\" data-elementor-id=\"37383\" class=\"elementor elementor-37383 elementor-30559\" data-elementor-post-type=\"page\">\n\t\t\t\t<div class=\"elementor-element elementor-element-5a87323 e-flex e-con-boxed e-con e-parent\" data-id=\"5a87323\" data-element_type=\"container\" data-e-type=\"container\">\n\t\t\t\t\t<div class=\"e-con-inner\">\n\t\t\t\t<div class=\"elementor-element elementor-element-ffc9283 elementor-widget elementor-widget-shortcode\" data-id=\"ffc9283\" data-element_type=\"widget\" data-e-type=\"widget\" data-widget_type=\"shortcode.default\">\n\t\t\t\t<div class=\"elementor-widget-container\">\n\t\t\t\t\t\t\t<div class=\"elementor-shortcode\">\t\t<div data-elementor-type=\"container\" data-elementor-id=\"37689\" class=\"elementor elementor-37689 elementor-29413 elementor-29413\" data-elementor-post-type=\"elementor_library\">\n\t\t\t\t<div class=\"elementor-element elementor-element-7d4c768a e-con-full e-flex e-con e-parent\" data-id=\"7d4c768a\" data-element_type=\"container\" data-e-type=\"container\" data-settings=\"{&quot;background_background&quot;:&quot;classic&quot;}\">\n\t\t<div class=\"elementor-element elementor-element-e9a1c69 e-flex e-con-boxed e-con e-child\" data-id=\"e9a1c69\" data-element_type=\"container\" data-e-type=\"container\">\n\t\t\t\t\t<div class=\"e-con-inner\">\n\t\t\t\t\t<\/div>\n\t\t\t\t<\/div>\n\t\t\t\t<\/div>\n\t\t\t\t<\/div>\n\t\t<\/div>\n\t\t\t\t\t\t<\/div>\n\t\t\t\t<\/div>\n\t\t\t\t\t<\/div>\n\t\t\t\t<\/div>\n\t\t<div class=\"elementor-element elementor-element-4a1f84d5 e-flex e-con-boxed e-con e-parent\" data-id=\"4a1f84d5\" data-element_type=\"container\" data-e-type=\"container\">\n\t\t\t\t\t<div class=\"e-con-inner\">\n\t\t<div class=\"elementor-element elementor-element-df97890 e-flex e-con-boxed e-con e-child\" data-id=\"df97890\" data-element_type=\"container\" data-e-type=\"container\">\n\t\t\t\t\t<div class=\"e-con-inner\">\n\t\t\t\t<div class=\"elementor-element elementor-element-7ae66d06 elementor-widget elementor-widget-text-editor\" data-id=\"7ae66d06\" data-element_type=\"widget\" data-e-type=\"widget\" data-widget_type=\"text-editor.default\">\n\t\t\t\t<div class=\"elementor-widget-container\">\n\t\t\t\t\t\t\t\t\t<p>Die EthiFinance-Gruppe mit Hauptsitz in Lyon (Frankreich) ist von Deutschland, Spanien und Frankreich aus t\u00e4tig, direkt oder indirekt \u00fcber Tochtergesellschaften und\/oder Niederlassungen.<\/p><p>Die EthiFinance SAS wird geleitet von Carol Sirou, CEO und einem Executive Committee.<\/p><p>Die EthiFinance SAS ist die Konzernmuttergesellschaft der EthiFinance-Gruppe.<\/p><p>Hauptaktion\u00e4r von EthiFinance ist Androm\u00e8de, ein Family Office.<\/p><p>Die \u00fcbrigen Anteile von EthiFinance werden von Gr\u00fcndern, Mitarbeitenden, ehemaligen Mitarbeitenden und einer Gruppe institutioneller Investoren (Club Rating Holding) gehalten.\u00a0<\/p>\t\t\t\t\t\t\t\t<\/div>\n\t\t\t\t<\/div>\n\t\t\t\t\t<\/div>\n\t\t\t\t<\/div>\n\t\t\t\t\t<\/div>\n\t\t\t\t<\/div>\n\t\t\t\t<\/div>\n\t\t","protected":false},"excerpt":{"rendered":"<p>Die EthiFinance-Gruppe mit Hauptsitz in Lyon (Frankreich) ist von Deutschland, Spanien und Frankreich aus t\u00e4tig, direkt oder indirekt \u00fcber Tochtergesellschaften und\/oder Niederlassungen. Die EthiFinance SAS wird geleitet von Carol Sirou, CEO und einem Executive Committee. Die EthiFinance SAS ist die Konzernmuttergesellschaft der EthiFinance-Gruppe. Hauptaktion\u00e4r von EthiFinance ist Androm\u00e8de, ein Family Office. Die \u00fcbrigen Anteile von [&hellip;]<\/p>\n","protected":false},"author":2,"featured_media":37064,"parent":0,"menu_order":0,"comment_status":"closed","ping_status":"closed","template":"elementor_header_footer","meta":{"_acf_changed":false,"footnotes":""},"class_list":["post-37383","page","type-page","status-publish","has-post-thumbnail","hentry"],"acf":[],"yoast_head":"<!-- This site is optimized with the Yoast SEO plugin v27.5 - https:\/\/yoast.com\/product\/yoast-seo-wordpress\/ -->\n<title>Beteiligungen - EthiFinance<\/title>\n<meta name=\"robots\" content=\"index, follow, max-snippet:-1, max-image-preview:large, max-video-preview:-1\" \/>\n<link rel=\"canonical\" href=\"https:\/\/www.ethifinance.com\/de\/beteiligung\/\" \/>\n<meta property=\"og:locale\" content=\"de_DE\" \/>\n<meta property=\"og:type\" content=\"article\" \/>\n<meta property=\"og:title\" content=\"Beteiligungen - EthiFinance\" \/>\n<meta property=\"og:description\" content=\"Die EthiFinance-Gruppe mit Hauptsitz in Lyon (Frankreich) ist von Deutschland, Spanien und Frankreich aus t\u00e4tig, direkt oder indirekt \u00fcber Tochtergesellschaften und\/oder Niederlassungen. Die EthiFinance SAS wird geleitet von Carol Sirou, CEO und einem Executive Committee. Die EthiFinance SAS ist die Konzernmuttergesellschaft der EthiFinance-Gruppe. Hauptaktion\u00e4r von EthiFinance ist Androm\u00e8de, ein Family Office. Die \u00fcbrigen Anteile von [&hellip;]\" \/>\n<meta property=\"og:url\" content=\"https:\/\/www.ethifinance.com\/de\/beteiligung\/\" \/>\n<meta property=\"og:site_name\" content=\"EthiFinance\" \/>\n<meta property=\"article:modified_time\" content=\"2024-09-26T12:18:16+00:00\" \/>\n<meta property=\"og:image\" content=\"https:\/\/www.ethifinance.com\/wp-content\/uploads\/2024\/07\/anne-drotleff-b1wLhMibrBc-unsplash.jpg\" \/>\n\t<meta property=\"og:image:width\" content=\"1920\" \/>\n\t<meta property=\"og:image:height\" content=\"1285\" \/>\n\t<meta property=\"og:image:type\" content=\"image\/jpeg\" \/>\n<meta name=\"twitter:card\" content=\"summary_large_image\" \/>\n<meta name=\"twitter:label1\" content=\"Gesch\u00e4tzte Lesezeit\" \/>\n\t<meta name=\"twitter:data1\" content=\"1\u00a0Minute\" \/>\n<script type=\"application\/ld+json\" class=\"yoast-schema-graph\">{\"@context\":\"https:\\\/\\\/schema.org\",\"@graph\":[{\"@type\":\"WebPage\",\"@id\":\"https:\\\/\\\/www.ethifinance.com\\\/de\\\/beteiligung\\\/\",\"url\":\"https:\\\/\\\/www.ethifinance.com\\\/de\\\/beteiligung\\\/\",\"name\":\"Beteiligungen - EthiFinance\",\"isPartOf\":{\"@id\":\"https:\\\/\\\/www.ethifinance.com\\\/de\\\/#website\"},\"primaryImageOfPage\":{\"@id\":\"https:\\\/\\\/www.ethifinance.com\\\/de\\\/beteiligung\\\/#primaryimage\"},\"image\":{\"@id\":\"https:\\\/\\\/www.ethifinance.com\\\/de\\\/beteiligung\\\/#primaryimage\"},\"thumbnailUrl\":\"https:\\\/\\\/www.ethifinance.com\\\/wp-content\\\/uploads\\\/2024\\\/07\\\/anne-drotleff-b1wLhMibrBc-unsplash.jpg\",\"datePublished\":\"2024-05-30T14:13:51+00:00\",\"dateModified\":\"2024-09-26T12:18:16+00:00\",\"breadcrumb\":{\"@id\":\"https:\\\/\\\/www.ethifinance.com\\\/de\\\/beteiligung\\\/#breadcrumb\"},\"inLanguage\":\"de\",\"potentialAction\":[{\"@type\":\"ReadAction\",\"target\":[\"https:\\\/\\\/www.ethifinance.com\\\/de\\\/beteiligung\\\/\"]}]},{\"@type\":\"ImageObject\",\"inLanguage\":\"de\",\"@id\":\"https:\\\/\\\/www.ethifinance.com\\\/de\\\/beteiligung\\\/#primaryimage\",\"url\":\"https:\\\/\\\/www.ethifinance.com\\\/wp-content\\\/uploads\\\/2024\\\/07\\\/anne-drotleff-b1wLhMibrBc-unsplash.jpg\",\"contentUrl\":\"https:\\\/\\\/www.ethifinance.com\\\/wp-content\\\/uploads\\\/2024\\\/07\\\/anne-drotleff-b1wLhMibrBc-unsplash.jpg\",\"width\":1920,\"height\":1285},{\"@type\":\"BreadcrumbList\",\"@id\":\"https:\\\/\\\/www.ethifinance.com\\\/de\\\/beteiligung\\\/#breadcrumb\",\"itemListElement\":[{\"@type\":\"ListItem\",\"position\":1,\"name\":\"Accueil\",\"item\":\"https:\\\/\\\/www.ethifinance.com\\\/de\\\/\"},{\"@type\":\"ListItem\",\"position\":2,\"name\":\"Beteiligungen\"}]},{\"@type\":\"WebSite\",\"@id\":\"https:\\\/\\\/www.ethifinance.com\\\/de\\\/#website\",\"url\":\"https:\\\/\\\/www.ethifinance.com\\\/de\\\/\",\"name\":\"Ethifinance\",\"description\":\"\",\"publisher\":{\"@id\":\"https:\\\/\\\/www.ethifinance.com\\\/de\\\/#organization\"},\"potentialAction\":[{\"@type\":\"SearchAction\",\"target\":{\"@type\":\"EntryPoint\",\"urlTemplate\":\"https:\\\/\\\/www.ethifinance.com\\\/de\\\/?s={search_term_string}\"},\"query-input\":{\"@type\":\"PropertyValueSpecification\",\"valueRequired\":true,\"valueName\":\"search_term_string\"}}],\"inLanguage\":\"de\"},{\"@type\":\"Organization\",\"@id\":\"https:\\\/\\\/www.ethifinance.com\\\/de\\\/#organization\",\"name\":\"Ethifinance\",\"url\":\"https:\\\/\\\/www.ethifinance.com\\\/de\\\/\",\"logo\":{\"@type\":\"ImageObject\",\"inLanguage\":\"de\",\"@id\":\"https:\\\/\\\/www.ethifinance.com\\\/de\\\/#\\\/schema\\\/logo\\\/image\\\/\",\"url\":\"https:\\\/\\\/www.ethifinance.com\\\/wp-content\\\/uploads\\\/2024\\\/05\\\/Logo_simplified_green_by_altay-01-01.png\",\"contentUrl\":\"https:\\\/\\\/www.ethifinance.com\\\/wp-content\\\/uploads\\\/2024\\\/05\\\/Logo_simplified_green_by_altay-01-01.png\",\"width\":1424,\"height\":248,\"caption\":\"Ethifinance\"},\"image\":{\"@id\":\"https:\\\/\\\/www.ethifinance.com\\\/de\\\/#\\\/schema\\\/logo\\\/image\\\/\"},\"sameAs\":[\"https:\\\/\\\/www.linkedin.com\\\/company\\\/ethifinance\\\/\",\"https:\\\/\\\/www.youtube.com\\\/@ethifinance_EU\"]}]}<\/script>\n<!-- \/ Yoast SEO plugin. -->","yoast_head_json":{"title":"Beteiligungen - EthiFinance","robots":{"index":"index","follow":"follow","max-snippet":"max-snippet:-1","max-image-preview":"max-image-preview:large","max-video-preview":"max-video-preview:-1"},"canonical":"https:\/\/www.ethifinance.com\/de\/beteiligung\/","og_locale":"de_DE","og_type":"article","og_title":"Beteiligungen - EthiFinance","og_description":"Die EthiFinance-Gruppe mit Hauptsitz in Lyon (Frankreich) ist von Deutschland, Spanien und Frankreich aus t\u00e4tig, direkt oder indirekt \u00fcber Tochtergesellschaften und\/oder Niederlassungen. Die EthiFinance SAS wird geleitet von Carol Sirou, CEO und einem Executive Committee. Die EthiFinance SAS ist die Konzernmuttergesellschaft der EthiFinance-Gruppe. Hauptaktion\u00e4r von EthiFinance ist Androm\u00e8de, ein Family Office. Die \u00fcbrigen Anteile von [&hellip;]","og_url":"https:\/\/www.ethifinance.com\/de\/beteiligung\/","og_site_name":"EthiFinance","article_modified_time":"2024-09-26T12:18:16+00:00","og_image":[{"width":1920,"height":1285,"url":"https:\/\/www.ethifinance.com\/wp-content\/uploads\/2024\/07\/anne-drotleff-b1wLhMibrBc-unsplash.jpg","type":"image\/jpeg"}],"twitter_card":"summary_large_image","twitter_misc":{"Gesch\u00e4tzte Lesezeit":"1\u00a0Minute"},"schema":{"@context":"https:\/\/schema.org","@graph":[{"@type":"WebPage","@id":"https:\/\/www.ethifinance.com\/de\/beteiligung\/","url":"https:\/\/www.ethifinance.com\/de\/beteiligung\/","name":"Beteiligungen - EthiFinance","isPartOf":{"@id":"https:\/\/www.ethifinance.com\/de\/#website"},"primaryImageOfPage":{"@id":"https:\/\/www.ethifinance.com\/de\/beteiligung\/#primaryimage"},"image":{"@id":"https:\/\/www.ethifinance.com\/de\/beteiligung\/#primaryimage"},"thumbnailUrl":"https:\/\/www.ethifinance.com\/wp-content\/uploads\/2024\/07\/anne-drotleff-b1wLhMibrBc-unsplash.jpg","datePublished":"2024-05-30T14:13:51+00:00","dateModified":"2024-09-26T12:18:16+00:00","breadcrumb":{"@id":"https:\/\/www.ethifinance.com\/de\/beteiligung\/#breadcrumb"},"inLanguage":"de","potentialAction":[{"@type":"ReadAction","target":["https:\/\/www.ethifinance.com\/de\/beteiligung\/"]}]},{"@type":"ImageObject","inLanguage":"de","@id":"https:\/\/www.ethifinance.com\/de\/beteiligung\/#primaryimage","url":"https:\/\/www.ethifinance.com\/wp-content\/uploads\/2024\/07\/anne-drotleff-b1wLhMibrBc-unsplash.jpg","contentUrl":"https:\/\/www.ethifinance.com\/wp-content\/uploads\/2024\/07\/anne-drotleff-b1wLhMibrBc-unsplash.jpg","width":1920,"height":1285},{"@type":"BreadcrumbList","@id":"https:\/\/www.ethifinance.com\/de\/beteiligung\/#breadcrumb","itemListElement":[{"@type":"ListItem","position":1,"name":"Accueil","item":"https:\/\/www.ethifinance.com\/de\/"},{"@type":"ListItem","position":2,"name":"Beteiligungen"}]},{"@type":"WebSite","@id":"https:\/\/www.ethifinance.com\/de\/#website","url":"https:\/\/www.ethifinance.com\/de\/","name":"Ethifinance","description":"","publisher":{"@id":"https:\/\/www.ethifinance.com\/de\/#organization"},"potentialAction":[{"@type":"SearchAction","target":{"@type":"EntryPoint","urlTemplate":"https:\/\/www.ethifinance.com\/de\/?s={search_term_string}"},"query-input":{"@type":"PropertyValueSpecification","valueRequired":true,"valueName":"search_term_string"}}],"inLanguage":"de"},{"@type":"Organization","@id":"https:\/\/www.ethifinance.com\/de\/#organization","name":"Ethifinance","url":"https:\/\/www.ethifinance.com\/de\/","logo":{"@type":"ImageObject","inLanguage":"de","@id":"https:\/\/www.ethifinance.com\/de\/#\/schema\/logo\/image\/","url":"https:\/\/www.ethifinance.com\/wp-content\/uploads\/2024\/05\/Logo_simplified_green_by_altay-01-01.png","contentUrl":"https:\/\/www.ethifinance.com\/wp-content\/uploads\/2024\/05\/Logo_simplified_green_by_altay-01-01.png","width":1424,"height":248,"caption":"Ethifinance"},"image":{"@id":"https:\/\/www.ethifinance.com\/de\/#\/schema\/logo\/image\/"},"sameAs":["https:\/\/www.linkedin.com\/company\/ethifinance\/","https:\/\/www.youtube.com\/@ethifinance_EU"]}]}},"_links":{"self":[{"href":"https:\/\/www.ethifinance.com\/de\/wp-json\/wp\/v2\/pages\/37383","targetHints":{"allow":["GET"]}}],"collection":[{"href":"https:\/\/www.ethifinance.com\/de\/wp-json\/wp\/v2\/pages"}],"about":[{"href":"https:\/\/www.ethifinance.com\/de\/wp-json\/wp\/v2\/types\/page"}],"author":[{"embeddable":true,"href":"https:\/\/www.ethifinance.com\/de\/wp-json\/wp\/v2\/users\/2"}],"replies":[{"embeddable":true,"href":"https:\/\/www.ethifinance.com\/de\/wp-json\/wp\/v2\/comments?post=37383"}],"version-history":[{"count":14,"href":"https:\/\/www.ethifinance.com\/de\/wp-json\/wp\/v2\/pages\/37383\/revisions"}],"predecessor-version":[{"id":38657,"href":"https:\/\/www.ethifinance.com\/de\/wp-json\/wp\/v2\/pages\/37383\/revisions\/38657"}],"wp:featuredmedia":[{"embeddable":true,"href":"https:\/\/www.ethifinance.com\/de\/wp-json\/wp\/v2\/media\/37064"}],"wp:attachment":[{"href":"https:\/\/www.ethifinance.com\/de\/wp-json\/wp\/v2\/media?parent=37383"}],"curies":[{"name":"wp","href":"https:\/\/api.w.org\/{rel}","templated":true}]}}