{"id":37407,"date":"2024-05-28T13:44:25","date_gmt":"2024-05-28T11:44:25","guid":{"rendered":"https:\/\/prod.altaydagistan.com\/rating-prozess\/"},"modified":"2026-04-13T20:51:23","modified_gmt":"2026-04-13T18:51:23","slug":"rating-prozess","status":"publish","type":"page","link":"https:\/\/www.ethifinance.com\/de\/rating-prozess\/","title":{"rendered":"Ratingprozess"},"content":{"rendered":"\t\t<div data-elementor-type=\"wp-page\" data-elementor-id=\"37407\" class=\"elementor elementor-37407 elementor-30283\" data-elementor-post-type=\"page\">\n\t\t\t\t<div class=\"elementor-element elementor-element-ad50a94 e-flex e-con-boxed e-con e-parent\" data-id=\"ad50a94\" data-element_type=\"container\" data-e-type=\"container\">\n\t\t\t\t\t<div class=\"e-con-inner\">\n\t\t\t\t<div class=\"elementor-element elementor-element-0528d28 elementor-widget elementor-widget-shortcode\" data-id=\"0528d28\" data-element_type=\"widget\" data-e-type=\"widget\" data-widget_type=\"shortcode.default\">\n\t\t\t\t<div class=\"elementor-widget-container\">\n\t\t\t\t\t\t\t<div class=\"elementor-shortcode\">\t\t<div data-elementor-type=\"container\" data-elementor-id=\"37689\" class=\"elementor elementor-37689 elementor-29413 elementor-29413\" data-elementor-post-type=\"elementor_library\">\n\t\t\t\t<div class=\"elementor-element elementor-element-7d4c768a e-con-full e-flex e-con e-parent\" data-id=\"7d4c768a\" data-element_type=\"container\" data-e-type=\"container\" data-settings=\"{&quot;background_background&quot;:&quot;classic&quot;}\">\n\t\t<div class=\"elementor-element elementor-element-e9a1c69 e-flex e-con-boxed e-con e-child\" data-id=\"e9a1c69\" data-element_type=\"container\" data-e-type=\"container\">\n\t\t\t\t\t<div class=\"e-con-inner\">\n\t\t\t\t\t<\/div>\n\t\t\t\t<\/div>\n\t\t\t\t<\/div>\n\t\t\t\t<\/div>\n\t\t<\/div>\n\t\t\t\t\t\t<\/div>\n\t\t\t\t<\/div>\n\t\t\t\t\t<\/div>\n\t\t\t\t<\/div>\n\t\t<div class=\"elementor-element elementor-element-6ee68d2 e-flex e-con-boxed e-con e-parent\" data-id=\"6ee68d2\" data-element_type=\"container\" data-e-type=\"container\" data-settings=\"{&quot;background_background&quot;:&quot;classic&quot;}\">\n\t\t\t\t\t<div class=\"e-con-inner\">\n\t\t<div class=\"elementor-element elementor-element-44b6f1e e-flex e-con-boxed e-con e-child\" data-id=\"44b6f1e\" data-element_type=\"container\" data-e-type=\"container\">\n\t\t\t\t\t<div class=\"e-con-inner\">\n\t\t<div class=\"elementor-element elementor-element-ae37a05 e-con-full e-flex e-con e-child\" data-id=\"ae37a05\" data-element_type=\"container\" data-e-type=\"container\">\n\t\t<div class=\"elementor-element elementor-element-5ff195b e-con-full e-flex e-con e-child\" data-id=\"5ff195b\" data-element_type=\"container\" data-e-type=\"container\">\n\t\t\t\t<div class=\"elementor-element elementor-element-04c918b elementor-widget elementor-widget-text-editor\" data-id=\"04c918b\" data-element_type=\"widget\" data-e-type=\"widget\" data-widget_type=\"text-editor.default\">\n\t\t\t\t<div class=\"elementor-widget-container\">\n\t\t\t\t\t\t\t\t\t<p class=\" translation-block\">Im Folgenden sind die Schritte des Bonit\u00e4tspr\u00fcfungsprozesses in chronologischer Reihenfolge aufgef\u00fchrt:<\/p><h6>1. Vertrag<\/h6><p class=\" translation-block\">Der Ratingprozess beginnt mit der Unterzeichnung eines Dienstleistungsvertrags zwischen Ihnen und uns.<\/p><h6><span class=\"TextRun SCXW254684426 BCX0\" lang=\"EN-GB\" xml:lang=\"EN-GB\" data-contrast=\"none\"><span class=\"NormalTextRun SCXW254684426 BCX0\">2<\/span><span class=\"NormalTextRun SCXW254684426 BCX0\">.\u00a0<\/span><\/span><span class=\"TextRun Underlined SCXW254684426 BCX0\" lang=\"EN-GB\" xml:lang=\"EN-GB\" data-contrast=\"none\"><span class=\"NormalTextRun SCXW254684426 BCX0\">Kick-off<\/span><\/span><span class=\"EOP SCXW254684426 BCX0\" data-ccp-props=\"{&quot;335557856&quot;:16777215}\">\u00a0<\/span><\/h6><p class=\" translation-block\">Im Kick-off erkl\u00e4ren wir Ihnen den Ablauf des Prozesses und beschreiben die je nach Anlageklasse und den Merkmalen Ihres Unternehmens angeforderten Dokumente im Detail.<\/p><h6><span class=\"TextRun SCXW265833091 BCX0\" lang=\"EN-GB\" xml:lang=\"EN-GB\" data-contrast=\"none\"><span class=\"NormalTextRun SCXW265833091 BCX0\">3<\/span><span class=\"NormalTextRun SCXW265833091 BCX0\">.\u00a0<\/span><\/span><span class=\"TextRun Underlined SCXW265833091 BCX0\" lang=\"EN-GB\" xml:lang=\"EN-GB\" data-contrast=\"none\"><span class=\"NormalTextRun SCXW265833091 BCX0\">Analyse<\/span><\/span><span class=\"EOP SCXW265833091 BCX0\" data-ccp-props=\"{&quot;335557856&quot;:16777215}\">\u00a0<\/span><\/h6><p>Unsere Analyst*innen f\u00fchren die Kreditanalyse gem\u00e4\u00df der festgelegten Ratingmethode durch. In der Regel treffen wir uns mit Ihren leitenden Angestellten oder den entsprechenden Sponsoren der Transaktion, um die Analyse zu besprechen und sicherzustellen, dass alle relevanten Informationen ber\u00fccksichtigt werden.<\/p><h6><span class=\"TextRun Underlined SCXW228188223 BCX0\" lang=\"EN-GB\" xml:lang=\"EN-GB\" data-contrast=\"none\"><span class=\"NormalTextRun SCXW228188223 BCX0\">4.\u00a0<\/span><span class=\"NormalTextRun SCXW228188223 BCX0\">Ratingausschuss<\/span><\/span><span class=\"EOP SCXW228188223 BCX0\" data-ccp-props=\"{&quot;335557856&quot;:16777215}\">\u00a0<\/span><span data-contrast=\"none\">\u00a0<\/span><span data-ccp-props=\"{&quot;134233117&quot;:false,&quot;134233118&quot;:false,&quot;201341983&quot;:0,&quot;335557856&quot;:16777215,&quot;335559738&quot;:0,&quot;335559739&quot;:0,&quot;335559740&quot;:279}\">\u00a0<\/span><\/h6><p class=\" translation-block\">Der Ratingausschuss ist das Gremium, das f\u00fcr die Genehmigung oder \u00c4nderung des vorgeschlagenen Kreditratings verantwortlich ist.<\/p><h6><span class=\"TextRun SCXW43013811 BCX0\" lang=\"EN-GB\" xml:lang=\"EN-GB\" data-contrast=\"none\"><span class=\"NormalTextRun SCXW43013811 BCX0\">5<\/span><span class=\"NormalTextRun SCXW43013811 BCX0\">.\u00a0<\/span><\/span><span class=\"TextRun Underlined SCXW43013811 BCX0\" lang=\"EN-GB\" xml:lang=\"EN-GB\" data-contrast=\"none\"><span class=\"NormalTextRun SCXW43013811 BCX0\">Ratingentscheidung<\/span><\/span><span class=\"EOP SCXW43013811 BCX0\" data-ccp-props=\"{&quot;335557856&quot;:16777215}\">\u00a0<\/span><\/h6><p class=\" translation-block\">Sobald der Ratingausschuss das Kreditrating genehmigt hat, werden Sie gem\u00e4\u00df den regulatorischen Anforderungen \u00fcber die Ratingentscheidung informiert.<\/p><h6><span class=\"TextRun SCXW228739641 BCX0\" lang=\"EN-GB\" xml:lang=\"EN-GB\" data-contrast=\"none\"><span class=\"NormalTextRun SCXW228739641 BCX0\">6<\/span><span class=\"NormalTextRun SCXW228739641 BCX0\">.\u00a0<\/span><\/span><span class=\"TextRun Underlined SCXW228739641 BCX0\" lang=\"EN-GB\" xml:lang=\"EN-GB\" data-contrast=\"none\"><span class=\"NormalTextRun SCXW228739641 BCX0\">\u00dcberpr\u00fcfung<\/span><\/span><span class=\"EOP SCXW228739641 BCX0\" data-ccp-props=\"{&quot;335557856&quot;:16777215}\">\u00a0<\/span><\/h6><p class=\" translation-block\">Sie haben einige Tage Zeit, das Kreditrating zu \u00fcberpr\u00fcfen. Sollten Sie gegen unser Kreditrating Einspruch erheben wollen, k\u00f6nnen Sie dies tun, sofern Sie neue Informationen und fundierte Argumente zur Untermauerung Ihres Einspruchs vorlegen. Wir pr\u00fcfen den Einspruch und k\u00f6nnen ihn akzeptieren oder ablehnen. Nehmen wir ihn an, wird ein neuer Ratingausschuss einberufen, um das endg\u00fcltige Ergebnis festzulegen.<\/p><h6 class=\" translation-block\">7. \u00dcbermittlung und Ver\u00f6ffentlichung<\/h6><p class=\" translation-block\">Nachdem Sie das endg\u00fcltige Kreditrating gepr\u00fcft haben, wird die finale Version des Ratingberichts an Sie \u00fcbermittelt und gegebenenfalls ver\u00f6ffentlicht.<\/p><h6><span class=\"TextRun Underlined SCXW89437457 BCX0\" lang=\"EN-GB\" xml:lang=\"EN-GB\" data-contrast=\"none\"><span class=\"NormalTextRun SCXW89437457 BCX0\"><span class=\"TextRun SCXW171025460 BCX0\" lang=\"EN-GB\" xml:lang=\"EN-GB\" data-contrast=\"none\"><span class=\"NormalTextRun SCXW171025460 BCX0\">8<\/span><span class=\"NormalTextRun SCXW171025460 BCX0\">.\u00a0<\/span><\/span><span class=\"TextRun Underlined SCXW171025460 BCX0\" lang=\"EN-GB\" xml:lang=\"EN-GB\" data-contrast=\"none\"><span class=\"NormalTextRun SCXW171025460 BCX0\">Monitoring<\/span><\/span><span class=\"EOP SCXW171025460 BCX0\" data-ccp-props=\"{&quot;335557856&quot;:16777215,&quot;335559739&quot;:0}\">\u00a0<\/span>\u00a0<\/span><\/span><span class=\"EOP SCXW89437457 BCX0\" data-ccp-props=\"{&quot;335557856&quot;:16777215}\">\u00a0<\/span><\/h6><p class=\" translation-block\">Wir \u00fcberwachen das vergebene Kreditrating kontinuierlich und \u00fcberpr\u00fcfen es mindestens einmal im Jahr, Staatenratings alle sechs Monate, gem\u00e4\u00df den regulatorischen Anforderungen. Das Kreditrating kann jedoch jederzeit \u00fcberpr\u00fcft werden, wenn wir der Ansicht sind, dass Ereignisse eingetreten sind, die Ihr Rating oder das der Emission wesentlich beeinflussen.<\/p>\t\t\t\t\t\t\t\t<\/div>\n\t\t\t\t<\/div>\n\t\t\t\t<\/div>\n\t\t<div class=\"elementor-element elementor-element-738ee85 elementor-hidden-tablet e-flex e-con-boxed e-con e-child\" data-id=\"738ee85\" data-element_type=\"container\" data-e-type=\"container\">\n\t\t\t\t\t<div class=\"e-con-inner\">\n\t\t\t\t<div class=\"elementor-element elementor-element-ed2744f elementor-widget elementor-widget-image\" data-id=\"ed2744f\" data-element_type=\"widget\" data-e-type=\"widget\" data-widget_type=\"image.default\">\n\t\t\t\t<div class=\"elementor-widget-container\">\n\t\t\t\t\t\t\t\t\t\t\t\t\t\t\t<img fetchpriority=\"high\" decoding=\"async\" width=\"640\" height=\"960\" src=\"https:\/\/www.ethifinance.com\/wp-content\/uploads\/2024\/05\/pietro-de-grandi-Q5dMq3cKqec-unsplash.jpg\" class=\"attachment-medium_large size-medium_large wp-image-36265\" alt=\"\" srcset=\"https:\/\/www.ethifinance.com\/wp-content\/uploads\/2024\/05\/pietro-de-grandi-Q5dMq3cKqec-unsplash.jpg 640w, https:\/\/www.ethifinance.com\/wp-content\/uploads\/2024\/05\/pietro-de-grandi-Q5dMq3cKqec-unsplash-200x300.jpg 200w, https:\/\/www.ethifinance.com\/wp-content\/uploads\/2024\/05\/pietro-de-grandi-Q5dMq3cKqec-unsplash-8x12.jpg 8w\" sizes=\"(max-width: 640px) 100vw, 640px\" \/>\t\t\t\t\t\t\t\t\t\t\t\t\t\t\t<\/div>\n\t\t\t\t<\/div>\n\t\t\t\t\t<\/div>\n\t\t\t\t<\/div>\n\t\t\t\t<\/div>\n\t\t\t\t\t<\/div>\n\t\t\t\t<\/div>\n\t\t\t\t\t<\/div>\n\t\t\t\t<\/div>\n\t\t\t\t<\/div>\n\t\t","protected":false},"excerpt":{"rendered":"<p>Im Folgenden sind die Schritte des Bonit\u00e4tspr\u00fcfungsprozesses in chronologischer Reihenfolge aufgef\u00fchrt: 1. Vertrag Der Ratingprozess beginnt mit der Unterzeichnung eines Dienstleistungsvertrags zwischen Ihnen und uns. 2.\u00a0Kick-off\u00a0 Im Kick-off erkl\u00e4ren wir Ihnen den Ablauf des Prozesses und beschreiben die je nach Anlageklasse und den Merkmalen Ihres Unternehmens angeforderten Dokumente im Detail. 3.\u00a0Analyse\u00a0 Unsere Analyst*innen f\u00fchren die [&hellip;]<\/p>\n","protected":false},"author":2,"featured_media":36001,"parent":0,"menu_order":0,"comment_status":"closed","ping_status":"closed","template":"","meta":{"_acf_changed":false,"footnotes":""},"class_list":["post-37407","page","type-page","status-publish","has-post-thumbnail","hentry"],"acf":[],"yoast_head":"<!-- This site is optimized with the Yoast SEO plugin v27.5 - https:\/\/yoast.com\/product\/yoast-seo-wordpress\/ -->\n<title>Ratingprozess - EthiFinance<\/title>\n<meta name=\"robots\" content=\"index, follow, max-snippet:-1, max-image-preview:large, max-video-preview:-1\" \/>\n<link rel=\"canonical\" href=\"https:\/\/www.ethifinance.com\/de\/rating-prozess\/\" \/>\n<meta property=\"og:locale\" content=\"de_DE\" \/>\n<meta property=\"og:type\" content=\"article\" \/>\n<meta property=\"og:title\" content=\"Ratingprozess - EthiFinance\" \/>\n<meta property=\"og:description\" content=\"Im Folgenden sind die Schritte des Bonit\u00e4tspr\u00fcfungsprozesses in chronologischer Reihenfolge aufgef\u00fchrt: 1. Vertrag Der Ratingprozess beginnt mit der Unterzeichnung eines Dienstleistungsvertrags zwischen Ihnen und uns. 2.\u00a0Kick-off\u00a0 Im Kick-off erkl\u00e4ren wir Ihnen den Ablauf des Prozesses und beschreiben die je nach Anlageklasse und den Merkmalen Ihres Unternehmens angeforderten Dokumente im Detail. 3.\u00a0Analyse\u00a0 Unsere Analyst*innen f\u00fchren die [&hellip;]\" \/>\n<meta property=\"og:url\" content=\"https:\/\/www.ethifinance.com\/de\/rating-prozess\/\" \/>\n<meta property=\"og:site_name\" content=\"EthiFinance\" \/>\n<meta property=\"article:modified_time\" content=\"2026-04-13T18:51:23+00:00\" \/>\n<meta property=\"og:image\" content=\"https:\/\/www.ethifinance.com\/wp-content\/uploads\/2024\/05\/fabian-quintero-UWQP2mh5YJI-unsplash.jpg\" \/>\n\t<meta property=\"og:image:width\" content=\"1920\" \/>\n\t<meta property=\"og:image:height\" content=\"1280\" \/>\n\t<meta property=\"og:image:type\" content=\"image\/jpeg\" \/>\n<meta name=\"twitter:card\" content=\"summary_large_image\" \/>\n<meta name=\"twitter:label1\" content=\"Gesch\u00e4tzte Lesezeit\" \/>\n\t<meta name=\"twitter:data1\" content=\"2\u00a0Minuten\" \/>\n<script type=\"application\/ld+json\" class=\"yoast-schema-graph\">{\"@context\":\"https:\\\/\\\/schema.org\",\"@graph\":[{\"@type\":\"WebPage\",\"@id\":\"https:\\\/\\\/www.ethifinance.com\\\/de\\\/rating-prozess\\\/\",\"url\":\"https:\\\/\\\/www.ethifinance.com\\\/de\\\/rating-prozess\\\/\",\"name\":\"Ratingprozess - EthiFinance\",\"isPartOf\":{\"@id\":\"https:\\\/\\\/www.ethifinance.com\\\/de\\\/#website\"},\"primaryImageOfPage\":{\"@id\":\"https:\\\/\\\/www.ethifinance.com\\\/de\\\/rating-prozess\\\/#primaryimage\"},\"image\":{\"@id\":\"https:\\\/\\\/www.ethifinance.com\\\/de\\\/rating-prozess\\\/#primaryimage\"},\"thumbnailUrl\":\"https:\\\/\\\/www.ethifinance.com\\\/wp-content\\\/uploads\\\/2024\\\/05\\\/fabian-quintero-UWQP2mh5YJI-unsplash.jpg\",\"datePublished\":\"2024-05-28T11:44:25+00:00\",\"dateModified\":\"2026-04-13T18:51:23+00:00\",\"breadcrumb\":{\"@id\":\"https:\\\/\\\/www.ethifinance.com\\\/de\\\/rating-prozess\\\/#breadcrumb\"},\"inLanguage\":\"de\",\"potentialAction\":[{\"@type\":\"ReadAction\",\"target\":[\"https:\\\/\\\/www.ethifinance.com\\\/de\\\/rating-prozess\\\/\"]}]},{\"@type\":\"ImageObject\",\"inLanguage\":\"de\",\"@id\":\"https:\\\/\\\/www.ethifinance.com\\\/de\\\/rating-prozess\\\/#primaryimage\",\"url\":\"https:\\\/\\\/www.ethifinance.com\\\/wp-content\\\/uploads\\\/2024\\\/05\\\/fabian-quintero-UWQP2mh5YJI-unsplash.jpg\",\"contentUrl\":\"https:\\\/\\\/www.ethifinance.com\\\/wp-content\\\/uploads\\\/2024\\\/05\\\/fabian-quintero-UWQP2mh5YJI-unsplash.jpg\",\"width\":1920,\"height\":1280},{\"@type\":\"BreadcrumbList\",\"@id\":\"https:\\\/\\\/www.ethifinance.com\\\/de\\\/rating-prozess\\\/#breadcrumb\",\"itemListElement\":[{\"@type\":\"ListItem\",\"position\":1,\"name\":\"Accueil\",\"item\":\"https:\\\/\\\/www.ethifinance.com\\\/de\\\/\"},{\"@type\":\"ListItem\",\"position\":2,\"name\":\"Ratingprozess\"}]},{\"@type\":\"WebSite\",\"@id\":\"https:\\\/\\\/www.ethifinance.com\\\/de\\\/#website\",\"url\":\"https:\\\/\\\/www.ethifinance.com\\\/de\\\/\",\"name\":\"Ethifinance\",\"description\":\"\",\"publisher\":{\"@id\":\"https:\\\/\\\/www.ethifinance.com\\\/de\\\/#organization\"},\"potentialAction\":[{\"@type\":\"SearchAction\",\"target\":{\"@type\":\"EntryPoint\",\"urlTemplate\":\"https:\\\/\\\/www.ethifinance.com\\\/de\\\/?s={search_term_string}\"},\"query-input\":{\"@type\":\"PropertyValueSpecification\",\"valueRequired\":true,\"valueName\":\"search_term_string\"}}],\"inLanguage\":\"de\"},{\"@type\":\"Organization\",\"@id\":\"https:\\\/\\\/www.ethifinance.com\\\/de\\\/#organization\",\"name\":\"Ethifinance\",\"url\":\"https:\\\/\\\/www.ethifinance.com\\\/de\\\/\",\"logo\":{\"@type\":\"ImageObject\",\"inLanguage\":\"de\",\"@id\":\"https:\\\/\\\/www.ethifinance.com\\\/de\\\/#\\\/schema\\\/logo\\\/image\\\/\",\"url\":\"https:\\\/\\\/www.ethifinance.com\\\/wp-content\\\/uploads\\\/2024\\\/05\\\/Logo_simplified_green_by_altay-01-01.png\",\"contentUrl\":\"https:\\\/\\\/www.ethifinance.com\\\/wp-content\\\/uploads\\\/2024\\\/05\\\/Logo_simplified_green_by_altay-01-01.png\",\"width\":1424,\"height\":248,\"caption\":\"Ethifinance\"},\"image\":{\"@id\":\"https:\\\/\\\/www.ethifinance.com\\\/de\\\/#\\\/schema\\\/logo\\\/image\\\/\"},\"sameAs\":[\"https:\\\/\\\/www.linkedin.com\\\/company\\\/ethifinance\\\/\",\"https:\\\/\\\/www.youtube.com\\\/@ethifinance_EU\"]}]}<\/script>\n<!-- \/ Yoast SEO plugin. -->","yoast_head_json":{"title":"Ratingprozess - EthiFinance","robots":{"index":"index","follow":"follow","max-snippet":"max-snippet:-1","max-image-preview":"max-image-preview:large","max-video-preview":"max-video-preview:-1"},"canonical":"https:\/\/www.ethifinance.com\/de\/rating-prozess\/","og_locale":"de_DE","og_type":"article","og_title":"Ratingprozess - EthiFinance","og_description":"Im Folgenden sind die Schritte des Bonit\u00e4tspr\u00fcfungsprozesses in chronologischer Reihenfolge aufgef\u00fchrt: 1. Vertrag Der Ratingprozess beginnt mit der Unterzeichnung eines Dienstleistungsvertrags zwischen Ihnen und uns. 2.\u00a0Kick-off\u00a0 Im Kick-off erkl\u00e4ren wir Ihnen den Ablauf des Prozesses und beschreiben die je nach Anlageklasse und den Merkmalen Ihres Unternehmens angeforderten Dokumente im Detail. 3.\u00a0Analyse\u00a0 Unsere Analyst*innen f\u00fchren die [&hellip;]","og_url":"https:\/\/www.ethifinance.com\/de\/rating-prozess\/","og_site_name":"EthiFinance","article_modified_time":"2026-04-13T18:51:23+00:00","og_image":[{"width":1920,"height":1280,"url":"https:\/\/www.ethifinance.com\/wp-content\/uploads\/2024\/05\/fabian-quintero-UWQP2mh5YJI-unsplash.jpg","type":"image\/jpeg"}],"twitter_card":"summary_large_image","twitter_misc":{"Gesch\u00e4tzte Lesezeit":"2\u00a0Minuten"},"schema":{"@context":"https:\/\/schema.org","@graph":[{"@type":"WebPage","@id":"https:\/\/www.ethifinance.com\/de\/rating-prozess\/","url":"https:\/\/www.ethifinance.com\/de\/rating-prozess\/","name":"Ratingprozess - EthiFinance","isPartOf":{"@id":"https:\/\/www.ethifinance.com\/de\/#website"},"primaryImageOfPage":{"@id":"https:\/\/www.ethifinance.com\/de\/rating-prozess\/#primaryimage"},"image":{"@id":"https:\/\/www.ethifinance.com\/de\/rating-prozess\/#primaryimage"},"thumbnailUrl":"https:\/\/www.ethifinance.com\/wp-content\/uploads\/2024\/05\/fabian-quintero-UWQP2mh5YJI-unsplash.jpg","datePublished":"2024-05-28T11:44:25+00:00","dateModified":"2026-04-13T18:51:23+00:00","breadcrumb":{"@id":"https:\/\/www.ethifinance.com\/de\/rating-prozess\/#breadcrumb"},"inLanguage":"de","potentialAction":[{"@type":"ReadAction","target":["https:\/\/www.ethifinance.com\/de\/rating-prozess\/"]}]},{"@type":"ImageObject","inLanguage":"de","@id":"https:\/\/www.ethifinance.com\/de\/rating-prozess\/#primaryimage","url":"https:\/\/www.ethifinance.com\/wp-content\/uploads\/2024\/05\/fabian-quintero-UWQP2mh5YJI-unsplash.jpg","contentUrl":"https:\/\/www.ethifinance.com\/wp-content\/uploads\/2024\/05\/fabian-quintero-UWQP2mh5YJI-unsplash.jpg","width":1920,"height":1280},{"@type":"BreadcrumbList","@id":"https:\/\/www.ethifinance.com\/de\/rating-prozess\/#breadcrumb","itemListElement":[{"@type":"ListItem","position":1,"name":"Accueil","item":"https:\/\/www.ethifinance.com\/de\/"},{"@type":"ListItem","position":2,"name":"Ratingprozess"}]},{"@type":"WebSite","@id":"https:\/\/www.ethifinance.com\/de\/#website","url":"https:\/\/www.ethifinance.com\/de\/","name":"Ethifinance","description":"","publisher":{"@id":"https:\/\/www.ethifinance.com\/de\/#organization"},"potentialAction":[{"@type":"SearchAction","target":{"@type":"EntryPoint","urlTemplate":"https:\/\/www.ethifinance.com\/de\/?s={search_term_string}"},"query-input":{"@type":"PropertyValueSpecification","valueRequired":true,"valueName":"search_term_string"}}],"inLanguage":"de"},{"@type":"Organization","@id":"https:\/\/www.ethifinance.com\/de\/#organization","name":"Ethifinance","url":"https:\/\/www.ethifinance.com\/de\/","logo":{"@type":"ImageObject","inLanguage":"de","@id":"https:\/\/www.ethifinance.com\/de\/#\/schema\/logo\/image\/","url":"https:\/\/www.ethifinance.com\/wp-content\/uploads\/2024\/05\/Logo_simplified_green_by_altay-01-01.png","contentUrl":"https:\/\/www.ethifinance.com\/wp-content\/uploads\/2024\/05\/Logo_simplified_green_by_altay-01-01.png","width":1424,"height":248,"caption":"Ethifinance"},"image":{"@id":"https:\/\/www.ethifinance.com\/de\/#\/schema\/logo\/image\/"},"sameAs":["https:\/\/www.linkedin.com\/company\/ethifinance\/","https:\/\/www.youtube.com\/@ethifinance_EU"]}]}},"_links":{"self":[{"href":"https:\/\/www.ethifinance.com\/de\/wp-json\/wp\/v2\/pages\/37407","targetHints":{"allow":["GET"]}}],"collection":[{"href":"https:\/\/www.ethifinance.com\/de\/wp-json\/wp\/v2\/pages"}],"about":[{"href":"https:\/\/www.ethifinance.com\/de\/wp-json\/wp\/v2\/types\/page"}],"author":[{"embeddable":true,"href":"https:\/\/www.ethifinance.com\/de\/wp-json\/wp\/v2\/users\/2"}],"replies":[{"embeddable":true,"href":"https:\/\/www.ethifinance.com\/de\/wp-json\/wp\/v2\/comments?post=37407"}],"version-history":[{"count":7,"href":"https:\/\/www.ethifinance.com\/de\/wp-json\/wp\/v2\/pages\/37407\/revisions"}],"predecessor-version":[{"id":49258,"href":"https:\/\/www.ethifinance.com\/de\/wp-json\/wp\/v2\/pages\/37407\/revisions\/49258"}],"wp:featuredmedia":[{"embeddable":true,"href":"https:\/\/www.ethifinance.com\/de\/wp-json\/wp\/v2\/media\/36001"}],"wp:attachment":[{"href":"https:\/\/www.ethifinance.com\/de\/wp-json\/wp\/v2\/media?parent=37407"}],"curies":[{"name":"wp","href":"https:\/\/api.w.org\/{rel}","templated":true}]}}