{"id":37801,"date":"2024-05-30T16:16:49","date_gmt":"2024-05-30T14:16:49","guid":{"rendered":"https:\/\/prod.altaydagistan.com\/leitungsorgane\/"},"modified":"2024-10-04T19:50:34","modified_gmt":"2024-10-04T17:50:34","slug":"leitungsorgane","status":"publish","type":"page","link":"https:\/\/www.ethifinance.com\/de\/leitungsorgane\/","title":{"rendered":"Leitungsorgane"},"content":{"rendered":"\t\t<div data-elementor-type=\"wp-page\" data-elementor-id=\"37801\" class=\"elementor elementor-37801 elementor-30564\" data-elementor-post-type=\"page\">\n\t\t\t\t<div class=\"elementor-element elementor-element-74f471c e-flex e-con-boxed e-con e-parent\" data-id=\"74f471c\" data-element_type=\"container\" data-e-type=\"container\">\n\t\t\t\t\t<div class=\"e-con-inner\">\n\t\t\t\t<div class=\"elementor-element elementor-element-c71e137 elementor-widget elementor-widget-shortcode\" data-id=\"c71e137\" data-element_type=\"widget\" data-e-type=\"widget\" data-widget_type=\"shortcode.default\">\n\t\t\t\t<div class=\"elementor-widget-container\">\n\t\t\t\t\t\t\t<div class=\"elementor-shortcode\">\t\t<div data-elementor-type=\"container\" data-elementor-id=\"37689\" class=\"elementor elementor-37689 elementor-29413\" data-elementor-post-type=\"elementor_library\">\n\t\t\t\t<div class=\"elementor-element elementor-element-7d4c768a e-con-full e-flex e-con e-parent\" data-id=\"7d4c768a\" data-element_type=\"container\" data-e-type=\"container\" data-settings=\"{&quot;background_background&quot;:&quot;classic&quot;}\">\n\t\t<div class=\"elementor-element elementor-element-e9a1c69 e-flex e-con-boxed e-con e-child\" data-id=\"e9a1c69\" data-element_type=\"container\" data-e-type=\"container\">\n\t\t\t\t\t<div class=\"e-con-inner\">\n\t\t\t\t\t<\/div>\n\t\t\t\t<\/div>\n\t\t\t\t<\/div>\n\t\t\t\t<\/div>\n\t\t<\/div>\n\t\t\t\t\t\t<\/div>\n\t\t\t\t<\/div>\n\t\t\t\t\t<\/div>\n\t\t\t\t<\/div>\n\t\t<div class=\"elementor-element elementor-element-3f328ff1 e-flex e-con-boxed e-con e-parent\" data-id=\"3f328ff1\" data-element_type=\"container\" data-e-type=\"container\">\n\t\t\t\t\t<div class=\"e-con-inner\">\n\t\t<div class=\"elementor-element elementor-element-a41b47b e-flex e-con-boxed e-con e-child\" data-id=\"a41b47b\" data-element_type=\"container\" data-e-type=\"container\">\n\t\t\t\t\t<div class=\"e-con-inner\">\n\t\t\t\t<div class=\"elementor-element elementor-element-7f40b7b elementor-widget elementor-widget-heading\" data-id=\"7f40b7b\" data-element_type=\"widget\" data-e-type=\"widget\" data-widget_type=\"heading.default\">\n\t\t\t\t<div class=\"elementor-widget-container\">\n\t\t\t\t\t<h4 class=\"elementor-heading-title elementor-size-default\">Leitungsorgane \u2013 EthiFinance SAS  <\/h4>\t\t\t\t<\/div>\n\t\t\t\t<\/div>\n\t\t<div class=\"elementor-element elementor-element-556cb9b e-flex e-con-boxed e-con e-child\" data-id=\"556cb9b\" data-element_type=\"container\" data-e-type=\"container\">\n\t\t\t\t\t<div class=\"e-con-inner\">\n\t\t\t\t<div class=\"elementor-element elementor-element-d6ce44e elementor-widget elementor-widget-text-editor\" data-id=\"d6ce44e\" data-element_type=\"widget\" data-e-type=\"widget\" data-widget_type=\"text-editor.default\">\n\t\t\t\t<div class=\"elementor-widget-container\">\n\t\t\t\t\t\t\t\t\t<div class=\"elementor-element elementor-element-a41b47b e-flex e-con-boxed e-con e-child\" data-id=\"a41b47b\" data-element_type=\"container\">\n<div class=\"e-con-inner\">\n<div class=\"elementor-element elementor-element-556cb9b e-flex e-con-boxed e-con e-child\" data-id=\"556cb9b\" data-element_type=\"container\">\n<div class=\"e-con-inner\">\n<div class=\"elementor-element elementor-element-2f3fb57 elementor-widget elementor-widget-heading\" data-id=\"2f3fb57\" data-element_type=\"widget\" data-widget_type=\"heading.default\">\n<div class=\"elementor-widget-container\">\n<h6 class=\"elementor-heading-title elementor-size-default\">Aufsichtsrat<\/h6>\n<\/div>\n<\/div>\n<div class=\"elementor-element elementor-element-d6ce44e elementor-widget elementor-widget-text-editor\" data-id=\"d6ce44e\" data-element_type=\"widget\" data-widget_type=\"text-editor.default\">\n<div class=\"elementor-widget-container\">\n<ul>\n<li>\u00c9lie H\u00e9riard-Dubreuil, Mitglied und Vorsitzender des Aufsichtsrats, Gesch\u00e4ftsleiter Androm\u00e8de&nbsp;<\/li>\n<li>Monique Barbut, unabh\u00e4ngiges Mitglied, Gesch\u00e4ftsleiterin WWF Frankreich&nbsp;<\/li>\n<li>Stella Clarke, unabh\u00e4ngiges Mitglied, Leiterin Strategie und Marketing bei Fenergo&nbsp;<\/li>\n<li>Emmanuelle Cordano, unabh\u00e4ngiges Mitglied, Leitende Projektmanagerin bei EFRAG (Europ\u00e4ische Beratenden-Gruppe zur Rechnungslegung)&nbsp;<\/li>\n<li>Caroline Bois, nicht-unabh\u00e4ngiges Mitglied, stellvertretende Gesch\u00e4ftsleiterin Androm\u00e8de&nbsp;<\/li>\n<li>Bertrand Jounin, nicht-unabh\u00e4ngiges Mitglied, Bereichsleiter Beteiligungen bei Apicil Group, Vertreter des Club Rating&nbsp;<\/li>\n<li>Pierre Ducret, nicht-unabh\u00e4ngiges Mitglied, ehem. Gesch\u00e4ftsleiter Caisse des D\u00e9p\u00f4ts Climat&nbsp;<\/li>\n<li>Blaise Ganguin, nicht-unabh\u00e4ngiges Mitglied, Gesch\u00e4ftsleiter SwissThink, ehem. Leiter Unternehmens- und Infrastrukturbewertung bei Standard &amp; Poor\u2019s&nbsp;<\/li>\n<li>Lucille Bosc H\u00e9riard-Dubreuil, Beobachterin (nicht stimmberechtigtes Mitglied), Leiterin Entwicklung und Internationales bei BBC&nbsp;<\/li>\n<li>Jean-Florent R\u00e9rolle, Beobachter (nicht stimmberechtigtes Mitglied), Mitbegr\u00fcnder des franz\u00f6sischen Instituts f\u00fcr Verwaltungsratsmitglieder&nbsp;<\/li>\n<\/ul>\n<\/div>\n<\/div>\n<\/div>\n<\/div>\n<div class=\"elementor-element elementor-element-30de58f e-flex e-con-boxed e-con e-child\" data-id=\"30de58f\" data-element_type=\"container\">\n<div class=\"e-con-inner\">\n<div class=\"elementor-element elementor-element-9d5a244 elementor-widget elementor-widget-heading\" data-id=\"9d5a244\" data-element_type=\"widget\" data-widget_type=\"heading.default\">\n<div class=\"elementor-widget-container\">\n<h6 class=\"elementor-heading-title elementor-size-default\">Pr\u00fcfungsausschuss<\/h6>\n<\/div>\n<\/div>\n<div class=\"elementor-element elementor-element-2b69650 elementor-widget elementor-widget-text-editor\" data-id=\"2b69650\" data-element_type=\"widget\" data-widget_type=\"text-editor.default\">\n<div class=\"elementor-widget-container\">\n<ul>\n<li>Emmanuelle Cordano, Mitglied und Vorsitzende, Leitende Projektmanagerin bei EFRAG (Europ\u00e4ische Beratenden-Gruppe zur Rechnungslegung)&nbsp;<\/li>\n<li>Stella Clarke, Mitglied, Leiterin Strategie und Marketing bei Fenergo&nbsp;<\/li>\n<li>Caroline Bois, Mitglied, stellvertretende Gesch\u00e4ftsleiterin Androm\u00e8de&nbsp;<\/li>\n<li>Bertrand Jounin, Mitglied, Bereichsleiter Beteiligungen bei Apicil Group, Vertreter des Club Rating&nbsp;<\/li>\n<li>Elie H\u00e9riard-Dubreuil, Beobachter&nbsp;<\/li>\n<li>Blaise Ganguin, Beobachter&nbsp;<\/li>\n<li>Jean-Florent R\u00e9rolle, Beobachter (nicht stimmberechtigtes Mitglied), Mitbegr\u00fcnder des franz\u00f6sischen Instituts f\u00fcr Verwaltungsratsmitglieder&nbsp;<\/li>\n<\/ul>\n<\/div>\n<\/div>\n<\/div>\n<\/div>\n<div class=\"elementor-element elementor-element-e820f6d e-flex e-con-boxed e-con e-child\" data-id=\"e820f6d\" data-element_type=\"container\">\n<div class=\"e-con-inner\">\n<div class=\"elementor-element elementor-element-10a0e81 elementor-widget elementor-widget-heading\" data-id=\"10a0e81\" data-element_type=\"widget\" data-widget_type=\"heading.default\">\n<div class=\"elementor-widget-container\">\n<h6 class=\"elementor-heading-title elementor-size-default\">Governance-Ausschuss&nbsp;<\/h6>\n<\/div>\n<\/div>\n<div class=\"elementor-element elementor-element-8b4072e elementor-widget elementor-widget-text-editor\" data-id=\"8b4072e\" data-element_type=\"widget\" data-widget_type=\"text-editor.default\">\n<div class=\"elementor-widget-container\">\n<ul>\n<li>Pierre Ducret, Mitglied und Vorsitzender, ehem. Gesch\u00e4ftsleiter Caisse des D\u00e9p\u00f4ts Climat&nbsp;<\/li>\n<li>Monique Barbut, Mitglied, Gesch\u00e4ftsleiterin WWF Frankreich&nbsp;<\/li>\n<li>Blaise Ganguin, Mitglied, Gesch\u00e4ftsleiter SwissThink, ehem. Leiter Unternehmens- und Infrastrukturbewertung bei Standard &amp; Poor\u2019s&nbsp;<\/li>\n<li>Elie H\u00e9riard-Dubreuil, Beobachter&nbsp;<\/li>\n<li>Jean-Florent R\u00e9rolle, Beobachter&nbsp;<\/li><\/ul><\/div><\/div><\/div><\/div><\/div><\/div><div class=\"elementor-element elementor-element-833a5ba e-flex e-con-boxed e-con e-child\" data-id=\"833a5ba\" data-element_type=\"container\"><div class=\"e-con-inner\"><div class=\"elementor-element elementor-element-af00c7f e-flex e-con-boxed e-con e-child\" data-id=\"af00c7f\" data-element_type=\"container\"><div class=\"e-con-inner\"><div class=\"elementor-element elementor-element-d6071cf elementor-widget elementor-widget-text-editor\" data-id=\"d6071cf\" data-element_type=\"widget\" data-widget_type=\"text-editor.default\"><div class=\"elementor-widget-container\"><ul>\n<\/ul>\n<\/div>\n<\/div>\n<\/div>\n<\/div>\n<\/div>\n<\/div>\t\t\t\t\t\t\t\t<\/div>\n\t\t\t\t<\/div>\n\t\t\t\t\t<\/div>\n\t\t\t\t<\/div>\n\t\t\t\t\t<\/div>\n\t\t\t\t<\/div>\n\t\t\t\t\t<\/div>\n\t\t\t\t<\/div>\n\t\t\t\t<\/div>\n\t\t","protected":false},"excerpt":{"rendered":"<p>Leitungsorgane \u2013 EthiFinance SAS Aufsichtsrat \u00c9lie H\u00e9riard-Dubreuil, Mitglied und Vorsitzender des Aufsichtsrats, Gesch\u00e4ftsleiter Androm\u00e8de&nbsp; Monique Barbut, unabh\u00e4ngiges Mitglied, Gesch\u00e4ftsleiterin WWF Frankreich&nbsp; Stella Clarke, unabh\u00e4ngiges Mitglied, Leiterin Strategie und Marketing bei Fenergo&nbsp; Emmanuelle Cordano, unabh\u00e4ngiges Mitglied, Leitende Projektmanagerin bei EFRAG (Europ\u00e4ische Beratenden-Gruppe zur Rechnungslegung)&nbsp; Caroline Bois, nicht-unabh\u00e4ngiges Mitglied, stellvertretende Gesch\u00e4ftsleiterin Androm\u00e8de&nbsp; Bertrand Jounin, nicht-unabh\u00e4ngiges Mitglied, Bereichsleiter [&hellip;]<\/p>\n","protected":false},"author":2,"featured_media":37061,"parent":0,"menu_order":0,"comment_status":"closed","ping_status":"closed","template":"elementor_header_footer","meta":{"_acf_changed":false,"footnotes":""},"class_list":["post-37801","page","type-page","status-publish","has-post-thumbnail","hentry"],"acf":[],"yoast_head":"<!-- This site is optimized with the Yoast SEO plugin v26.9 - https:\/\/yoast.com\/product\/yoast-seo-wordpress\/ -->\n<title>Leitungsorgane - EthiFinance<\/title>\n<meta name=\"robots\" content=\"index, follow, max-snippet:-1, max-image-preview:large, max-video-preview:-1\" \/>\n<link rel=\"canonical\" href=\"https:\/\/www.ethifinance.com\/de\/leitungsorgane\/\" \/>\n<meta property=\"og:locale\" content=\"de_DE\" \/>\n<meta property=\"og:type\" content=\"article\" \/>\n<meta property=\"og:title\" content=\"Leitungsorgane - EthiFinance\" \/>\n<meta property=\"og:description\" content=\"Leitungsorgane \u2013 EthiFinance SAS Aufsichtsrat \u00c9lie H\u00e9riard-Dubreuil, Mitglied und Vorsitzender des Aufsichtsrats, Gesch\u00e4ftsleiter Androm\u00e8de&nbsp; Monique Barbut, unabh\u00e4ngiges Mitglied, Gesch\u00e4ftsleiterin WWF Frankreich&nbsp; Stella Clarke, unabh\u00e4ngiges Mitglied, Leiterin Strategie und Marketing bei Fenergo&nbsp; Emmanuelle Cordano, unabh\u00e4ngiges Mitglied, Leitende Projektmanagerin bei EFRAG (Europ\u00e4ische Beratenden-Gruppe zur Rechnungslegung)&nbsp; Caroline Bois, nicht-unabh\u00e4ngiges Mitglied, stellvertretende Gesch\u00e4ftsleiterin Androm\u00e8de&nbsp; Bertrand Jounin, nicht-unabh\u00e4ngiges Mitglied, Bereichsleiter [&hellip;]\" \/>\n<meta property=\"og:url\" content=\"https:\/\/www.ethifinance.com\/de\/leitungsorgane\/\" \/>\n<meta property=\"og:site_name\" content=\"EthiFinance\" \/>\n<meta property=\"article:modified_time\" content=\"2024-10-04T17:50:34+00:00\" \/>\n<meta property=\"og:image\" content=\"https:\/\/www.ethifinance.com\/wp-content\/uploads\/2024\/07\/aviv-ben-or-4HuzkCaB92s-unsplash-scaled.jpg\" \/>\n\t<meta property=\"og:image:width\" content=\"2560\" \/>\n\t<meta property=\"og:image:height\" content=\"1438\" \/>\n\t<meta property=\"og:image:type\" content=\"image\/jpeg\" \/>\n<meta name=\"twitter:card\" content=\"summary_large_image\" \/>\n<meta name=\"twitter:label1\" content=\"Gesch\u00e4tzte Lesezeit\" \/>\n\t<meta name=\"twitter:data1\" content=\"3\u00a0Minuten\" \/>\n<script type=\"application\/ld+json\" class=\"yoast-schema-graph\">{\"@context\":\"https:\/\/schema.org\",\"@graph\":[{\"@type\":\"WebPage\",\"@id\":\"https:\/\/www.ethifinance.com\/de\/leitungsorgane\/\",\"url\":\"https:\/\/www.ethifinance.com\/de\/leitungsorgane\/\",\"name\":\"Leitungsorgane - EthiFinance\",\"isPartOf\":{\"@id\":\"https:\/\/www.ethifinance.com\/de\/#website\"},\"primaryImageOfPage\":{\"@id\":\"https:\/\/www.ethifinance.com\/de\/leitungsorgane\/#primaryimage\"},\"image\":{\"@id\":\"https:\/\/www.ethifinance.com\/de\/leitungsorgane\/#primaryimage\"},\"thumbnailUrl\":\"https:\/\/www.ethifinance.com\/wp-content\/uploads\/2024\/07\/aviv-ben-or-4HuzkCaB92s-unsplash-scaled.jpg\",\"datePublished\":\"2024-05-30T14:16:49+00:00\",\"dateModified\":\"2024-10-04T17:50:34+00:00\",\"breadcrumb\":{\"@id\":\"https:\/\/www.ethifinance.com\/de\/leitungsorgane\/#breadcrumb\"},\"inLanguage\":\"de\",\"potentialAction\":[{\"@type\":\"ReadAction\",\"target\":[\"https:\/\/www.ethifinance.com\/de\/leitungsorgane\/\"]}]},{\"@type\":\"ImageObject\",\"inLanguage\":\"de\",\"@id\":\"https:\/\/www.ethifinance.com\/de\/leitungsorgane\/#primaryimage\",\"url\":\"https:\/\/www.ethifinance.com\/wp-content\/uploads\/2024\/07\/aviv-ben-or-4HuzkCaB92s-unsplash-scaled.jpg\",\"contentUrl\":\"https:\/\/www.ethifinance.com\/wp-content\/uploads\/2024\/07\/aviv-ben-or-4HuzkCaB92s-unsplash-scaled.jpg\",\"width\":2560,\"height\":1438},{\"@type\":\"BreadcrumbList\",\"@id\":\"https:\/\/www.ethifinance.com\/de\/leitungsorgane\/#breadcrumb\",\"itemListElement\":[{\"@type\":\"ListItem\",\"position\":1,\"name\":\"Accueil\",\"item\":\"https:\/\/www.ethifinance.com\/de\/\"},{\"@type\":\"ListItem\",\"position\":2,\"name\":\"Leitungsorgane\"}]},{\"@type\":\"WebSite\",\"@id\":\"https:\/\/www.ethifinance.com\/de\/#website\",\"url\":\"https:\/\/www.ethifinance.com\/de\/\",\"name\":\"Ethifinance\",\"description\":\"\",\"publisher\":{\"@id\":\"https:\/\/www.ethifinance.com\/de\/#organization\"},\"potentialAction\":[{\"@type\":\"SearchAction\",\"target\":{\"@type\":\"EntryPoint\",\"urlTemplate\":\"https:\/\/www.ethifinance.com\/de\/?s={search_term_string}\"},\"query-input\":{\"@type\":\"PropertyValueSpecification\",\"valueRequired\":true,\"valueName\":\"search_term_string\"}}],\"inLanguage\":\"de\"},{\"@type\":\"Organization\",\"@id\":\"https:\/\/www.ethifinance.com\/de\/#organization\",\"name\":\"Ethifinance\",\"url\":\"https:\/\/www.ethifinance.com\/de\/\",\"logo\":{\"@type\":\"ImageObject\",\"inLanguage\":\"de\",\"@id\":\"https:\/\/www.ethifinance.com\/de\/#\/schema\/logo\/image\/\",\"url\":\"https:\/\/www.ethifinance.com\/wp-content\/uploads\/2024\/05\/Logo_simplified_green_by_altay-01-01.png\",\"contentUrl\":\"https:\/\/www.ethifinance.com\/wp-content\/uploads\/2024\/05\/Logo_simplified_green_by_altay-01-01.png\",\"width\":1424,\"height\":248,\"caption\":\"Ethifinance\"},\"image\":{\"@id\":\"https:\/\/www.ethifinance.com\/de\/#\/schema\/logo\/image\/\"},\"sameAs\":[\"https:\/\/www.linkedin.com\/company\/ethifinance\/\",\"https:\/\/www.youtube.com\/@ethifinance_EU\"]}]}<\/script>\n<!-- \/ Yoast SEO plugin. -->","yoast_head_json":{"title":"Leitungsorgane - EthiFinance","robots":{"index":"index","follow":"follow","max-snippet":"max-snippet:-1","max-image-preview":"max-image-preview:large","max-video-preview":"max-video-preview:-1"},"canonical":"https:\/\/www.ethifinance.com\/de\/leitungsorgane\/","og_locale":"de_DE","og_type":"article","og_title":"Leitungsorgane - EthiFinance","og_description":"Leitungsorgane \u2013 EthiFinance SAS Aufsichtsrat \u00c9lie H\u00e9riard-Dubreuil, Mitglied und Vorsitzender des Aufsichtsrats, Gesch\u00e4ftsleiter Androm\u00e8de&nbsp; Monique Barbut, unabh\u00e4ngiges Mitglied, Gesch\u00e4ftsleiterin WWF Frankreich&nbsp; Stella Clarke, unabh\u00e4ngiges Mitglied, Leiterin Strategie und Marketing bei Fenergo&nbsp; Emmanuelle Cordano, unabh\u00e4ngiges Mitglied, Leitende Projektmanagerin bei EFRAG (Europ\u00e4ische Beratenden-Gruppe zur Rechnungslegung)&nbsp; Caroline Bois, nicht-unabh\u00e4ngiges Mitglied, stellvertretende Gesch\u00e4ftsleiterin Androm\u00e8de&nbsp; Bertrand Jounin, nicht-unabh\u00e4ngiges Mitglied, Bereichsleiter [&hellip;]","og_url":"https:\/\/www.ethifinance.com\/de\/leitungsorgane\/","og_site_name":"EthiFinance","article_modified_time":"2024-10-04T17:50:34+00:00","og_image":[{"width":2560,"height":1438,"url":"https:\/\/www.ethifinance.com\/wp-content\/uploads\/2024\/07\/aviv-ben-or-4HuzkCaB92s-unsplash-scaled.jpg","type":"image\/jpeg"}],"twitter_card":"summary_large_image","twitter_misc":{"Gesch\u00e4tzte Lesezeit":"3\u00a0Minuten"},"schema":{"@context":"https:\/\/schema.org","@graph":[{"@type":"WebPage","@id":"https:\/\/www.ethifinance.com\/de\/leitungsorgane\/","url":"https:\/\/www.ethifinance.com\/de\/leitungsorgane\/","name":"Leitungsorgane - EthiFinance","isPartOf":{"@id":"https:\/\/www.ethifinance.com\/de\/#website"},"primaryImageOfPage":{"@id":"https:\/\/www.ethifinance.com\/de\/leitungsorgane\/#primaryimage"},"image":{"@id":"https:\/\/www.ethifinance.com\/de\/leitungsorgane\/#primaryimage"},"thumbnailUrl":"https:\/\/www.ethifinance.com\/wp-content\/uploads\/2024\/07\/aviv-ben-or-4HuzkCaB92s-unsplash-scaled.jpg","datePublished":"2024-05-30T14:16:49+00:00","dateModified":"2024-10-04T17:50:34+00:00","breadcrumb":{"@id":"https:\/\/www.ethifinance.com\/de\/leitungsorgane\/#breadcrumb"},"inLanguage":"de","potentialAction":[{"@type":"ReadAction","target":["https:\/\/www.ethifinance.com\/de\/leitungsorgane\/"]}]},{"@type":"ImageObject","inLanguage":"de","@id":"https:\/\/www.ethifinance.com\/de\/leitungsorgane\/#primaryimage","url":"https:\/\/www.ethifinance.com\/wp-content\/uploads\/2024\/07\/aviv-ben-or-4HuzkCaB92s-unsplash-scaled.jpg","contentUrl":"https:\/\/www.ethifinance.com\/wp-content\/uploads\/2024\/07\/aviv-ben-or-4HuzkCaB92s-unsplash-scaled.jpg","width":2560,"height":1438},{"@type":"BreadcrumbList","@id":"https:\/\/www.ethifinance.com\/de\/leitungsorgane\/#breadcrumb","itemListElement":[{"@type":"ListItem","position":1,"name":"Accueil","item":"https:\/\/www.ethifinance.com\/de\/"},{"@type":"ListItem","position":2,"name":"Leitungsorgane"}]},{"@type":"WebSite","@id":"https:\/\/www.ethifinance.com\/de\/#website","url":"https:\/\/www.ethifinance.com\/de\/","name":"Ethifinance","description":"","publisher":{"@id":"https:\/\/www.ethifinance.com\/de\/#organization"},"potentialAction":[{"@type":"SearchAction","target":{"@type":"EntryPoint","urlTemplate":"https:\/\/www.ethifinance.com\/de\/?s={search_term_string}"},"query-input":{"@type":"PropertyValueSpecification","valueRequired":true,"valueName":"search_term_string"}}],"inLanguage":"de"},{"@type":"Organization","@id":"https:\/\/www.ethifinance.com\/de\/#organization","name":"Ethifinance","url":"https:\/\/www.ethifinance.com\/de\/","logo":{"@type":"ImageObject","inLanguage":"de","@id":"https:\/\/www.ethifinance.com\/de\/#\/schema\/logo\/image\/","url":"https:\/\/www.ethifinance.com\/wp-content\/uploads\/2024\/05\/Logo_simplified_green_by_altay-01-01.png","contentUrl":"https:\/\/www.ethifinance.com\/wp-content\/uploads\/2024\/05\/Logo_simplified_green_by_altay-01-01.png","width":1424,"height":248,"caption":"Ethifinance"},"image":{"@id":"https:\/\/www.ethifinance.com\/de\/#\/schema\/logo\/image\/"},"sameAs":["https:\/\/www.linkedin.com\/company\/ethifinance\/","https:\/\/www.youtube.com\/@ethifinance_EU"]}]}},"_links":{"self":[{"href":"https:\/\/www.ethifinance.com\/de\/wp-json\/wp\/v2\/pages\/37801","targetHints":{"allow":["GET"]}}],"collection":[{"href":"https:\/\/www.ethifinance.com\/de\/wp-json\/wp\/v2\/pages"}],"about":[{"href":"https:\/\/www.ethifinance.com\/de\/wp-json\/wp\/v2\/types\/page"}],"author":[{"embeddable":true,"href":"https:\/\/www.ethifinance.com\/de\/wp-json\/wp\/v2\/users\/2"}],"replies":[{"embeddable":true,"href":"https:\/\/www.ethifinance.com\/de\/wp-json\/wp\/v2\/comments?post=37801"}],"version-history":[{"count":9,"href":"https:\/\/www.ethifinance.com\/de\/wp-json\/wp\/v2\/pages\/37801\/revisions"}],"predecessor-version":[{"id":39734,"href":"https:\/\/www.ethifinance.com\/de\/wp-json\/wp\/v2\/pages\/37801\/revisions\/39734"}],"wp:featuredmedia":[{"embeddable":true,"href":"https:\/\/www.ethifinance.com\/de\/wp-json\/wp\/v2\/media\/37061"}],"wp:attachment":[{"href":"https:\/\/www.ethifinance.com\/de\/wp-json\/wp\/v2\/media?parent=37801"}],"curies":[{"name":"wp","href":"https:\/\/api.w.org\/{rel}","templated":true}]}}