{"id":44107,"date":"2025-04-03T11:49:22","date_gmt":"2025-04-03T09:49:22","guid":{"rendered":"https:\/\/www.ethifinance.com\/entscheidungshilfen-fuer-klimafragen\/"},"modified":"2026-04-13T20:55:17","modified_gmt":"2026-04-13T18:55:17","slug":"entscheidungshilfen-fuer-klimafragen","status":"publish","type":"page","link":"https:\/\/www.ethifinance.com\/de\/entscheidungshilfen-fuer-klimafragen\/","title":{"rendered":"Entscheidungshilfen f\u00fcr Klimafragen"},"content":{"rendered":"\t\t<div data-elementor-type=\"wp-page\" data-elementor-id=\"44107\" class=\"elementor elementor-44107 elementor-43435\" data-elementor-post-type=\"page\">\n\t\t\t\t<div class=\"elementor-element elementor-element-51b0d220 e-con-full e-flex e-con e-parent\" data-id=\"51b0d220\" data-element_type=\"container\" data-e-type=\"container\" data-settings=\"{&quot;background_background&quot;:&quot;classic&quot;}\">\n\t\t<div class=\"elementor-element elementor-element-5eb3709d e-flex e-con-boxed e-con e-child\" data-id=\"5eb3709d\" data-element_type=\"container\" data-e-type=\"container\">\n\t\t\t\t\t<div class=\"e-con-inner\">\n\t\t\t\t<div class=\"elementor-element elementor-element-679f03f3 elementor-widget__width-initial elementor-widget elementor-widget-text-editor\" data-id=\"679f03f3\" data-element_type=\"widget\" data-e-type=\"widget\" data-widget_type=\"text-editor.default\">\n\t\t\t\t<div class=\"elementor-widget-container\">\n\t\t\t\t\t\t\t\t\tAngesichts des fortschreitenden Klimawandels und dem zunehmenden Druck auf nat\u00fcrliche Ressourcen und Biodiversit\u00e4t m\u00fcssen Volkswirtschaften ihre Anpassung beschleunigen. Dies ist nunmehr zu einer Frage wirtschaftlicher Widerstandsf\u00e4higkeit, Sicherheit und gar Souver\u00e4nit\u00e4t geworden.  \t\t\t\t\t\t\t\t<\/div>\n\t\t\t\t<\/div>\n\t\t\t\t\t<\/div>\n\t\t\t\t<\/div>\n\t\t\t\t<\/div>\n\t\t<div class=\"elementor-element elementor-element-fd9156b e-flex e-con-boxed e-con e-parent\" data-id=\"fd9156b\" data-element_type=\"container\" data-e-type=\"container\" data-settings=\"{&quot;background_background&quot;:&quot;classic&quot;}\">\n\t\t\t\t\t<div class=\"e-con-inner\">\n\t\t<div class=\"elementor-element elementor-element-20cb391 e-flex e-con-boxed e-con e-child\" data-id=\"20cb391\" data-element_type=\"container\" data-e-type=\"container\">\n\t\t\t\t\t<div class=\"e-con-inner\">\n\t\t<div class=\"elementor-element elementor-element-91258d4 e-con-full e-flex e-con e-child\" data-id=\"91258d4\" data-element_type=\"container\" data-e-type=\"container\">\n\t\t<div class=\"elementor-element elementor-element-627ab99 e-con-full e-flex e-con e-child\" data-id=\"627ab99\" data-element_type=\"container\" data-e-type=\"container\">\n\t\t\t\t<div class=\"elementor-element elementor-element-e9fe529 elementor-widget elementor-widget-heading\" data-id=\"e9fe529\" data-element_type=\"widget\" data-e-type=\"widget\" data-widget_type=\"heading.default\">\n\t\t\t\t<div class=\"elementor-widget-container\">\n\t\t\t\t\t<h1 class=\"elementor-heading-title elementor-size-default\">Entscheidungshilfen f\u00fcr die Integration von und die Anpassung an Klimafragen<\/h1>\t\t\t\t<\/div>\n\t\t\t\t<\/div>\n\t\t\t\t<div class=\"elementor-element elementor-element-d67d355 elementor-widget elementor-widget-text-editor\" data-id=\"d67d355\" data-element_type=\"widget\" data-e-type=\"widget\" data-widget_type=\"text-editor.default\">\n\t\t\t\t<div class=\"elementor-widget-container\">\n\t\t\t\t\t\t\t\t\t<p>Um den Transitionsprozess effektiv zu steuern, ben\u00f6tigen Entscheider in Unternehmen zuverl\u00e4ssige Daten, um ihre Strategien nach den erforderlichen Standards auszurichten. Engagierte Investoren wiederum m\u00fcssen in der Lage sein, fundierte Entscheidungen zu treffen. <\/p>\t\t\t\t\t\t\t\t<\/div>\n\t\t\t\t<\/div>\n\t\t\t\t<div class=\"elementor-element elementor-element-155ecc7 elementor-widget elementor-widget-text-editor\" data-id=\"155ecc7\" data-element_type=\"widget\" data-e-type=\"widget\" data-widget_type=\"text-editor.default\">\n\t\t\t\t<div class=\"elementor-widget-container\">\n\t\t\t\t\t\t\t\t\t<p>Um den Transitionsprozess effektiv zu steuern, ben\u00f6tigen Entscheider in Unternehmen zuverl\u00e4ssige Daten, um ihre Strategien nach den erforderlichen Standards auszurichten. Engagierte Investoren wiederum m\u00fcssen in der Lage sein, fundierte Entscheidungen zu treffen. <\/p>\t\t\t\t\t\t\t\t<\/div>\n\t\t\t\t<\/div>\n\t\t\t\t<div class=\"elementor-element elementor-element-e4f4b7c elementor-icon-list--layout-traditional elementor-list-item-link-full_width elementor-widget elementor-widget-icon-list\" data-id=\"e4f4b7c\" data-element_type=\"widget\" data-e-type=\"widget\" data-widget_type=\"icon-list.default\">\n\t\t\t\t<div class=\"elementor-widget-container\">\n\t\t\t\t\t\t\t<ul class=\"elementor-icon-list-items\">\n\t\t\t\t\t\t\t<li class=\"elementor-icon-list-item\">\n\t\t\t\t\t\t\t\t\t\t\t<span class=\"elementor-icon-list-icon\">\n\t\t\t\t\t\t\t<svg aria-hidden=\"true\" class=\"e-font-icon-svg e-fas-check\" viewBox=\"0 0 512 512\" xmlns=\"http:\/\/www.w3.org\/2000\/svg\"><path d=\"M173.898 439.404l-166.4-166.4c-9.997-9.997-9.997-26.206 0-36.204l36.203-36.204c9.997-9.998 26.207-9.998 36.204 0L192 312.69 432.095 72.596c9.997-9.997 26.207-9.997 36.204 0l36.203 36.204c9.997 9.997 9.997 26.206 0 36.204l-294.4 294.401c-9.998 9.997-26.207 9.997-36.204-.001z\"><\/path><\/svg>\t\t\t\t\t\t<\/span>\n\t\t\t\t\t\t\t\t\t\t<span class=\"elementor-icon-list-text\">Investoren bei Investitionsentscheidungen und der Strukturierung ihrer Engagementstrategie zu unterst\u00fctzen;<\/span>\n\t\t\t\t\t\t\t\t\t<\/li>\n\t\t\t\t\t\t\t\t<li class=\"elementor-icon-list-item\">\n\t\t\t\t\t\t\t\t\t\t\t<span class=\"elementor-icon-list-icon\">\n\t\t\t\t\t\t\t<svg aria-hidden=\"true\" class=\"e-font-icon-svg e-fas-check\" viewBox=\"0 0 512 512\" xmlns=\"http:\/\/www.w3.org\/2000\/svg\"><path d=\"M173.898 439.404l-166.4-166.4c-9.997-9.997-9.997-26.206 0-36.204l36.203-36.204c9.997-9.998 26.207-9.998 36.204 0L192 312.69 432.095 72.596c9.997-9.997 26.207-9.997 36.204 0l36.203 36.204c9.997 9.997 9.997 26.206 0 36.204l-294.4 294.401c-9.998 9.997-26.207 9.997-36.204-.001z\"><\/path><\/svg>\t\t\t\t\t\t<\/span>\n\t\t\t\t\t\t\t\t\t\t<span class=\"elementor-icon-list-text\">Es Unternehmen zu erm\u00f6glichen, die eigene Performance zu bewerten und zu vergleichen, um ihre Strategien zu optimieren und an den Erwartungen ihrer Stakeholder auszurichten<\/span>\n\t\t\t\t\t\t\t\t\t<\/li>\n\t\t\t\t\t\t<\/ul>\n\t\t\t\t\t\t<\/div>\n\t\t\t\t<\/div>\n\t\t\t\t<\/div>\n\t\t<div class=\"elementor-element elementor-element-a0f51cb e-con-full e-flex e-con e-child\" data-id=\"a0f51cb\" data-element_type=\"container\" data-e-type=\"container\">\n\t\t\t\t<div class=\"elementor-element elementor-element-d99d91b elementor-widget elementor-widget-image\" data-id=\"d99d91b\" data-element_type=\"widget\" data-e-type=\"widget\" data-widget_type=\"image.default\">\n\t\t\t\t<div class=\"elementor-widget-container\">\n\t\t\t\t\t\t\t\t\t\t\t\t\t\t\t<img fetchpriority=\"high\" decoding=\"async\" width=\"640\" height=\"444\" src=\"https:\/\/www.ethifinance.com\/wp-content\/uploads\/2024\/07\/compass.jpg\" class=\"attachment-medium_large size-medium_large wp-image-37052\" alt=\"\" srcset=\"https:\/\/www.ethifinance.com\/wp-content\/uploads\/2024\/07\/compass.jpg 640w, https:\/\/www.ethifinance.com\/wp-content\/uploads\/2024\/07\/compass-300x208.jpg 300w, https:\/\/www.ethifinance.com\/wp-content\/uploads\/2024\/07\/compass-18x12.jpg 18w\" sizes=\"(max-width: 640px) 100vw, 640px\" \/>\t\t\t\t\t\t\t\t\t\t\t\t\t\t\t<\/div>\n\t\t\t\t<\/div>\n\t\t\t\t<\/div>\n\t\t\t\t<\/div>\n\t\t\t\t\t<\/div>\n\t\t\t\t<\/div>\n\t\t\t\t\t<\/div>\n\t\t\t\t<\/div>\n\t\t<div class=\"elementor-element elementor-element-d0534a8 e-flex e-con-boxed e-con e-parent\" data-id=\"d0534a8\" data-element_type=\"container\" data-e-type=\"container\">\n\t\t\t\t\t<div class=\"e-con-inner\">\n\t\t<div class=\"elementor-element elementor-element-bdd591f e-flex e-con-boxed e-con e-child\" data-id=\"bdd591f\" data-element_type=\"container\" data-e-type=\"container\">\n\t\t\t\t\t<div class=\"e-con-inner\">\n\t\t<div class=\"elementor-element elementor-element-ffd0e9d e-flex e-con-boxed e-con e-child\" data-id=\"ffd0e9d\" data-element_type=\"container\" data-e-type=\"container\">\n\t\t\t\t\t<div class=\"e-con-inner\">\n\t\t\t\t<div class=\"elementor-element elementor-element-d1fe1a7 elementor-widget__width-initial elementor-widget elementor-widget-heading\" data-id=\"d1fe1a7\" data-element_type=\"widget\" data-e-type=\"widget\" data-widget_type=\"heading.default\">\n\t\t\t\t<div class=\"elementor-widget-container\">\n\t\t\t\t\t<h3 class=\"elementor-heading-title elementor-size-default\">Eine methodische Grundlage f\u00fcr den ganzheitlichen Ansatz der Transitionsdynamik<\/h3>\t\t\t\t<\/div>\n\t\t\t\t<\/div>\n\t\t\t\t<div class=\"elementor-element elementor-element-94f8992 elementor-widget elementor-widget-text-editor\" data-id=\"94f8992\" data-element_type=\"widget\" data-e-type=\"widget\" data-widget_type=\"text-editor.default\">\n\t\t\t\t<div class=\"elementor-widget-container\">\n\t\t\t\t\t\t\t\t\t<p>In Anlehnung an die wichtigsten internationalen Klimaschutzvorschriften und -initiativen (TCFD, CSRD, SBTi&#8230;) haben beide Tools die gleiche methodologische Grundlage und basieren auf vier S\u00e4ulen: Wirkungsmessung, CO2-Pfad, Strategie und Governance. \u00dcber die Bewertung quantitativer Ziele hinaus erm\u00f6glicht unsere Methodik ein Gesamtverst\u00e4ndnis der Bem\u00fchungen und der F\u00e4higkeit des Unternehmens zur Transformation. <\/p>\t\t\t\t\t\t\t\t<\/div>\n\t\t\t\t<\/div>\n\t\t\t\t\t<\/div>\n\t\t\t\t<\/div>\n\t\t\t\t\t<\/div>\n\t\t\t\t<\/div>\n\t\t\t\t\t<\/div>\n\t\t\t\t<\/div>\n\t\t<div class=\"elementor-element elementor-element-2cd527c e-grid e-con-boxed e-con e-child\" data-id=\"2cd527c\" data-element_type=\"container\" data-e-type=\"container\">\n\t\t\t\t\t<div class=\"e-con-inner\">\n\t\t\t\t<div class=\"elementor-element elementor-element-995cb1d elementor-cta--layout-image-below elementor-widget__width-initial elementor-widget-mobile__width-inherit elementor-cta--valign-top elementor-cta--skin-classic elementor-animated-content elementor-bg-transform elementor-bg-transform-zoom-in elementor-widget elementor-widget-call-to-action\" data-id=\"995cb1d\" data-element_type=\"widget\" data-e-type=\"widget\" data-widget_type=\"call-to-action.default\">\n\t\t\t\t<div class=\"elementor-widget-container\">\n\t\t\t\t\t\t\t<a class=\"elementor-cta\" href=\"https:\/\/www.ethifinance.com\/es\/evaluacion-de-la-transicion-climatica\/\" target=\"_blank\">\n\t\t\t\t\t<div class=\"elementor-cta__bg-wrapper\">\n\t\t\t\t<div class=\"elementor-cta__bg elementor-bg\" style=\"background-image: url(https:\/\/www.ethifinance.com\/wp-content\/uploads\/elementor\/thumbs\/investors-1-ribczo8bbipiqayet7qv105ifwx80xk30tsaqrpkso.jpeg);\" role=\"img\" aria-label=\"investors.jpeg\"><\/div>\n\t\t\t\t<div class=\"elementor-cta__bg-overlay\"><\/div>\n\t\t\t<\/div>\n\t\t\t\t\t\t\t<div class=\"elementor-cta__content\">\n\t\t\t\t\n\t\t\t\t\t\t\t\t\t<h2 class=\"elementor-cta__title elementor-cta__content-item elementor-content-item\">\n\t\t\t\t\t\tF\u00fcr Investoren \u2013 Climate Transition Assessment\t\t\t\t\t<\/h2>\n\t\t\t\t\n\t\t\t\t\t\t\t\t\t<div class=\"elementor-cta__description elementor-cta__content-item elementor-content-item\">\n\t\t\t\t\t\tEin standardisiertes Instrument, das auf \u00f6ffentlich zug\u00e4nglichen Daten basiert und sich an b\u00f6rsennotierte Unternehmen richtet, die in stark emittierenden Sektoren weltweit t\u00e4tig sind.<br><br>\n<em><strong>Gut zu wissen:<\/strong> Die erfassten Unternehmen k\u00f6nnen den Zugang zu ihrer Bewertung auch kaufen. <\/em> \t\t\t\t\t<\/div>\n\t\t\t\t\n\t\t\t\t\t\t\t\t\t<div class=\"elementor-cta__button-wrapper elementor-cta__content-item elementor-content-item \">\n\t\t\t\t\t<span class=\"elementor-cta__button elementor-button elementor-size-\">\n\t\t\t\t\t\tMehr erfahren\t\t\t\t\t<\/span>\n\t\t\t\t\t<\/div>\n\t\t\t\t\t\t\t<\/div>\n\t\t\t\t\t\t<\/a>\n\t\t\t\t\t\t<\/div>\n\t\t\t\t<\/div>\n\t\t\t\t<div class=\"elementor-element elementor-element-d664dcc elementor-cta--layout-image-below elementor-widget__width-initial elementor-widget-mobile__width-inherit elementor-cta--valign-top elementor-cta--skin-classic elementor-animated-content elementor-bg-transform elementor-bg-transform-zoom-in elementor-widget elementor-widget-call-to-action\" data-id=\"d664dcc\" data-element_type=\"widget\" data-e-type=\"widget\" data-widget_type=\"call-to-action.default\">\n\t\t\t\t<div class=\"elementor-widget-container\">\n\t\t\t\t\t\t\t<a class=\"elementor-cta\" href=\"https:\/\/www.ethifinance.com\/es\/solicited-climate-rating\/\" target=\"_blank\">\n\t\t\t\t\t<div class=\"elementor-cta__bg-wrapper\">\n\t\t\t\t<div class=\"elementor-cta__bg elementor-bg\" style=\"background-image: url(https:\/\/www.ethifinance.com\/wp-content\/uploads\/elementor\/thumbs\/corporate-1-ribczo8bbipiqayet7qv105ifwx80xk30tsaqrpkso.png);\" role=\"img\" aria-label=\"corporate.png\"><\/div>\n\t\t\t\t<div class=\"elementor-cta__bg-overlay\"><\/div>\n\t\t\t<\/div>\n\t\t\t\t\t\t\t<div class=\"elementor-cta__content\">\n\t\t\t\t\n\t\t\t\t\t\t\t\t\t<h2 class=\"elementor-cta__title elementor-cta__content-item elementor-content-item\">\n\t\t\t\t\t\tF\u00fcr Unternehmen \u2013 Solicited Climate Rating\t\t\t\t\t<\/h2>\n\t\t\t\t\n\t\t\t\t\t\t\t\t\t<div class=\"elementor-cta__description elementor-cta__content-item elementor-content-item\">\n\t\t\t\t\t\tDie fundierte Analyse kombiniert eine Dokumentenpr\u00fcfung und qualitative Interviews und ist f\u00fcr alle Arten von Unternehmen (b\u00f6rsennotiert oder nicht b\u00f6rsennotiert, \u00f6ffentlich oder privat) und Sektoren geeignet. \n\nDas Rating wird auf Anfrage erstellt und richtet sich an Unternehmen, die sich bewerten, Verbesserungspotenziale identifizieren und ihre Anpassung an den Klimawandel vorantreiben wollen.\t\t\t\t\t<\/div>\n\t\t\t\t\n\t\t\t\t\t\t\t\t\t<div class=\"elementor-cta__button-wrapper elementor-cta__content-item elementor-content-item \">\n\t\t\t\t\t<span class=\"elementor-cta__button elementor-button elementor-size-\">\n\t\t\t\t\t\tMehr erfahren\t\t\t\t\t<\/span>\n\t\t\t\t\t<\/div>\n\t\t\t\t\t\t\t<\/div>\n\t\t\t\t\t\t<\/a>\n\t\t\t\t\t\t<\/div>\n\t\t\t\t<\/div>\n\t\t\t\t\t<\/div>\n\t\t\t\t<\/div>\n\t\t\t\t<\/div>\n\t\t","protected":false},"excerpt":{"rendered":"<p>Angesichts des fortschreitenden Klimawandels und dem zunehmenden Druck auf nat\u00fcrliche Ressourcen und Biodiversit\u00e4t m\u00fcssen Volkswirtschaften ihre Anpassung beschleunigen. Dies ist nunmehr zu einer Frage wirtschaftlicher Widerstandsf\u00e4higkeit, Sicherheit und gar Souver\u00e4nit\u00e4t geworden.  <\/p>\n","protected":false},"author":2,"featured_media":43446,"parent":0,"menu_order":0,"comment_status":"closed","ping_status":"closed","template":"","meta":{"_acf_changed":false,"footnotes":""},"class_list":["post-44107","page","type-page","status-publish","has-post-thumbnail","hentry"],"acf":[],"yoast_head":"<!-- This site is optimized with the Yoast SEO plugin v26.9 - https:\/\/yoast.com\/product\/yoast-seo-wordpress\/ -->\n<title>Entscheidungshilfen f\u00fcr Klimafragen - EthiFinance<\/title>\n<meta name=\"robots\" content=\"index, follow, max-snippet:-1, max-image-preview:large, max-video-preview:-1\" \/>\n<link rel=\"canonical\" href=\"https:\/\/www.ethifinance.com\/de\/entscheidungshilfen-fuer-klimafragen\/\" \/>\n<meta property=\"og:locale\" content=\"de_DE\" \/>\n<meta property=\"og:type\" content=\"article\" \/>\n<meta property=\"og:title\" content=\"Entscheidungshilfen f\u00fcr Klimafragen - EthiFinance\" \/>\n<meta property=\"og:description\" content=\"Angesichts des fortschreitenden Klimawandels und dem zunehmenden Druck auf nat\u00fcrliche Ressourcen und Biodiversit\u00e4t m\u00fcssen Volkswirtschaften ihre Anpassung beschleunigen. Dies ist nunmehr zu einer Frage wirtschaftlicher Widerstandsf\u00e4higkeit, Sicherheit und gar Souver\u00e4nit\u00e4t geworden.\" \/>\n<meta property=\"og:url\" content=\"https:\/\/www.ethifinance.com\/de\/entscheidungshilfen-fuer-klimafragen\/\" \/>\n<meta property=\"og:site_name\" content=\"EthiFinance\" \/>\n<meta property=\"article:modified_time\" content=\"2026-04-13T18:55:17+00:00\" \/>\n<meta property=\"og:image\" content=\"https:\/\/www.ethifinance.com\/wp-content\/uploads\/2025\/04\/138187.jpg\" \/>\n\t<meta property=\"og:image:width\" content=\"1500\" \/>\n\t<meta property=\"og:image:height\" content=\"1004\" \/>\n\t<meta property=\"og:image:type\" content=\"image\/jpeg\" \/>\n<meta name=\"twitter:card\" content=\"summary_large_image\" \/>\n<meta name=\"twitter:label1\" content=\"Gesch\u00e4tzte Lesezeit\" \/>\n\t<meta name=\"twitter:data1\" content=\"2\u00a0Minuten\" \/>\n<script type=\"application\/ld+json\" class=\"yoast-schema-graph\">{\"@context\":\"https:\/\/schema.org\",\"@graph\":[{\"@type\":\"WebPage\",\"@id\":\"https:\/\/www.ethifinance.com\/de\/entscheidungshilfen-fuer-klimafragen\/\",\"url\":\"https:\/\/www.ethifinance.com\/de\/entscheidungshilfen-fuer-klimafragen\/\",\"name\":\"Entscheidungshilfen f\u00fcr Klimafragen - EthiFinance\",\"isPartOf\":{\"@id\":\"https:\/\/www.ethifinance.com\/de\/#website\"},\"primaryImageOfPage\":{\"@id\":\"https:\/\/www.ethifinance.com\/de\/entscheidungshilfen-fuer-klimafragen\/#primaryimage\"},\"image\":{\"@id\":\"https:\/\/www.ethifinance.com\/de\/entscheidungshilfen-fuer-klimafragen\/#primaryimage\"},\"thumbnailUrl\":\"https:\/\/www.ethifinance.com\/wp-content\/uploads\/2025\/04\/138187.jpg\",\"datePublished\":\"2025-04-03T09:49:22+00:00\",\"dateModified\":\"2026-04-13T18:55:17+00:00\",\"breadcrumb\":{\"@id\":\"https:\/\/www.ethifinance.com\/de\/entscheidungshilfen-fuer-klimafragen\/#breadcrumb\"},\"inLanguage\":\"de\",\"potentialAction\":[{\"@type\":\"ReadAction\",\"target\":[\"https:\/\/www.ethifinance.com\/de\/entscheidungshilfen-fuer-klimafragen\/\"]}]},{\"@type\":\"ImageObject\",\"inLanguage\":\"de\",\"@id\":\"https:\/\/www.ethifinance.com\/de\/entscheidungshilfen-fuer-klimafragen\/#primaryimage\",\"url\":\"https:\/\/www.ethifinance.com\/wp-content\/uploads\/2025\/04\/138187.jpg\",\"contentUrl\":\"https:\/\/www.ethifinance.com\/wp-content\/uploads\/2025\/04\/138187.jpg\",\"width\":1500,\"height\":1004},{\"@type\":\"BreadcrumbList\",\"@id\":\"https:\/\/www.ethifinance.com\/de\/entscheidungshilfen-fuer-klimafragen\/#breadcrumb\",\"itemListElement\":[{\"@type\":\"ListItem\",\"position\":1,\"name\":\"Accueil\",\"item\":\"https:\/\/www.ethifinance.com\/de\/\"},{\"@type\":\"ListItem\",\"position\":2,\"name\":\"Entscheidungshilfen f\u00fcr Klimafragen\"}]},{\"@type\":\"WebSite\",\"@id\":\"https:\/\/www.ethifinance.com\/de\/#website\",\"url\":\"https:\/\/www.ethifinance.com\/de\/\",\"name\":\"Ethifinance\",\"description\":\"\",\"publisher\":{\"@id\":\"https:\/\/www.ethifinance.com\/de\/#organization\"},\"potentialAction\":[{\"@type\":\"SearchAction\",\"target\":{\"@type\":\"EntryPoint\",\"urlTemplate\":\"https:\/\/www.ethifinance.com\/de\/?s={search_term_string}\"},\"query-input\":{\"@type\":\"PropertyValueSpecification\",\"valueRequired\":true,\"valueName\":\"search_term_string\"}}],\"inLanguage\":\"de\"},{\"@type\":\"Organization\",\"@id\":\"https:\/\/www.ethifinance.com\/de\/#organization\",\"name\":\"Ethifinance\",\"url\":\"https:\/\/www.ethifinance.com\/de\/\",\"logo\":{\"@type\":\"ImageObject\",\"inLanguage\":\"de\",\"@id\":\"https:\/\/www.ethifinance.com\/de\/#\/schema\/logo\/image\/\",\"url\":\"https:\/\/www.ethifinance.com\/wp-content\/uploads\/2024\/05\/Logo_simplified_green_by_altay-01-01.png\",\"contentUrl\":\"https:\/\/www.ethifinance.com\/wp-content\/uploads\/2024\/05\/Logo_simplified_green_by_altay-01-01.png\",\"width\":1424,\"height\":248,\"caption\":\"Ethifinance\"},\"image\":{\"@id\":\"https:\/\/www.ethifinance.com\/de\/#\/schema\/logo\/image\/\"},\"sameAs\":[\"https:\/\/www.linkedin.com\/company\/ethifinance\/\",\"https:\/\/www.youtube.com\/@ethifinance_EU\"]}]}<\/script>\n<!-- \/ Yoast SEO plugin. -->","yoast_head_json":{"title":"Entscheidungshilfen f\u00fcr Klimafragen - EthiFinance","robots":{"index":"index","follow":"follow","max-snippet":"max-snippet:-1","max-image-preview":"max-image-preview:large","max-video-preview":"max-video-preview:-1"},"canonical":"https:\/\/www.ethifinance.com\/de\/entscheidungshilfen-fuer-klimafragen\/","og_locale":"de_DE","og_type":"article","og_title":"Entscheidungshilfen f\u00fcr Klimafragen - EthiFinance","og_description":"Angesichts des fortschreitenden Klimawandels und dem zunehmenden Druck auf nat\u00fcrliche Ressourcen und Biodiversit\u00e4t m\u00fcssen Volkswirtschaften ihre Anpassung beschleunigen. Dies ist nunmehr zu einer Frage wirtschaftlicher Widerstandsf\u00e4higkeit, Sicherheit und gar Souver\u00e4nit\u00e4t geworden.","og_url":"https:\/\/www.ethifinance.com\/de\/entscheidungshilfen-fuer-klimafragen\/","og_site_name":"EthiFinance","article_modified_time":"2026-04-13T18:55:17+00:00","og_image":[{"width":1500,"height":1004,"url":"https:\/\/www.ethifinance.com\/wp-content\/uploads\/2025\/04\/138187.jpg","type":"image\/jpeg"}],"twitter_card":"summary_large_image","twitter_misc":{"Gesch\u00e4tzte Lesezeit":"2\u00a0Minuten"},"schema":{"@context":"https:\/\/schema.org","@graph":[{"@type":"WebPage","@id":"https:\/\/www.ethifinance.com\/de\/entscheidungshilfen-fuer-klimafragen\/","url":"https:\/\/www.ethifinance.com\/de\/entscheidungshilfen-fuer-klimafragen\/","name":"Entscheidungshilfen f\u00fcr Klimafragen - EthiFinance","isPartOf":{"@id":"https:\/\/www.ethifinance.com\/de\/#website"},"primaryImageOfPage":{"@id":"https:\/\/www.ethifinance.com\/de\/entscheidungshilfen-fuer-klimafragen\/#primaryimage"},"image":{"@id":"https:\/\/www.ethifinance.com\/de\/entscheidungshilfen-fuer-klimafragen\/#primaryimage"},"thumbnailUrl":"https:\/\/www.ethifinance.com\/wp-content\/uploads\/2025\/04\/138187.jpg","datePublished":"2025-04-03T09:49:22+00:00","dateModified":"2026-04-13T18:55:17+00:00","breadcrumb":{"@id":"https:\/\/www.ethifinance.com\/de\/entscheidungshilfen-fuer-klimafragen\/#breadcrumb"},"inLanguage":"de","potentialAction":[{"@type":"ReadAction","target":["https:\/\/www.ethifinance.com\/de\/entscheidungshilfen-fuer-klimafragen\/"]}]},{"@type":"ImageObject","inLanguage":"de","@id":"https:\/\/www.ethifinance.com\/de\/entscheidungshilfen-fuer-klimafragen\/#primaryimage","url":"https:\/\/www.ethifinance.com\/wp-content\/uploads\/2025\/04\/138187.jpg","contentUrl":"https:\/\/www.ethifinance.com\/wp-content\/uploads\/2025\/04\/138187.jpg","width":1500,"height":1004},{"@type":"BreadcrumbList","@id":"https:\/\/www.ethifinance.com\/de\/entscheidungshilfen-fuer-klimafragen\/#breadcrumb","itemListElement":[{"@type":"ListItem","position":1,"name":"Accueil","item":"https:\/\/www.ethifinance.com\/de\/"},{"@type":"ListItem","position":2,"name":"Entscheidungshilfen f\u00fcr Klimafragen"}]},{"@type":"WebSite","@id":"https:\/\/www.ethifinance.com\/de\/#website","url":"https:\/\/www.ethifinance.com\/de\/","name":"Ethifinance","description":"","publisher":{"@id":"https:\/\/www.ethifinance.com\/de\/#organization"},"potentialAction":[{"@type":"SearchAction","target":{"@type":"EntryPoint","urlTemplate":"https:\/\/www.ethifinance.com\/de\/?s={search_term_string}"},"query-input":{"@type":"PropertyValueSpecification","valueRequired":true,"valueName":"search_term_string"}}],"inLanguage":"de"},{"@type":"Organization","@id":"https:\/\/www.ethifinance.com\/de\/#organization","name":"Ethifinance","url":"https:\/\/www.ethifinance.com\/de\/","logo":{"@type":"ImageObject","inLanguage":"de","@id":"https:\/\/www.ethifinance.com\/de\/#\/schema\/logo\/image\/","url":"https:\/\/www.ethifinance.com\/wp-content\/uploads\/2024\/05\/Logo_simplified_green_by_altay-01-01.png","contentUrl":"https:\/\/www.ethifinance.com\/wp-content\/uploads\/2024\/05\/Logo_simplified_green_by_altay-01-01.png","width":1424,"height":248,"caption":"Ethifinance"},"image":{"@id":"https:\/\/www.ethifinance.com\/de\/#\/schema\/logo\/image\/"},"sameAs":["https:\/\/www.linkedin.com\/company\/ethifinance\/","https:\/\/www.youtube.com\/@ethifinance_EU"]}]}},"_links":{"self":[{"href":"https:\/\/www.ethifinance.com\/de\/wp-json\/wp\/v2\/pages\/44107","targetHints":{"allow":["GET"]}}],"collection":[{"href":"https:\/\/www.ethifinance.com\/de\/wp-json\/wp\/v2\/pages"}],"about":[{"href":"https:\/\/www.ethifinance.com\/de\/wp-json\/wp\/v2\/types\/page"}],"author":[{"embeddable":true,"href":"https:\/\/www.ethifinance.com\/de\/wp-json\/wp\/v2\/users\/2"}],"replies":[{"embeddable":true,"href":"https:\/\/www.ethifinance.com\/de\/wp-json\/wp\/v2\/comments?post=44107"}],"version-history":[{"count":11,"href":"https:\/\/www.ethifinance.com\/de\/wp-json\/wp\/v2\/pages\/44107\/revisions"}],"predecessor-version":[{"id":49283,"href":"https:\/\/www.ethifinance.com\/de\/wp-json\/wp\/v2\/pages\/44107\/revisions\/49283"}],"wp:featuredmedia":[{"embeddable":true,"href":"https:\/\/www.ethifinance.com\/de\/wp-json\/wp\/v2\/media\/43446"}],"wp:attachment":[{"href":"https:\/\/www.ethifinance.com\/de\/wp-json\/wp\/v2\/media?parent=44107"}],"curies":[{"name":"wp","href":"https:\/\/api.w.org\/{rel}","templated":true}]}}