{"id":44302,"date":"2025-04-06T18:37:03","date_gmt":"2025-04-06T16:37:03","guid":{"rendered":"https:\/\/www.ethifinance.com\/melden-sie-sich-fuer-unseren-newsletter-an\/"},"modified":"2025-05-07T17:14:18","modified_gmt":"2025-05-07T15:14:18","slug":"melden-sie-sich-fuer-unseren-newsletter-an","status":"publish","type":"page","link":"https:\/\/www.ethifinance.com\/de\/melden-sie-sich-fuer-unseren-newsletter-an\/","title":{"rendered":"Melden Sie sich f\u00fcr unseren Newsletter an"},"content":{"rendered":"\t\t<div data-elementor-type=\"wp-page\" data-elementor-id=\"44302\" class=\"elementor elementor-44302 elementor-43623\" data-elementor-post-type=\"page\">\n\t\t\t\t<div class=\"elementor-element elementor-element-97684ff e-flex e-con-boxed e-con e-parent\" data-id=\"97684ff\" data-element_type=\"container\" data-e-type=\"container\">\n\t\t\t\t\t<div class=\"e-con-inner\">\n\t\t\t\t<div class=\"elementor-element elementor-element-949a9cc elementor-widget__width-initial fluentform-widget-submit-button-custom elementor-widget elementor-widget-fluent-form-widget\" data-id=\"949a9cc\" data-element_type=\"widget\" data-e-type=\"widget\" data-widget_type=\"fluent-form-widget.default\">\n\t\t\t\t<div class=\"elementor-widget-container\">\n\t\t\t\t\t\n            <div class=\"fluentform-widget-wrapper fluentform-widget-align-default\">\n\n            \n            <div class='fluentform ff-default fluentform_wrapper_17 ffs_default_wrap'><form data-form_id=\"17\" id=\"fluentform_17\" class=\"frm-fluent-form fluent_form_17 ff-el-form-top ff_form_instance_17_1 ff-form-loading ffs_default\" data-form_instance=\"ff_form_instance_17_1\" method=\"POST\" ><fieldset  style=\"border: none!important;margin: 0!important;padding: 0!important;background-color: transparent!important;box-shadow: none!important;outline: none!important; min-inline-size: 100%;\">\n                    <legend class=\"ff_screen_reader_title\" style=\"display: block; margin: 0!important;padding: 0!important;height: 0!important;text-indent: -999999px;width: 0!important;overflow:hidden;\">Newsletter Opt-in (German)<\/legend><input type='hidden' name='__fluent_form_embded_post_id' value='44302' \/><input type=\"hidden\" id=\"_fluentform_17_fluentformnonce\" name=\"_fluentform_17_fluentformnonce\" value=\"b90aef7338\" \/><input type=\"hidden\" name=\"_wp_http_referer\" value=\"\/de\/wp-json\/wp\/v2\/pages\/44302\" \/><div class='ff-el-group'><div class='ff-el-input--content'><input type=\"email\" name=\"email\" id=\"ff_17_email\" class=\"ff-el-form-control\" placeholder=\"Ihre E-mail-Adresse\" data-name=\"email\"  aria-invalid=\"false\" aria-required=true><\/div><\/div><div class='ff-el-group ff-text-left ff_submit_btn_wrapper ff_submit_btn_wrapper_custom'><button class=\"ff-btn ff-btn-submit ff-btn-md ff_btn_style wpf_has_custom_css\" type=\"submit\" name=\"custom_submit_button-17_1\" data-name=\"custom_submit_button-17_1\"  aria-label=\"Abonnieren\">Abonnieren<\/button><style>form.fluent_form_17 .wpf_has_custom_css.ff-btn-submit { background-color:rgba(0, 81, 79, 1);border-color:#1a7efb;color:#ffffff;min-width:100%; }form.fluent_form_17 .wpf_has_custom_css.ff-btn-submit:hover { background-color:rgba(8, 108, 105, 1);border-color:#1a7efb;color:rgba(255, 255, 255, 1);min-width:100%; } <\/style><\/div><div class='ff-el-group    ff-el-input--content'><div class='ff-el-form-check ff-el-tc'><label aria-label='Je confirme que j\u2019ai lu la d\u00e9claration de confidentialit\u00e9.' class='ff-el-form-check-label ff_tc_label' for=gdpr-agreement_352a5e229a88946471f68023bbab9cf1><span class='ff_tc_checkbox'><input type=\"checkbox\" name=\"gdpr-agreement\" class=\"ff-el-form-check-input ff_gdpr_field\" data-name=\"gdpr-agreement\" id=\"gdpr-agreement_352a5e229a88946471f68023bbab9cf1\"  value='on' aria-invalid='false' aria-required=true><\/span> <div class='ff_t_c'>Je confirme que j\u2019ai lu la d\u00e9claration de confidentialit\u00e9.<\/div><\/label><\/div><\/div><div class='ff-el-group ff-el-form-hide_label'><div class=\"ff-el-input--label ff-el-is-required asterisk-right\"><label   aria-label=\"Checkbox Field\">Checkbox Field<\/label><\/div><div class='ff-el-input--content'><div class='ff-el-form-check ff-el-form-check-'><label class='ff-el-form-check-label' for='checkbox_041720c6719642d1883045d34957e510'><input  type=\"checkbox\" name=\"checkbox[]\" data-name=\"checkbox\" class=\"ff-el-form-check-input ff-el-form-check-checkbox\" value=\"Ich m\u00f6chte Informationen \u00fcber die Produkte und Dienstleistungen von EthiFinance erhalten.\"  id='checkbox_041720c6719642d1883045d34957e510' aria-label='Ich m\u00f6chte Informationen \u00fcber die Produkte und Dienstleistungen von EthiFinance erhalten.' aria-invalid='false' aria-required=true> <span>Ich m\u00f6chte Informationen \u00fcber die Produkte und Dienstleistungen von EthiFinance erhalten.<\/span><\/label><\/div><\/div><\/div><div class='ff-el-group  ff-custom_html' tabindex='-1' data-name=\"custom_html-17_2\" ><p style=\"text-align: left;font-size: 13px\"><span data-teams=\"true\">Ihre E-Mail-Adresse wird ausschlie\u00dflich von EthiFinance verwendet, um Ihnen den Newsletter zuzusenden, f\u00fcr den Sie Ihre ausdr\u00fcckliche Zustimmung erteilen. Sie k\u00f6nnen sich jederzeit abmelden, indem Sie auf den Abmeldelink am Ende der E-Mail klicken. Weitere Informationen zur Verarbeitung Ihrer personenbezogenen Daten durch EthiFinance finden Sie in unserer Datenschutzerkl\u00e4rung, die auf unserer Website unter folgender Adresse verf\u00fcgbar ist: <a href=\"https:\/\/www.ethifinance.com\/privacy-policy\/\" target=\"_blank\" rel=\"noopener\"><span style=\"text-decoration: underline\">Datenschutzerkl\u00e4rung<\/span><\/a><\/span><\/p><\/div><\/fieldset><\/form><div id='fluentform_17_errors' class='ff-errors-in-stack ff_form_instance_17_1 ff-form-loading_errors ff_form_instance_17_1_errors'><\/div><\/div>            <script type=\"text\/javascript\">\n                window.fluent_form_ff_form_instance_17_1 = {\"id\":\"17\",\"settings\":{\"layout\":{\"labelPlacement\":\"top\",\"helpMessagePlacement\":\"with_label\",\"errorMessagePlacement\":\"inline\",\"asteriskPlacement\":\"asterisk-right\"},\"restrictions\":{\"denyEmptySubmission\":{\"enabled\":false}}},\"form_instance\":\"ff_form_instance_17_1\",\"form_id_selector\":\"fluentform_17\",\"rules\":{\"email\":{\"required\":{\"value\":true,\"message\":\"This field is required\",\"global\":false,\"global_message\":\"This field is required\"},\"email\":{\"value\":true,\"message\":\"This field must contain a valid email\",\"global\":false,\"global_message\":\"This field must contain a valid email\"}},\"gdpr-agreement\":{\"required\":{\"value\":true,\"message\":\"This field is required\",\"global_message\":\"This field is required\",\"global\":true}},\"checkbox\":{\"required\":{\"value\":true,\"message\":\"This field is required\",\"global_message\":\"This field is required\",\"global\":true}}},\"debounce_time\":300};\n                            <\/script>\n                        <\/div>\n\n            \t\t\t\t<\/div>\n\t\t\t\t<\/div>\n\t\t\t\t\t<\/div>\n\t\t\t\t<\/div>\n\t\t\t\t<\/div>\n\t\t","protected":false},"excerpt":{"rendered":"<p>Newsletter Opt-in (German) Abonnieren Je confirme que j\u2019ai lu la d\u00e9claration de confidentialit\u00e9.Checkbox Field Ich m\u00f6chte Informationen \u00fcber die Produkte und Dienstleistungen von EthiFinance erhalten. Ihre E-Mail-Adresse wird ausschlie\u00dflich von EthiFinance verwendet, um Ihnen den Newsletter zuzusenden, f\u00fcr den Sie Ihre ausdr\u00fcckliche Zustimmung erteilen. Sie k\u00f6nnen sich jederzeit abmelden, indem Sie auf den Abmeldelink am [&hellip;]<\/p>\n","protected":false},"author":2,"featured_media":0,"parent":0,"menu_order":0,"comment_status":"closed","ping_status":"closed","template":"","meta":{"_acf_changed":false,"footnotes":""},"class_list":["post-44302","page","type-page","status-publish","hentry"],"acf":[],"yoast_head":"<!-- This site is optimized with the Yoast SEO plugin v26.9 - https:\/\/yoast.com\/product\/yoast-seo-wordpress\/ -->\n<title>Melden Sie sich f\u00fcr unseren Newsletter an - EthiFinance<\/title>\n<meta name=\"robots\" content=\"index, follow, max-snippet:-1, max-image-preview:large, max-video-preview:-1\" \/>\n<link rel=\"canonical\" href=\"https:\/\/www.ethifinance.com\/de\/melden-sie-sich-fuer-unseren-newsletter-an\/\" \/>\n<meta property=\"og:locale\" content=\"de_DE\" \/>\n<meta property=\"og:type\" content=\"article\" \/>\n<meta property=\"og:title\" content=\"Melden Sie sich f\u00fcr unseren Newsletter an - EthiFinance\" \/>\n<meta property=\"og:description\" content=\"Newsletter Opt-in (German) Abonnieren Je confirme que j\u2019ai lu la d\u00e9claration de confidentialit\u00e9.Checkbox Field Ich m\u00f6chte Informationen \u00fcber die Produkte und Dienstleistungen von EthiFinance erhalten. Ihre E-Mail-Adresse wird ausschlie\u00dflich von EthiFinance verwendet, um Ihnen den Newsletter zuzusenden, f\u00fcr den Sie Ihre ausdr\u00fcckliche Zustimmung erteilen. Sie k\u00f6nnen sich jederzeit abmelden, indem Sie auf den Abmeldelink am [&hellip;]\" \/>\n<meta property=\"og:url\" content=\"https:\/\/www.ethifinance.com\/de\/melden-sie-sich-fuer-unseren-newsletter-an\/\" \/>\n<meta property=\"og:site_name\" content=\"EthiFinance\" \/>\n<meta property=\"article:modified_time\" content=\"2025-05-07T15:14:18+00:00\" \/>\n<meta name=\"twitter:card\" content=\"summary_large_image\" \/>\n<meta name=\"twitter:label1\" content=\"Gesch\u00e4tzte Lesezeit\" \/>\n\t<meta name=\"twitter:data1\" content=\"1\u00a0Minute\" \/>\n<script type=\"application\/ld+json\" class=\"yoast-schema-graph\">{\"@context\":\"https:\/\/schema.org\",\"@graph\":[{\"@type\":\"WebPage\",\"@id\":\"https:\/\/www.ethifinance.com\/de\/melden-sie-sich-fuer-unseren-newsletter-an\/\",\"url\":\"https:\/\/www.ethifinance.com\/de\/melden-sie-sich-fuer-unseren-newsletter-an\/\",\"name\":\"Melden Sie sich f\u00fcr unseren Newsletter an - EthiFinance\",\"isPartOf\":{\"@id\":\"https:\/\/www.ethifinance.com\/de\/#website\"},\"datePublished\":\"2025-04-06T16:37:03+00:00\",\"dateModified\":\"2025-05-07T15:14:18+00:00\",\"breadcrumb\":{\"@id\":\"https:\/\/www.ethifinance.com\/de\/melden-sie-sich-fuer-unseren-newsletter-an\/#breadcrumb\"},\"inLanguage\":\"de\",\"potentialAction\":[{\"@type\":\"ReadAction\",\"target\":[\"https:\/\/www.ethifinance.com\/de\/melden-sie-sich-fuer-unseren-newsletter-an\/\"]}]},{\"@type\":\"BreadcrumbList\",\"@id\":\"https:\/\/www.ethifinance.com\/de\/melden-sie-sich-fuer-unseren-newsletter-an\/#breadcrumb\",\"itemListElement\":[{\"@type\":\"ListItem\",\"position\":1,\"name\":\"Accueil\",\"item\":\"https:\/\/www.ethifinance.com\/de\/\"},{\"@type\":\"ListItem\",\"position\":2,\"name\":\"Melden Sie sich f\u00fcr unseren Newsletter an\"}]},{\"@type\":\"WebSite\",\"@id\":\"https:\/\/www.ethifinance.com\/de\/#website\",\"url\":\"https:\/\/www.ethifinance.com\/de\/\",\"name\":\"Ethifinance\",\"description\":\"\",\"publisher\":{\"@id\":\"https:\/\/www.ethifinance.com\/de\/#organization\"},\"potentialAction\":[{\"@type\":\"SearchAction\",\"target\":{\"@type\":\"EntryPoint\",\"urlTemplate\":\"https:\/\/www.ethifinance.com\/de\/?s={search_term_string}\"},\"query-input\":{\"@type\":\"PropertyValueSpecification\",\"valueRequired\":true,\"valueName\":\"search_term_string\"}}],\"inLanguage\":\"de\"},{\"@type\":\"Organization\",\"@id\":\"https:\/\/www.ethifinance.com\/de\/#organization\",\"name\":\"Ethifinance\",\"url\":\"https:\/\/www.ethifinance.com\/de\/\",\"logo\":{\"@type\":\"ImageObject\",\"inLanguage\":\"de\",\"@id\":\"https:\/\/www.ethifinance.com\/de\/#\/schema\/logo\/image\/\",\"url\":\"https:\/\/www.ethifinance.com\/wp-content\/uploads\/2024\/05\/Logo_simplified_green_by_altay-01-01.png\",\"contentUrl\":\"https:\/\/www.ethifinance.com\/wp-content\/uploads\/2024\/05\/Logo_simplified_green_by_altay-01-01.png\",\"width\":1424,\"height\":248,\"caption\":\"Ethifinance\"},\"image\":{\"@id\":\"https:\/\/www.ethifinance.com\/de\/#\/schema\/logo\/image\/\"},\"sameAs\":[\"https:\/\/www.linkedin.com\/company\/ethifinance\/\",\"https:\/\/www.youtube.com\/@ethifinance_EU\"]}]}<\/script>\n<!-- \/ Yoast SEO plugin. -->","yoast_head_json":{"title":"Melden Sie sich f\u00fcr unseren Newsletter an - EthiFinance","robots":{"index":"index","follow":"follow","max-snippet":"max-snippet:-1","max-image-preview":"max-image-preview:large","max-video-preview":"max-video-preview:-1"},"canonical":"https:\/\/www.ethifinance.com\/de\/melden-sie-sich-fuer-unseren-newsletter-an\/","og_locale":"de_DE","og_type":"article","og_title":"Melden Sie sich f\u00fcr unseren Newsletter an - EthiFinance","og_description":"Newsletter Opt-in (German) Abonnieren Je confirme que j\u2019ai lu la d\u00e9claration de confidentialit\u00e9.Checkbox Field Ich m\u00f6chte Informationen \u00fcber die Produkte und Dienstleistungen von EthiFinance erhalten. Ihre E-Mail-Adresse wird ausschlie\u00dflich von EthiFinance verwendet, um Ihnen den Newsletter zuzusenden, f\u00fcr den Sie Ihre ausdr\u00fcckliche Zustimmung erteilen. Sie k\u00f6nnen sich jederzeit abmelden, indem Sie auf den Abmeldelink am [&hellip;]","og_url":"https:\/\/www.ethifinance.com\/de\/melden-sie-sich-fuer-unseren-newsletter-an\/","og_site_name":"EthiFinance","article_modified_time":"2025-05-07T15:14:18+00:00","twitter_card":"summary_large_image","twitter_misc":{"Gesch\u00e4tzte Lesezeit":"1\u00a0Minute"},"schema":{"@context":"https:\/\/schema.org","@graph":[{"@type":"WebPage","@id":"https:\/\/www.ethifinance.com\/de\/melden-sie-sich-fuer-unseren-newsletter-an\/","url":"https:\/\/www.ethifinance.com\/de\/melden-sie-sich-fuer-unseren-newsletter-an\/","name":"Melden Sie sich f\u00fcr unseren Newsletter an - EthiFinance","isPartOf":{"@id":"https:\/\/www.ethifinance.com\/de\/#website"},"datePublished":"2025-04-06T16:37:03+00:00","dateModified":"2025-05-07T15:14:18+00:00","breadcrumb":{"@id":"https:\/\/www.ethifinance.com\/de\/melden-sie-sich-fuer-unseren-newsletter-an\/#breadcrumb"},"inLanguage":"de","potentialAction":[{"@type":"ReadAction","target":["https:\/\/www.ethifinance.com\/de\/melden-sie-sich-fuer-unseren-newsletter-an\/"]}]},{"@type":"BreadcrumbList","@id":"https:\/\/www.ethifinance.com\/de\/melden-sie-sich-fuer-unseren-newsletter-an\/#breadcrumb","itemListElement":[{"@type":"ListItem","position":1,"name":"Accueil","item":"https:\/\/www.ethifinance.com\/de\/"},{"@type":"ListItem","position":2,"name":"Melden Sie sich f\u00fcr unseren Newsletter an"}]},{"@type":"WebSite","@id":"https:\/\/www.ethifinance.com\/de\/#website","url":"https:\/\/www.ethifinance.com\/de\/","name":"Ethifinance","description":"","publisher":{"@id":"https:\/\/www.ethifinance.com\/de\/#organization"},"potentialAction":[{"@type":"SearchAction","target":{"@type":"EntryPoint","urlTemplate":"https:\/\/www.ethifinance.com\/de\/?s={search_term_string}"},"query-input":{"@type":"PropertyValueSpecification","valueRequired":true,"valueName":"search_term_string"}}],"inLanguage":"de"},{"@type":"Organization","@id":"https:\/\/www.ethifinance.com\/de\/#organization","name":"Ethifinance","url":"https:\/\/www.ethifinance.com\/de\/","logo":{"@type":"ImageObject","inLanguage":"de","@id":"https:\/\/www.ethifinance.com\/de\/#\/schema\/logo\/image\/","url":"https:\/\/www.ethifinance.com\/wp-content\/uploads\/2024\/05\/Logo_simplified_green_by_altay-01-01.png","contentUrl":"https:\/\/www.ethifinance.com\/wp-content\/uploads\/2024\/05\/Logo_simplified_green_by_altay-01-01.png","width":1424,"height":248,"caption":"Ethifinance"},"image":{"@id":"https:\/\/www.ethifinance.com\/de\/#\/schema\/logo\/image\/"},"sameAs":["https:\/\/www.linkedin.com\/company\/ethifinance\/","https:\/\/www.youtube.com\/@ethifinance_EU"]}]}},"_links":{"self":[{"href":"https:\/\/www.ethifinance.com\/de\/wp-json\/wp\/v2\/pages\/44302","targetHints":{"allow":["GET"]}}],"collection":[{"href":"https:\/\/www.ethifinance.com\/de\/wp-json\/wp\/v2\/pages"}],"about":[{"href":"https:\/\/www.ethifinance.com\/de\/wp-json\/wp\/v2\/types\/page"}],"author":[{"embeddable":true,"href":"https:\/\/www.ethifinance.com\/de\/wp-json\/wp\/v2\/users\/2"}],"replies":[{"embeddable":true,"href":"https:\/\/www.ethifinance.com\/de\/wp-json\/wp\/v2\/comments?post=44302"}],"version-history":[{"count":4,"href":"https:\/\/www.ethifinance.com\/de\/wp-json\/wp\/v2\/pages\/44302\/revisions"}],"predecessor-version":[{"id":44310,"href":"https:\/\/www.ethifinance.com\/de\/wp-json\/wp\/v2\/pages\/44302\/revisions\/44310"}],"wp:attachment":[{"href":"https:\/\/www.ethifinance.com\/de\/wp-json\/wp\/v2\/media?parent=44302"}],"curies":[{"name":"wp","href":"https:\/\/api.w.org\/{rel}","templated":true}]}}