{"id":46829,"date":"2025-10-07T21:22:06","date_gmt":"2025-10-07T19:22:06","guid":{"rendered":"https:\/\/www.ethifinance.com\/cesce-partnerschaft\/"},"modified":"2026-02-24T15:18:35","modified_gmt":"2026-02-24T14:18:35","slug":"cesce-partnerschaft","status":"publish","type":"page","link":"https:\/\/www.ethifinance.com\/de\/cesce-partnerschaft\/","title":{"rendered":"Cesce Partnerschaft"},"content":{"rendered":"\t\t<div data-elementor-type=\"wp-page\" data-elementor-id=\"46829\" class=\"elementor elementor-46829 elementor-45450\" data-elementor-post-type=\"page\">\n\t\t\t\t<div class=\"elementor-element elementor-element-ad50a94 e-flex e-con-boxed e-con e-parent\" data-id=\"ad50a94\" data-element_type=\"container\" data-e-type=\"container\">\n\t\t\t\t\t<div class=\"e-con-inner\">\n\t\t\t\t<div class=\"elementor-element elementor-element-0528d28 elementor-widget elementor-widget-shortcode\" data-id=\"0528d28\" data-element_type=\"widget\" data-e-type=\"widget\" data-widget_type=\"shortcode.default\">\n\t\t\t\t<div class=\"elementor-widget-container\">\n\t\t\t\t\t\t\t<div class=\"elementor-shortcode\">\t\t<div data-elementor-type=\"container\" data-elementor-id=\"37689\" class=\"elementor elementor-37689 elementor-29413\" data-elementor-post-type=\"elementor_library\">\n\t\t\t\t<div class=\"elementor-element elementor-element-7d4c768a e-con-full e-flex e-con e-parent\" data-id=\"7d4c768a\" data-element_type=\"container\" data-e-type=\"container\" data-settings=\"{&quot;background_background&quot;:&quot;classic&quot;}\">\n\t\t<div class=\"elementor-element elementor-element-e9a1c69 e-flex e-con-boxed e-con e-child\" data-id=\"e9a1c69\" data-element_type=\"container\" data-e-type=\"container\">\n\t\t\t\t\t<div class=\"e-con-inner\">\n\t\t\t\t<div class=\"elementor-element elementor-element-7cde6404 elementor-widget__width-initial elementor-widget elementor-widget-text-editor\" data-id=\"7cde6404\" data-element_type=\"widget\" data-e-type=\"widget\" data-widget_type=\"text-editor.default\">\n\t\t\t\t<div class=\"elementor-widget-container\">\n\t\t\t\t\t\t\t\t\tCesce und EthiFinance Ratings b\u00fcndeln ihre Kr\u00e4fte, um spanischen Unternehmen den Zugang zu globalen M\u00e4rkten und Finanzierungen zu erleichtern.\t\t\t\t\t\t\t\t<\/div>\n\t\t\t\t<\/div>\n\t\t\t\t\t<\/div>\n\t\t\t\t<\/div>\n\t\t\t\t<\/div>\n\t\t\t\t<\/div>\n\t\t<\/div>\n\t\t\t\t\t\t<\/div>\n\t\t\t\t<\/div>\n\t\t\t\t\t<\/div>\n\t\t\t\t<\/div>\n\t\t<div class=\"elementor-element elementor-element-45bb0126 e-flex e-con-boxed e-con e-parent\" data-id=\"45bb0126\" data-element_type=\"container\" data-e-type=\"container\" data-settings=\"{&quot;background_background&quot;:&quot;classic&quot;}\">\n\t\t\t\t\t<div class=\"e-con-inner\">\n\t\t<div class=\"elementor-element elementor-element-115923c1 e-flex e-con-boxed e-con e-child\" data-id=\"115923c1\" data-element_type=\"container\" data-e-type=\"container\">\n\t\t\t\t\t<div class=\"e-con-inner\">\n\t\t<div class=\"elementor-element elementor-element-7adfd876 e-con-full e-flex e-con e-child\" data-id=\"7adfd876\" data-element_type=\"container\" data-e-type=\"container\">\n\t\t\t\t<div class=\"elementor-element elementor-element-6d4c7b63 elementor-widget elementor-widget-image\" data-id=\"6d4c7b63\" data-element_type=\"widget\" data-e-type=\"widget\" data-widget_type=\"image.default\">\n\t\t\t\t<div class=\"elementor-widget-container\">\n\t\t\t\t\t\t\t\t\t\t\t\t\t\t\t<img fetchpriority=\"high\" decoding=\"async\" width=\"768\" height=\"512\" src=\"https:\/\/www.ethifinance.com\/wp-content\/uploads\/2025\/10\/cesce-768x512.webp\" class=\"attachment-medium_large size-medium_large wp-image-45474\" alt=\"\" srcset=\"https:\/\/www.ethifinance.com\/wp-content\/uploads\/2025\/10\/cesce-768x512.webp 768w, https:\/\/www.ethifinance.com\/wp-content\/uploads\/2025\/10\/cesce-300x200.webp 300w, https:\/\/www.ethifinance.com\/wp-content\/uploads\/2025\/10\/cesce.webp 800w\" sizes=\"(max-width: 768px) 100vw, 768px\" \/>\t\t\t\t\t\t\t\t\t\t\t\t\t\t\t<\/div>\n\t\t\t\t<\/div>\n\t\t\t\t<\/div>\n\t\t<div class=\"elementor-element elementor-element-16ef5889 e-con-full e-flex e-con e-child\" data-id=\"16ef5889\" data-element_type=\"container\" data-e-type=\"container\">\n\t\t\t\t<div class=\"elementor-element elementor-element-86df830 elementor-widget elementor-widget-heading\" data-id=\"86df830\" data-element_type=\"widget\" data-e-type=\"widget\" data-widget_type=\"heading.default\">\n\t\t\t\t<div class=\"elementor-widget-container\">\n\t\t\t\t\t<h5 class=\"elementor-heading-title elementor-size-default\"><b>Strategische Allianz:<\/b> Cesce und EthiFinance Ratings f\u00f6rdern die Internationalisierung von Unternehmen<\/h5>\t\t\t\t<\/div>\n\t\t\t\t<\/div>\n\t\t\t\t<div class=\"elementor-element elementor-element-328a0ea9 elementor-widget elementor-widget-text-editor\" data-id=\"328a0ea9\" data-element_type=\"widget\" data-e-type=\"widget\" data-widget_type=\"text-editor.default\">\n\t\t\t\t<div class=\"elementor-widget-container\">\n\t\t\t\t\t\t\t\t\t<p><strong>Die Compa\u00f1\u00eda Espa\u00f1ola de Seguros de Cr\u00e9dito a la Exportaci\u00f3n (Cesce)<\/strong> und <strong>EthiFinance Ratings<\/strong> haben eine Kooperationsvereinbarung unterzeichnet, um spanische Unternehmen bei ihrer internationalen Expansion zu unterst\u00fctzen und ihren Zugang zu Finanzierungen zu verbessern.<\/p><p>Im Rahmen dieser Vereinbarung wird Cesce die Bonit\u00e4tsbewertungen von EthiFinance Ratings in seine Risikobewertungsprozesse f\u00fcr Antr\u00e4ge integrieren, die im Rahmen des Staatskontos eingereicht werden. Diese Integration wird <strong>die Bearbeitung der Antr\u00e4ge straffen<\/strong>, die Fristen verk\u00fcrzen und sowohl KMU als auch gro\u00dfen Unternehmen einen schnelleren Zugang zu Risikodeckung und Finanzprodukten erm\u00f6glichen, die f\u00fcr das internationale Wachstum unerl\u00e4sslich sind. <\/p>\t\t\t\t\t\t\t\t<\/div>\n\t\t\t\t<\/div>\n\t\t\t\t<\/div>\n\t\t\t\t\t<\/div>\n\t\t\t\t<\/div>\n\t\t<div class=\"elementor-element elementor-element-731a08ef e-flex e-con-boxed e-con e-child\" data-id=\"731a08ef\" data-element_type=\"container\" data-e-type=\"container\">\n\t\t\t\t\t<div class=\"e-con-inner\">\n\t\t<div class=\"elementor-element elementor-element-16636d4f e-con-full e-flex e-con e-child\" data-id=\"16636d4f\" data-element_type=\"container\" data-e-type=\"container\">\n\t\t\t\t<div class=\"elementor-element elementor-element-23770d0b elementor-widget elementor-widget-text-editor\" data-id=\"23770d0b\" data-element_type=\"widget\" data-e-type=\"widget\" data-widget_type=\"text-editor.default\">\n\t\t\t\t<div class=\"elementor-widget-container\">\n\t\t\t\t\t\t\t\t\t<p>Die Allianz umfasst auch <strong>gegenseitige kommerzielle Unterst\u00fctzung:<\/strong><\/p>\t\t\t\t\t\t\t\t<\/div>\n\t\t\t\t<\/div>\n\t\t\t\t<div class=\"elementor-element elementor-element-f9e5df7 elementor-icon-list--layout-traditional elementor-list-item-link-full_width elementor-widget elementor-widget-icon-list\" data-id=\"f9e5df7\" data-element_type=\"widget\" data-e-type=\"widget\" data-widget_type=\"icon-list.default\">\n\t\t\t\t<div class=\"elementor-widget-container\">\n\t\t\t\t\t\t\t<ul class=\"elementor-icon-list-items\">\n\t\t\t\t\t\t\t<li class=\"elementor-icon-list-item\">\n\t\t\t\t\t\t\t\t\t\t\t<span class=\"elementor-icon-list-icon\">\n\t\t\t\t\t\t\t<svg aria-hidden=\"true\" class=\"e-font-icon-svg e-fas-check\" viewBox=\"0 0 512 512\" xmlns=\"http:\/\/www.w3.org\/2000\/svg\"><path d=\"M173.898 439.404l-166.4-166.4c-9.997-9.997-9.997-26.206 0-36.204l36.203-36.204c9.997-9.998 26.207-9.998 36.204 0L192 312.69 432.095 72.596c9.997-9.997 26.207-9.997 36.204 0l36.203 36.204c9.997 9.997 9.997 26.206 0 36.204l-294.4 294.401c-9.998 9.997-26.207 9.997-36.204-.001z\"><\/path><\/svg>\t\t\t\t\t\t<\/span>\n\t\t\t\t\t\t\t\t\t\t<span class=\"elementor-icon-list-text\">EthiFinance Ratings wird die Produkte und Dienstleistungen von Cesce bei seinen Kunden bewerben.<\/span>\n\t\t\t\t\t\t\t\t\t<\/li>\n\t\t\t\t\t\t\t\t<li class=\"elementor-icon-list-item\">\n\t\t\t\t\t\t\t\t\t\t\t<span class=\"elementor-icon-list-icon\">\n\t\t\t\t\t\t\t<svg aria-hidden=\"true\" class=\"e-font-icon-svg e-fas-check\" viewBox=\"0 0 512 512\" xmlns=\"http:\/\/www.w3.org\/2000\/svg\"><path d=\"M173.898 439.404l-166.4-166.4c-9.997-9.997-9.997-26.206 0-36.204l36.203-36.204c9.997-9.998 26.207-9.998 36.204 0L192 312.69 432.095 72.596c9.997-9.997 26.207-9.997 36.204 0l36.203 36.204c9.997 9.997 9.997 26.206 0 36.204l-294.4 294.401c-9.998 9.997-26.207 9.997-36.204-.001z\"><\/path><\/svg>\t\t\t\t\t\t<\/span>\n\t\t\t\t\t\t\t\t\t\t<span class=\"elementor-icon-list-text\">Cesce wird im Gegenzug die Tools und Ratings von EthiFinance in seinem Netzwerk vorstellen.<\/span>\n\t\t\t\t\t\t\t\t\t<\/li>\n\t\t\t\t\t\t<\/ul>\n\t\t\t\t\t\t<\/div>\n\t\t\t\t<\/div>\n\t\t\t\t<div class=\"elementor-element elementor-element-9c3ff67 elementor-widget elementor-widget-text-editor\" data-id=\"9c3ff67\" data-element_type=\"widget\" data-e-type=\"widget\" data-widget_type=\"text-editor.default\">\n\t\t\t\t<div class=\"elementor-widget-container\">\n\t\t\t\t\t\t\t\t\t<p>Dar\u00fcber hinaus werden beide Organisationen bei <strong>Bildungs- und Outreach-Initiativen<\/strong> wie Veranstaltungen, Workshops und Schulungsaktivit\u00e4ten zusammenarbeiten, um die finanzielle Integration zu f\u00f6rdern und die Wettbewerbsf\u00e4higkeit spanischer Unternehmen zu st\u00e4rken.<\/p><p><i>&#8222;Diese Zusammenarbeit erm\u00f6glicht es uns, unsere Risikobewertungsprozesse zu optimieren und den Unternehmen durch die Verk\u00fcrzung der Bearbeitungszeiten direkt zu nutzen&#8220;,<\/i> sagte Pablo de Ram\u00f3n-Laca, Executive Chairman von Cesce.<\/p>\t\t\t\t\t\t\t\t<\/div>\n\t\t\t\t<\/div>\n\t\t\t\t<div class=\"elementor-element elementor-element-c112a2a elementor-widget elementor-widget-text-editor\" data-id=\"c112a2a\" data-element_type=\"widget\" data-e-type=\"widget\" data-widget_type=\"text-editor.default\">\n\t\t\t\t<div class=\"elementor-widget-container\">\n\t\t\t\t\t\t\t\t\t<p>&#8222;Diese Vereinbarung ist ein weiterer Beweis daf\u00fcr, wie wichtig es f\u00fcr Unternehmen ist, ein Rating zu haben, nicht nur um Zugang zu institutionellen und alternativen M\u00e4rkten zu erhalten, sondern auch als Visitenkarte f\u00fcr ein breites Spektrum von Interessengruppen&#8220;, f\u00fcgte Carol Sirou, CEO von EthiFinance, hinzu.<\/p><p>Durch diese Partnerschaft st\u00e4rken Cesce und EthiFinance ihre Rolle als strategische Partner bei der Unterst\u00fctzung von Unternehmen jeder Gr\u00f6\u00dfe, indem sie innovative und zuverl\u00e4ssige L\u00f6sungen anbieten, die deren <strong>Wachstum, Widerstandsf\u00e4higkeit und internationale Expansion<\/strong> f\u00f6rdern.<\/p><p>Weitere Informationen \u00fcber Cesce und seine Dienstleistungen erhalten Sie auf der <a href=\"https:\/\/www.cesce.es\/es\/\" target=\"_blank\" rel=\"noopener\">offiziellen Website von Cesce<\/a>.<\/p>\t\t\t\t\t\t\t\t<\/div>\n\t\t\t\t<\/div>\n\t\t\t\t<\/div>\n\t\t<div class=\"elementor-element elementor-element-344e903d e-con-full elementor-hidden-mobile e-flex e-con e-child\" data-id=\"344e903d\" data-element_type=\"container\" data-e-type=\"container\">\n\t\t\t\t<div class=\"elementor-element elementor-element-300105ca elementor-widget elementor-widget-image\" data-id=\"300105ca\" data-element_type=\"widget\" data-e-type=\"widget\" data-widget_type=\"image.default\">\n\t\t\t\t<div class=\"elementor-widget-container\">\n\t\t\t\t\t\t\t\t\t\t\t\t\t\t\t<img decoding=\"async\" width=\"534\" height=\"800\" src=\"https:\/\/www.ethifinance.com\/wp-content\/uploads\/2025\/10\/51261.webp\" class=\"attachment-medium_large size-medium_large wp-image-45485\" alt=\"\" srcset=\"https:\/\/www.ethifinance.com\/wp-content\/uploads\/2025\/10\/51261.webp 534w, https:\/\/www.ethifinance.com\/wp-content\/uploads\/2025\/10\/51261-200x300.webp 200w\" sizes=\"(max-width: 534px) 100vw, 534px\" \/>\t\t\t\t\t\t\t\t\t\t\t\t\t\t\t<\/div>\n\t\t\t\t<\/div>\n\t\t\t\t<\/div>\n\t\t\t\t\t<\/div>\n\t\t\t\t<\/div>\n\t\t\t\t\t<\/div>\n\t\t\t\t<\/div>\n\t\t\t\t<\/div>\n\t\t","protected":false},"excerpt":{"rendered":"<p>Cesce und EthiFinance Ratings b\u00fcndeln ihre Kr\u00e4fte, um spanischen Unternehmen den Zugang zu globalen M\u00e4rkten und Finanzierungen zu erleichtern.<\/p>\n","protected":false},"author":2,"featured_media":36001,"parent":0,"menu_order":0,"comment_status":"closed","ping_status":"closed","template":"","meta":{"_acf_changed":false,"footnotes":""},"class_list":["post-46829","page","type-page","status-publish","has-post-thumbnail","hentry"],"acf":[],"yoast_head":"<!-- This site is optimized with the Yoast SEO plugin v26.9 - https:\/\/yoast.com\/product\/yoast-seo-wordpress\/ -->\n<title>Cesce Partnerschaft - EthiFinance<\/title>\n<meta name=\"robots\" content=\"index, follow, max-snippet:-1, max-image-preview:large, max-video-preview:-1\" \/>\n<link rel=\"canonical\" href=\"https:\/\/www.ethifinance.com\/de\/cesce-partnerschaft\/\" \/>\n<meta property=\"og:locale\" content=\"de_DE\" \/>\n<meta property=\"og:type\" content=\"article\" \/>\n<meta property=\"og:title\" content=\"Cesce Partnerschaft - EthiFinance\" \/>\n<meta property=\"og:description\" content=\"Cesce und EthiFinance Ratings b\u00fcndeln ihre Kr\u00e4fte, um spanischen Unternehmen den Zugang zu globalen M\u00e4rkten und Finanzierungen zu erleichtern.\" \/>\n<meta property=\"og:url\" content=\"https:\/\/www.ethifinance.com\/de\/cesce-partnerschaft\/\" \/>\n<meta property=\"og:site_name\" content=\"EthiFinance\" \/>\n<meta property=\"article:modified_time\" content=\"2026-02-24T14:18:35+00:00\" \/>\n<meta property=\"og:image\" content=\"https:\/\/www.ethifinance.com\/wp-content\/uploads\/2024\/05\/fabian-quintero-UWQP2mh5YJI-unsplash.jpg\" \/>\n\t<meta property=\"og:image:width\" content=\"1920\" \/>\n\t<meta property=\"og:image:height\" content=\"1280\" \/>\n\t<meta property=\"og:image:type\" content=\"image\/jpeg\" \/>\n<meta name=\"twitter:card\" content=\"summary_large_image\" \/>\n<meta name=\"twitter:label1\" content=\"Gesch\u00e4tzte Lesezeit\" \/>\n\t<meta name=\"twitter:data1\" content=\"2\u00a0Minuten\" \/>\n<script type=\"application\/ld+json\" class=\"yoast-schema-graph\">{\"@context\":\"https:\/\/schema.org\",\"@graph\":[{\"@type\":\"WebPage\",\"@id\":\"https:\/\/www.ethifinance.com\/de\/cesce-partnerschaft\/\",\"url\":\"https:\/\/www.ethifinance.com\/de\/cesce-partnerschaft\/\",\"name\":\"Cesce Partnerschaft - EthiFinance\",\"isPartOf\":{\"@id\":\"https:\/\/www.ethifinance.com\/de\/#website\"},\"primaryImageOfPage\":{\"@id\":\"https:\/\/www.ethifinance.com\/de\/cesce-partnerschaft\/#primaryimage\"},\"image\":{\"@id\":\"https:\/\/www.ethifinance.com\/de\/cesce-partnerschaft\/#primaryimage\"},\"thumbnailUrl\":\"https:\/\/www.ethifinance.com\/wp-content\/uploads\/2024\/05\/fabian-quintero-UWQP2mh5YJI-unsplash.jpg\",\"datePublished\":\"2025-10-07T19:22:06+00:00\",\"dateModified\":\"2026-02-24T14:18:35+00:00\",\"breadcrumb\":{\"@id\":\"https:\/\/www.ethifinance.com\/de\/cesce-partnerschaft\/#breadcrumb\"},\"inLanguage\":\"de\",\"potentialAction\":[{\"@type\":\"ReadAction\",\"target\":[\"https:\/\/www.ethifinance.com\/de\/cesce-partnerschaft\/\"]}]},{\"@type\":\"ImageObject\",\"inLanguage\":\"de\",\"@id\":\"https:\/\/www.ethifinance.com\/de\/cesce-partnerschaft\/#primaryimage\",\"url\":\"https:\/\/www.ethifinance.com\/wp-content\/uploads\/2024\/05\/fabian-quintero-UWQP2mh5YJI-unsplash.jpg\",\"contentUrl\":\"https:\/\/www.ethifinance.com\/wp-content\/uploads\/2024\/05\/fabian-quintero-UWQP2mh5YJI-unsplash.jpg\",\"width\":1920,\"height\":1280},{\"@type\":\"BreadcrumbList\",\"@id\":\"https:\/\/www.ethifinance.com\/de\/cesce-partnerschaft\/#breadcrumb\",\"itemListElement\":[{\"@type\":\"ListItem\",\"position\":1,\"name\":\"Accueil\",\"item\":\"https:\/\/www.ethifinance.com\/de\/\"},{\"@type\":\"ListItem\",\"position\":2,\"name\":\"Cesce Partnerschaft\"}]},{\"@type\":\"WebSite\",\"@id\":\"https:\/\/www.ethifinance.com\/de\/#website\",\"url\":\"https:\/\/www.ethifinance.com\/de\/\",\"name\":\"Ethifinance\",\"description\":\"\",\"publisher\":{\"@id\":\"https:\/\/www.ethifinance.com\/de\/#organization\"},\"potentialAction\":[{\"@type\":\"SearchAction\",\"target\":{\"@type\":\"EntryPoint\",\"urlTemplate\":\"https:\/\/www.ethifinance.com\/de\/?s={search_term_string}\"},\"query-input\":{\"@type\":\"PropertyValueSpecification\",\"valueRequired\":true,\"valueName\":\"search_term_string\"}}],\"inLanguage\":\"de\"},{\"@type\":\"Organization\",\"@id\":\"https:\/\/www.ethifinance.com\/de\/#organization\",\"name\":\"Ethifinance\",\"url\":\"https:\/\/www.ethifinance.com\/de\/\",\"logo\":{\"@type\":\"ImageObject\",\"inLanguage\":\"de\",\"@id\":\"https:\/\/www.ethifinance.com\/de\/#\/schema\/logo\/image\/\",\"url\":\"https:\/\/www.ethifinance.com\/wp-content\/uploads\/2024\/05\/Logo_simplified_green_by_altay-01-01.png\",\"contentUrl\":\"https:\/\/www.ethifinance.com\/wp-content\/uploads\/2024\/05\/Logo_simplified_green_by_altay-01-01.png\",\"width\":1424,\"height\":248,\"caption\":\"Ethifinance\"},\"image\":{\"@id\":\"https:\/\/www.ethifinance.com\/de\/#\/schema\/logo\/image\/\"},\"sameAs\":[\"https:\/\/www.linkedin.com\/company\/ethifinance\/\",\"https:\/\/www.youtube.com\/@ethifinance_EU\"]}]}<\/script>\n<!-- \/ Yoast SEO plugin. -->","yoast_head_json":{"title":"Cesce Partnerschaft - EthiFinance","robots":{"index":"index","follow":"follow","max-snippet":"max-snippet:-1","max-image-preview":"max-image-preview:large","max-video-preview":"max-video-preview:-1"},"canonical":"https:\/\/www.ethifinance.com\/de\/cesce-partnerschaft\/","og_locale":"de_DE","og_type":"article","og_title":"Cesce Partnerschaft - EthiFinance","og_description":"Cesce und EthiFinance Ratings b\u00fcndeln ihre Kr\u00e4fte, um spanischen Unternehmen den Zugang zu globalen M\u00e4rkten und Finanzierungen zu erleichtern.","og_url":"https:\/\/www.ethifinance.com\/de\/cesce-partnerschaft\/","og_site_name":"EthiFinance","article_modified_time":"2026-02-24T14:18:35+00:00","og_image":[{"width":1920,"height":1280,"url":"https:\/\/www.ethifinance.com\/wp-content\/uploads\/2024\/05\/fabian-quintero-UWQP2mh5YJI-unsplash.jpg","type":"image\/jpeg"}],"twitter_card":"summary_large_image","twitter_misc":{"Gesch\u00e4tzte Lesezeit":"2\u00a0Minuten"},"schema":{"@context":"https:\/\/schema.org","@graph":[{"@type":"WebPage","@id":"https:\/\/www.ethifinance.com\/de\/cesce-partnerschaft\/","url":"https:\/\/www.ethifinance.com\/de\/cesce-partnerschaft\/","name":"Cesce Partnerschaft - EthiFinance","isPartOf":{"@id":"https:\/\/www.ethifinance.com\/de\/#website"},"primaryImageOfPage":{"@id":"https:\/\/www.ethifinance.com\/de\/cesce-partnerschaft\/#primaryimage"},"image":{"@id":"https:\/\/www.ethifinance.com\/de\/cesce-partnerschaft\/#primaryimage"},"thumbnailUrl":"https:\/\/www.ethifinance.com\/wp-content\/uploads\/2024\/05\/fabian-quintero-UWQP2mh5YJI-unsplash.jpg","datePublished":"2025-10-07T19:22:06+00:00","dateModified":"2026-02-24T14:18:35+00:00","breadcrumb":{"@id":"https:\/\/www.ethifinance.com\/de\/cesce-partnerschaft\/#breadcrumb"},"inLanguage":"de","potentialAction":[{"@type":"ReadAction","target":["https:\/\/www.ethifinance.com\/de\/cesce-partnerschaft\/"]}]},{"@type":"ImageObject","inLanguage":"de","@id":"https:\/\/www.ethifinance.com\/de\/cesce-partnerschaft\/#primaryimage","url":"https:\/\/www.ethifinance.com\/wp-content\/uploads\/2024\/05\/fabian-quintero-UWQP2mh5YJI-unsplash.jpg","contentUrl":"https:\/\/www.ethifinance.com\/wp-content\/uploads\/2024\/05\/fabian-quintero-UWQP2mh5YJI-unsplash.jpg","width":1920,"height":1280},{"@type":"BreadcrumbList","@id":"https:\/\/www.ethifinance.com\/de\/cesce-partnerschaft\/#breadcrumb","itemListElement":[{"@type":"ListItem","position":1,"name":"Accueil","item":"https:\/\/www.ethifinance.com\/de\/"},{"@type":"ListItem","position":2,"name":"Cesce Partnerschaft"}]},{"@type":"WebSite","@id":"https:\/\/www.ethifinance.com\/de\/#website","url":"https:\/\/www.ethifinance.com\/de\/","name":"Ethifinance","description":"","publisher":{"@id":"https:\/\/www.ethifinance.com\/de\/#organization"},"potentialAction":[{"@type":"SearchAction","target":{"@type":"EntryPoint","urlTemplate":"https:\/\/www.ethifinance.com\/de\/?s={search_term_string}"},"query-input":{"@type":"PropertyValueSpecification","valueRequired":true,"valueName":"search_term_string"}}],"inLanguage":"de"},{"@type":"Organization","@id":"https:\/\/www.ethifinance.com\/de\/#organization","name":"Ethifinance","url":"https:\/\/www.ethifinance.com\/de\/","logo":{"@type":"ImageObject","inLanguage":"de","@id":"https:\/\/www.ethifinance.com\/de\/#\/schema\/logo\/image\/","url":"https:\/\/www.ethifinance.com\/wp-content\/uploads\/2024\/05\/Logo_simplified_green_by_altay-01-01.png","contentUrl":"https:\/\/www.ethifinance.com\/wp-content\/uploads\/2024\/05\/Logo_simplified_green_by_altay-01-01.png","width":1424,"height":248,"caption":"Ethifinance"},"image":{"@id":"https:\/\/www.ethifinance.com\/de\/#\/schema\/logo\/image\/"},"sameAs":["https:\/\/www.linkedin.com\/company\/ethifinance\/","https:\/\/www.youtube.com\/@ethifinance_EU"]}]}},"_links":{"self":[{"href":"https:\/\/www.ethifinance.com\/de\/wp-json\/wp\/v2\/pages\/46829","targetHints":{"allow":["GET"]}}],"collection":[{"href":"https:\/\/www.ethifinance.com\/de\/wp-json\/wp\/v2\/pages"}],"about":[{"href":"https:\/\/www.ethifinance.com\/de\/wp-json\/wp\/v2\/types\/page"}],"author":[{"embeddable":true,"href":"https:\/\/www.ethifinance.com\/de\/wp-json\/wp\/v2\/users\/2"}],"replies":[{"embeddable":true,"href":"https:\/\/www.ethifinance.com\/de\/wp-json\/wp\/v2\/comments?post=46829"}],"version-history":[{"count":1,"href":"https:\/\/www.ethifinance.com\/de\/wp-json\/wp\/v2\/pages\/46829\/revisions"}],"predecessor-version":[{"id":46830,"href":"https:\/\/www.ethifinance.com\/de\/wp-json\/wp\/v2\/pages\/46829\/revisions\/46830"}],"wp:featuredmedia":[{"embeddable":true,"href":"https:\/\/www.ethifinance.com\/de\/wp-json\/wp\/v2\/media\/36001"}],"wp:attachment":[{"href":"https:\/\/www.ethifinance.com\/de\/wp-json\/wp\/v2\/media?parent=46829"}],"curies":[{"name":"wp","href":"https:\/\/api.w.org\/{rel}","templated":true}]}}