{"id":48615,"date":"2026-03-10T09:24:03","date_gmt":"2026-03-10T08:24:03","guid":{"rendered":"https:\/\/www.ethifinance.com\/demander-un-demo\/"},"modified":"2026-04-15T17:50:07","modified_gmt":"2026-04-15T15:50:07","slug":"kontaktieren","status":"publish","type":"page","link":"https:\/\/www.ethifinance.com\/de\/kontaktieren\/","title":{"rendered":"Demo anfordern"},"content":{"rendered":"\t\t<div data-elementor-type=\"wp-page\" data-elementor-id=\"48615\" class=\"elementor elementor-48615 elementor-47340\" data-elementor-post-type=\"page\">\n\t\t\t\t<div class=\"elementor-element elementor-element-58df39b e-con-full e-flex e-con e-parent\" data-id=\"58df39b\" data-element_type=\"container\" data-e-type=\"container\" data-settings=\"{&quot;background_background&quot;:&quot;classic&quot;}\">\n\t\t<div class=\"elementor-element elementor-element-fe8a567 e-flex e-con-boxed e-con e-child\" data-id=\"fe8a567\" data-element_type=\"container\" data-e-type=\"container\">\n\t\t\t\t\t<div class=\"e-con-inner\">\n\t\t<div class=\"elementor-element elementor-element-9086234 e-con-full e-flex elementor-invisible e-con e-child\" data-id=\"9086234\" data-element_type=\"container\" data-e-type=\"container\" data-settings=\"{&quot;animation&quot;:&quot;fadeIn&quot;}\">\n\t\t\t\t<div class=\"elementor-element elementor-element-5bcffc9 elementor-widget elementor-widget-html\" data-id=\"5bcffc9\" data-element_type=\"widget\" data-e-type=\"widget\" data-widget_type=\"html.default\">\n\t\t\t\t<div class=\"elementor-widget-container\">\n\t\t\t\t\t<script src=\"https:\/\/ethifinance.my.site.com\/lp\/assets\/scripts\/external-forms-host.min.js\"><\/script>\r\n<script src=\"https:\/\/ethifinance.my.site.com\/lp\/assets\/lightning_out_embed\/prod\/fr\/MCRFJA2XXAZVBNXKHQ5DWSUMQQFI.js\" onload=\"window.sfdc_forms?sfdc_forms.init():window.sfdc_forms={loReady:!0}\"><\/script>\r\n<!-- This tag contains the form. Add it to your page where you want the form to be located. -->\r\n<fragment-z4vjav7rtctw2tbrbx9bwusk2r213h5ezba9eiy1qh5 title=\"Marketing Form\" id=\"container\" data-recaptcha-site-key=\"\" data-web-tracking=\"true\" data-external-form=\"true\"><\/fragment-z4vjav7rtctw2tbrbx9bwusk2r213h5ezba9eiy1qh5>\r\n\t\t\t\t<\/div>\n\t\t\t\t<\/div>\n\t\t\t\t<\/div>\n\t\t<div class=\"elementor-element elementor-element-7d3344c e-con-full e-flex e-con e-child\" data-id=\"7d3344c\" data-element_type=\"container\" data-e-type=\"container\">\n\t\t\t\t<div class=\"elementor-element elementor-element-d70a3e4 elementor-widget elementor-widget-heading\" data-id=\"d70a3e4\" data-element_type=\"widget\" data-e-type=\"widget\" data-settings=\"{&quot;_animation&quot;:&quot;none&quot;,&quot;_animation_laptop&quot;:&quot;none&quot;,&quot;_animation_delay&quot;:200}\" data-widget_type=\"heading.default\">\n\t\t\t\t<div class=\"elementor-widget-container\">\n\t\t\t\t\t<h1 class=\"elementor-heading-title elementor-size-default\">Verl\u00e4ssliche ESG- und Kreditdaten f\u00fcr fundierte Entscheidungen.<\/h1>\t\t\t\t<\/div>\n\t\t\t\t<\/div>\n\t\t\t\t<div class=\"elementor-element elementor-element-ced7180 elementor-widget__width-initial elementor-widget-laptop__width-initial elementor-widget elementor-widget-heading\" data-id=\"ced7180\" data-element_type=\"widget\" data-e-type=\"widget\" data-settings=\"{&quot;_animation&quot;:&quot;none&quot;,&quot;_animation_laptop&quot;:&quot;none&quot;,&quot;_animation_delay&quot;:400}\" data-widget_type=\"heading.default\">\n\t\t\t\t<div class=\"elementor-widget-container\">\n\t\t\t\t\t<h3 class=\"elementor-heading-title elementor-size-default\">Greifen Sie auf eine unabh\u00e4ngige, fachkundige und umsetzbare Analyse zu, die auf Ihre gesch\u00e4ftlichen Anforderungen zugeschnitten ist.<\/h3>\t\t\t\t<\/div>\n\t\t\t\t<\/div>\n\t\t\t\t<div class=\"elementor-element elementor-element-00d45b6 elementor-icon-list--layout-traditional elementor-list-item-link-full_width elementor-widget elementor-widget-icon-list\" data-id=\"00d45b6\" data-element_type=\"widget\" data-e-type=\"widget\" data-settings=\"{&quot;_animation_laptop&quot;:&quot;none&quot;}\" data-widget_type=\"icon-list.default\">\n\t\t\t\t<div class=\"elementor-widget-container\">\n\t\t\t\t\t\t\t<ul class=\"elementor-icon-list-items\">\n\t\t\t\t\t\t\t<li class=\"elementor-icon-list-item\">\n\t\t\t\t\t\t\t\t\t\t\t<span class=\"elementor-icon-list-icon\">\n\t\t\t\t\t\t\t<svg aria-hidden=\"true\" class=\"e-font-icon-svg e-fas-check\" viewBox=\"0 0 512 512\" xmlns=\"http:\/\/www.w3.org\/2000\/svg\"><path d=\"M173.898 439.404l-166.4-166.4c-9.997-9.997-9.997-26.206 0-36.204l36.203-36.204c9.997-9.998 26.207-9.998 36.204 0L192 312.69 432.095 72.596c9.997-9.997 26.207-9.997 36.204 0l36.203 36.204c9.997 9.997 9.997 26.206 0 36.204l-294.4 294.401c-9.998 9.997-26.207 9.997-36.204-.001z\"><\/path><\/svg>\t\t\t\t\t\t<\/span>\n\t\t\t\t\t\t\t\t\t\t<span class=\"elementor-icon-list-text\">ESG &amp; Kredit: Eine integrierte Sicht auf Finanzen und Nachhaltigkeit.<br><\/span>\n\t\t\t\t\t\t\t\t\t<\/li>\n\t\t\t\t\t\t\t\t<li class=\"elementor-icon-list-item\">\n\t\t\t\t\t\t\t\t\t\t\t<span class=\"elementor-icon-list-icon\">\n\t\t\t\t\t\t\t<svg aria-hidden=\"true\" class=\"e-font-icon-svg e-fas-check\" viewBox=\"0 0 512 512\" xmlns=\"http:\/\/www.w3.org\/2000\/svg\"><path d=\"M173.898 439.404l-166.4-166.4c-9.997-9.997-9.997-26.206 0-36.204l36.203-36.204c9.997-9.998 26.207-9.998 36.204 0L192 312.69 432.095 72.596c9.997-9.997 26.207-9.997 36.204 0l36.203 36.204c9.997 9.997 9.997 26.206 0 36.204l-294.4 294.401c-9.998 9.997-26.207 9.997-36.204-.001z\"><\/path><\/svg>\t\t\t\t\t\t<\/span>\n\t\t\t\t\t\t\t\t\t\t<span class=\"elementor-icon-list-text\">Der Mensch im Mittelpunkt: Engagierte Experten an Ihrer Seite.<br><\/span>\n\t\t\t\t\t\t\t\t\t<\/li>\n\t\t\t\t\t\t\t\t<li class=\"elementor-icon-list-item\">\n\t\t\t\t\t\t\t\t\t\t\t<span class=\"elementor-icon-list-icon\">\n\t\t\t\t\t\t\t<svg aria-hidden=\"true\" class=\"e-font-icon-svg e-fas-check\" viewBox=\"0 0 512 512\" xmlns=\"http:\/\/www.w3.org\/2000\/svg\"><path d=\"M173.898 439.404l-166.4-166.4c-9.997-9.997-9.997-26.206 0-36.204l36.203-36.204c9.997-9.998 26.207-9.998 36.204 0L192 312.69 432.095 72.596c9.997-9.997 26.207-9.997 36.204 0l36.203 36.204c9.997 9.997 9.997 26.206 0 36.204l-294.4 294.401c-9.998 9.997-26.207 9.997-36.204-.001z\"><\/path><\/svg>\t\t\t\t\t\t<\/span>\n\t\t\t\t\t\t\t\t\t\t<span class=\"elementor-icon-list-text\">Made in Europe: Gew\u00e4hrleistung von Souver\u00e4nit\u00e4t und einem tiefen Verst\u00e4ndnis lokaler Besonderheiten.<\/span>\n\t\t\t\t\t\t\t\t\t<\/li>\n\t\t\t\t\t\t<\/ul>\n\t\t\t\t\t\t<\/div>\n\t\t\t\t<\/div>\n\t\t<div class=\"elementor-element elementor-element-10cb3d4 e-con-full e-flex e-con e-child\" data-id=\"10cb3d4\" data-element_type=\"container\" data-e-type=\"container\">\n\t\t\t\t<div class=\"elementor-element elementor-element-0fc2bfd elementor-widget elementor-widget-image\" data-id=\"0fc2bfd\" data-element_type=\"widget\" data-e-type=\"widget\" data-widget_type=\"image.default\">\n\t\t\t\t<div class=\"elementor-widget-container\">\n\t\t\t\t\t\t\t\t\t\t\t\t\t\t\t<img fetchpriority=\"high\" decoding=\"async\" width=\"768\" height=\"512\" src=\"https:\/\/www.ethifinance.com\/wp-content\/uploads\/2024\/06\/ETHIFIANCE-PRO-31-768x512.jpg\" class=\"attachment-medium_large size-medium_large wp-image-36881\" alt=\"\" srcset=\"https:\/\/www.ethifinance.com\/wp-content\/uploads\/2024\/06\/ETHIFIANCE-PRO-31-768x512.jpg 768w, https:\/\/www.ethifinance.com\/wp-content\/uploads\/2024\/06\/ETHIFIANCE-PRO-31-300x200.jpg 300w, https:\/\/www.ethifinance.com\/wp-content\/uploads\/2024\/06\/ETHIFIANCE-PRO-31-1024x683.jpg 1024w, https:\/\/www.ethifinance.com\/wp-content\/uploads\/2024\/06\/ETHIFIANCE-PRO-31-1536x1025.jpg 1536w, https:\/\/www.ethifinance.com\/wp-content\/uploads\/2024\/06\/ETHIFIANCE-PRO-31-18x12.jpg 18w, https:\/\/www.ethifinance.com\/wp-content\/uploads\/2024\/06\/ETHIFIANCE-PRO-31.jpg 1619w\" sizes=\"(max-width: 768px) 100vw, 768px\" \/>\t\t\t\t\t\t\t\t\t\t\t\t\t\t\t<\/div>\n\t\t\t\t<\/div>\n\t\t\t\t<\/div>\n\t\t\t\t<\/div>\n\t\t\t\t\t<\/div>\n\t\t\t\t<\/div>\n\t\t\t\t<\/div>\n\t\t<div class=\"elementor-element elementor-element-2673516 e-con-full e-flex e-con e-parent\" data-id=\"2673516\" data-element_type=\"container\" data-e-type=\"container\" data-settings=\"{&quot;background_background&quot;:&quot;classic&quot;}\">\n\t\t<div class=\"elementor-element elementor-element-adbfb7c e-con-full e-flex e-con e-child\" data-id=\"adbfb7c\" data-element_type=\"container\" data-e-type=\"container\">\n\t\t\t\t<div class=\"elementor-element elementor-element-f3fc671 my_testimonial_slider elementor-widget elementor-widget-image-carousel\" data-id=\"f3fc671\" data-element_type=\"widget\" data-e-type=\"widget\" data-settings=\"{&quot;navigation&quot;:&quot;none&quot;,&quot;autoplay_speed&quot;:0,&quot;speed&quot;:4000,&quot;slides_to_show&quot;:&quot;6&quot;,&quot;slides_to_show_mobile&quot;:&quot;3&quot;,&quot;image_spacing_custom_mobile&quot;:{&quot;unit&quot;:&quot;px&quot;,&quot;size&quot;:46,&quot;sizes&quot;:[]},&quot;image_spacing_custom&quot;:{&quot;unit&quot;:&quot;px&quot;,&quot;size&quot;:55,&quot;sizes&quot;:[]},&quot;autoplay&quot;:&quot;yes&quot;,&quot;infinite&quot;:&quot;yes&quot;,&quot;image_spacing_custom_laptop&quot;:{&quot;unit&quot;:&quot;px&quot;,&quot;size&quot;:&quot;&quot;,&quot;sizes&quot;:[]},&quot;image_spacing_custom_tablet&quot;:{&quot;unit&quot;:&quot;px&quot;,&quot;size&quot;:&quot;&quot;,&quot;sizes&quot;:[]}}\" data-widget_type=\"image-carousel.default\">\n\t\t\t\t<div class=\"elementor-widget-container\">\n\t\t\t\t\t\t\t<div class=\"elementor-image-carousel-wrapper swiper\" role=\"region\" aria-roledescription=\"carousel\" aria-label=\"Image Carousel\" dir=\"ltr\">\n\t\t\t<div class=\"elementor-image-carousel swiper-wrapper\" aria-live=\"off\">\n\t\t\t\t\t\t\t\t<div class=\"swiper-slide\" role=\"group\" aria-roledescription=\"slide\" aria-label=\"1 von 11\"><figure class=\"swiper-slide-inner\"><img decoding=\"async\" class=\"swiper-slide-image\" src=\"https:\/\/www.ethifinance.com\/wp-content\/uploads\/elementor\/thumbs\/Imocom-Partners-ribcqj8o4gzada1fv70gtbflzfhsdzgca6zqozuhvq.jpg\" alt=\"Imocom Partners\" \/><\/figure><\/div><div class=\"swiper-slide\" role=\"group\" aria-roledescription=\"slide\" aria-label=\"2 von 11\"><figure class=\"swiper-slide-inner\"><img decoding=\"async\" class=\"swiper-slide-image\" src=\"https:\/\/www.ethifinance.com\/wp-content\/uploads\/elementor\/thumbs\/logo-elige_rouge-ribcs5inw772d3osew7c3wq6tbijn7vp67fug5g3ae.png\" alt=\"logo elige_rouge\" \/><\/figure><\/div><div class=\"swiper-slide\" role=\"group\" aria-roledescription=\"slide\" aria-label=\"3 von 11\"><figure class=\"swiper-slide-inner\"><img decoding=\"async\" class=\"swiper-slide-image\" src=\"https:\/\/www.ethifinance.com\/wp-content\/uploads\/elementor\/thumbs\/Logo-HI-Capital-ribcqn00vt4fnpvz98mz3ahgcyz98rv9mplom3oxqk.png\" alt=\"Logo HI Capital\" \/><\/figure><\/div><div class=\"swiper-slide\" role=\"group\" aria-roledescription=\"slide\" aria-label=\"4 von 11\"><figure class=\"swiper-slide-inner\"><img decoding=\"async\" class=\"swiper-slide-image\" src=\"https:\/\/www.ethifinance.com\/wp-content\/uploads\/elementor\/thumbs\/Logo-IdiCo-ribcqn00vt4fnpvz98mz3ahgcyz98rv9mplom3oxqk.jpg\" alt=\"Logo IdiCo\" \/><\/figure><\/div><div class=\"swiper-slide\" role=\"group\" aria-roledescription=\"slide\" aria-label=\"5 von 11\"><figure class=\"swiper-slide-inner\"><img decoding=\"async\" class=\"swiper-slide-image\" src=\"https:\/\/www.ethifinance.com\/wp-content\/uploads\/elementor\/thumbs\/Logo_seroba_vecto-ribcsvu57k73e6mk57kw1q33g3wtmqs6ltpfvwd28y.png\" alt=\"Logo_seroba_vecto\" \/><\/figure><\/div><div class=\"swiper-slide\" role=\"group\" aria-roledescription=\"slide\" aria-label=\"6 von 11\"><figure class=\"swiper-slide-inner\"><img decoding=\"async\" class=\"swiper-slide-image\" src=\"https:\/\/www.ethifinance.com\/wp-content\/uploads\/elementor\/thumbs\/MATACAPITAL_LOGOTYPE_RVB_EXPERT_GREEN-ribcql4ci51v0hypk7tpyayj678itdnsygapnjrpk4.png\" alt=\"MATACAPITAL_LOGOTYPE_RVB_EXPERT_GREEN\" \/><\/figure><\/div><div class=\"swiper-slide\" role=\"group\" aria-roledescription=\"slide\" aria-label=\"7 von 11\"><figure class=\"swiper-slide-inner\"><img decoding=\"async\" class=\"swiper-slide-image\" src=\"https:\/\/www.ethifinance.com\/wp-content\/uploads\/elementor\/thumbs\/Arkea-BEI-ribcplehafoyrbelcsdwbjz0lk4kovq05ji9f18on6.jpg\" alt=\"Ark\u00e9a BEI\" \/><\/figure><\/div><div class=\"swiper-slide\" role=\"group\" aria-roledescription=\"slide\" aria-label=\"8 von 11\"><figure class=\"swiper-slide-inner\"><img decoding=\"async\" class=\"swiper-slide-image\" src=\"https:\/\/www.ethifinance.com\/wp-content\/uploads\/elementor\/thumbs\/fiducial_gerance-ribcs3mzij4hpvripve2yx79mjrt7to8hy4vhlivos.jpeg\" alt=\"fiducial_gerance\" \/><\/figure><\/div><div class=\"swiper-slide\" role=\"group\" aria-roledescription=\"slide\" aria-label=\"9 von 11\"><figure class=\"swiper-slide-inner\"><img decoding=\"async\" class=\"swiper-slide-image\" src=\"https:\/\/www.ethifinance.com\/wp-content\/uploads\/elementor\/thumbs\/crystal-groupe-logo-BLUE-01-ribcrscx8ip1uk7wjqik501qhxbengfggeb1q9zlf8.png\" alt=\"crystal groupe logo BLUE-01\" \/><\/figure><\/div><div class=\"swiper-slide\" role=\"group\" aria-roledescription=\"slide\" aria-label=\"10 von 11\"><figure class=\"swiper-slide-inner\"><img decoding=\"async\" class=\"swiper-slide-image\" src=\"https:\/\/www.ethifinance.com\/wp-content\/uploads\/elementor\/thumbs\/Acatis-700x500-1-ribcui44zaeve09wowrrcbdo9zxkvz7jhu5jn1ynws.png\" alt=\"Acatis-700x500-1\" \/><\/figure><\/div><div class=\"swiper-slide\" role=\"group\" aria-roledescription=\"slide\" aria-label=\"11 von 11\"><figure class=\"swiper-slide-inner\"><img decoding=\"async\" class=\"swiper-slide-image\" src=\"https:\/\/www.ethifinance.com\/wp-content\/uploads\/elementor\/thumbs\/STC_Logo_Eng_Horiz_ColPos_RGB-1-ribcui44zaeve09wowrrcbdo9zxkvz7jhu5jn1yniw.png\" alt=\"STC_Logo_Eng_Horiz_ColPos_RGB (1)\" \/><\/figure><\/div>\t\t\t<\/div>\n\t\t\t\t\t\t\t\n\t\t\t\t\t\t\t\t\t<\/div>\n\t\t\t\t\t\t<\/div>\n\t\t\t\t<\/div>\n\t\t\t\t<\/div>\n\t\t\t\t<\/div>\n\t\t\t\t<\/div>\n\t\t","protected":false},"excerpt":{"rendered":"<p>Verl\u00e4ssliche ESG- und Kreditdaten f\u00fcr fundierte Entscheidungen. Greifen Sie auf eine unabh\u00e4ngige, fachkundige und umsetzbare Analyse zu, die auf Ihre gesch\u00e4ftlichen Anforderungen zugeschnitten ist. ESG &amp; Kredit: Eine integrierte Sicht auf Finanzen und Nachhaltigkeit. Der Mensch im Mittelpunkt: Engagierte Experten an Ihrer Seite. Made in Europe: Gew\u00e4hrleistung von Souver\u00e4nit\u00e4t und einem tiefen Verst\u00e4ndnis lokaler Besonderheiten.<\/p>\n","protected":false},"author":2,"featured_media":0,"parent":0,"menu_order":0,"comment_status":"closed","ping_status":"closed","template":"","meta":{"_acf_changed":false,"footnotes":""},"class_list":["post-48615","page","type-page","status-publish","hentry"],"acf":[],"yoast_head":"<!-- This site is optimized with the Yoast SEO plugin v27.5 - https:\/\/yoast.com\/product\/yoast-seo-wordpress\/ -->\n<title>ESG Kreditagentur<\/title>\n<meta name=\"description\" content=\"Unabh\u00e4ngige ESG Kreditagentur mit zuverl\u00e4ssigen Analysen f\u00fcr Banken, Investoren und Emittenten zur Unterst\u00fctzung nachhaltiger Entscheidungen.\" \/>\n<meta name=\"robots\" content=\"index, follow, max-snippet:-1, max-image-preview:large, max-video-preview:-1\" \/>\n<link rel=\"canonical\" href=\"https:\/\/www.ethifinance.com\/de\/kontaktieren\/\" \/>\n<meta property=\"og:locale\" content=\"de_DE\" \/>\n<meta property=\"og:type\" content=\"article\" \/>\n<meta property=\"og:title\" content=\"ESG Kreditagentur\" \/>\n<meta property=\"og:description\" content=\"Unabh\u00e4ngige ESG Kreditagentur mit zuverl\u00e4ssigen Analysen f\u00fcr Banken, Investoren und Emittenten zur Unterst\u00fctzung nachhaltiger Entscheidungen.\" \/>\n<meta property=\"og:url\" content=\"https:\/\/www.ethifinance.com\/de\/kontaktieren\/\" \/>\n<meta property=\"og:site_name\" content=\"EthiFinance\" \/>\n<meta property=\"article:modified_time\" content=\"2026-04-15T15:50:07+00:00\" \/>\n<meta property=\"og:image\" content=\"https:\/\/www.ethifinance.com\/wp-content\/uploads\/2024\/06\/ETHIFIANCE-PRO-31.jpg\" \/>\n\t<meta property=\"og:image:width\" content=\"1619\" \/>\n\t<meta property=\"og:image:height\" content=\"1080\" \/>\n\t<meta property=\"og:image:type\" content=\"image\/jpeg\" \/>\n<meta name=\"twitter:card\" content=\"summary_large_image\" \/>\n<meta name=\"twitter:label1\" content=\"Gesch\u00e4tzte Lesezeit\" \/>\n\t<meta name=\"twitter:data1\" content=\"6\u00a0Minuten\" \/>\n<script type=\"application\/ld+json\" class=\"yoast-schema-graph\">{\"@context\":\"https:\\\/\\\/schema.org\",\"@graph\":[{\"@type\":\"WebPage\",\"@id\":\"https:\\\/\\\/www.ethifinance.com\\\/de\\\/kontaktieren\\\/\",\"url\":\"https:\\\/\\\/www.ethifinance.com\\\/de\\\/kontaktieren\\\/\",\"name\":\"ESG Kreditagentur\",\"isPartOf\":{\"@id\":\"https:\\\/\\\/www.ethifinance.com\\\/de\\\/#website\"},\"primaryImageOfPage\":{\"@id\":\"https:\\\/\\\/www.ethifinance.com\\\/de\\\/kontaktieren\\\/#primaryimage\"},\"image\":{\"@id\":\"https:\\\/\\\/www.ethifinance.com\\\/de\\\/kontaktieren\\\/#primaryimage\"},\"thumbnailUrl\":\"https:\\\/\\\/www.ethifinance.com\\\/wp-content\\\/uploads\\\/2024\\\/06\\\/ETHIFIANCE-PRO-31-768x512.jpg\",\"datePublished\":\"2026-03-10T08:24:03+00:00\",\"dateModified\":\"2026-04-15T15:50:07+00:00\",\"description\":\"Unabh\u00e4ngige ESG Kreditagentur mit zuverl\u00e4ssigen Analysen f\u00fcr Banken, Investoren und Emittenten zur Unterst\u00fctzung nachhaltiger Entscheidungen.\",\"breadcrumb\":{\"@id\":\"https:\\\/\\\/www.ethifinance.com\\\/de\\\/kontaktieren\\\/#breadcrumb\"},\"inLanguage\":\"de\",\"potentialAction\":[{\"@type\":\"ReadAction\",\"target\":[\"https:\\\/\\\/www.ethifinance.com\\\/de\\\/kontaktieren\\\/\"]}]},{\"@type\":\"ImageObject\",\"inLanguage\":\"de\",\"@id\":\"https:\\\/\\\/www.ethifinance.com\\\/de\\\/kontaktieren\\\/#primaryimage\",\"url\":\"https:\\\/\\\/www.ethifinance.com\\\/wp-content\\\/uploads\\\/2024\\\/06\\\/ETHIFIANCE-PRO-31-768x512.jpg\",\"contentUrl\":\"https:\\\/\\\/www.ethifinance.com\\\/wp-content\\\/uploads\\\/2024\\\/06\\\/ETHIFIANCE-PRO-31-768x512.jpg\"},{\"@type\":\"BreadcrumbList\",\"@id\":\"https:\\\/\\\/www.ethifinance.com\\\/de\\\/kontaktieren\\\/#breadcrumb\",\"itemListElement\":[{\"@type\":\"ListItem\",\"position\":1,\"name\":\"Accueil\",\"item\":\"https:\\\/\\\/www.ethifinance.com\\\/de\\\/\"},{\"@type\":\"ListItem\",\"position\":2,\"name\":\"Demo anfordern\"}]},{\"@type\":\"WebSite\",\"@id\":\"https:\\\/\\\/www.ethifinance.com\\\/de\\\/#website\",\"url\":\"https:\\\/\\\/www.ethifinance.com\\\/de\\\/\",\"name\":\"Ethifinance\",\"description\":\"\",\"publisher\":{\"@id\":\"https:\\\/\\\/www.ethifinance.com\\\/de\\\/#organization\"},\"potentialAction\":[{\"@type\":\"SearchAction\",\"target\":{\"@type\":\"EntryPoint\",\"urlTemplate\":\"https:\\\/\\\/www.ethifinance.com\\\/de\\\/?s={search_term_string}\"},\"query-input\":{\"@type\":\"PropertyValueSpecification\",\"valueRequired\":true,\"valueName\":\"search_term_string\"}}],\"inLanguage\":\"de\"},{\"@type\":\"Organization\",\"@id\":\"https:\\\/\\\/www.ethifinance.com\\\/de\\\/#organization\",\"name\":\"Ethifinance\",\"url\":\"https:\\\/\\\/www.ethifinance.com\\\/de\\\/\",\"logo\":{\"@type\":\"ImageObject\",\"inLanguage\":\"de\",\"@id\":\"https:\\\/\\\/www.ethifinance.com\\\/de\\\/#\\\/schema\\\/logo\\\/image\\\/\",\"url\":\"https:\\\/\\\/www.ethifinance.com\\\/wp-content\\\/uploads\\\/2024\\\/05\\\/Logo_simplified_green_by_altay-01-01.png\",\"contentUrl\":\"https:\\\/\\\/www.ethifinance.com\\\/wp-content\\\/uploads\\\/2024\\\/05\\\/Logo_simplified_green_by_altay-01-01.png\",\"width\":433,\"height\":74,\"caption\":\"Ethifinance\"},\"image\":{\"@id\":\"https:\\\/\\\/www.ethifinance.com\\\/de\\\/#\\\/schema\\\/logo\\\/image\\\/\"},\"sameAs\":[\"https:\\\/\\\/www.linkedin.com\\\/company\\\/ethifinance\\\/\",\"https:\\\/\\\/www.youtube.com\\\/@ethifinance_EU\"]}]}<\/script>\n<!-- \/ Yoast SEO plugin. -->","yoast_head_json":{"title":"ESG Kreditagentur","description":"Unabh\u00e4ngige ESG Kreditagentur mit zuverl\u00e4ssigen Analysen f\u00fcr Banken, Investoren und Emittenten zur Unterst\u00fctzung nachhaltiger Entscheidungen.","robots":{"index":"index","follow":"follow","max-snippet":"max-snippet:-1","max-image-preview":"max-image-preview:large","max-video-preview":"max-video-preview:-1"},"canonical":"https:\/\/www.ethifinance.com\/de\/kontaktieren\/","og_locale":"de_DE","og_type":"article","og_title":"ESG Kreditagentur","og_description":"Unabh\u00e4ngige ESG Kreditagentur mit zuverl\u00e4ssigen Analysen f\u00fcr Banken, Investoren und Emittenten zur Unterst\u00fctzung nachhaltiger Entscheidungen.","og_url":"https:\/\/www.ethifinance.com\/de\/kontaktieren\/","og_site_name":"EthiFinance","article_modified_time":"2026-04-15T15:50:07+00:00","og_image":[{"width":1619,"height":1080,"url":"https:\/\/www.ethifinance.com\/wp-content\/uploads\/2024\/06\/ETHIFIANCE-PRO-31.jpg","type":"image\/jpeg"}],"twitter_card":"summary_large_image","twitter_misc":{"Gesch\u00e4tzte Lesezeit":"6\u00a0Minuten"},"schema":{"@context":"https:\/\/schema.org","@graph":[{"@type":"WebPage","@id":"https:\/\/www.ethifinance.com\/de\/kontaktieren\/","url":"https:\/\/www.ethifinance.com\/de\/kontaktieren\/","name":"ESG Kreditagentur","isPartOf":{"@id":"https:\/\/www.ethifinance.com\/de\/#website"},"primaryImageOfPage":{"@id":"https:\/\/www.ethifinance.com\/de\/kontaktieren\/#primaryimage"},"image":{"@id":"https:\/\/www.ethifinance.com\/de\/kontaktieren\/#primaryimage"},"thumbnailUrl":"https:\/\/www.ethifinance.com\/wp-content\/uploads\/2024\/06\/ETHIFIANCE-PRO-31-768x512.jpg","datePublished":"2026-03-10T08:24:03+00:00","dateModified":"2026-04-15T15:50:07+00:00","description":"Unabh\u00e4ngige ESG Kreditagentur mit zuverl\u00e4ssigen Analysen f\u00fcr Banken, Investoren und Emittenten zur Unterst\u00fctzung nachhaltiger Entscheidungen.","breadcrumb":{"@id":"https:\/\/www.ethifinance.com\/de\/kontaktieren\/#breadcrumb"},"inLanguage":"de","potentialAction":[{"@type":"ReadAction","target":["https:\/\/www.ethifinance.com\/de\/kontaktieren\/"]}]},{"@type":"ImageObject","inLanguage":"de","@id":"https:\/\/www.ethifinance.com\/de\/kontaktieren\/#primaryimage","url":"https:\/\/www.ethifinance.com\/wp-content\/uploads\/2024\/06\/ETHIFIANCE-PRO-31-768x512.jpg","contentUrl":"https:\/\/www.ethifinance.com\/wp-content\/uploads\/2024\/06\/ETHIFIANCE-PRO-31-768x512.jpg"},{"@type":"BreadcrumbList","@id":"https:\/\/www.ethifinance.com\/de\/kontaktieren\/#breadcrumb","itemListElement":[{"@type":"ListItem","position":1,"name":"Accueil","item":"https:\/\/www.ethifinance.com\/de\/"},{"@type":"ListItem","position":2,"name":"Demo anfordern"}]},{"@type":"WebSite","@id":"https:\/\/www.ethifinance.com\/de\/#website","url":"https:\/\/www.ethifinance.com\/de\/","name":"Ethifinance","description":"","publisher":{"@id":"https:\/\/www.ethifinance.com\/de\/#organization"},"potentialAction":[{"@type":"SearchAction","target":{"@type":"EntryPoint","urlTemplate":"https:\/\/www.ethifinance.com\/de\/?s={search_term_string}"},"query-input":{"@type":"PropertyValueSpecification","valueRequired":true,"valueName":"search_term_string"}}],"inLanguage":"de"},{"@type":"Organization","@id":"https:\/\/www.ethifinance.com\/de\/#organization","name":"Ethifinance","url":"https:\/\/www.ethifinance.com\/de\/","logo":{"@type":"ImageObject","inLanguage":"de","@id":"https:\/\/www.ethifinance.com\/de\/#\/schema\/logo\/image\/","url":"https:\/\/www.ethifinance.com\/wp-content\/uploads\/2024\/05\/Logo_simplified_green_by_altay-01-01.png","contentUrl":"https:\/\/www.ethifinance.com\/wp-content\/uploads\/2024\/05\/Logo_simplified_green_by_altay-01-01.png","width":433,"height":74,"caption":"Ethifinance"},"image":{"@id":"https:\/\/www.ethifinance.com\/de\/#\/schema\/logo\/image\/"},"sameAs":["https:\/\/www.linkedin.com\/company\/ethifinance\/","https:\/\/www.youtube.com\/@ethifinance_EU"]}]}},"_links":{"self":[{"href":"https:\/\/www.ethifinance.com\/de\/wp-json\/wp\/v2\/pages\/48615","targetHints":{"allow":["GET"]}}],"collection":[{"href":"https:\/\/www.ethifinance.com\/de\/wp-json\/wp\/v2\/pages"}],"about":[{"href":"https:\/\/www.ethifinance.com\/de\/wp-json\/wp\/v2\/types\/page"}],"author":[{"embeddable":true,"href":"https:\/\/www.ethifinance.com\/de\/wp-json\/wp\/v2\/users\/2"}],"replies":[{"embeddable":true,"href":"https:\/\/www.ethifinance.com\/de\/wp-json\/wp\/v2\/comments?post=48615"}],"version-history":[{"count":22,"href":"https:\/\/www.ethifinance.com\/de\/wp-json\/wp\/v2\/pages\/48615\/revisions"}],"predecessor-version":[{"id":49484,"href":"https:\/\/www.ethifinance.com\/de\/wp-json\/wp\/v2\/pages\/48615\/revisions\/49484"}],"wp:attachment":[{"href":"https:\/\/www.ethifinance.com\/de\/wp-json\/wp\/v2\/media?parent=48615"}],"curies":[{"name":"wp","href":"https:\/\/api.w.org\/{rel}","templated":true}]}}