{"id":37388,"date":"2024-05-28T12:56:06","date_gmt":"2024-05-28T10:56:06","guid":{"rendered":"https:\/\/prod.altaydagistan.com\/productos-y-servicios\/"},"modified":"2026-04-14T11:55:12","modified_gmt":"2026-04-14T09:55:12","slug":"productos-y-servicios","status":"publish","type":"page","link":"https:\/\/www.ethifinance.com\/es\/productos-y-servicios\/","title":{"rendered":"Productos y servicios"},"content":{"rendered":"\t\t<div data-elementor-type=\"wp-page\" data-elementor-id=\"37388\" class=\"elementor elementor-37388 elementor-30240\" data-elementor-post-type=\"page\">\n\t\t\t\t<div class=\"elementor-element elementor-element-ad50a94 e-flex e-con-boxed e-con e-parent\" data-id=\"ad50a94\" data-element_type=\"container\" data-e-type=\"container\">\n\t\t\t\t\t<div class=\"e-con-inner\">\n\t\t\t\t<div class=\"elementor-element elementor-element-0528d28 elementor-widget elementor-widget-shortcode\" data-id=\"0528d28\" data-element_type=\"widget\" data-e-type=\"widget\" data-widget_type=\"shortcode.default\">\n\t\t\t\t<div class=\"elementor-widget-container\">\n\t\t\t\t\t\t\t<div class=\"elementor-shortcode\">\t\t<div data-elementor-type=\"container\" data-elementor-id=\"37684\" class=\"elementor elementor-37684 elementor-29413\" data-elementor-post-type=\"elementor_library\">\n\t\t\t\t<div class=\"elementor-element elementor-element-7d4c768a e-con-full e-flex e-con e-parent\" data-id=\"7d4c768a\" data-element_type=\"container\" data-e-type=\"container\" data-settings=\"{&quot;background_background&quot;:&quot;classic&quot;}\">\n\t\t<div class=\"elementor-element elementor-element-e9a1c69 e-flex e-con-boxed e-con e-child\" data-id=\"e9a1c69\" data-element_type=\"container\" data-e-type=\"container\">\n\t\t\t\t\t<div class=\"e-con-inner\">\n\t\t\t\t<div class=\"elementor-element elementor-element-7cde6404 elementor-widget__width-initial elementor-widget elementor-widget-text-editor\" data-id=\"7cde6404\" data-element_type=\"widget\" data-e-type=\"widget\" data-widget_type=\"text-editor.default\">\n\t\t\t\t<div class=\"elementor-widget-container\">\n\t\t\t\t\t\t\t\t\tNuestros productos anal\u00edticos cubren diferentes necesidades, y tienen diferentes valores regulatorios\t\t\t\t\t\t\t\t<\/div>\n\t\t\t\t<\/div>\n\t\t\t\t\t<\/div>\n\t\t\t\t<\/div>\n\t\t\t\t<\/div>\n\t\t\t\t<\/div>\n\t\t<\/div>\n\t\t\t\t\t\t<\/div>\n\t\t\t\t<\/div>\n\t\t\t\t\t<\/div>\n\t\t\t\t<\/div>\n\t\t<div class=\"elementor-element elementor-element-45bb0126 e-flex e-con-boxed e-con e-parent\" data-id=\"45bb0126\" data-element_type=\"container\" data-e-type=\"container\" data-settings=\"{&quot;background_background&quot;:&quot;classic&quot;}\">\n\t\t\t\t\t<div class=\"e-con-inner\">\n\t\t<div class=\"elementor-element elementor-element-115923c1 e-flex e-con-boxed e-con e-child\" data-id=\"115923c1\" data-element_type=\"container\" data-e-type=\"container\">\n\t\t\t\t\t<div class=\"e-con-inner\">\n\t\t<div class=\"elementor-element elementor-element-7adfd876 e-con-full elementor-hidden-tablet elementor-hidden-mobile e-flex e-con e-child\" data-id=\"7adfd876\" data-element_type=\"container\" data-e-type=\"container\">\n\t\t\t\t<div class=\"elementor-element elementor-element-6d4c7b63 elementor-widget elementor-widget-image\" data-id=\"6d4c7b63\" data-element_type=\"widget\" data-e-type=\"widget\" data-widget_type=\"image.default\">\n\t\t\t\t<div class=\"elementor-widget-container\">\n\t\t\t\t\t\t\t\t\t\t\t\t\t\t\t<img fetchpriority=\"high\" decoding=\"async\" width=\"768\" height=\"987\" src=\"https:\/\/www.ethifinance.com\/wp-content\/uploads\/2024\/06\/four-trees-768x987.jpg\" class=\"attachment-medium_large size-medium_large wp-image-36600\" alt=\"\" srcset=\"https:\/\/www.ethifinance.com\/wp-content\/uploads\/2024\/06\/four-trees-768x987.jpg 768w, https:\/\/www.ethifinance.com\/wp-content\/uploads\/2024\/06\/four-trees-233x300.jpg 233w, https:\/\/www.ethifinance.com\/wp-content\/uploads\/2024\/06\/four-trees-796x1024.jpg 796w, https:\/\/www.ethifinance.com\/wp-content\/uploads\/2024\/06\/four-trees-1195x1536.jpg 1195w, https:\/\/www.ethifinance.com\/wp-content\/uploads\/2024\/06\/four-trees-1593x2048.jpg 1593w, https:\/\/www.ethifinance.com\/wp-content\/uploads\/2024\/06\/four-trees-9x12.jpg 9w, https:\/\/www.ethifinance.com\/wp-content\/uploads\/2024\/06\/four-trees.jpg 1493w\" sizes=\"(max-width: 768px) 100vw, 768px\" \/>\t\t\t\t\t\t\t\t\t\t\t\t\t\t\t<\/div>\n\t\t\t\t<\/div>\n\t\t\t\t<\/div>\n\t\t<div class=\"elementor-element elementor-element-16ef5889 e-con-full e-flex e-con e-child\" data-id=\"16ef5889\" data-element_type=\"container\" data-e-type=\"container\">\n\t\t\t\t<div class=\"elementor-element elementor-element-86df830 elementor-widget elementor-widget-heading\" data-id=\"86df830\" data-element_type=\"widget\" data-e-type=\"widget\" data-widget_type=\"heading.default\">\n\t\t\t\t<div class=\"elementor-widget-container\">\n\t\t\t\t\t<h5 class=\"elementor-heading-title elementor-size-default\">Productos de rating<\/h5>\t\t\t\t<\/div>\n\t\t\t\t<\/div>\n\t\t\t\t<div class=\"elementor-element elementor-element-328a0ea9 elementor-widget elementor-widget-text-editor\" data-id=\"328a0ea9\" data-element_type=\"widget\" data-e-type=\"widget\" data-widget_type=\"text-editor.default\">\n\t\t\t\t<div class=\"elementor-widget-container\">\n\t\t\t\t\t\t\t\t\t<p><span data-contrast=\"none\">Los ratings de cr\u00e9dito reflejan la calidad crediticia de los emisores de deuda (empresas, Estados, instituciones financieras, operaciones de financiaci\u00f3n estructurada&#8230;), es decir, su capacidad para cumplir \u00edntegramente sus obligaciones financieras en los plazos previstos.<\/span><span data-ccp-props=\"{&quot;201341983&quot;:0,&quot;335557856&quot;:16777215,&quot;335559739&quot;:0,&quot;335559740&quot;:279}\">&nbsp;<\/span><\/p>\n<p>Las calificaciones se rigen por metodolog\u00edas transparentes y espec\u00edficas y se comunican utilizando escalas de calificaci\u00f3n espec\u00edficas en funci\u00f3n de si asignamos calificaciones a corto o a largo plazo.<\/p>\n<p><span data-contrast=\"none\">Como agencia de rating registrada, nuestras calificaciones pueden ser p\u00fablicas (y tener un valor reglamentario) o pueden seguir siendo privadas.<\/span><\/p>\n<p><span data-contrast=\"none\"><strong>Clases de activos cubiertos: <\/strong><span class=\"NormalTextRun DraftCommentAnchorIntent DraftCommentTextAnchorIntentHighlight SCXW35278051 BCX0\">Corporates,&nbsp;<\/span><span class=\"NormalTextRun DraftCommentAnchorIntent DraftCommentTextAnchorIntentHighlight SCXW35278051 BCX0\">Project Finance,&nbsp;<\/span><span class=\"NormalTextRun DraftCommentAnchorIntent DraftCommentTextAnchorIntentHighlight SCXW35278051 BCX0\">Financial Institutions,&nbsp;<\/span><span class=\"NormalTextRun DraftCommentAnchorIntent DraftCommentTextAnchorIntentHighlight SCXW35278051 BCX0\">Insurance<\/span><span class=\"NormalTextRun DraftCommentAnchorIntent DraftCommentTextAnchorIntentHighlight SCXW35278051 BCX0\">,&nbsp;<\/span><span class=\"NormalTextRun DraftCommentAnchorIntent DraftCommentTextAnchorIntentHighlight SCXW35278051 BCX0\">Sovereign, Structured Finance.<\/span><\/span><\/p>\t\t\t\t\t\t\t\t<\/div>\n\t\t\t\t<\/div>\n\t\t\t\t<\/div>\n\t\t\t\t\t<\/div>\n\t\t\t\t<\/div>\n\t\t<div class=\"elementor-element elementor-element-731a08ef e-flex e-con-boxed e-con e-child\" data-id=\"731a08ef\" data-element_type=\"container\" data-e-type=\"container\">\n\t\t\t\t\t<div class=\"e-con-inner\">\n\t\t<div class=\"elementor-element elementor-element-16636d4f e-con-full e-flex e-con e-child\" data-id=\"16636d4f\" data-element_type=\"container\" data-e-type=\"container\">\n\t\t\t\t<div class=\"elementor-element elementor-element-4bacc8e elementor-widget elementor-widget-heading\" data-id=\"4bacc8e\" data-element_type=\"widget\" data-e-type=\"widget\" data-widget_type=\"heading.default\">\n\t\t\t\t<div class=\"elementor-widget-container\">\n\t\t\t\t\t<h5 class=\"elementor-heading-title elementor-size-default\">Informes de Solvencia<\/h5>\t\t\t\t<\/div>\n\t\t\t\t<\/div>\n\t\t\t\t<div class=\"elementor-element elementor-element-23770d0b elementor-widget elementor-widget-text-editor\" data-id=\"23770d0b\" data-element_type=\"widget\" data-e-type=\"widget\" data-widget_type=\"text-editor.default\">\n\t\t\t\t<div class=\"elementor-widget-container\">\n\t\t\t\t\t\t\t\t\t<p><span data-contrast=\"none\">Un informe de solvencia eval\u00faa la capacidad de un emisor para cumplir puntualmente sus obligaciones financieras. Como tal, tiene las mismas caracter\u00edsticas que un informe de rating, salvo que el resultado es una opini\u00f3n que contiene una evaluaci\u00f3n de la solvencia del emisor. <\/span><\/p>\t\t\t\t\t\t\t\t<\/div>\n\t\t\t\t<\/div>\n\t\t\t\t<div class=\"elementor-element elementor-element-34cd6b0 elementor-widget elementor-widget-heading\" data-id=\"34cd6b0\" data-element_type=\"widget\" data-e-type=\"widget\" data-widget_type=\"heading.default\">\n\t\t\t\t<div class=\"elementor-widget-container\">\n\t\t\t\t\t<h5 class=\"elementor-heading-title elementor-size-default\">Proxy Rating Privado\n<\/h5>\t\t\t\t<\/div>\n\t\t\t\t<\/div>\n\t\t\t\t<div class=\"elementor-element elementor-element-c112a2a elementor-widget elementor-widget-text-editor\" data-id=\"c112a2a\" data-element_type=\"widget\" data-e-type=\"widget\" data-widget_type=\"text-editor.default\">\n\t\t\t\t<div class=\"elementor-widget-container\">\n\t\t\t\t\t\t\t\t\t<p><span data-contrast=\"auto\">Un proxy rating privado es una evaluaci\u00f3n indicativa de la calidad crediticia de un emisor o instrumento de deuda, basada en el an\u00e1lisis de informaci\u00f3n p\u00fablica o privada facilitada por la parte que inicia la solicitud. El proxy rating se basa en los credit scorecards de rating de EthiFinance Ratings, haciendo hincapi\u00e9 en los factores financieros (debido a la falta de acceso a los factores cualitativos).<\/span><span data-ccp-props=\"{&quot;201341983&quot;:0,&quot;335557856&quot;:16777215,&quot;335559739&quot;:0,&quot;335559740&quot;:279}\">\u00a0<\/span><\/p><p><span data-contrast=\"none\">Carentes de valor reglamentario p\u00fablico, los proxy ratings privados se utilizan generalmente con fines internos, como la determinaci\u00f3n de los tipos de inter\u00e9s para las pol\u00edticas de precios de transferencia (financiaci\u00f3n entre empresas) o las pol\u00edticas contables (IFRS 16).<\/span><span data-contrast=\"none\">\u00a0<\/span><\/p>\t\t\t\t\t\t\t\t<\/div>\n\t\t\t\t<\/div>\n\t\t\t\t<\/div>\n\t\t<div class=\"elementor-element elementor-element-344e903d e-con-full elementor-hidden-tablet elementor-hidden-mobile e-flex e-con e-child\" data-id=\"344e903d\" data-element_type=\"container\" data-e-type=\"container\">\n\t\t\t\t<div class=\"elementor-element elementor-element-300105ca elementor-widget elementor-widget-image\" data-id=\"300105ca\" data-element_type=\"widget\" data-e-type=\"widget\" data-widget_type=\"image.default\">\n\t\t\t\t<div class=\"elementor-widget-container\">\n\t\t\t\t\t\t\t\t\t\t\t\t\t\t\t<img decoding=\"async\" width=\"768\" height=\"987\" src=\"https:\/\/www.ethifinance.com\/wp-content\/uploads\/2024\/06\/Sustainable-company-building-surrounded-with-trees-in-a-city-with-a-river-nearby-2793-768x987.jpg\" class=\"attachment-medium_large size-medium_large wp-image-36924\" alt=\"\" srcset=\"https:\/\/www.ethifinance.com\/wp-content\/uploads\/2024\/06\/Sustainable-company-building-surrounded-with-trees-in-a-city-with-a-river-nearby-2793-768x987.jpg 768w, https:\/\/www.ethifinance.com\/wp-content\/uploads\/2024\/06\/Sustainable-company-building-surrounded-with-trees-in-a-city-with-a-river-nearby-2793-233x300.jpg 233w, https:\/\/www.ethifinance.com\/wp-content\/uploads\/2024\/06\/Sustainable-company-building-surrounded-with-trees-in-a-city-with-a-river-nearby-2793-796x1024.jpg 796w, https:\/\/www.ethifinance.com\/wp-content\/uploads\/2024\/06\/Sustainable-company-building-surrounded-with-trees-in-a-city-with-a-river-nearby-2793-1195x1536.jpg 1195w, https:\/\/www.ethifinance.com\/wp-content\/uploads\/2024\/06\/Sustainable-company-building-surrounded-with-trees-in-a-city-with-a-river-nearby-2793-1593x2048.jpg 1593w, https:\/\/www.ethifinance.com\/wp-content\/uploads\/2024\/06\/Sustainable-company-building-surrounded-with-trees-in-a-city-with-a-river-nearby-2793-9x12.jpg 9w, https:\/\/www.ethifinance.com\/wp-content\/uploads\/2024\/06\/Sustainable-company-building-surrounded-with-trees-in-a-city-with-a-river-nearby-2793.jpg 1493w\" sizes=\"(max-width: 768px) 100vw, 768px\" \/>\t\t\t\t\t\t\t\t\t\t\t\t\t\t\t<\/div>\n\t\t\t\t<\/div>\n\t\t\t\t<\/div>\n\t\t\t\t\t<\/div>\n\t\t\t\t<\/div>\n\t\t\t\t\t<\/div>\n\t\t\t\t<\/div>\n\t\t\t\t<\/div>\n\t\t","protected":false},"excerpt":{"rendered":"<p>Nuestros productos anal\u00edticos cubren diferentes necesidades, y tienen diferentes valores regulatorios<\/p>\n","protected":false},"author":2,"featured_media":36002,"parent":0,"menu_order":0,"comment_status":"closed","ping_status":"closed","template":"","meta":{"_acf_changed":false,"footnotes":""},"class_list":["post-37388","page","type-page","status-publish","has-post-thumbnail","hentry"],"acf":[],"yoast_head":"<!-- This site is optimized with the Yoast SEO plugin v26.9 - https:\/\/yoast.com\/product\/yoast-seo-wordpress\/ -->\n<title>Productos y servicios - EthiFinance<\/title>\n<meta name=\"robots\" content=\"index, follow, max-snippet:-1, max-image-preview:large, max-video-preview:-1\" \/>\n<link rel=\"canonical\" href=\"https:\/\/www.ethifinance.com\/es\/productos-y-servicios\/\" \/>\n<meta property=\"og:locale\" content=\"es_ES\" \/>\n<meta property=\"og:type\" content=\"article\" \/>\n<meta property=\"og:title\" content=\"Productos y servicios - EthiFinance\" \/>\n<meta property=\"og:description\" content=\"Nuestros productos anal\u00edticos cubren diferentes necesidades, y tienen diferentes valores regulatorios\" \/>\n<meta property=\"og:url\" content=\"https:\/\/www.ethifinance.com\/es\/productos-y-servicios\/\" \/>\n<meta property=\"og:site_name\" content=\"EthiFinance\" \/>\n<meta property=\"article:modified_time\" content=\"2026-04-14T09:55:12+00:00\" \/>\n<meta property=\"og:image\" content=\"https:\/\/www.ethifinance.com\/wp-content\/uploads\/2024\/05\/fabian-quintero-UWQP2mh5YJI-unsplash.jpg\" \/>\n\t<meta property=\"og:image:width\" content=\"1920\" \/>\n\t<meta property=\"og:image:height\" content=\"1280\" \/>\n\t<meta property=\"og:image:type\" content=\"image\/jpeg\" \/>\n<meta name=\"twitter:card\" content=\"summary_large_image\" \/>\n<meta name=\"twitter:label1\" content=\"Tiempo de lectura\" \/>\n\t<meta name=\"twitter:data1\" content=\"2 minutos\" \/>\n<script type=\"application\/ld+json\" class=\"yoast-schema-graph\">{\"@context\":\"https:\/\/schema.org\",\"@graph\":[{\"@type\":\"WebPage\",\"@id\":\"https:\/\/www.ethifinance.com\/es\/productos-y-servicios\/\",\"url\":\"https:\/\/www.ethifinance.com\/es\/productos-y-servicios\/\",\"name\":\"Productos y servicios - EthiFinance\",\"isPartOf\":{\"@id\":\"https:\/\/www.ethifinance.com\/es\/#website\"},\"primaryImageOfPage\":{\"@id\":\"https:\/\/www.ethifinance.com\/es\/productos-y-servicios\/#primaryimage\"},\"image\":{\"@id\":\"https:\/\/www.ethifinance.com\/es\/productos-y-servicios\/#primaryimage\"},\"thumbnailUrl\":\"https:\/\/www.ethifinance.com\/wp-content\/uploads\/2024\/05\/fabian-quintero-UWQP2mh5YJI-unsplash.jpg\",\"datePublished\":\"2024-05-28T10:56:06+00:00\",\"dateModified\":\"2026-04-14T09:55:12+00:00\",\"breadcrumb\":{\"@id\":\"https:\/\/www.ethifinance.com\/es\/productos-y-servicios\/#breadcrumb\"},\"inLanguage\":\"es\",\"potentialAction\":[{\"@type\":\"ReadAction\",\"target\":[\"https:\/\/www.ethifinance.com\/es\/productos-y-servicios\/\"]}]},{\"@type\":\"ImageObject\",\"inLanguage\":\"es\",\"@id\":\"https:\/\/www.ethifinance.com\/es\/productos-y-servicios\/#primaryimage\",\"url\":\"https:\/\/www.ethifinance.com\/wp-content\/uploads\/2024\/05\/fabian-quintero-UWQP2mh5YJI-unsplash.jpg\",\"contentUrl\":\"https:\/\/www.ethifinance.com\/wp-content\/uploads\/2024\/05\/fabian-quintero-UWQP2mh5YJI-unsplash.jpg\",\"width\":1920,\"height\":1280},{\"@type\":\"BreadcrumbList\",\"@id\":\"https:\/\/www.ethifinance.com\/es\/productos-y-servicios\/#breadcrumb\",\"itemListElement\":[{\"@type\":\"ListItem\",\"position\":1,\"name\":\"Accueil\",\"item\":\"https:\/\/www.ethifinance.com\/es\/\"},{\"@type\":\"ListItem\",\"position\":2,\"name\":\"Productos y servicios\"}]},{\"@type\":\"WebSite\",\"@id\":\"https:\/\/www.ethifinance.com\/es\/#website\",\"url\":\"https:\/\/www.ethifinance.com\/es\/\",\"name\":\"Ethifinance\",\"description\":\"\",\"publisher\":{\"@id\":\"https:\/\/www.ethifinance.com\/es\/#organization\"},\"potentialAction\":[{\"@type\":\"SearchAction\",\"target\":{\"@type\":\"EntryPoint\",\"urlTemplate\":\"https:\/\/www.ethifinance.com\/es\/?s={search_term_string}\"},\"query-input\":{\"@type\":\"PropertyValueSpecification\",\"valueRequired\":true,\"valueName\":\"search_term_string\"}}],\"inLanguage\":\"es\"},{\"@type\":\"Organization\",\"@id\":\"https:\/\/www.ethifinance.com\/es\/#organization\",\"name\":\"Ethifinance\",\"url\":\"https:\/\/www.ethifinance.com\/es\/\",\"logo\":{\"@type\":\"ImageObject\",\"inLanguage\":\"es\",\"@id\":\"https:\/\/www.ethifinance.com\/es\/#\/schema\/logo\/image\/\",\"url\":\"https:\/\/www.ethifinance.com\/wp-content\/uploads\/2024\/05\/Logo_simplified_green_by_altay-01-01.png\",\"contentUrl\":\"https:\/\/www.ethifinance.com\/wp-content\/uploads\/2024\/05\/Logo_simplified_green_by_altay-01-01.png\",\"width\":1424,\"height\":248,\"caption\":\"Ethifinance\"},\"image\":{\"@id\":\"https:\/\/www.ethifinance.com\/es\/#\/schema\/logo\/image\/\"},\"sameAs\":[\"https:\/\/www.linkedin.com\/company\/ethifinance\/\",\"https:\/\/www.youtube.com\/@ethifinance_EU\"]}]}<\/script>\n<!-- \/ Yoast SEO plugin. -->","yoast_head_json":{"title":"Productos y servicios - EthiFinance","robots":{"index":"index","follow":"follow","max-snippet":"max-snippet:-1","max-image-preview":"max-image-preview:large","max-video-preview":"max-video-preview:-1"},"canonical":"https:\/\/www.ethifinance.com\/es\/productos-y-servicios\/","og_locale":"es_ES","og_type":"article","og_title":"Productos y servicios - EthiFinance","og_description":"Nuestros productos anal\u00edticos cubren diferentes necesidades, y tienen diferentes valores regulatorios","og_url":"https:\/\/www.ethifinance.com\/es\/productos-y-servicios\/","og_site_name":"EthiFinance","article_modified_time":"2026-04-14T09:55:12+00:00","og_image":[{"width":1920,"height":1280,"url":"https:\/\/www.ethifinance.com\/wp-content\/uploads\/2024\/05\/fabian-quintero-UWQP2mh5YJI-unsplash.jpg","type":"image\/jpeg"}],"twitter_card":"summary_large_image","twitter_misc":{"Tiempo de lectura":"2 minutos"},"schema":{"@context":"https:\/\/schema.org","@graph":[{"@type":"WebPage","@id":"https:\/\/www.ethifinance.com\/es\/productos-y-servicios\/","url":"https:\/\/www.ethifinance.com\/es\/productos-y-servicios\/","name":"Productos y servicios - EthiFinance","isPartOf":{"@id":"https:\/\/www.ethifinance.com\/es\/#website"},"primaryImageOfPage":{"@id":"https:\/\/www.ethifinance.com\/es\/productos-y-servicios\/#primaryimage"},"image":{"@id":"https:\/\/www.ethifinance.com\/es\/productos-y-servicios\/#primaryimage"},"thumbnailUrl":"https:\/\/www.ethifinance.com\/wp-content\/uploads\/2024\/05\/fabian-quintero-UWQP2mh5YJI-unsplash.jpg","datePublished":"2024-05-28T10:56:06+00:00","dateModified":"2026-04-14T09:55:12+00:00","breadcrumb":{"@id":"https:\/\/www.ethifinance.com\/es\/productos-y-servicios\/#breadcrumb"},"inLanguage":"es","potentialAction":[{"@type":"ReadAction","target":["https:\/\/www.ethifinance.com\/es\/productos-y-servicios\/"]}]},{"@type":"ImageObject","inLanguage":"es","@id":"https:\/\/www.ethifinance.com\/es\/productos-y-servicios\/#primaryimage","url":"https:\/\/www.ethifinance.com\/wp-content\/uploads\/2024\/05\/fabian-quintero-UWQP2mh5YJI-unsplash.jpg","contentUrl":"https:\/\/www.ethifinance.com\/wp-content\/uploads\/2024\/05\/fabian-quintero-UWQP2mh5YJI-unsplash.jpg","width":1920,"height":1280},{"@type":"BreadcrumbList","@id":"https:\/\/www.ethifinance.com\/es\/productos-y-servicios\/#breadcrumb","itemListElement":[{"@type":"ListItem","position":1,"name":"Accueil","item":"https:\/\/www.ethifinance.com\/es\/"},{"@type":"ListItem","position":2,"name":"Productos y servicios"}]},{"@type":"WebSite","@id":"https:\/\/www.ethifinance.com\/es\/#website","url":"https:\/\/www.ethifinance.com\/es\/","name":"Ethifinance","description":"","publisher":{"@id":"https:\/\/www.ethifinance.com\/es\/#organization"},"potentialAction":[{"@type":"SearchAction","target":{"@type":"EntryPoint","urlTemplate":"https:\/\/www.ethifinance.com\/es\/?s={search_term_string}"},"query-input":{"@type":"PropertyValueSpecification","valueRequired":true,"valueName":"search_term_string"}}],"inLanguage":"es"},{"@type":"Organization","@id":"https:\/\/www.ethifinance.com\/es\/#organization","name":"Ethifinance","url":"https:\/\/www.ethifinance.com\/es\/","logo":{"@type":"ImageObject","inLanguage":"es","@id":"https:\/\/www.ethifinance.com\/es\/#\/schema\/logo\/image\/","url":"https:\/\/www.ethifinance.com\/wp-content\/uploads\/2024\/05\/Logo_simplified_green_by_altay-01-01.png","contentUrl":"https:\/\/www.ethifinance.com\/wp-content\/uploads\/2024\/05\/Logo_simplified_green_by_altay-01-01.png","width":1424,"height":248,"caption":"Ethifinance"},"image":{"@id":"https:\/\/www.ethifinance.com\/es\/#\/schema\/logo\/image\/"},"sameAs":["https:\/\/www.linkedin.com\/company\/ethifinance\/","https:\/\/www.youtube.com\/@ethifinance_EU"]}]}},"_links":{"self":[{"href":"https:\/\/www.ethifinance.com\/es\/wp-json\/wp\/v2\/pages\/37388","targetHints":{"allow":["GET"]}}],"collection":[{"href":"https:\/\/www.ethifinance.com\/es\/wp-json\/wp\/v2\/pages"}],"about":[{"href":"https:\/\/www.ethifinance.com\/es\/wp-json\/wp\/v2\/types\/page"}],"author":[{"embeddable":true,"href":"https:\/\/www.ethifinance.com\/es\/wp-json\/wp\/v2\/users\/2"}],"replies":[{"embeddable":true,"href":"https:\/\/www.ethifinance.com\/es\/wp-json\/wp\/v2\/comments?post=37388"}],"version-history":[{"count":49,"href":"https:\/\/www.ethifinance.com\/es\/wp-json\/wp\/v2\/pages\/37388\/revisions"}],"predecessor-version":[{"id":49413,"href":"https:\/\/www.ethifinance.com\/es\/wp-json\/wp\/v2\/pages\/37388\/revisions\/49413"}],"wp:featuredmedia":[{"embeddable":true,"href":"https:\/\/www.ethifinance.com\/es\/wp-json\/wp\/v2\/media\/36002"}],"wp:attachment":[{"href":"https:\/\/www.ethifinance.com\/es\/wp-json\/wp\/v2\/media?parent=37388"}],"curies":[{"name":"wp","href":"https:\/\/api.w.org\/{rel}","templated":true}]}}