{"id":37401,"date":"2024-05-28T13:44:25","date_gmt":"2024-05-28T11:44:25","guid":{"rendered":"https:\/\/prod.altaydagistan.com\/proceso-de-calificacion\/"},"modified":"2024-10-14T15:45:12","modified_gmt":"2024-10-14T13:45:12","slug":"proceso-de-calificacion","status":"publish","type":"page","link":"https:\/\/www.ethifinance.com\/es\/proceso-de-calificacion\/","title":{"rendered":"Proceso de Rating"},"content":{"rendered":"\t\t<div data-elementor-type=\"wp-page\" data-elementor-id=\"37401\" class=\"elementor elementor-37401 elementor-30283\" data-elementor-post-type=\"page\">\n\t\t\t\t<div class=\"elementor-element elementor-element-ad50a94 e-flex e-con-boxed e-con e-parent\" data-id=\"ad50a94\" data-element_type=\"container\" data-e-type=\"container\">\n\t\t\t\t\t<div class=\"e-con-inner\">\n\t\t\t\t<div class=\"elementor-element elementor-element-0528d28 elementor-widget elementor-widget-shortcode\" data-id=\"0528d28\" data-element_type=\"widget\" data-e-type=\"widget\" data-widget_type=\"shortcode.default\">\n\t\t\t\t<div class=\"elementor-widget-container\">\n\t\t\t\t\t\t\t<div class=\"elementor-shortcode\">\t\t<div data-elementor-type=\"container\" data-elementor-id=\"37684\" class=\"elementor elementor-37684 elementor-29413\" data-elementor-post-type=\"elementor_library\">\n\t\t\t\t<div class=\"elementor-element elementor-element-7d4c768a e-con-full e-flex e-con e-parent\" data-id=\"7d4c768a\" data-element_type=\"container\" data-e-type=\"container\" data-settings=\"{&quot;background_background&quot;:&quot;classic&quot;}\">\n\t\t<div class=\"elementor-element elementor-element-e9a1c69 e-flex e-con-boxed e-con e-child\" data-id=\"e9a1c69\" data-element_type=\"container\" data-e-type=\"container\">\n\t\t\t\t\t<div class=\"e-con-inner\">\n\t\t\t\t\t<\/div>\n\t\t\t\t<\/div>\n\t\t\t\t<\/div>\n\t\t\t\t<\/div>\n\t\t<\/div>\n\t\t\t\t\t\t<\/div>\n\t\t\t\t<\/div>\n\t\t\t\t\t<\/div>\n\t\t\t\t<\/div>\n\t\t<div class=\"elementor-element elementor-element-6ee68d2 e-flex e-con-boxed e-con e-parent\" data-id=\"6ee68d2\" data-element_type=\"container\" data-e-type=\"container\" data-settings=\"{&quot;background_background&quot;:&quot;classic&quot;}\">\n\t\t\t\t\t<div class=\"e-con-inner\">\n\t\t<div class=\"elementor-element elementor-element-44b6f1e e-flex e-con-boxed e-con e-child\" data-id=\"44b6f1e\" data-element_type=\"container\" data-e-type=\"container\">\n\t\t\t\t\t<div class=\"e-con-inner\">\n\t\t<div class=\"elementor-element elementor-element-ae37a05 e-con-full e-flex e-con e-child\" data-id=\"ae37a05\" data-element_type=\"container\" data-e-type=\"container\">\n\t\t<div class=\"elementor-element elementor-element-5ff195b e-con-full e-flex e-con e-child\" data-id=\"5ff195b\" data-element_type=\"container\" data-e-type=\"container\">\n\t\t<div class=\"elementor-element elementor-element-34c2675 e-con-full e-flex e-con e-child\" data-id=\"34c2675\" data-element_type=\"container\" data-e-type=\"container\">\n\t\t\t\t<div class=\"elementor-element elementor-element-234b931 elementor-widget elementor-widget-text-editor\" data-id=\"234b931\" data-element_type=\"widget\" data-e-type=\"widget\" data-widget_type=\"text-editor.default\">\n\t\t\t\t<div class=\"elementor-widget-container\">\n\t\t\t\t\t\t\t\t\t<p>A continuaci\u00f3n se enumeran por orden cronol\u00f3gico las etapas del proceso de rating:<\/p>\t\t\t\t\t\t\t\t<\/div>\n\t\t\t\t<\/div>\n\t\t<div class=\"elementor-element elementor-element-47f3dd5 e-con-full e-flex e-con e-child\" data-id=\"47f3dd5\" data-element_type=\"container\" data-e-type=\"container\">\n\t\t\t\t<div class=\"elementor-element elementor-element-82f8129 elementor-widget elementor-widget-heading\" data-id=\"82f8129\" data-element_type=\"widget\" data-e-type=\"widget\" data-widget_type=\"heading.default\">\n\t\t\t\t<div class=\"elementor-widget-container\">\n\t\t\t\t\t<h6 class=\"elementor-heading-title elementor-size-default\">1. Mandato contractual<\/h6>\t\t\t\t<\/div>\n\t\t\t\t<\/div>\n\t\t\t\t<div class=\"elementor-element elementor-element-1433ea6 elementor-widget elementor-widget-text-editor\" data-id=\"1433ea6\" data-element_type=\"widget\" data-e-type=\"widget\" data-widget_type=\"text-editor.default\">\n\t\t\t\t<div class=\"elementor-widget-container\">\n\t\t\t\t\t\t\t\t\tEl inicio de un proceso de calificaci\u00f3n crediticia comienza con la firma de un contrato de servicios entre EthiFinance Ratings y el cliente (ya sea la entidad calificada o un tercero).\t\t\t\t\t\t\t\t<\/div>\n\t\t\t\t<\/div>\n\t\t\t\t<\/div>\n\t\t<div class=\"elementor-element elementor-element-e531c6d e-con-full e-flex e-con e-child\" data-id=\"e531c6d\" data-element_type=\"container\" data-e-type=\"container\">\n\t\t\t\t<div class=\"elementor-element elementor-element-77beb34 elementor-widget elementor-widget-heading\" data-id=\"77beb34\" data-element_type=\"widget\" data-e-type=\"widget\" data-widget_type=\"heading.default\">\n\t\t\t\t<div class=\"elementor-widget-container\">\n\t\t\t\t\t<h6 class=\"elementor-heading-title elementor-size-default\">2. Proceso Inicial <\/h6>\t\t\t\t<\/div>\n\t\t\t\t<\/div>\n\t\t\t\t<div class=\"elementor-element elementor-element-d9a4d49 elementor-widget elementor-widget-text-editor\" data-id=\"d9a4d49\" data-element_type=\"widget\" data-e-type=\"widget\" data-widget_type=\"text-editor.default\">\n\t\t\t\t<div class=\"elementor-widget-container\">\n\t\t\t\t\t\t\t\t\t<p>Este \u00abpaso inicial\u00bb permite al equipo de calificaci\u00f3n explicar el proceso y detallar losdocumentos solicitados en funci\u00f3n de la clase de activos y las caracter\u00edsticas de la entidad calificada.<\/p>\t\t\t\t\t\t\t\t<\/div>\n\t\t\t\t<\/div>\n\t\t\t\t<\/div>\n\t\t<div class=\"elementor-element elementor-element-d00881c e-con-full e-flex e-con e-child\" data-id=\"d00881c\" data-element_type=\"container\" data-e-type=\"container\">\n\t\t\t\t<div class=\"elementor-element elementor-element-e930a3a elementor-widget elementor-widget-heading\" data-id=\"e930a3a\" data-element_type=\"widget\" data-e-type=\"widget\" data-widget_type=\"heading.default\">\n\t\t\t\t<div class=\"elementor-widget-container\">\n\t\t\t\t\t<h6 class=\"elementor-heading-title elementor-size-default\">3. An\u00e1lisis<\/h6>\t\t\t\t<\/div>\n\t\t\t\t<\/div>\n\t\t\t\t<div class=\"elementor-element elementor-element-7b42288 elementor-widget elementor-widget-text-editor\" data-id=\"7b42288\" data-element_type=\"widget\" data-e-type=\"widget\" data-widget_type=\"text-editor.default\">\n\t\t\t\t<div class=\"elementor-widget-container\">\n\t\t\t\t\t\t\t\t\tEl equipo de analistas realiza el an\u00e1lisis crediticio de acuerdo con la metodolog\u00eda de rating y, por lo general, se re\u00fane con los altos directivos o los correspondientes patrocinadores de la operaci\u00f3n para discutir el an\u00e1lisis crediticio y asegurarse de que toda la informaci\u00f3n pertinente se incluye en el proceso.\t\t\t\t\t\t\t\t<\/div>\n\t\t\t\t<\/div>\n\t\t\t\t<\/div>\n\t\t<div class=\"elementor-element elementor-element-2d91a54 e-con-full e-flex e-con e-child\" data-id=\"2d91a54\" data-element_type=\"container\" data-e-type=\"container\">\n\t\t\t\t<div class=\"elementor-element elementor-element-01f3d13 elementor-widget elementor-widget-heading\" data-id=\"01f3d13\" data-element_type=\"widget\" data-e-type=\"widget\" data-widget_type=\"heading.default\">\n\t\t\t\t<div class=\"elementor-widget-container\">\n\t\t\t\t\t<h6 class=\"elementor-heading-title elementor-size-default\">4. Comit\u00e9 de Rating<\/h6>\t\t\t\t<\/div>\n\t\t\t\t<\/div>\n\t\t\t\t<div class=\"elementor-element elementor-element-f29d63b elementor-widget elementor-widget-text-editor\" data-id=\"f29d63b\" data-element_type=\"widget\" data-e-type=\"widget\" data-widget_type=\"text-editor.default\">\n\t\t\t\t<div class=\"elementor-widget-container\">\n\t\t\t\t\t\t\t\t\t<p>El Comit\u00e9 de Rating es el \u00f3rgano responsable de aprobar la calificaci\u00f3n crediticia propuesta o de modificarla.<\/p>\t\t\t\t\t\t\t\t<\/div>\n\t\t\t\t<\/div>\n\t\t\t\t<\/div>\n\t\t<div class=\"elementor-element elementor-element-c844f6e e-con-full e-flex e-con e-child\" data-id=\"c844f6e\" data-element_type=\"container\" data-e-type=\"container\">\n\t\t\t\t<div class=\"elementor-element elementor-element-566679a elementor-widget elementor-widget-heading\" data-id=\"566679a\" data-element_type=\"widget\" data-e-type=\"widget\" data-widget_type=\"heading.default\">\n\t\t\t\t<div class=\"elementor-widget-container\">\n\t\t\t\t\t<h6 class=\"elementor-heading-title elementor-size-default\">5. Notificaci\u00f3n de Rating <\/h6>\t\t\t\t<\/div>\n\t\t\t\t<\/div>\n\t\t\t\t<div class=\"elementor-element elementor-element-2db95b6 elementor-widget elementor-widget-text-editor\" data-id=\"2db95b6\" data-element_type=\"widget\" data-e-type=\"widget\" data-widget_type=\"text-editor.default\">\n\t\t\t\t<div class=\"elementor-widget-container\">\n\t\t\t\t\t\t\t\t\t<p>Una vez que el Comit\u00e9 de Rating haya aprobado un rating, se notificar\u00e1 al cliente\/entidad calificada la acci\u00f3n de calificaci\u00f3n, conforme a los requisitos reglamentarios.<\/p>\t\t\t\t\t\t\t\t<\/div>\n\t\t\t\t<\/div>\n\t\t\t\t<\/div>\n\t\t<div class=\"elementor-element elementor-element-e2c045c e-con-full e-flex e-con e-child\" data-id=\"e2c045c\" data-element_type=\"container\" data-e-type=\"container\">\n\t\t\t\t<div class=\"elementor-element elementor-element-5f09792 elementor-widget elementor-widget-heading\" data-id=\"5f09792\" data-element_type=\"widget\" data-e-type=\"widget\" data-widget_type=\"heading.default\">\n\t\t\t\t<div class=\"elementor-widget-container\">\n\t\t\t\t\t<h6 class=\"elementor-heading-title elementor-size-default\">6. Revisi\u00f3n del Cliente o Revisi\u00f3n de la Entidad Calificada<\/h6>\t\t\t\t<\/div>\n\t\t\t\t<\/div>\n\t\t\t\t<div class=\"elementor-element elementor-element-05f28d7 elementor-widget elementor-widget-text-editor\" data-id=\"05f28d7\" data-element_type=\"widget\" data-e-type=\"widget\" data-widget_type=\"text-editor.default\">\n\t\t\t\t<div class=\"elementor-widget-container\">\n\t\t\t\t\t\t\t\t\tLos clientes disponen de unos d\u00edas para revisar el rating. Pueden recurrir la calificaci\u00f3n concedida por la agencia de rating, siempre que puedan presentar nueva informaci\u00f3n y argumentos s\u00f3lidos que fundamenten el recurso. EthiFinance Ratings puede aceptar o denegar el recurso. Si se acepta, se convoca un nuevo Comit\u00e9 de Calificaci\u00f3n para asignar la calificaci\u00f3n definitiva. Una vez que el Comit\u00e9 de Rating haya aprobado un rating, se notificar\u00e1 al cliente\/entidad calificada la acci\u00f3n de calificaci\u00f3n, conforme a los requisitos reglamentarios.  \t\t\t\t\t\t\t\t<\/div>\n\t\t\t\t<\/div>\n\t\t\t\t<\/div>\n\t\t<div class=\"elementor-element elementor-element-04b6719 e-con-full e-flex e-con e-child\" data-id=\"04b6719\" data-element_type=\"container\" data-e-type=\"container\">\n\t\t\t\t<div class=\"elementor-element elementor-element-8613c09 elementor-widget elementor-widget-heading\" data-id=\"8613c09\" data-element_type=\"widget\" data-e-type=\"widget\" data-widget_type=\"heading.default\">\n\t\t\t\t<div class=\"elementor-widget-container\">\n\t\t\t\t\t<h6 class=\"elementor-heading-title elementor-size-default\">7.  Entrega final \/ Publicaci\u00f3n de la calificaci\u00f3n crediticia<\/h6>\t\t\t\t<\/div>\n\t\t\t\t<\/div>\n\t\t\t\t<div class=\"elementor-element elementor-element-9ab3183 elementor-widget elementor-widget-text-editor\" data-id=\"9ab3183\" data-element_type=\"widget\" data-e-type=\"widget\" data-widget_type=\"text-editor.default\">\n\t\t\t\t<div class=\"elementor-widget-container\">\n\t\t\t\t\t\t\t\t\tUna vez que el rating final haya sido revisada por el cliente, se le enviar\u00e1 la versi\u00f3n definitiva del informe de calificaci\u00f3n y se publicar\u00e1, en su caso.\t\t\t\t\t\t\t\t<\/div>\n\t\t\t\t<\/div>\n\t\t\t\t<\/div>\n\t\t<div class=\"elementor-element elementor-element-a4cfff4 e-con-full e-flex e-con e-child\" data-id=\"a4cfff4\" data-element_type=\"container\" data-e-type=\"container\">\n\t\t\t\t<div class=\"elementor-element elementor-element-48526ee elementor-widget elementor-widget-heading\" data-id=\"48526ee\" data-element_type=\"widget\" data-e-type=\"widget\" data-widget_type=\"heading.default\">\n\t\t\t\t<div class=\"elementor-widget-container\">\n\t\t\t\t\t<h6 class=\"elementor-heading-title elementor-size-default\">8. Monitorizaci\u00f3n<\/h6>\t\t\t\t<\/div>\n\t\t\t\t<\/div>\n\t\t\t\t<div class=\"elementor-element elementor-element-2a0efd8 elementor-widget elementor-widget-text-editor\" data-id=\"2a0efd8\" data-element_type=\"widget\" data-e-type=\"widget\" data-widget_type=\"text-editor.default\">\n\t\t\t\t<div class=\"elementor-widget-container\">\n\t\t\t\t\t\t\t\t\t<p>EthiFinance Ratings supervisa continuamente la calificaci\u00f3n crediticia asignada y la revisa al menos una vez al a\u00f1o (y cada seis meses en el caso de las calificaciones soberanas) de conformidad con los requisitos reglamentarios. No obstante, la calificaci\u00f3n crediticia puede revisarse en cualquier momento si, en opini\u00f3n de los analistas, se han producido acontecimientos que tengan un efecto importante en el rating del emisor\/emisi\u00f3n.<\/p>\t\t\t\t\t\t\t\t<\/div>\n\t\t\t\t<\/div>\n\t\t\t\t<\/div>\n\t\t\t\t<\/div>\n\t\t\t\t<\/div>\n\t\t<div class=\"elementor-element elementor-element-738ee85 elementor-hidden-tablet e-flex e-con-boxed e-con e-child\" data-id=\"738ee85\" data-element_type=\"container\" data-e-type=\"container\">\n\t\t\t\t\t<div class=\"e-con-inner\">\n\t\t\t\t<div class=\"elementor-element elementor-element-ed2744f elementor-widget elementor-widget-image\" data-id=\"ed2744f\" data-element_type=\"widget\" data-e-type=\"widget\" data-widget_type=\"image.default\">\n\t\t\t\t<div class=\"elementor-widget-container\">\n\t\t\t\t\t\t\t\t\t\t\t\t\t\t\t<img fetchpriority=\"high\" decoding=\"async\" width=\"640\" height=\"960\" src=\"https:\/\/www.ethifinance.com\/wp-content\/uploads\/2024\/05\/pietro-de-grandi-Q5dMq3cKqec-unsplash.jpg\" class=\"attachment-medium_large size-medium_large wp-image-36266\" alt=\"\" srcset=\"https:\/\/www.ethifinance.com\/wp-content\/uploads\/2024\/05\/pietro-de-grandi-Q5dMq3cKqec-unsplash.jpg 640w, https:\/\/www.ethifinance.com\/wp-content\/uploads\/2024\/05\/pietro-de-grandi-Q5dMq3cKqec-unsplash-200x300.jpg 200w, https:\/\/www.ethifinance.com\/wp-content\/uploads\/2024\/05\/pietro-de-grandi-Q5dMq3cKqec-unsplash-8x12.jpg 8w\" sizes=\"(max-width: 640px) 100vw, 640px\" \/>\t\t\t\t\t\t\t\t\t\t\t\t\t\t\t<\/div>\n\t\t\t\t<\/div>\n\t\t\t\t\t<\/div>\n\t\t\t\t<\/div>\n\t\t\t\t<\/div>\n\t\t\t\t\t<\/div>\n\t\t\t\t<\/div>\n\t\t\t\t\t<\/div>\n\t\t\t\t<\/div>\n\t\t\t\t<\/div>\n\t\t","protected":false},"excerpt":{"rendered":"<p>A continuaci\u00f3n se enumeran por orden cronol\u00f3gico las etapas del proceso de rating: 1. Mandato contractual El inicio de un proceso de calificaci\u00f3n crediticia comienza con la firma de un contrato de servicios entre EthiFinance Ratings y el cliente (ya sea la entidad calificada o un tercero). 2. Proceso Inicial Este \u00abpaso inicial\u00bb permite al [&hellip;]<\/p>\n","protected":false},"author":2,"featured_media":36002,"parent":0,"menu_order":0,"comment_status":"closed","ping_status":"closed","template":"elementor_header_footer","meta":{"_acf_changed":false,"footnotes":""},"class_list":["post-37401","page","type-page","status-publish","has-post-thumbnail","hentry"],"acf":[],"yoast_head":"<!-- This site is optimized with the Yoast SEO plugin v26.9 - https:\/\/yoast.com\/product\/yoast-seo-wordpress\/ -->\n<title>Proceso de Rating - EthiFinance<\/title>\n<meta name=\"robots\" content=\"index, follow, max-snippet:-1, max-image-preview:large, max-video-preview:-1\" \/>\n<link rel=\"canonical\" href=\"https:\/\/www.ethifinance.com\/es\/proceso-de-calificacion\/\" \/>\n<meta property=\"og:locale\" content=\"es_ES\" \/>\n<meta property=\"og:type\" content=\"article\" \/>\n<meta property=\"og:title\" content=\"Proceso de Rating - EthiFinance\" \/>\n<meta property=\"og:description\" content=\"A continuaci\u00f3n se enumeran por orden cronol\u00f3gico las etapas del proceso de rating: 1. Mandato contractual El inicio de un proceso de calificaci\u00f3n crediticia comienza con la firma de un contrato de servicios entre EthiFinance Ratings y el cliente (ya sea la entidad calificada o un tercero). 2. Proceso Inicial Este \u00abpaso inicial\u00bb permite al [&hellip;]\" \/>\n<meta property=\"og:url\" content=\"https:\/\/www.ethifinance.com\/es\/proceso-de-calificacion\/\" \/>\n<meta property=\"og:site_name\" content=\"EthiFinance\" \/>\n<meta property=\"article:modified_time\" content=\"2024-10-14T13:45:12+00:00\" \/>\n<meta property=\"og:image\" content=\"https:\/\/www.ethifinance.com\/wp-content\/uploads\/2024\/05\/fabian-quintero-UWQP2mh5YJI-unsplash.jpg\" \/>\n\t<meta property=\"og:image:width\" content=\"1920\" \/>\n\t<meta property=\"og:image:height\" content=\"1280\" \/>\n\t<meta property=\"og:image:type\" content=\"image\/jpeg\" \/>\n<meta name=\"twitter:card\" content=\"summary_large_image\" \/>\n<meta name=\"twitter:label1\" content=\"Tiempo de lectura\" \/>\n\t<meta name=\"twitter:data1\" content=\"2 minutos\" \/>\n<script type=\"application\/ld+json\" class=\"yoast-schema-graph\">{\"@context\":\"https:\/\/schema.org\",\"@graph\":[{\"@type\":\"WebPage\",\"@id\":\"https:\/\/www.ethifinance.com\/es\/proceso-de-calificacion\/\",\"url\":\"https:\/\/www.ethifinance.com\/es\/proceso-de-calificacion\/\",\"name\":\"Proceso de Rating - EthiFinance\",\"isPartOf\":{\"@id\":\"https:\/\/www.ethifinance.com\/es\/#website\"},\"primaryImageOfPage\":{\"@id\":\"https:\/\/www.ethifinance.com\/es\/proceso-de-calificacion\/#primaryimage\"},\"image\":{\"@id\":\"https:\/\/www.ethifinance.com\/es\/proceso-de-calificacion\/#primaryimage\"},\"thumbnailUrl\":\"https:\/\/www.ethifinance.com\/wp-content\/uploads\/2024\/05\/fabian-quintero-UWQP2mh5YJI-unsplash.jpg\",\"datePublished\":\"2024-05-28T11:44:25+00:00\",\"dateModified\":\"2024-10-14T13:45:12+00:00\",\"breadcrumb\":{\"@id\":\"https:\/\/www.ethifinance.com\/es\/proceso-de-calificacion\/#breadcrumb\"},\"inLanguage\":\"es\",\"potentialAction\":[{\"@type\":\"ReadAction\",\"target\":[\"https:\/\/www.ethifinance.com\/es\/proceso-de-calificacion\/\"]}]},{\"@type\":\"ImageObject\",\"inLanguage\":\"es\",\"@id\":\"https:\/\/www.ethifinance.com\/es\/proceso-de-calificacion\/#primaryimage\",\"url\":\"https:\/\/www.ethifinance.com\/wp-content\/uploads\/2024\/05\/fabian-quintero-UWQP2mh5YJI-unsplash.jpg\",\"contentUrl\":\"https:\/\/www.ethifinance.com\/wp-content\/uploads\/2024\/05\/fabian-quintero-UWQP2mh5YJI-unsplash.jpg\",\"width\":1920,\"height\":1280},{\"@type\":\"BreadcrumbList\",\"@id\":\"https:\/\/www.ethifinance.com\/es\/proceso-de-calificacion\/#breadcrumb\",\"itemListElement\":[{\"@type\":\"ListItem\",\"position\":1,\"name\":\"Accueil\",\"item\":\"https:\/\/www.ethifinance.com\/es\/\"},{\"@type\":\"ListItem\",\"position\":2,\"name\":\"Proceso de Rating\"}]},{\"@type\":\"WebSite\",\"@id\":\"https:\/\/www.ethifinance.com\/es\/#website\",\"url\":\"https:\/\/www.ethifinance.com\/es\/\",\"name\":\"Ethifinance\",\"description\":\"\",\"publisher\":{\"@id\":\"https:\/\/www.ethifinance.com\/es\/#organization\"},\"potentialAction\":[{\"@type\":\"SearchAction\",\"target\":{\"@type\":\"EntryPoint\",\"urlTemplate\":\"https:\/\/www.ethifinance.com\/es\/?s={search_term_string}\"},\"query-input\":{\"@type\":\"PropertyValueSpecification\",\"valueRequired\":true,\"valueName\":\"search_term_string\"}}],\"inLanguage\":\"es\"},{\"@type\":\"Organization\",\"@id\":\"https:\/\/www.ethifinance.com\/es\/#organization\",\"name\":\"Ethifinance\",\"url\":\"https:\/\/www.ethifinance.com\/es\/\",\"logo\":{\"@type\":\"ImageObject\",\"inLanguage\":\"es\",\"@id\":\"https:\/\/www.ethifinance.com\/es\/#\/schema\/logo\/image\/\",\"url\":\"https:\/\/www.ethifinance.com\/wp-content\/uploads\/2024\/05\/Logo_simplified_green_by_altay-01-01.png\",\"contentUrl\":\"https:\/\/www.ethifinance.com\/wp-content\/uploads\/2024\/05\/Logo_simplified_green_by_altay-01-01.png\",\"width\":1424,\"height\":248,\"caption\":\"Ethifinance\"},\"image\":{\"@id\":\"https:\/\/www.ethifinance.com\/es\/#\/schema\/logo\/image\/\"},\"sameAs\":[\"https:\/\/www.linkedin.com\/company\/ethifinance\/\",\"https:\/\/www.youtube.com\/@ethifinance_EU\"]}]}<\/script>\n<!-- \/ Yoast SEO plugin. -->","yoast_head_json":{"title":"Proceso de Rating - EthiFinance","robots":{"index":"index","follow":"follow","max-snippet":"max-snippet:-1","max-image-preview":"max-image-preview:large","max-video-preview":"max-video-preview:-1"},"canonical":"https:\/\/www.ethifinance.com\/es\/proceso-de-calificacion\/","og_locale":"es_ES","og_type":"article","og_title":"Proceso de Rating - EthiFinance","og_description":"A continuaci\u00f3n se enumeran por orden cronol\u00f3gico las etapas del proceso de rating: 1. Mandato contractual El inicio de un proceso de calificaci\u00f3n crediticia comienza con la firma de un contrato de servicios entre EthiFinance Ratings y el cliente (ya sea la entidad calificada o un tercero). 2. Proceso Inicial Este \u00abpaso inicial\u00bb permite al [&hellip;]","og_url":"https:\/\/www.ethifinance.com\/es\/proceso-de-calificacion\/","og_site_name":"EthiFinance","article_modified_time":"2024-10-14T13:45:12+00:00","og_image":[{"width":1920,"height":1280,"url":"https:\/\/www.ethifinance.com\/wp-content\/uploads\/2024\/05\/fabian-quintero-UWQP2mh5YJI-unsplash.jpg","type":"image\/jpeg"}],"twitter_card":"summary_large_image","twitter_misc":{"Tiempo de lectura":"2 minutos"},"schema":{"@context":"https:\/\/schema.org","@graph":[{"@type":"WebPage","@id":"https:\/\/www.ethifinance.com\/es\/proceso-de-calificacion\/","url":"https:\/\/www.ethifinance.com\/es\/proceso-de-calificacion\/","name":"Proceso de Rating - EthiFinance","isPartOf":{"@id":"https:\/\/www.ethifinance.com\/es\/#website"},"primaryImageOfPage":{"@id":"https:\/\/www.ethifinance.com\/es\/proceso-de-calificacion\/#primaryimage"},"image":{"@id":"https:\/\/www.ethifinance.com\/es\/proceso-de-calificacion\/#primaryimage"},"thumbnailUrl":"https:\/\/www.ethifinance.com\/wp-content\/uploads\/2024\/05\/fabian-quintero-UWQP2mh5YJI-unsplash.jpg","datePublished":"2024-05-28T11:44:25+00:00","dateModified":"2024-10-14T13:45:12+00:00","breadcrumb":{"@id":"https:\/\/www.ethifinance.com\/es\/proceso-de-calificacion\/#breadcrumb"},"inLanguage":"es","potentialAction":[{"@type":"ReadAction","target":["https:\/\/www.ethifinance.com\/es\/proceso-de-calificacion\/"]}]},{"@type":"ImageObject","inLanguage":"es","@id":"https:\/\/www.ethifinance.com\/es\/proceso-de-calificacion\/#primaryimage","url":"https:\/\/www.ethifinance.com\/wp-content\/uploads\/2024\/05\/fabian-quintero-UWQP2mh5YJI-unsplash.jpg","contentUrl":"https:\/\/www.ethifinance.com\/wp-content\/uploads\/2024\/05\/fabian-quintero-UWQP2mh5YJI-unsplash.jpg","width":1920,"height":1280},{"@type":"BreadcrumbList","@id":"https:\/\/www.ethifinance.com\/es\/proceso-de-calificacion\/#breadcrumb","itemListElement":[{"@type":"ListItem","position":1,"name":"Accueil","item":"https:\/\/www.ethifinance.com\/es\/"},{"@type":"ListItem","position":2,"name":"Proceso de Rating"}]},{"@type":"WebSite","@id":"https:\/\/www.ethifinance.com\/es\/#website","url":"https:\/\/www.ethifinance.com\/es\/","name":"Ethifinance","description":"","publisher":{"@id":"https:\/\/www.ethifinance.com\/es\/#organization"},"potentialAction":[{"@type":"SearchAction","target":{"@type":"EntryPoint","urlTemplate":"https:\/\/www.ethifinance.com\/es\/?s={search_term_string}"},"query-input":{"@type":"PropertyValueSpecification","valueRequired":true,"valueName":"search_term_string"}}],"inLanguage":"es"},{"@type":"Organization","@id":"https:\/\/www.ethifinance.com\/es\/#organization","name":"Ethifinance","url":"https:\/\/www.ethifinance.com\/es\/","logo":{"@type":"ImageObject","inLanguage":"es","@id":"https:\/\/www.ethifinance.com\/es\/#\/schema\/logo\/image\/","url":"https:\/\/www.ethifinance.com\/wp-content\/uploads\/2024\/05\/Logo_simplified_green_by_altay-01-01.png","contentUrl":"https:\/\/www.ethifinance.com\/wp-content\/uploads\/2024\/05\/Logo_simplified_green_by_altay-01-01.png","width":1424,"height":248,"caption":"Ethifinance"},"image":{"@id":"https:\/\/www.ethifinance.com\/es\/#\/schema\/logo\/image\/"},"sameAs":["https:\/\/www.linkedin.com\/company\/ethifinance\/","https:\/\/www.youtube.com\/@ethifinance_EU"]}]}},"_links":{"self":[{"href":"https:\/\/www.ethifinance.com\/es\/wp-json\/wp\/v2\/pages\/37401","targetHints":{"allow":["GET"]}}],"collection":[{"href":"https:\/\/www.ethifinance.com\/es\/wp-json\/wp\/v2\/pages"}],"about":[{"href":"https:\/\/www.ethifinance.com\/es\/wp-json\/wp\/v2\/types\/page"}],"author":[{"embeddable":true,"href":"https:\/\/www.ethifinance.com\/es\/wp-json\/wp\/v2\/users\/2"}],"replies":[{"embeddable":true,"href":"https:\/\/www.ethifinance.com\/es\/wp-json\/wp\/v2\/comments?post=37401"}],"version-history":[{"count":40,"href":"https:\/\/www.ethifinance.com\/es\/wp-json\/wp\/v2\/pages\/37401\/revisions"}],"predecessor-version":[{"id":40918,"href":"https:\/\/www.ethifinance.com\/es\/wp-json\/wp\/v2\/pages\/37401\/revisions\/40918"}],"wp:featuredmedia":[{"embeddable":true,"href":"https:\/\/www.ethifinance.com\/es\/wp-json\/wp\/v2\/media\/36002"}],"wp:attachment":[{"href":"https:\/\/www.ethifinance.com\/es\/wp-json\/wp\/v2\/media?parent=37401"}],"curies":[{"name":"wp","href":"https:\/\/api.w.org\/{rel}","templated":true}]}}