{"id":37406,"date":"2024-05-23T17:09:19","date_gmt":"2024-05-23T15:09:19","guid":{"rendered":"https:\/\/prod.altaydagistan.com\/tu-carrera\/"},"modified":"2026-05-13T10:03:41","modified_gmt":"2026-05-13T08:03:41","slug":"tu-carrera","status":"publish","type":"page","link":"https:\/\/www.ethifinance.com\/es\/tu-carrera\/","title":{"rendered":"Tu carrera"},"content":{"rendered":"\t\t<div data-elementor-type=\"wp-page\" data-elementor-id=\"37406\" class=\"elementor elementor-37406 elementor-29961\" data-elementor-post-type=\"page\">\n\t\t\t\t<div class=\"elementor-element elementor-element-ad50a94 e-flex e-con-boxed e-con e-parent\" data-id=\"ad50a94\" data-element_type=\"container\" data-e-type=\"container\">\n\t\t\t\t\t<div class=\"e-con-inner\">\n\t\t\t\t<div class=\"elementor-element elementor-element-0528d28 elementor-widget elementor-widget-shortcode\" data-id=\"0528d28\" data-element_type=\"widget\" data-e-type=\"widget\" data-widget_type=\"shortcode.default\">\n\t\t\t\t<div class=\"elementor-widget-container\">\n\t\t\t\t\t\t\t<div class=\"elementor-shortcode\">\t\t<div data-elementor-type=\"container\" data-elementor-id=\"37684\" class=\"elementor elementor-37684 elementor-29413 elementor-29413\" data-elementor-post-type=\"elementor_library\">\n\t\t\t\t<div class=\"elementor-element elementor-element-7d4c768a e-con-full e-flex e-con e-parent\" data-id=\"7d4c768a\" data-element_type=\"container\" data-e-type=\"container\" data-settings=\"{&quot;background_background&quot;:&quot;classic&quot;}\">\n\t\t<div class=\"elementor-element elementor-element-e9a1c69 e-flex e-con-boxed e-con e-child\" data-id=\"e9a1c69\" data-element_type=\"container\" data-e-type=\"container\">\n\t\t\t\t\t<div class=\"e-con-inner\">\n\t\t\t\t<div class=\"elementor-element elementor-element-7cde6404 elementor-widget__width-initial elementor-widget elementor-widget-text-editor\" data-id=\"7cde6404\" data-element_type=\"widget\" data-e-type=\"widget\" data-widget_type=\"text-editor.default\">\n\t\t\t\t<div class=\"elementor-widget-container\">\n\t\t\t\t\t\t\t\t\t\u00danete al l\u00edder en finanzas sostenibles\t\t\t\t\t\t\t\t<\/div>\n\t\t\t\t<\/div>\n\t\t\t\t\t<\/div>\n\t\t\t\t<\/div>\n\t\t\t\t<\/div>\n\t\t\t\t<\/div>\n\t\t<\/div>\n\t\t\t\t\t\t<\/div>\n\t\t\t\t<\/div>\n\t\t\t\t\t<\/div>\n\t\t\t\t<\/div>\n\t\t<div class=\"elementor-element elementor-element-7f65332 e-flex e-con-boxed e-con e-parent\" data-id=\"7f65332\" data-element_type=\"container\" data-e-type=\"container\" data-settings=\"{&quot;background_background&quot;:&quot;classic&quot;}\">\n\t\t\t\t\t<div class=\"e-con-inner\">\n\t\t<div class=\"elementor-element elementor-element-0a484bb e-flex e-con-boxed e-con e-child\" data-id=\"0a484bb\" data-element_type=\"container\" data-e-type=\"container\">\n\t\t\t\t\t<div class=\"e-con-inner\">\n\t\t<div class=\"elementor-element elementor-element-7f9bd0d e-con-full elementor-hidden-mobile e-flex e-con e-child\" data-id=\"7f9bd0d\" data-element_type=\"container\" data-e-type=\"container\">\n\t\t\t\t<div class=\"elementor-element elementor-element-ed2744f elementor-widget elementor-widget-image\" data-id=\"ed2744f\" data-element_type=\"widget\" data-e-type=\"widget\" data-widget_type=\"image.default\">\n\t\t\t\t<div class=\"elementor-widget-container\">\n\t\t\t\t\t\t\t\t\t\t\t\t\t\t\t<img fetchpriority=\"high\" decoding=\"async\" width=\"768\" height=\"897\" src=\"https:\/\/www.ethifinance.com\/wp-content\/uploads\/2024\/06\/Adeline-Buttery-e1718797834151-768x897.jpg\" class=\"attachment-medium_large size-medium_large wp-image-36720\" alt=\"\" srcset=\"https:\/\/www.ethifinance.com\/wp-content\/uploads\/2024\/06\/Adeline-Buttery-e1718797834151-768x897.jpg 768w, https:\/\/www.ethifinance.com\/wp-content\/uploads\/2024\/06\/Adeline-Buttery-e1718797834151-257x300.jpg 257w, https:\/\/www.ethifinance.com\/wp-content\/uploads\/2024\/06\/Adeline-Buttery-e1718797834151-877x1024.jpg 877w, https:\/\/www.ethifinance.com\/wp-content\/uploads\/2024\/06\/Adeline-Buttery-e1718797834151-10x12.jpg 10w, https:\/\/www.ethifinance.com\/wp-content\/uploads\/2024\/06\/Adeline-Buttery-e1718797834151.jpg 1265w\" sizes=\"(max-width: 768px) 100vw, 768px\" \/>\t\t\t\t\t\t\t\t\t\t\t\t\t\t\t<\/div>\n\t\t\t\t<\/div>\n\t\t\t\t<\/div>\n\t\t<div class=\"elementor-element elementor-element-914611c e-con-full e-flex e-con e-child\" data-id=\"914611c\" data-element_type=\"container\" data-e-type=\"container\">\n\t\t\t\t<div class=\"elementor-element elementor-element-56d9afc elementor-widget elementor-widget-heading\" data-id=\"56d9afc\" data-element_type=\"widget\" data-e-type=\"widget\" data-widget_type=\"heading.default\">\n\t\t\t\t<div class=\"elementor-widget-container\">\n\t\t\t\t\t<h4 class=\"elementor-heading-title elementor-size-default\">Impulsamos su desarrollo con soluciones financieras y de sostenibilidad de impacto <\/h4>\t\t\t\t<\/div>\n\t\t\t\t<\/div>\n\t\t\t\t<div class=\"elementor-element elementor-element-68a0140 elementor-widget elementor-widget-text-editor\" data-id=\"68a0140\" data-element_type=\"widget\" data-e-type=\"widget\" data-widget_type=\"text-editor.default\">\n\t\t\t\t<div class=\"elementor-widget-container\">\n\t\t\t\t\t\t\t\t\t<p>Bienvenido a EthiFinance, donde lideramos el avance de las finanzas sostenibles en toda Europa. Nuestra misi\u00f3n es contribuir a una econom\u00eda sostenible a trav\u00e9s de an\u00e1lisis de impacto y soluciones innovadoras. Al colaborar con nosotros, se beneficiar\u00e1 de nuestra experiencia \u00fanica en finanzas y sostenibilidad, respaldada por conocimientos especializados y estrategias con visi\u00f3n de futuro.  <\/p>\n\n<p>Actualmente, estamos experimentando un fuerte crecimiento internacional, consolidando nuestra posici\u00f3n como referente destacado en el mercado. Nuestras operaciones contin\u00faan creciendo en toda Europa, reflejando nuestro compromiso con la sostenibilidad y con una toma de decisiones responsable. <\/p>\n\n<p>En 2022, adoptamos un prop\u00f3sito claro: \u00abFacilitar la toma de decisiones informadas y responsables para una econom\u00eda y unas finanzas m\u00e1s sostenibles\u00bb. Unirse a EthiFinance significa formar parte de una comunidad din\u00e1mica, guiada por los valores de audacia, compromiso y colaboraci\u00f3n. Priorizamos el equilibrio entre la vida profesional y personal, y ofrecemos modalidades flexibles, como el trabajo remoto y opciones de movilidad. El desarrollo profesional y la movilidad interna forman parte integral de nuestra cultura, ofreciendo numerosas oportunidades de crecimiento personal y profesional.   <\/p>\n\n<p>Con un equipo de m\u00e1s de 130 personas en Francia (Par\u00eds y Lyon), Espa\u00f1a (Madrid y Granada) y Alemania (Hannover), EthiFinance se apoya en el crecimiento y el desarrollo continuo. Invertimos firmemente en el desarrollo del talento, entendiendo que su \u00e9xito est\u00e1 estrechamente vinculado a nuestro progreso colectivo. Creemos en el poder de la inteligencia colectiva para generar un impacto significativo y facilitar una transici\u00f3n justa hacia un futuro sostenible.  <\/p>\t\t\t\t\t\t\t\t<\/div>\n\t\t\t\t<\/div>\n\t\t\t\t<\/div>\n\t\t\t\t\t<\/div>\n\t\t\t\t<\/div>\n\t\t\t\t\t<\/div>\n\t\t\t\t<\/div>\n\t\t<div class=\"elementor-element elementor-element-27b2e681 e-flex e-con-boxed e-con e-parent\" data-id=\"27b2e681\" data-element_type=\"container\" data-e-type=\"container\" data-settings=\"{&quot;background_background&quot;:&quot;classic&quot;}\">\n\t\t\t\t\t<div class=\"e-con-inner\">\n\t\t<div class=\"elementor-element elementor-element-15dae1b1 e-flex e-con-boxed e-con e-child\" data-id=\"15dae1b1\" data-element_type=\"container\" data-e-type=\"container\">\n\t\t\t\t\t<div class=\"e-con-inner\">\n\t\t<div class=\"elementor-element elementor-element-681f6772 e-flex e-con-boxed e-con e-child\" data-id=\"681f6772\" data-element_type=\"container\" data-e-type=\"container\">\n\t\t\t\t\t<div class=\"e-con-inner\">\n\t\t\t\t<div class=\"elementor-element elementor-element-5f68fc2 elementor-widget elementor-widget-video\" data-id=\"5f68fc2\" data-element_type=\"widget\" data-e-type=\"widget\" data-settings=\"{&quot;video_type&quot;:&quot;hosted&quot;,&quot;controls&quot;:&quot;yes&quot;}\" data-widget_type=\"video.default\">\n\t\t\t\t<div class=\"elementor-widget-container\">\n\t\t\t\t\t\t\t<div class=\"e-hosted-video elementor-wrapper elementor-open-inline\">\n\t\t\t\t\t<video class=\"elementor-video\" src=\"https:\/\/ethifinance.com\/wp-content\/uploads\/2024\/07\/V2-Decouvrez-Ethifiance-avec-Julia-Managing-Director_1.mp4\" controls=\"\" preload=\"metadata\" controlsList=\"nodownload\" poster=\"https:\/\/ethifinance.com\/wp-content\/uploads\/2024\/07\/vlcsnap-00005.jpg\"><\/video>\n\t\t\t\t<\/div>\n\t\t\t\t\t\t<\/div>\n\t\t\t\t<\/div>\n\t\t\t\t\t<\/div>\n\t\t\t\t<\/div>\n\t\t<div class=\"elementor-element elementor-element-6817ae3a e-flex e-con-boxed e-con e-child\" data-id=\"6817ae3a\" data-element_type=\"container\" data-e-type=\"container\">\n\t\t\t\t\t<div class=\"e-con-inner\">\n\t\t\t\t<div class=\"elementor-element elementor-element-3560aa65 elementor-widget elementor-widget-video\" data-id=\"3560aa65\" data-element_type=\"widget\" data-e-type=\"widget\" data-settings=\"{&quot;video_type&quot;:&quot;hosted&quot;,&quot;controls&quot;:&quot;yes&quot;}\" data-widget_type=\"video.default\">\n\t\t\t\t<div class=\"elementor-widget-container\">\n\t\t\t\t\t\t\t<div class=\"e-hosted-video elementor-wrapper elementor-open-inline\">\n\t\t\t\t\t<video class=\"elementor-video\" src=\"https:\/\/ethifinance.com\/wp-content\/uploads\/2024\/07\/V2-Decouvrez-Ethifiance-avec-Bastien-Manager_1.mp4\" controls=\"\" preload=\"metadata\" controlsList=\"nodownload\" poster=\"https:\/\/ethifinance.com\/wp-content\/uploads\/2024\/07\/vlcsnap-00006.jpg\"><\/video>\n\t\t\t\t<\/div>\n\t\t\t\t\t\t<\/div>\n\t\t\t\t<\/div>\n\t\t\t\t\t<\/div>\n\t\t\t\t<\/div>\n\t\t\t\t\t<\/div>\n\t\t\t\t<\/div>\n\t\t\t\t\t<\/div>\n\t\t\t\t<\/div>\n\t\t<div class=\"elementor-element elementor-element-d67f987 e-flex e-con-boxed e-con e-parent\" data-id=\"d67f987\" data-element_type=\"container\" data-e-type=\"container\" data-settings=\"{&quot;background_background&quot;:&quot;classic&quot;}\">\n\t\t\t\t\t<div class=\"e-con-inner\">\n\t\t<div class=\"elementor-element elementor-element-d34bea4 e-con-full e-flex e-con e-child\" data-id=\"d34bea4\" data-element_type=\"container\" data-e-type=\"container\">\n\t\t<div class=\"elementor-element elementor-element-2cfda31 e-grid e-con-full e-con e-child\" data-id=\"2cfda31\" data-element_type=\"container\" data-e-type=\"container\">\n\t\t\t\t<div class=\"elementor-element elementor-element-914e606 elementor-cta--skin-classic elementor-animated-content elementor-bg-transform elementor-bg-transform-zoom-in elementor-widget elementor-widget-call-to-action\" data-id=\"914e606\" data-element_type=\"widget\" data-e-type=\"widget\" data-widget_type=\"call-to-action.default\">\n\t\t\t\t<div class=\"elementor-widget-container\">\n\t\t\t\t\t\t\t<div class=\"elementor-cta\">\n\t\t\t\t\t<div class=\"elementor-cta__bg-wrapper\">\n\t\t\t\t<div class=\"elementor-cta__bg elementor-bg\" style=\"background-image: url(https:\/\/www.ethifinance.com\/wp-content\/uploads\/2024\/05\/paris-in-spring-PARISHOTELS0618-ad2ae87061f34df49fd8ed8f5919f4c2-1024x640.jpg);\" role=\"img\" aria-label=\"paris-in-spring-PARISHOTELS0618-ad2ae87061f34df49fd8ed8f5919f4c2\"><\/div>\n\t\t\t\t<div class=\"elementor-cta__bg-overlay\"><\/div>\n\t\t\t<\/div>\n\t\t\t\t\t\t\t<div class=\"elementor-cta__content\">\n\t\t\t\t\n\t\t\t\t\t\t\t\t\t<h2 class=\"elementor-cta__title elementor-cta__content-item elementor-content-item\">\n\t\t\t\t\t\tFrancia\t\t\t\t\t<\/h2>\n\t\t\t\t\n\t\t\t\t\n\t\t\t\t\t\t\t\t\t<div class=\"elementor-cta__button-wrapper elementor-cta__content-item elementor-content-item \">\n\t\t\t\t\t<a class=\"elementor-cta__button elementor-button elementor-size-\" href=\"https:\/\/www.linkedin.com\/company\/ethifinance\/jobs\/\" target=\"_blank\">\n\t\t\t\t\t\tVer Posiciones Abiertas\t\t\t\t\t<\/a>\n\t\t\t\t\t<\/div>\n\t\t\t\t\t\t\t<\/div>\n\t\t\t\t\t\t<\/div>\n\t\t\t\t\t\t<\/div>\n\t\t\t\t<\/div>\n\t\t\t\t<div class=\"elementor-element elementor-element-327be5f elementor-cta--skin-classic elementor-animated-content elementor-bg-transform elementor-bg-transform-zoom-in elementor-widget elementor-widget-call-to-action\" data-id=\"327be5f\" data-element_type=\"widget\" data-e-type=\"widget\" data-widget_type=\"call-to-action.default\">\n\t\t\t\t<div class=\"elementor-widget-container\">\n\t\t\t\t\t\t\t<div class=\"elementor-cta\">\n\t\t\t\t\t<div class=\"elementor-cta__bg-wrapper\">\n\t\t\t\t<div class=\"elementor-cta__bg elementor-bg\" style=\"background-image: url(https:\/\/www.ethifinance.com\/wp-content\/uploads\/2024\/06\/madrid-768x512.webp);\" role=\"img\" aria-label=\"madrid\"><\/div>\n\t\t\t\t<div class=\"elementor-cta__bg-overlay\"><\/div>\n\t\t\t<\/div>\n\t\t\t\t\t\t\t<div class=\"elementor-cta__content\">\n\t\t\t\t\n\t\t\t\t\t\t\t\t\t<h2 class=\"elementor-cta__title elementor-cta__content-item elementor-content-item\">\n\t\t\t\t\t\tEspa\u00f1a\t\t\t\t\t<\/h2>\n\t\t\t\t\n\t\t\t\t\n\t\t\t\t\t\t\t\t\t<div class=\"elementor-cta__button-wrapper elementor-cta__content-item elementor-content-item \">\n\t\t\t\t\t<a class=\"elementor-cta__button elementor-button elementor-size-\" href=\"https:\/\/www.linkedin.com\/company\/ethifinance\/jobs\/\" target=\"_blank\">\n\t\t\t\t\t\tVer Posiciones Abiertas\t\t\t\t\t<\/a>\n\t\t\t\t\t<\/div>\n\t\t\t\t\t\t\t<\/div>\n\t\t\t\t\t\t<\/div>\n\t\t\t\t\t\t<\/div>\n\t\t\t\t<\/div>\n\t\t\t\t<div class=\"elementor-element elementor-element-dc461cf elementor-cta--skin-classic elementor-animated-content elementor-bg-transform elementor-bg-transform-zoom-in elementor-widget elementor-widget-call-to-action\" data-id=\"dc461cf\" data-element_type=\"widget\" data-e-type=\"widget\" data-widget_type=\"call-to-action.default\">\n\t\t\t\t<div class=\"elementor-widget-container\">\n\t\t\t\t\t\t\t<div class=\"elementor-cta\">\n\t\t\t\t\t<div class=\"elementor-cta__bg-wrapper\">\n\t\t\t\t<div class=\"elementor-cta__bg elementor-bg\" style=\"background-image: url(https:\/\/www.ethifinance.com\/wp-content\/uploads\/2024\/07\/image-768x432.png);\" role=\"img\" aria-label=\"image\"><\/div>\n\t\t\t\t<div class=\"elementor-cta__bg-overlay\"><\/div>\n\t\t\t<\/div>\n\t\t\t\t\t\t\t<div class=\"elementor-cta__content\">\n\t\t\t\t\n\t\t\t\t\t\t\t\t\t<h2 class=\"elementor-cta__title elementor-cta__content-item elementor-content-item\">\n\t\t\t\t\t\tAlemania\t\t\t\t\t<\/h2>\n\t\t\t\t\n\t\t\t\t\n\t\t\t\t\t\t\t\t\t<div class=\"elementor-cta__button-wrapper elementor-cta__content-item elementor-content-item \">\n\t\t\t\t\t<a class=\"elementor-cta__button elementor-button elementor-size-\" href=\"https:\/\/ethifinance.jobs.personio.de\/\" target=\"_blank\">\n\t\t\t\t\t\tVer Posiciones Abiertas\t\t\t\t\t<\/a>\n\t\t\t\t\t<\/div>\n\t\t\t\t\t\t\t<\/div>\n\t\t\t\t\t\t<\/div>\n\t\t\t\t\t\t<\/div>\n\t\t\t\t<\/div>\n\t\t\t\t<\/div>\n\t\t\t\t<\/div>\n\t\t\t\t\t<\/div>\n\t\t\t\t<\/div>\n\t\t\t\t<\/div>\n\t\t","protected":false},"excerpt":{"rendered":"<p>\u00danete al l\u00edder en finanzas sostenibles<\/p>\n","protected":false},"author":2,"featured_media":36828,"parent":0,"menu_order":0,"comment_status":"closed","ping_status":"closed","template":"elementor_header_footer","meta":{"_acf_changed":false,"footnotes":""},"class_list":["post-37406","page","type-page","status-publish","has-post-thumbnail","hentry"],"acf":[],"yoast_head":"<!-- This site is optimized with the Yoast SEO plugin v27.5 - https:\/\/yoast.com\/product\/yoast-seo-wordpress\/ -->\n<title>Tu carrera - EthiFinance<\/title>\n<meta name=\"robots\" content=\"index, follow, max-snippet:-1, max-image-preview:large, max-video-preview:-1\" \/>\n<link rel=\"canonical\" href=\"https:\/\/www.ethifinance.com\/es\/tu-carrera\/\" \/>\n<meta property=\"og:locale\" content=\"es_ES\" \/>\n<meta property=\"og:type\" content=\"article\" \/>\n<meta property=\"og:title\" content=\"Tu carrera - EthiFinance\" \/>\n<meta property=\"og:description\" content=\"\u00danete al l\u00edder en finanzas sostenibles\" \/>\n<meta property=\"og:url\" content=\"https:\/\/www.ethifinance.com\/es\/tu-carrera\/\" \/>\n<meta property=\"og:site_name\" content=\"EthiFinance\" \/>\n<meta property=\"article:modified_time\" content=\"2026-05-13T08:03:41+00:00\" \/>\n<meta property=\"og:image\" content=\"https:\/\/www.ethifinance.com\/wp-content\/uploads\/2024\/06\/A-city-landscape-with-buildings-in-between-trees-56328.jpg\" \/>\n\t<meta property=\"og:image:width\" content=\"1920\" \/>\n\t<meta property=\"og:image:height\" content=\"1097\" \/>\n\t<meta property=\"og:image:type\" content=\"image\/jpeg\" \/>\n<meta name=\"twitter:card\" content=\"summary_large_image\" \/>\n<meta name=\"twitter:label1\" content=\"Tiempo de lectura\" \/>\n\t<meta name=\"twitter:data1\" content=\"2 minutos\" \/>\n<script type=\"application\/ld+json\" class=\"yoast-schema-graph\">{\"@context\":\"https:\\\/\\\/schema.org\",\"@graph\":[{\"@type\":\"WebPage\",\"@id\":\"https:\\\/\\\/www.ethifinance.com\\\/es\\\/tu-carrera\\\/\",\"url\":\"https:\\\/\\\/www.ethifinance.com\\\/es\\\/tu-carrera\\\/\",\"name\":\"Tu carrera - EthiFinance\",\"isPartOf\":{\"@id\":\"https:\\\/\\\/www.ethifinance.com\\\/es\\\/#website\"},\"primaryImageOfPage\":{\"@id\":\"https:\\\/\\\/www.ethifinance.com\\\/es\\\/tu-carrera\\\/#primaryimage\"},\"image\":{\"@id\":\"https:\\\/\\\/www.ethifinance.com\\\/es\\\/tu-carrera\\\/#primaryimage\"},\"thumbnailUrl\":\"https:\\\/\\\/www.ethifinance.com\\\/wp-content\\\/uploads\\\/2024\\\/06\\\/A-city-landscape-with-buildings-in-between-trees-56328.jpg\",\"datePublished\":\"2024-05-23T15:09:19+00:00\",\"dateModified\":\"2026-05-13T08:03:41+00:00\",\"breadcrumb\":{\"@id\":\"https:\\\/\\\/www.ethifinance.com\\\/es\\\/tu-carrera\\\/#breadcrumb\"},\"inLanguage\":\"es\",\"potentialAction\":[{\"@type\":\"ReadAction\",\"target\":[\"https:\\\/\\\/www.ethifinance.com\\\/es\\\/tu-carrera\\\/\"]}]},{\"@type\":\"ImageObject\",\"inLanguage\":\"es\",\"@id\":\"https:\\\/\\\/www.ethifinance.com\\\/es\\\/tu-carrera\\\/#primaryimage\",\"url\":\"https:\\\/\\\/www.ethifinance.com\\\/wp-content\\\/uploads\\\/2024\\\/06\\\/A-city-landscape-with-buildings-in-between-trees-56328.jpg\",\"contentUrl\":\"https:\\\/\\\/www.ethifinance.com\\\/wp-content\\\/uploads\\\/2024\\\/06\\\/A-city-landscape-with-buildings-in-between-trees-56328.jpg\",\"width\":1920,\"height\":1097},{\"@type\":\"BreadcrumbList\",\"@id\":\"https:\\\/\\\/www.ethifinance.com\\\/es\\\/tu-carrera\\\/#breadcrumb\",\"itemListElement\":[{\"@type\":\"ListItem\",\"position\":1,\"name\":\"Accueil\",\"item\":\"https:\\\/\\\/www.ethifinance.com\\\/es\\\/hogar\\\/\"},{\"@type\":\"ListItem\",\"position\":2,\"name\":\"Tu carrera\"}]},{\"@type\":\"WebSite\",\"@id\":\"https:\\\/\\\/www.ethifinance.com\\\/es\\\/#website\",\"url\":\"https:\\\/\\\/www.ethifinance.com\\\/es\\\/\",\"name\":\"Ethifinance\",\"description\":\"\",\"publisher\":{\"@id\":\"https:\\\/\\\/www.ethifinance.com\\\/es\\\/#organization\"},\"potentialAction\":[{\"@type\":\"SearchAction\",\"target\":{\"@type\":\"EntryPoint\",\"urlTemplate\":\"https:\\\/\\\/www.ethifinance.com\\\/es\\\/?s={search_term_string}\"},\"query-input\":{\"@type\":\"PropertyValueSpecification\",\"valueRequired\":true,\"valueName\":\"search_term_string\"}}],\"inLanguage\":\"es\"},{\"@type\":\"Organization\",\"@id\":\"https:\\\/\\\/www.ethifinance.com\\\/es\\\/#organization\",\"name\":\"Ethifinance\",\"url\":\"https:\\\/\\\/www.ethifinance.com\\\/es\\\/\",\"logo\":{\"@type\":\"ImageObject\",\"inLanguage\":\"es\",\"@id\":\"https:\\\/\\\/www.ethifinance.com\\\/es\\\/#\\\/schema\\\/logo\\\/image\\\/\",\"url\":\"https:\\\/\\\/www.ethifinance.com\\\/wp-content\\\/uploads\\\/2024\\\/05\\\/Logo_simplified_green_by_altay-01-01.png\",\"contentUrl\":\"https:\\\/\\\/www.ethifinance.com\\\/wp-content\\\/uploads\\\/2024\\\/05\\\/Logo_simplified_green_by_altay-01-01.png\",\"width\":433,\"height\":74,\"caption\":\"Ethifinance\"},\"image\":{\"@id\":\"https:\\\/\\\/www.ethifinance.com\\\/es\\\/#\\\/schema\\\/logo\\\/image\\\/\"},\"sameAs\":[\"https:\\\/\\\/www.linkedin.com\\\/company\\\/ethifinance\\\/\",\"https:\\\/\\\/www.youtube.com\\\/@ethifinance_EU\"]}]}<\/script>\n<!-- \/ Yoast SEO plugin. -->","yoast_head_json":{"title":"Tu carrera - EthiFinance","robots":{"index":"index","follow":"follow","max-snippet":"max-snippet:-1","max-image-preview":"max-image-preview:large","max-video-preview":"max-video-preview:-1"},"canonical":"https:\/\/www.ethifinance.com\/es\/tu-carrera\/","og_locale":"es_ES","og_type":"article","og_title":"Tu carrera - EthiFinance","og_description":"\u00danete al l\u00edder en finanzas sostenibles","og_url":"https:\/\/www.ethifinance.com\/es\/tu-carrera\/","og_site_name":"EthiFinance","article_modified_time":"2026-05-13T08:03:41+00:00","og_image":[{"width":1920,"height":1097,"url":"https:\/\/www.ethifinance.com\/wp-content\/uploads\/2024\/06\/A-city-landscape-with-buildings-in-between-trees-56328.jpg","type":"image\/jpeg"}],"twitter_card":"summary_large_image","twitter_misc":{"Tiempo de lectura":"2 minutos"},"schema":{"@context":"https:\/\/schema.org","@graph":[{"@type":"WebPage","@id":"https:\/\/www.ethifinance.com\/es\/tu-carrera\/","url":"https:\/\/www.ethifinance.com\/es\/tu-carrera\/","name":"Tu carrera - EthiFinance","isPartOf":{"@id":"https:\/\/www.ethifinance.com\/es\/#website"},"primaryImageOfPage":{"@id":"https:\/\/www.ethifinance.com\/es\/tu-carrera\/#primaryimage"},"image":{"@id":"https:\/\/www.ethifinance.com\/es\/tu-carrera\/#primaryimage"},"thumbnailUrl":"https:\/\/www.ethifinance.com\/wp-content\/uploads\/2024\/06\/A-city-landscape-with-buildings-in-between-trees-56328.jpg","datePublished":"2024-05-23T15:09:19+00:00","dateModified":"2026-05-13T08:03:41+00:00","breadcrumb":{"@id":"https:\/\/www.ethifinance.com\/es\/tu-carrera\/#breadcrumb"},"inLanguage":"es","potentialAction":[{"@type":"ReadAction","target":["https:\/\/www.ethifinance.com\/es\/tu-carrera\/"]}]},{"@type":"ImageObject","inLanguage":"es","@id":"https:\/\/www.ethifinance.com\/es\/tu-carrera\/#primaryimage","url":"https:\/\/www.ethifinance.com\/wp-content\/uploads\/2024\/06\/A-city-landscape-with-buildings-in-between-trees-56328.jpg","contentUrl":"https:\/\/www.ethifinance.com\/wp-content\/uploads\/2024\/06\/A-city-landscape-with-buildings-in-between-trees-56328.jpg","width":1920,"height":1097},{"@type":"BreadcrumbList","@id":"https:\/\/www.ethifinance.com\/es\/tu-carrera\/#breadcrumb","itemListElement":[{"@type":"ListItem","position":1,"name":"Accueil","item":"https:\/\/www.ethifinance.com\/es\/hogar\/"},{"@type":"ListItem","position":2,"name":"Tu carrera"}]},{"@type":"WebSite","@id":"https:\/\/www.ethifinance.com\/es\/#website","url":"https:\/\/www.ethifinance.com\/es\/","name":"Ethifinance","description":"","publisher":{"@id":"https:\/\/www.ethifinance.com\/es\/#organization"},"potentialAction":[{"@type":"SearchAction","target":{"@type":"EntryPoint","urlTemplate":"https:\/\/www.ethifinance.com\/es\/?s={search_term_string}"},"query-input":{"@type":"PropertyValueSpecification","valueRequired":true,"valueName":"search_term_string"}}],"inLanguage":"es"},{"@type":"Organization","@id":"https:\/\/www.ethifinance.com\/es\/#organization","name":"Ethifinance","url":"https:\/\/www.ethifinance.com\/es\/","logo":{"@type":"ImageObject","inLanguage":"es","@id":"https:\/\/www.ethifinance.com\/es\/#\/schema\/logo\/image\/","url":"https:\/\/www.ethifinance.com\/wp-content\/uploads\/2024\/05\/Logo_simplified_green_by_altay-01-01.png","contentUrl":"https:\/\/www.ethifinance.com\/wp-content\/uploads\/2024\/05\/Logo_simplified_green_by_altay-01-01.png","width":433,"height":74,"caption":"Ethifinance"},"image":{"@id":"https:\/\/www.ethifinance.com\/es\/#\/schema\/logo\/image\/"},"sameAs":["https:\/\/www.linkedin.com\/company\/ethifinance\/","https:\/\/www.youtube.com\/@ethifinance_EU"]}]}},"_links":{"self":[{"href":"https:\/\/www.ethifinance.com\/es\/wp-json\/wp\/v2\/pages\/37406","targetHints":{"allow":["GET"]}}],"collection":[{"href":"https:\/\/www.ethifinance.com\/es\/wp-json\/wp\/v2\/pages"}],"about":[{"href":"https:\/\/www.ethifinance.com\/es\/wp-json\/wp\/v2\/types\/page"}],"author":[{"embeddable":true,"href":"https:\/\/www.ethifinance.com\/es\/wp-json\/wp\/v2\/users\/2"}],"replies":[{"embeddable":true,"href":"https:\/\/www.ethifinance.com\/es\/wp-json\/wp\/v2\/comments?post=37406"}],"version-history":[{"count":5,"href":"https:\/\/www.ethifinance.com\/es\/wp-json\/wp\/v2\/pages\/37406\/revisions"}],"predecessor-version":[{"id":49997,"href":"https:\/\/www.ethifinance.com\/es\/wp-json\/wp\/v2\/pages\/37406\/revisions\/49997"}],"wp:featuredmedia":[{"embeddable":true,"href":"https:\/\/www.ethifinance.com\/es\/wp-json\/wp\/v2\/media\/36828"}],"wp:attachment":[{"href":"https:\/\/www.ethifinance.com\/es\/wp-json\/wp\/v2\/media?parent=37406"}],"curies":[{"name":"wp","href":"https:\/\/api.w.org\/{rel}","templated":true}]}}