{"id":37784,"date":"2024-05-28T14:34:24","date_gmt":"2024-05-28T12:34:24","guid":{"rendered":"https:\/\/prod.altaydagistan.com\/politica-de-calidad\/"},"modified":"2026-04-13T23:18:19","modified_gmt":"2026-04-13T21:18:19","slug":"politica-de-calidad","status":"publish","type":"page","link":"https:\/\/www.ethifinance.com\/es\/politica-de-calidad\/","title":{"rendered":"Pol\u00edtica de Calidad"},"content":{"rendered":"\t\t<div data-elementor-type=\"wp-page\" data-elementor-id=\"37784\" class=\"elementor elementor-37784 elementor-30330\" data-elementor-post-type=\"page\">\n\t\t\t\t<div class=\"elementor-element elementor-element-ad50a94 e-flex e-con-boxed e-con e-parent\" data-id=\"ad50a94\" data-element_type=\"container\" data-e-type=\"container\">\n\t\t\t\t\t<div class=\"e-con-inner\">\n\t\t\t\t<div class=\"elementor-element elementor-element-0528d28 elementor-widget elementor-widget-shortcode\" data-id=\"0528d28\" data-element_type=\"widget\" data-e-type=\"widget\" data-widget_type=\"shortcode.default\">\n\t\t\t\t<div class=\"elementor-widget-container\">\n\t\t\t\t\t\t\t<div class=\"elementor-shortcode\">\t\t<div data-elementor-type=\"container\" data-elementor-id=\"37684\" class=\"elementor elementor-37684 elementor-29413 elementor-29413\" data-elementor-post-type=\"elementor_library\">\n\t\t\t\t<div class=\"elementor-element elementor-element-7d4c768a e-con-full e-flex e-con e-parent\" data-id=\"7d4c768a\" data-element_type=\"container\" data-e-type=\"container\" data-settings=\"{&quot;background_background&quot;:&quot;classic&quot;}\">\n\t\t<div class=\"elementor-element elementor-element-e9a1c69 e-flex e-con-boxed e-con e-child\" data-id=\"e9a1c69\" data-element_type=\"container\" data-e-type=\"container\">\n\t\t\t\t\t<div class=\"e-con-inner\">\n\t\t\t\t\t<\/div>\n\t\t\t\t<\/div>\n\t\t\t\t<\/div>\n\t\t\t\t<\/div>\n\t\t<\/div>\n\t\t\t\t\t\t<\/div>\n\t\t\t\t<\/div>\n\t\t\t\t\t<\/div>\n\t\t\t\t<\/div>\n\t\t<div class=\"elementor-element elementor-element-97d5658 e-flex e-con-boxed e-con e-parent\" data-id=\"97d5658\" data-element_type=\"container\" data-e-type=\"container\" data-settings=\"{&quot;background_background&quot;:&quot;classic&quot;}\">\n\t\t\t\t\t<div class=\"e-con-inner\">\n\t\t<div class=\"elementor-element elementor-element-84eac55 e-flex e-con-boxed e-con e-child\" data-id=\"84eac55\" data-element_type=\"container\" data-e-type=\"container\">\n\t\t\t\t\t<div class=\"e-con-inner\">\n\t\t<div class=\"elementor-element elementor-element-c3f42da e-con-full e-flex e-con e-child\" data-id=\"c3f42da\" data-element_type=\"container\" data-e-type=\"container\">\n\t\t\t\t<div class=\"elementor-element elementor-element-7263789 elementor-widget elementor-widget-heading\" data-id=\"7263789\" data-element_type=\"widget\" data-e-type=\"widget\" data-widget_type=\"heading.default\">\n\t\t\t\t<div class=\"elementor-widget-container\">\n\t\t\t\t\t<h3 class=\"elementor-heading-title elementor-size-default\">Pol\u00edtica de calidad de EthiFinance Ratings\n<\/h3>\t\t\t\t<\/div>\n\t\t\t\t<\/div>\n\t\t\t\t<div class=\"elementor-element elementor-element-9e42f5b elementor-widget elementor-widget-text-editor\" data-id=\"9e42f5b\" data-element_type=\"widget\" data-e-type=\"widget\" data-widget_type=\"text-editor.default\">\n\t\t\t\t<div class=\"elementor-widget-container\">\n\t\t\t\t\t\t\t\t\t<h5>La Pol\u00edtica de Calidad definida por EthiFinance Ratings es la siguiente:<\/h5><p>EthiFinance Ratings es una empresa de servicios cuyo principal objetivo es:<\/p><ul><li>\u00a0Expresar, mediante la emisi\u00f3n de calificaciones a escala europea, una opini\u00f3n crediticia independiente sobre la capacidad de una instituci\u00f3n para cumplir plenamente sus obligaciones financieras en el momento oportuno, permitiendo el acceso a nuevas fuentes de financiaci\u00f3n.<\/li><\/ul><ul><li>EthiFinance Ratings goza de una s\u00f3lida reputaci\u00f3n en su sector gracias a sus conocimientos anal\u00edticos, su continua innovaci\u00f3n metodol\u00f3gica y su orientaci\u00f3n al cliente.<\/li><\/ul><p>\u00a0<\/p><p>La pol\u00edtica de calidad de EthiFinance Ratings se basa en los siguientes puntos:<\/p><ol><li>Satisfacci\u00f3n del cliente<\/li><li>Competencia de nuestros analistas<\/li><li>Calidad de nuestros productos<\/li><li>Fiabilidad de nuestros procesos<\/li><li>Mejora continua<\/li><\/ol><p><span data-ccp-props=\"{&quot;201341983&quot;:0,&quot;335559685&quot;:720,&quot;335559739&quot;:160,&quot;335559740&quot;:279}\">\u00a0<\/span><\/p><h5>1. EthiFinance Ratings es una organizaci\u00f3n orientada al cliente<\/h5><p>El Sistema de Gesti\u00f3n de la Calidad establece mecanismos para mantenerse constantemente al d\u00eda de las necesidades de los clientes mediante:<\/p><ul><li>El cumplimiento de los acuerdos contractuales.<\/li><li>La tramitaci\u00f3n de solicitudes de clientes o clientes potenciales en relaci\u00f3n con los productos o servicios ofrecidos.<\/li><li>El an\u00e1lisis de las quejas presentadas.<\/li><li>As\u00ed como el an\u00e1lisis de los resultados de satisfacci\u00f3n de los clientes.<\/li><li>Estas fuentes nos permiten mejorar y aplicar medidas correctoras a nuestros productos y servicios de forma continua.<\/li><\/ul>\t\t\t\t\t\t\t\t<\/div>\n\t\t\t\t<\/div>\n\t\t\t\t<div class=\"elementor-element elementor-element-38a6f07 elementor-widget elementor-widget-text-editor\" data-id=\"38a6f07\" data-element_type=\"widget\" data-e-type=\"widget\" data-widget_type=\"text-editor.default\">\n\t\t\t\t<div class=\"elementor-widget-container\">\n\t\t\t\t\t\t\t\t\t<div class=\"elementor-element elementor-element-38a6f07 elementor-widget elementor-widget-text-editor\" data-id=\"38a6f07\" data-element_type=\"widget\" data-widget_type=\"text-editor.default\"><div class=\"elementor-widget-container\"><div class=\"elementor-element elementor-element-38a6f07 elementor-widget elementor-widget-text-editor\" data-id=\"38a6f07\" data-element_type=\"widget\" data-widget_type=\"text-editor.default\"><div class=\"elementor-widget-container\"><h5>2. La competencia del personal de EthiFinance Ratings es prioritaria.<\/h5><p><span data-ccp-props=\"{&quot;201341983&quot;:0,&quot;335559739&quot;:160,&quot;335559740&quot;:279}\">EthiFinance Ratings aims to have a team of highly competent and motivated professionals, to carry out its ratings activity and service its clients satisfactorily. In order to achieve this aim,EthiFinance Ratings has the following tools at its disposal:<\/span><\/p><ul><li data-leveltext=\"\uf0b7\" data-font=\"Symbol\" data-listid=\"3\" data-list-defn-props=\"{&quot;335552541&quot;:1,&quot;335559685&quot;:720,&quot;335559991&quot;:360,&quot;469769226&quot;:&quot;Symbol&quot;,&quot;469769242&quot;:[8226],&quot;469777803&quot;:&quot;left&quot;,&quot;469777804&quot;:&quot;\uf0b7&quot;,&quot;469777815&quot;:&quot;hybridMultilevel&quot;}\" aria-setsize=\"-1\" data-aria-posinset=\"1\" data-aria-level=\"1\">Una definici\u00f3n permanentemente actualizada de los distintos puestos de trabajo de la empresa y sus requisitos.<\/li><li data-leveltext=\"\uf0b7\" data-font=\"Symbol\" data-listid=\"3\" data-list-defn-props=\"{&quot;335552541&quot;:1,&quot;335559685&quot;:720,&quot;335559991&quot;:360,&quot;469769226&quot;:&quot;Symbol&quot;,&quot;469769242&quot;:[8226],&quot;469777803&quot;:&quot;left&quot;,&quot;469777804&quot;:&quot;\uf0b7&quot;,&quot;469777815&quot;:&quot;hybridMultilevel&quot;}\" aria-setsize=\"-1\" data-aria-posinset=\"1\" data-aria-level=\"1\">Una descripci\u00f3n exhaustiva del perfil de cada funci\u00f3n.<\/li><li data-leveltext=\"\uf0b7\" data-font=\"Symbol\" data-listid=\"3\" data-list-defn-props=\"{&quot;335552541&quot;:1,&quot;335559685&quot;:720,&quot;335559991&quot;:360,&quot;469769226&quot;:&quot;Symbol&quot;,&quot;469769242&quot;:[8226],&quot;469777803&quot;:&quot;left&quot;,&quot;469777804&quot;:&quot;\uf0b7&quot;,&quot;469777815&quot;:&quot;hybridMultilevel&quot;}\" aria-setsize=\"-1\" data-aria-posinset=\"1\" data-aria-level=\"1\">Un plan de formaci\u00f3n que permita a cada empleado desempe\u00f1ar su funci\u00f3n laboral adquiriendo los conocimientos necesarios de forma continua.<\/li><li data-leveltext=\"\uf0b7\" data-font=\"Symbol\" data-listid=\"3\" data-list-defn-props=\"{&quot;335552541&quot;:1,&quot;335559685&quot;:720,&quot;335559991&quot;:360,&quot;469769226&quot;:&quot;Symbol&quot;,&quot;469769242&quot;:[8226],&quot;469777803&quot;:&quot;left&quot;,&quot;469777804&quot;:&quot;\uf0b7&quot;,&quot;469777815&quot;:&quot;hybridMultilevel&quot;}\" aria-setsize=\"-1\" data-aria-posinset=\"1\" data-aria-level=\"1\">Una atenci\u00f3n constante a la promoci\u00f3n interna, dando prioridad a ofrecer nuevos puestos de trabajo, a medida que se crean, a los empleados de EthiFinance Ratings antes de contratar personal externo.<\/li><\/ul><\/div><\/div><div class=\"elementor-element elementor-element-1f83cab elementor-widget elementor-widget-text-editor\" data-id=\"1f83cab\" data-element_type=\"widget\" data-widget_type=\"text-editor.default\"><div class=\"elementor-widget-container\"><h5>3. La calidad de sus productos<\/h5><p>EthiFinance Ratings se centra en ofrecer a sus clientes productos y servicios que incorporen informaci\u00f3n actualizada y completa.<\/p><p>Y, como agencia de doble materialidad, se esfuerza continuamente por incluir factores ESG en las distintas metodolog\u00edas de calificaci\u00f3n.<\/p><\/div><\/div><div class=\"elementor-element elementor-element-e299da4 elementor-widget elementor-widget-text-editor\" data-id=\"e299da4\" data-element_type=\"widget\" data-widget_type=\"text-editor.default\"><div class=\"elementor-widget-container\"><h5><span data-ccp-props=\"{&quot;201341983&quot;:0,&quot;335559739&quot;:160,&quot;335559740&quot;:279}\">\u00a0<\/span>4. El valor de nuestros procesos<\/h5><p>EthiFinance Ratings es una organizaci\u00f3n centrada en la calidad y eficacia de los productos que ofrece a sus clientes (por ejemplo, profesionalidad de los empleados, accesibilidad, seguridad y resistencia de sus sistemas inform\u00e1ticos, etc.).<\/p><p>Todos los procesos internos de EthiFinance Ratings se aplican y organizan centr\u00e1ndose en la eficiencia de los procesos individuales y globales. Comprender y gestionar los procesos interrelacionados contribuye a la eficacia de EFR a la hora de lograr los resultados previstos. Este enfoque permite a EFR controlar las interrelaciones e interdependencias entre los procesos del sistema, de modo que pueda mejorarse el rendimiento global de la organizaci\u00f3n.<\/p><p>Esta atenci\u00f3n constante a la calidad y la integridad de los distintos procesos respalda la pol\u00edtica de calidad de EthiFinance Ratings.<\/p><\/div><\/div><div class=\"elementor-element elementor-element-e9003e8 elementor-widget elementor-widget-text-editor\" data-id=\"e9003e8\" data-element_type=\"widget\" data-widget_type=\"text-editor.default\"><div class=\"elementor-widget-container\"><h5>5. Mejora continua<\/h5><p>EthiFinance Ratings es una organizaci\u00f3n din\u00e1mica en un entorno cambiante. La legislaci\u00f3n vigente, las condiciones del mercado, la evoluci\u00f3n de las necesidades de todas las partes interesadas y la tecnolog\u00eda son elementos cambiantes que obligan a EthiFinance Ratings a adaptarse constantemente y a reevaluar sus operaciones.<\/p><p>En su empe\u00f1o por ofrecer los mejores y m\u00e1s actualizados productos y servicios, EthiFinance Ratings mejora constantemente su Sistema de Gesti\u00f3n de la Calidad.<\/p><p>Para cumplir con todo lo anterior, la direcci\u00f3n de EthiFinance Ratings ha decidido implantar un Sistema de Gesti\u00f3n de Calidad conforme a los requisitos de la norma ISO 9001.<\/p><p>\u00a0<\/p><p><b>Esta Pol\u00edtica de Calidad de EthiFinance Ratings es establecida por la Direcci\u00f3n, asegurando que:<\/b><\/p><ul><li>Se calibra en funci\u00f3n de la finalidad y el contexto de la organizaci\u00f3n.<\/li><li>Incluye el compromiso de cumplir todos los requisitos internos y legales aplicables, as\u00ed como centrarse en la mejora continua.<\/li><li>Proporciona un marco para fijar y revisar los objetivos de calidad.<\/li><li>Se comunica a todos los niveles de la organizaci\u00f3n y a todas las partes interesadas mediante su difusi\u00f3n en el sitio web www.ethifinance.com.<\/li><li>Se revisa peri\u00f3dicamente para garantizar su adecuaci\u00f3n permanente.<\/li><\/ul><\/div><\/div><\/div><\/div>\t\t\t\t\t\t\t\t<\/div>\n\t\t\t\t<\/div>\n\t\t\t\t<\/div>\n\t\t<div class=\"elementor-element elementor-element-969c699 e-con-full e-flex e-con e-child\" data-id=\"969c699\" data-element_type=\"container\" data-e-type=\"container\">\n\t\t<div class=\"elementor-element elementor-element-3fabca3 e-flex e-con-boxed e-con e-child\" data-id=\"3fabca3\" data-element_type=\"container\" data-e-type=\"container\">\n\t\t\t\t\t<div class=\"e-con-inner\">\n\t\t\t\t<div class=\"elementor-element elementor-element-c2fc84d elementor-widget elementor-widget-text-editor\" data-id=\"c2fc84d\" data-element_type=\"widget\" data-e-type=\"widget\" data-widget_type=\"text-editor.default\">\n\t\t\t\t<div class=\"elementor-widget-container\">\n\t\t\t\t\t\t\t\t\t<p>ISO 9001:2015 Certificate<\/p>\t\t\t\t\t\t\t\t<\/div>\n\t\t\t\t<\/div>\n\t\t\t\t<div class=\"elementor-element elementor-element-1ce4312 elementor-align-center elementor-widget elementor-widget-button\" data-id=\"1ce4312\" data-element_type=\"widget\" data-e-type=\"widget\" data-widget_type=\"button.default\">\n\t\t\t\t<div class=\"elementor-widget-container\">\n\t\t\t\t\t\t\t\t\t<div class=\"elementor-button-wrapper\">\n\t\t\t\t\t<a class=\"elementor-button elementor-button-link elementor-size-sm\" href=\"https:\/\/www.ethifinance.com\/es\/efr_iso_9001_certificates_2025\/\" target=\"_blank\">\n\t\t\t\t\t\t<span class=\"elementor-button-content-wrapper\">\n\t\t\t\t\t\t\t\t\t<span class=\"elementor-button-text\">Download ISO 9001:2015 Certificate<\/span>\n\t\t\t\t\t<\/span>\n\t\t\t\t\t<\/a>\n\t\t\t\t<\/div>\n\t\t\t\t\t\t\t\t<\/div>\n\t\t\t\t<\/div>\n\t\t\t\t\t<\/div>\n\t\t\t\t<\/div>\n\t\t\t\t<div class=\"elementor-element elementor-element-a0ccef5 elementor-widget elementor-widget-image\" data-id=\"a0ccef5\" data-element_type=\"widget\" data-e-type=\"widget\" data-widget_type=\"image.default\">\n\t\t\t\t<div class=\"elementor-widget-container\">\n\t\t\t\t\t\t\t\t\t\t\t\t\t\t\t<img fetchpriority=\"high\" decoding=\"async\" width=\"640\" height=\"853\" src=\"https:\/\/www.ethifinance.com\/wp-content\/uploads\/2024\/06\/kees-streefkerk-Adl90-aXYwA-unsplash.jpg\" class=\"attachment-medium_large size-medium_large wp-image-36984\" alt=\"\" srcset=\"https:\/\/www.ethifinance.com\/wp-content\/uploads\/2024\/06\/kees-streefkerk-Adl90-aXYwA-unsplash.jpg 640w, https:\/\/www.ethifinance.com\/wp-content\/uploads\/2024\/06\/kees-streefkerk-Adl90-aXYwA-unsplash-225x300.jpg 225w, https:\/\/www.ethifinance.com\/wp-content\/uploads\/2024\/06\/kees-streefkerk-Adl90-aXYwA-unsplash-9x12.jpg 9w\" sizes=\"(max-width: 640px) 100vw, 640px\" \/>\t\t\t\t\t\t\t\t\t\t\t\t\t\t\t<\/div>\n\t\t\t\t<\/div>\n\t\t\t\t<\/div>\n\t\t\t\t\t<\/div>\n\t\t\t\t<\/div>\n\t\t\t\t\t<\/div>\n\t\t\t\t<\/div>\n\t\t\t\t<\/div>\n\t\t","protected":false},"excerpt":{"rendered":"<p>Pol\u00edtica de calidad de EthiFinance Ratings La Pol\u00edtica de Calidad definida por EthiFinance Ratings es la siguiente: EthiFinance Ratings es una empresa de servicios cuyo principal objetivo es: \u00a0Expresar, mediante la emisi\u00f3n de calificaciones a escala europea, una opini\u00f3n crediticia independiente sobre la capacidad de una instituci\u00f3n para cumplir plenamente sus obligaciones financieras en el [&hellip;]<\/p>\n","protected":false},"author":2,"featured_media":36933,"parent":0,"menu_order":0,"comment_status":"closed","ping_status":"closed","template":"","meta":{"_acf_changed":false,"footnotes":""},"class_list":["post-37784","page","type-page","status-publish","has-post-thumbnail","hentry"],"acf":[],"yoast_head":"<!-- This site is optimized with the Yoast SEO plugin v27.5 - https:\/\/yoast.com\/product\/yoast-seo-wordpress\/ -->\n<title>Pol\u00edtica de Calidad - EthiFinance<\/title>\n<meta name=\"robots\" content=\"index, follow, max-snippet:-1, max-image-preview:large, max-video-preview:-1\" \/>\n<link rel=\"canonical\" href=\"https:\/\/www.ethifinance.com\/es\/politica-de-calidad\/\" \/>\n<meta property=\"og:locale\" content=\"es_ES\" \/>\n<meta property=\"og:type\" content=\"article\" \/>\n<meta property=\"og:title\" content=\"Pol\u00edtica de Calidad - EthiFinance\" \/>\n<meta property=\"og:description\" content=\"Pol\u00edtica de calidad de EthiFinance Ratings La Pol\u00edtica de Calidad definida por EthiFinance Ratings es la siguiente: EthiFinance Ratings es una empresa de servicios cuyo principal objetivo es: \u00a0Expresar, mediante la emisi\u00f3n de calificaciones a escala europea, una opini\u00f3n crediticia independiente sobre la capacidad de una instituci\u00f3n para cumplir plenamente sus obligaciones financieras en el [&hellip;]\" \/>\n<meta property=\"og:url\" content=\"https:\/\/www.ethifinance.com\/es\/politica-de-calidad\/\" \/>\n<meta property=\"og:site_name\" content=\"EthiFinance\" \/>\n<meta property=\"article:modified_time\" content=\"2026-04-13T21:18:19+00:00\" \/>\n<meta property=\"og:image\" content=\"https:\/\/www.ethifinance.com\/wp-content\/uploads\/2024\/06\/Top-view-of-5-sea-stars-lying-on-the-ground-in-a-line-at-the-beach-sand-on-an-ocean-shore-61-scaled.jpg\" \/>\n\t<meta property=\"og:image:width\" content=\"1920\" \/>\n\t<meta property=\"og:image:height\" content=\"1097\" \/>\n\t<meta property=\"og:image:type\" content=\"image\/jpeg\" \/>\n<meta name=\"twitter:card\" content=\"summary_large_image\" \/>\n<meta name=\"twitter:label1\" content=\"Tiempo de lectura\" \/>\n\t<meta name=\"twitter:data1\" content=\"8 minutos\" \/>\n<script type=\"application\/ld+json\" class=\"yoast-schema-graph\">{\"@context\":\"https:\\\/\\\/schema.org\",\"@graph\":[{\"@type\":\"WebPage\",\"@id\":\"https:\\\/\\\/www.ethifinance.com\\\/es\\\/politica-de-calidad\\\/\",\"url\":\"https:\\\/\\\/www.ethifinance.com\\\/es\\\/politica-de-calidad\\\/\",\"name\":\"Pol\u00edtica de Calidad - EthiFinance\",\"isPartOf\":{\"@id\":\"https:\\\/\\\/www.ethifinance.com\\\/es\\\/#website\"},\"primaryImageOfPage\":{\"@id\":\"https:\\\/\\\/www.ethifinance.com\\\/es\\\/politica-de-calidad\\\/#primaryimage\"},\"image\":{\"@id\":\"https:\\\/\\\/www.ethifinance.com\\\/es\\\/politica-de-calidad\\\/#primaryimage\"},\"thumbnailUrl\":\"https:\\\/\\\/www.ethifinance.com\\\/wp-content\\\/uploads\\\/2024\\\/06\\\/Top-view-of-5-sea-stars-lying-on-the-ground-in-a-line-at-the-beach-sand-on-an-ocean-shore-61-scaled.jpg\",\"datePublished\":\"2024-05-28T12:34:24+00:00\",\"dateModified\":\"2026-04-13T21:18:19+00:00\",\"breadcrumb\":{\"@id\":\"https:\\\/\\\/www.ethifinance.com\\\/es\\\/politica-de-calidad\\\/#breadcrumb\"},\"inLanguage\":\"es\",\"potentialAction\":[{\"@type\":\"ReadAction\",\"target\":[\"https:\\\/\\\/www.ethifinance.com\\\/es\\\/politica-de-calidad\\\/\"]}]},{\"@type\":\"ImageObject\",\"inLanguage\":\"es\",\"@id\":\"https:\\\/\\\/www.ethifinance.com\\\/es\\\/politica-de-calidad\\\/#primaryimage\",\"url\":\"https:\\\/\\\/www.ethifinance.com\\\/wp-content\\\/uploads\\\/2024\\\/06\\\/Top-view-of-5-sea-stars-lying-on-the-ground-in-a-line-at-the-beach-sand-on-an-ocean-shore-61-scaled.jpg\",\"contentUrl\":\"https:\\\/\\\/www.ethifinance.com\\\/wp-content\\\/uploads\\\/2024\\\/06\\\/Top-view-of-5-sea-stars-lying-on-the-ground-in-a-line-at-the-beach-sand-on-an-ocean-shore-61-scaled.jpg\",\"width\":1920,\"height\":1097},{\"@type\":\"BreadcrumbList\",\"@id\":\"https:\\\/\\\/www.ethifinance.com\\\/es\\\/politica-de-calidad\\\/#breadcrumb\",\"itemListElement\":[{\"@type\":\"ListItem\",\"position\":1,\"name\":\"Accueil\",\"item\":\"https:\\\/\\\/www.ethifinance.com\\\/es\\\/hogar\\\/\"},{\"@type\":\"ListItem\",\"position\":2,\"name\":\"Pol\u00edtica de Calidad\"}]},{\"@type\":\"WebSite\",\"@id\":\"https:\\\/\\\/www.ethifinance.com\\\/es\\\/#website\",\"url\":\"https:\\\/\\\/www.ethifinance.com\\\/es\\\/\",\"name\":\"Ethifinance\",\"description\":\"\",\"publisher\":{\"@id\":\"https:\\\/\\\/www.ethifinance.com\\\/es\\\/#organization\"},\"potentialAction\":[{\"@type\":\"SearchAction\",\"target\":{\"@type\":\"EntryPoint\",\"urlTemplate\":\"https:\\\/\\\/www.ethifinance.com\\\/es\\\/?s={search_term_string}\"},\"query-input\":{\"@type\":\"PropertyValueSpecification\",\"valueRequired\":true,\"valueName\":\"search_term_string\"}}],\"inLanguage\":\"es\"},{\"@type\":\"Organization\",\"@id\":\"https:\\\/\\\/www.ethifinance.com\\\/es\\\/#organization\",\"name\":\"Ethifinance\",\"url\":\"https:\\\/\\\/www.ethifinance.com\\\/es\\\/\",\"logo\":{\"@type\":\"ImageObject\",\"inLanguage\":\"es\",\"@id\":\"https:\\\/\\\/www.ethifinance.com\\\/es\\\/#\\\/schema\\\/logo\\\/image\\\/\",\"url\":\"https:\\\/\\\/www.ethifinance.com\\\/wp-content\\\/uploads\\\/2024\\\/05\\\/Logo_simplified_green_by_altay-01-01.png\",\"contentUrl\":\"https:\\\/\\\/www.ethifinance.com\\\/wp-content\\\/uploads\\\/2024\\\/05\\\/Logo_simplified_green_by_altay-01-01.png\",\"width\":433,\"height\":74,\"caption\":\"Ethifinance\"},\"image\":{\"@id\":\"https:\\\/\\\/www.ethifinance.com\\\/es\\\/#\\\/schema\\\/logo\\\/image\\\/\"},\"sameAs\":[\"https:\\\/\\\/www.linkedin.com\\\/company\\\/ethifinance\\\/\",\"https:\\\/\\\/www.youtube.com\\\/@ethifinance_EU\"]}]}<\/script>\n<!-- \/ Yoast SEO plugin. -->","yoast_head_json":{"title":"Pol\u00edtica de Calidad - EthiFinance","robots":{"index":"index","follow":"follow","max-snippet":"max-snippet:-1","max-image-preview":"max-image-preview:large","max-video-preview":"max-video-preview:-1"},"canonical":"https:\/\/www.ethifinance.com\/es\/politica-de-calidad\/","og_locale":"es_ES","og_type":"article","og_title":"Pol\u00edtica de Calidad - EthiFinance","og_description":"Pol\u00edtica de calidad de EthiFinance Ratings La Pol\u00edtica de Calidad definida por EthiFinance Ratings es la siguiente: EthiFinance Ratings es una empresa de servicios cuyo principal objetivo es: \u00a0Expresar, mediante la emisi\u00f3n de calificaciones a escala europea, una opini\u00f3n crediticia independiente sobre la capacidad de una instituci\u00f3n para cumplir plenamente sus obligaciones financieras en el [&hellip;]","og_url":"https:\/\/www.ethifinance.com\/es\/politica-de-calidad\/","og_site_name":"EthiFinance","article_modified_time":"2026-04-13T21:18:19+00:00","og_image":[{"width":1920,"height":1097,"url":"https:\/\/www.ethifinance.com\/wp-content\/uploads\/2024\/06\/Top-view-of-5-sea-stars-lying-on-the-ground-in-a-line-at-the-beach-sand-on-an-ocean-shore-61-scaled.jpg","type":"image\/jpeg"}],"twitter_card":"summary_large_image","twitter_misc":{"Tiempo de lectura":"8 minutos"},"schema":{"@context":"https:\/\/schema.org","@graph":[{"@type":"WebPage","@id":"https:\/\/www.ethifinance.com\/es\/politica-de-calidad\/","url":"https:\/\/www.ethifinance.com\/es\/politica-de-calidad\/","name":"Pol\u00edtica de Calidad - EthiFinance","isPartOf":{"@id":"https:\/\/www.ethifinance.com\/es\/#website"},"primaryImageOfPage":{"@id":"https:\/\/www.ethifinance.com\/es\/politica-de-calidad\/#primaryimage"},"image":{"@id":"https:\/\/www.ethifinance.com\/es\/politica-de-calidad\/#primaryimage"},"thumbnailUrl":"https:\/\/www.ethifinance.com\/wp-content\/uploads\/2024\/06\/Top-view-of-5-sea-stars-lying-on-the-ground-in-a-line-at-the-beach-sand-on-an-ocean-shore-61-scaled.jpg","datePublished":"2024-05-28T12:34:24+00:00","dateModified":"2026-04-13T21:18:19+00:00","breadcrumb":{"@id":"https:\/\/www.ethifinance.com\/es\/politica-de-calidad\/#breadcrumb"},"inLanguage":"es","potentialAction":[{"@type":"ReadAction","target":["https:\/\/www.ethifinance.com\/es\/politica-de-calidad\/"]}]},{"@type":"ImageObject","inLanguage":"es","@id":"https:\/\/www.ethifinance.com\/es\/politica-de-calidad\/#primaryimage","url":"https:\/\/www.ethifinance.com\/wp-content\/uploads\/2024\/06\/Top-view-of-5-sea-stars-lying-on-the-ground-in-a-line-at-the-beach-sand-on-an-ocean-shore-61-scaled.jpg","contentUrl":"https:\/\/www.ethifinance.com\/wp-content\/uploads\/2024\/06\/Top-view-of-5-sea-stars-lying-on-the-ground-in-a-line-at-the-beach-sand-on-an-ocean-shore-61-scaled.jpg","width":1920,"height":1097},{"@type":"BreadcrumbList","@id":"https:\/\/www.ethifinance.com\/es\/politica-de-calidad\/#breadcrumb","itemListElement":[{"@type":"ListItem","position":1,"name":"Accueil","item":"https:\/\/www.ethifinance.com\/es\/hogar\/"},{"@type":"ListItem","position":2,"name":"Pol\u00edtica de Calidad"}]},{"@type":"WebSite","@id":"https:\/\/www.ethifinance.com\/es\/#website","url":"https:\/\/www.ethifinance.com\/es\/","name":"Ethifinance","description":"","publisher":{"@id":"https:\/\/www.ethifinance.com\/es\/#organization"},"potentialAction":[{"@type":"SearchAction","target":{"@type":"EntryPoint","urlTemplate":"https:\/\/www.ethifinance.com\/es\/?s={search_term_string}"},"query-input":{"@type":"PropertyValueSpecification","valueRequired":true,"valueName":"search_term_string"}}],"inLanguage":"es"},{"@type":"Organization","@id":"https:\/\/www.ethifinance.com\/es\/#organization","name":"Ethifinance","url":"https:\/\/www.ethifinance.com\/es\/","logo":{"@type":"ImageObject","inLanguage":"es","@id":"https:\/\/www.ethifinance.com\/es\/#\/schema\/logo\/image\/","url":"https:\/\/www.ethifinance.com\/wp-content\/uploads\/2024\/05\/Logo_simplified_green_by_altay-01-01.png","contentUrl":"https:\/\/www.ethifinance.com\/wp-content\/uploads\/2024\/05\/Logo_simplified_green_by_altay-01-01.png","width":433,"height":74,"caption":"Ethifinance"},"image":{"@id":"https:\/\/www.ethifinance.com\/es\/#\/schema\/logo\/image\/"},"sameAs":["https:\/\/www.linkedin.com\/company\/ethifinance\/","https:\/\/www.youtube.com\/@ethifinance_EU"]}]}},"_links":{"self":[{"href":"https:\/\/www.ethifinance.com\/es\/wp-json\/wp\/v2\/pages\/37784","targetHints":{"allow":["GET"]}}],"collection":[{"href":"https:\/\/www.ethifinance.com\/es\/wp-json\/wp\/v2\/pages"}],"about":[{"href":"https:\/\/www.ethifinance.com\/es\/wp-json\/wp\/v2\/types\/page"}],"author":[{"embeddable":true,"href":"https:\/\/www.ethifinance.com\/es\/wp-json\/wp\/v2\/users\/2"}],"replies":[{"embeddable":true,"href":"https:\/\/www.ethifinance.com\/es\/wp-json\/wp\/v2\/comments?post=37784"}],"version-history":[{"count":15,"href":"https:\/\/www.ethifinance.com\/es\/wp-json\/wp\/v2\/pages\/37784\/revisions"}],"predecessor-version":[{"id":49347,"href":"https:\/\/www.ethifinance.com\/es\/wp-json\/wp\/v2\/pages\/37784\/revisions\/49347"}],"wp:featuredmedia":[{"embeddable":true,"href":"https:\/\/www.ethifinance.com\/es\/wp-json\/wp\/v2\/media\/36933"}],"wp:attachment":[{"href":"https:\/\/www.ethifinance.com\/es\/wp-json\/wp\/v2\/media?parent=37784"}],"curies":[{"name":"wp","href":"https:\/\/api.w.org\/{rel}","templated":true}]}}