{"id":44298,"date":"2025-04-06T18:37:03","date_gmt":"2025-04-06T16:37:03","guid":{"rendered":"https:\/\/www.ethifinance.com\/suscribete-a-nuestro-boletin\/"},"modified":"2025-05-07T17:26:52","modified_gmt":"2025-05-07T15:26:52","slug":"suscribete-a-nuestro-boletin","status":"publish","type":"page","link":"https:\/\/www.ethifinance.com\/es\/suscribete-a-nuestro-boletin\/","title":{"rendered":"Suscr\u00edbete a nuestro bolet\u00edn"},"content":{"rendered":"\t\t<div data-elementor-type=\"wp-page\" data-elementor-id=\"44298\" class=\"elementor elementor-44298 elementor-43623\" data-elementor-post-type=\"page\">\n\t\t\t\t<div class=\"elementor-element elementor-element-97684ff e-flex e-con-boxed e-con e-parent\" data-id=\"97684ff\" data-element_type=\"container\" data-e-type=\"container\">\n\t\t\t\t\t<div class=\"e-con-inner\">\n\t\t\t\t<div class=\"elementor-element elementor-element-949a9cc elementor-widget__width-initial fluentform-widget-submit-button-custom elementor-widget elementor-widget-fluent-form-widget\" data-id=\"949a9cc\" data-element_type=\"widget\" data-e-type=\"widget\" data-widget_type=\"fluent-form-widget.default\">\n\t\t\t\t<div class=\"elementor-widget-container\">\n\t\t\t\t\t\n            <div class=\"fluentform-widget-wrapper fluentform-widget-align-default\">\n\n            \n            <div class='fluentform ff-default fluentform_wrapper_19 ffs_default_wrap'><form data-form_id=\"19\" id=\"fluentform_19\" class=\"frm-fluent-form fluent_form_19 ff-el-form-top ff_form_instance_19_1 ff-form-loading ffs_default\" data-form_instance=\"ff_form_instance_19_1\" method=\"POST\" ><fieldset  style=\"border: none!important;margin: 0!important;padding: 0!important;background-color: transparent!important;box-shadow: none!important;outline: none!important; min-inline-size: 100%;\">\n                    <legend class=\"ff_screen_reader_title\" style=\"display: block; margin: 0!important;padding: 0!important;height: 0!important;text-indent: -999999px;width: 0!important;overflow:hidden;\">Newsletter Opt-in (Spanish)<\/legend><input type='hidden' name='__fluent_form_embded_post_id' value='44298' \/><input type=\"hidden\" id=\"_fluentform_19_fluentformnonce\" name=\"_fluentform_19_fluentformnonce\" value=\"b90aef7338\" \/><input type=\"hidden\" name=\"_wp_http_referer\" value=\"\/es\/wp-json\/wp\/v2\/pages\/44298\" \/><div class='ff-el-group'><div class='ff-el-input--content'><input type=\"email\" name=\"email\" id=\"ff_19_email\" class=\"ff-el-form-control\" placeholder=\"Su direcci\u00f3n de correo electr\u00f3nico\" data-name=\"email\"  aria-invalid=\"false\" aria-required=true><\/div><\/div><div class='ff-el-group ff-text-left ff_submit_btn_wrapper ff_submit_btn_wrapper_custom'><button class=\"ff-btn ff-btn-submit ff-btn-md ff_btn_style wpf_has_custom_css\" type=\"submit\" name=\"custom_submit_button-19_1\" data-name=\"custom_submit_button-19_1\"  aria-label=\"Suscribirse\">Suscribirse<\/button><style>form.fluent_form_19 .wpf_has_custom_css.ff-btn-submit { background-color:rgba(0, 81, 79, 1);border-color:#1a7efb;color:#ffffff;min-width:100%; }form.fluent_form_19 .wpf_has_custom_css.ff-btn-submit:hover { background-color:rgba(8, 108, 105, 1);border-color:#1a7efb;color:rgba(255, 255, 255, 1);min-width:100%; } <\/style><\/div><div class='ff-el-group    ff-el-input--content'><div class='ff-el-form-check ff-el-tc'><label aria-label='Confirmo que he le\u00eddo la pol\u00edtica de privacidad.' class='ff-el-form-check-label ff_tc_label' for=gdpr-agreement_60584a5be18cfe499cbeb933e5060a39><span class='ff_tc_checkbox'><input type=\"checkbox\" name=\"gdpr-agreement\" class=\"ff-el-form-check-input ff_gdpr_field\" data-name=\"gdpr-agreement\" id=\"gdpr-agreement_60584a5be18cfe499cbeb933e5060a39\"  value='on' aria-invalid='false' aria-required=true><\/span> <div class='ff_t_c'>Confirmo que he le\u00eddo la pol\u00edtica de privacidad.<\/div><\/label><\/div><\/div><div class='ff-el-group ff-el-form-hide_label'><div class=\"ff-el-input--label ff-el-is-required asterisk-right\"><label   aria-label=\"Checkbox Field\">Checkbox Field<\/label><\/div><div class='ff-el-input--content'><div class='ff-el-form-check ff-el-form-check-'><label class='ff-el-form-check-label' for='checkbox_c42451341ce1dd9309579d93013a62e3'><input  type=\"checkbox\" name=\"checkbox[]\" data-name=\"checkbox\" class=\"ff-el-form-check-input ff-el-form-check-checkbox\" value=\"Deseo recibir informaci\u00f3n sobre los productos y servicios de EthiFinance.\"  id='checkbox_c42451341ce1dd9309579d93013a62e3' aria-label='Deseo recibir informaci\u00f3n sobre los productos y servicios de EthiFinance.' aria-invalid='false' aria-required=true> <span>Deseo recibir informaci\u00f3n sobre los productos y servicios de EthiFinance.<\/span><\/label><\/div><\/div><\/div><div class='ff-el-group  ff-custom_html' tabindex='-1' data-name=\"custom_html-19_2\" ><p style=\"text-align: left;font-size: 13px\"><span data-teams=\"true\">Su direcci\u00f3n de correo electr\u00f3nico es utilizada exclusivamente por EthiFinance para para el env\u00edo del bolet\u00edn, para lo cual otorga su consentimiento expl\u00edcito. Puede darse de baja en cualquier momento haciendo clic en el enlace de cancelaci\u00f3n de suscripci\u00f3n incluido al final del correo electr\u00f3nico. Para m\u00e1s informaci\u00f3n sobre el tratamiento de sus datos personales por parte de EthiFinance, consulte nuestra Pol\u00edtica de privacidad disponible en nuestro sitio web en la siguiente direcci\u00f3n:<a href=\"https:\/\/www.ethifinance.com\/es\/politica-de-privacidad\/\" target=\"_blank\" rel=\"noopener\">\u00a0<\/a> <a href=\"https:\/\/www.ethifinance.com\/es\/politica-de-privacidad\/\" target=\"_blank\" rel=\"noopener\">pol\u00edtica de privacidad<\/a><\/span><\/p><\/div><\/fieldset><\/form><div id='fluentform_19_errors' class='ff-errors-in-stack ff_form_instance_19_1 ff-form-loading_errors ff_form_instance_19_1_errors'><\/div><\/div>            <script type=\"text\/javascript\">\n                window.fluent_form_ff_form_instance_19_1 = {\"id\":\"19\",\"settings\":{\"layout\":{\"labelPlacement\":\"top\",\"helpMessagePlacement\":\"with_label\",\"errorMessagePlacement\":\"inline\",\"asteriskPlacement\":\"asterisk-right\"},\"restrictions\":{\"denyEmptySubmission\":{\"enabled\":false}}},\"form_instance\":\"ff_form_instance_19_1\",\"form_id_selector\":\"fluentform_19\",\"rules\":{\"email\":{\"required\":{\"value\":true,\"message\":\"Este campo es obligatorio.\",\"global\":false,\"global_message\":\"This field is required\"},\"email\":{\"value\":true,\"message\":\"Este campo debe contener una direcci\\u00f3n de correo electr\\u00f3nico v\\u00e1lida.\",\"global\":false,\"global_message\":\"This field must contain a valid email\"}},\"gdpr-agreement\":{\"required\":{\"value\":true,\"message\":\"This field is required\",\"global_message\":\"This field is required\",\"global\":true}},\"checkbox\":{\"required\":{\"value\":true,\"message\":\"This field is required\",\"global_message\":\"This field is required\",\"global\":true}}},\"debounce_time\":300};\n                            <\/script>\n                        <\/div>\n\n            \t\t\t\t<\/div>\n\t\t\t\t<\/div>\n\t\t\t\t\t<\/div>\n\t\t\t\t<\/div>\n\t\t\t\t<\/div>\n\t\t","protected":false},"excerpt":{"rendered":"<p>Newsletter Opt-in (Spanish) Suscribirse Confirmo que he le\u00eddo la pol\u00edtica de privacidad.Checkbox Field Deseo recibir informaci\u00f3n sobre los productos y servicios de EthiFinance. Su direcci\u00f3n de correo electr\u00f3nico es utilizada exclusivamente por EthiFinance para para el env\u00edo del bolet\u00edn, para lo cual otorga su consentimiento expl\u00edcito. Puede darse de baja en cualquier momento haciendo clic [&hellip;]<\/p>\n","protected":false},"author":2,"featured_media":0,"parent":0,"menu_order":0,"comment_status":"closed","ping_status":"closed","template":"","meta":{"_acf_changed":false,"footnotes":""},"class_list":["post-44298","page","type-page","status-publish","hentry"],"acf":[],"yoast_head":"<!-- This site is optimized with the Yoast SEO plugin v26.9 - https:\/\/yoast.com\/product\/yoast-seo-wordpress\/ -->\n<title>Suscr\u00edbete a nuestro bolet\u00edn - EthiFinance<\/title>\n<meta name=\"robots\" content=\"index, follow, max-snippet:-1, max-image-preview:large, max-video-preview:-1\" \/>\n<link rel=\"canonical\" href=\"https:\/\/www.ethifinance.com\/es\/suscribete-a-nuestro-boletin\/\" \/>\n<meta property=\"og:locale\" content=\"es_ES\" \/>\n<meta property=\"og:type\" content=\"article\" \/>\n<meta property=\"og:title\" content=\"Suscr\u00edbete a nuestro bolet\u00edn - EthiFinance\" \/>\n<meta property=\"og:description\" content=\"Newsletter Opt-in (Spanish) Suscribirse Confirmo que he le\u00eddo la pol\u00edtica de privacidad.Checkbox Field Deseo recibir informaci\u00f3n sobre los productos y servicios de EthiFinance. Su direcci\u00f3n de correo electr\u00f3nico es utilizada exclusivamente por EthiFinance para para el env\u00edo del bolet\u00edn, para lo cual otorga su consentimiento expl\u00edcito. Puede darse de baja en cualquier momento haciendo clic [&hellip;]\" \/>\n<meta property=\"og:url\" content=\"https:\/\/www.ethifinance.com\/es\/suscribete-a-nuestro-boletin\/\" \/>\n<meta property=\"og:site_name\" content=\"EthiFinance\" \/>\n<meta property=\"article:modified_time\" content=\"2025-05-07T15:26:52+00:00\" \/>\n<meta name=\"twitter:card\" content=\"summary_large_image\" \/>\n<meta name=\"twitter:label1\" content=\"Tiempo de lectura\" \/>\n\t<meta name=\"twitter:data1\" content=\"1 minuto\" \/>\n<script type=\"application\/ld+json\" class=\"yoast-schema-graph\">{\"@context\":\"https:\/\/schema.org\",\"@graph\":[{\"@type\":\"WebPage\",\"@id\":\"https:\/\/www.ethifinance.com\/es\/suscribete-a-nuestro-boletin\/\",\"url\":\"https:\/\/www.ethifinance.com\/es\/suscribete-a-nuestro-boletin\/\",\"name\":\"Suscr\u00edbete a nuestro bolet\u00edn - EthiFinance\",\"isPartOf\":{\"@id\":\"https:\/\/www.ethifinance.com\/es\/#website\"},\"datePublished\":\"2025-04-06T16:37:03+00:00\",\"dateModified\":\"2025-05-07T15:26:52+00:00\",\"breadcrumb\":{\"@id\":\"https:\/\/www.ethifinance.com\/es\/suscribete-a-nuestro-boletin\/#breadcrumb\"},\"inLanguage\":\"es\",\"potentialAction\":[{\"@type\":\"ReadAction\",\"target\":[\"https:\/\/www.ethifinance.com\/es\/suscribete-a-nuestro-boletin\/\"]}]},{\"@type\":\"BreadcrumbList\",\"@id\":\"https:\/\/www.ethifinance.com\/es\/suscribete-a-nuestro-boletin\/#breadcrumb\",\"itemListElement\":[{\"@type\":\"ListItem\",\"position\":1,\"name\":\"Accueil\",\"item\":\"https:\/\/www.ethifinance.com\/es\/\"},{\"@type\":\"ListItem\",\"position\":2,\"name\":\"Suscr\u00edbete a nuestro bolet\u00edn\"}]},{\"@type\":\"WebSite\",\"@id\":\"https:\/\/www.ethifinance.com\/es\/#website\",\"url\":\"https:\/\/www.ethifinance.com\/es\/\",\"name\":\"Ethifinance\",\"description\":\"\",\"publisher\":{\"@id\":\"https:\/\/www.ethifinance.com\/es\/#organization\"},\"potentialAction\":[{\"@type\":\"SearchAction\",\"target\":{\"@type\":\"EntryPoint\",\"urlTemplate\":\"https:\/\/www.ethifinance.com\/es\/?s={search_term_string}\"},\"query-input\":{\"@type\":\"PropertyValueSpecification\",\"valueRequired\":true,\"valueName\":\"search_term_string\"}}],\"inLanguage\":\"es\"},{\"@type\":\"Organization\",\"@id\":\"https:\/\/www.ethifinance.com\/es\/#organization\",\"name\":\"Ethifinance\",\"url\":\"https:\/\/www.ethifinance.com\/es\/\",\"logo\":{\"@type\":\"ImageObject\",\"inLanguage\":\"es\",\"@id\":\"https:\/\/www.ethifinance.com\/es\/#\/schema\/logo\/image\/\",\"url\":\"https:\/\/www.ethifinance.com\/wp-content\/uploads\/2024\/05\/Logo_simplified_green_by_altay-01-01.png\",\"contentUrl\":\"https:\/\/www.ethifinance.com\/wp-content\/uploads\/2024\/05\/Logo_simplified_green_by_altay-01-01.png\",\"width\":1424,\"height\":248,\"caption\":\"Ethifinance\"},\"image\":{\"@id\":\"https:\/\/www.ethifinance.com\/es\/#\/schema\/logo\/image\/\"},\"sameAs\":[\"https:\/\/www.linkedin.com\/company\/ethifinance\/\",\"https:\/\/www.youtube.com\/@ethifinance_EU\"]}]}<\/script>\n<!-- \/ Yoast SEO plugin. -->","yoast_head_json":{"title":"Suscr\u00edbete a nuestro bolet\u00edn - EthiFinance","robots":{"index":"index","follow":"follow","max-snippet":"max-snippet:-1","max-image-preview":"max-image-preview:large","max-video-preview":"max-video-preview:-1"},"canonical":"https:\/\/www.ethifinance.com\/es\/suscribete-a-nuestro-boletin\/","og_locale":"es_ES","og_type":"article","og_title":"Suscr\u00edbete a nuestro bolet\u00edn - EthiFinance","og_description":"Newsletter Opt-in (Spanish) Suscribirse Confirmo que he le\u00eddo la pol\u00edtica de privacidad.Checkbox Field Deseo recibir informaci\u00f3n sobre los productos y servicios de EthiFinance. Su direcci\u00f3n de correo electr\u00f3nico es utilizada exclusivamente por EthiFinance para para el env\u00edo del bolet\u00edn, para lo cual otorga su consentimiento expl\u00edcito. Puede darse de baja en cualquier momento haciendo clic [&hellip;]","og_url":"https:\/\/www.ethifinance.com\/es\/suscribete-a-nuestro-boletin\/","og_site_name":"EthiFinance","article_modified_time":"2025-05-07T15:26:52+00:00","twitter_card":"summary_large_image","twitter_misc":{"Tiempo de lectura":"1 minuto"},"schema":{"@context":"https:\/\/schema.org","@graph":[{"@type":"WebPage","@id":"https:\/\/www.ethifinance.com\/es\/suscribete-a-nuestro-boletin\/","url":"https:\/\/www.ethifinance.com\/es\/suscribete-a-nuestro-boletin\/","name":"Suscr\u00edbete a nuestro bolet\u00edn - EthiFinance","isPartOf":{"@id":"https:\/\/www.ethifinance.com\/es\/#website"},"datePublished":"2025-04-06T16:37:03+00:00","dateModified":"2025-05-07T15:26:52+00:00","breadcrumb":{"@id":"https:\/\/www.ethifinance.com\/es\/suscribete-a-nuestro-boletin\/#breadcrumb"},"inLanguage":"es","potentialAction":[{"@type":"ReadAction","target":["https:\/\/www.ethifinance.com\/es\/suscribete-a-nuestro-boletin\/"]}]},{"@type":"BreadcrumbList","@id":"https:\/\/www.ethifinance.com\/es\/suscribete-a-nuestro-boletin\/#breadcrumb","itemListElement":[{"@type":"ListItem","position":1,"name":"Accueil","item":"https:\/\/www.ethifinance.com\/es\/"},{"@type":"ListItem","position":2,"name":"Suscr\u00edbete a nuestro bolet\u00edn"}]},{"@type":"WebSite","@id":"https:\/\/www.ethifinance.com\/es\/#website","url":"https:\/\/www.ethifinance.com\/es\/","name":"Ethifinance","description":"","publisher":{"@id":"https:\/\/www.ethifinance.com\/es\/#organization"},"potentialAction":[{"@type":"SearchAction","target":{"@type":"EntryPoint","urlTemplate":"https:\/\/www.ethifinance.com\/es\/?s={search_term_string}"},"query-input":{"@type":"PropertyValueSpecification","valueRequired":true,"valueName":"search_term_string"}}],"inLanguage":"es"},{"@type":"Organization","@id":"https:\/\/www.ethifinance.com\/es\/#organization","name":"Ethifinance","url":"https:\/\/www.ethifinance.com\/es\/","logo":{"@type":"ImageObject","inLanguage":"es","@id":"https:\/\/www.ethifinance.com\/es\/#\/schema\/logo\/image\/","url":"https:\/\/www.ethifinance.com\/wp-content\/uploads\/2024\/05\/Logo_simplified_green_by_altay-01-01.png","contentUrl":"https:\/\/www.ethifinance.com\/wp-content\/uploads\/2024\/05\/Logo_simplified_green_by_altay-01-01.png","width":1424,"height":248,"caption":"Ethifinance"},"image":{"@id":"https:\/\/www.ethifinance.com\/es\/#\/schema\/logo\/image\/"},"sameAs":["https:\/\/www.linkedin.com\/company\/ethifinance\/","https:\/\/www.youtube.com\/@ethifinance_EU"]}]}},"_links":{"self":[{"href":"https:\/\/www.ethifinance.com\/es\/wp-json\/wp\/v2\/pages\/44298","targetHints":{"allow":["GET"]}}],"collection":[{"href":"https:\/\/www.ethifinance.com\/es\/wp-json\/wp\/v2\/pages"}],"about":[{"href":"https:\/\/www.ethifinance.com\/es\/wp-json\/wp\/v2\/types\/page"}],"author":[{"embeddable":true,"href":"https:\/\/www.ethifinance.com\/es\/wp-json\/wp\/v2\/users\/2"}],"replies":[{"embeddable":true,"href":"https:\/\/www.ethifinance.com\/es\/wp-json\/wp\/v2\/comments?post=44298"}],"version-history":[{"count":4,"href":"https:\/\/www.ethifinance.com\/es\/wp-json\/wp\/v2\/pages\/44298\/revisions"}],"predecessor-version":[{"id":44313,"href":"https:\/\/www.ethifinance.com\/es\/wp-json\/wp\/v2\/pages\/44298\/revisions\/44313"}],"wp:attachment":[{"href":"https:\/\/www.ethifinance.com\/es\/wp-json\/wp\/v2\/media?parent=44298"}],"curies":[{"name":"wp","href":"https:\/\/api.w.org\/{rel}","templated":true}]}}