{"id":46831,"date":"2025-10-07T21:22:06","date_gmt":"2025-10-07T19:22:06","guid":{"rendered":"https:\/\/www.ethifinance.com\/asociacion-cesce\/"},"modified":"2026-02-24T15:37:54","modified_gmt":"2026-02-24T14:37:54","slug":"asociacion-cesce","status":"publish","type":"page","link":"https:\/\/www.ethifinance.com\/es\/asociacion-cesce\/","title":{"rendered":"Asociaci\u00f3n Cesce"},"content":{"rendered":"\t\t<div data-elementor-type=\"wp-page\" data-elementor-id=\"46831\" class=\"elementor elementor-46831 elementor-45450\" data-elementor-post-type=\"page\">\n\t\t\t\t<div class=\"elementor-element elementor-element-ad50a94 e-flex e-con-boxed e-con e-parent\" data-id=\"ad50a94\" data-element_type=\"container\" data-e-type=\"container\">\n\t\t\t\t\t<div class=\"e-con-inner\">\n\t\t\t\t<div class=\"elementor-element elementor-element-0528d28 elementor-widget elementor-widget-shortcode\" data-id=\"0528d28\" data-element_type=\"widget\" data-e-type=\"widget\" data-widget_type=\"shortcode.default\">\n\t\t\t\t<div class=\"elementor-widget-container\">\n\t\t\t\t\t\t\t<div class=\"elementor-shortcode\">\t\t<div data-elementor-type=\"container\" data-elementor-id=\"37684\" class=\"elementor elementor-37684 elementor-29413\" data-elementor-post-type=\"elementor_library\">\n\t\t\t\t<div class=\"elementor-element elementor-element-7d4c768a e-con-full e-flex e-con e-parent\" data-id=\"7d4c768a\" data-element_type=\"container\" data-e-type=\"container\" data-settings=\"{&quot;background_background&quot;:&quot;classic&quot;}\">\n\t\t<div class=\"elementor-element elementor-element-e9a1c69 e-flex e-con-boxed e-con e-child\" data-id=\"e9a1c69\" data-element_type=\"container\" data-e-type=\"container\">\n\t\t\t\t\t<div class=\"e-con-inner\">\n\t\t\t\t<div class=\"elementor-element elementor-element-7cde6404 elementor-widget__width-initial elementor-widget elementor-widget-text-editor\" data-id=\"7cde6404\" data-element_type=\"widget\" data-e-type=\"widget\" data-widget_type=\"text-editor.default\">\n\t\t\t\t<div class=\"elementor-widget-container\">\n\t\t\t\t\t\t\t\t\tCesce y EthiFinance Ratings unen sus fuerzas para acelerar el acceso de las empresas espa\u00f1olas a los mercados globales y a la financiaci\u00f3n.\t\t\t\t\t\t\t\t<\/div>\n\t\t\t\t<\/div>\n\t\t\t\t\t<\/div>\n\t\t\t\t<\/div>\n\t\t\t\t<\/div>\n\t\t\t\t<\/div>\n\t\t<\/div>\n\t\t\t\t\t\t<\/div>\n\t\t\t\t<\/div>\n\t\t\t\t\t<\/div>\n\t\t\t\t<\/div>\n\t\t<div class=\"elementor-element elementor-element-45bb0126 e-flex e-con-boxed e-con e-parent\" data-id=\"45bb0126\" data-element_type=\"container\" data-e-type=\"container\" data-settings=\"{&quot;background_background&quot;:&quot;classic&quot;}\">\n\t\t\t\t\t<div class=\"e-con-inner\">\n\t\t<div class=\"elementor-element elementor-element-115923c1 e-flex e-con-boxed e-con e-child\" data-id=\"115923c1\" data-element_type=\"container\" data-e-type=\"container\">\n\t\t\t\t\t<div class=\"e-con-inner\">\n\t\t<div class=\"elementor-element elementor-element-7adfd876 e-con-full e-flex e-con e-child\" data-id=\"7adfd876\" data-element_type=\"container\" data-e-type=\"container\">\n\t\t\t\t<div class=\"elementor-element elementor-element-6d4c7b63 elementor-widget elementor-widget-image\" data-id=\"6d4c7b63\" data-element_type=\"widget\" data-e-type=\"widget\" data-widget_type=\"image.default\">\n\t\t\t\t<div class=\"elementor-widget-container\">\n\t\t\t\t\t\t\t\t\t\t\t\t\t\t\t<img fetchpriority=\"high\" decoding=\"async\" width=\"768\" height=\"512\" src=\"https:\/\/www.ethifinance.com\/wp-content\/uploads\/2025\/10\/cesce-768x512.webp\" class=\"attachment-medium_large size-medium_large wp-image-45475\" alt=\"\" srcset=\"https:\/\/www.ethifinance.com\/wp-content\/uploads\/2025\/10\/cesce-768x512.webp 768w, https:\/\/www.ethifinance.com\/wp-content\/uploads\/2025\/10\/cesce-300x200.webp 300w, https:\/\/www.ethifinance.com\/wp-content\/uploads\/2025\/10\/cesce.webp 800w\" sizes=\"(max-width: 768px) 100vw, 768px\" \/>\t\t\t\t\t\t\t\t\t\t\t\t\t\t\t<\/div>\n\t\t\t\t<\/div>\n\t\t\t\t<\/div>\n\t\t<div class=\"elementor-element elementor-element-16ef5889 e-con-full e-flex e-con e-child\" data-id=\"16ef5889\" data-element_type=\"container\" data-e-type=\"container\">\n\t\t\t\t<div class=\"elementor-element elementor-element-86df830 elementor-widget elementor-widget-heading\" data-id=\"86df830\" data-element_type=\"widget\" data-e-type=\"widget\" data-widget_type=\"heading.default\">\n\t\t\t\t<div class=\"elementor-widget-container\">\n\t\t\t\t\t<h5 class=\"elementor-heading-title elementor-size-default\"><b>Alianza estrat\u00e9gica:<\/b> Cesce y EthiFinance Ratings impulsan la internacionalizaci\u00f3n de las empresas<\/h5>\t\t\t\t<\/div>\n\t\t\t\t<\/div>\n\t\t\t\t<div class=\"elementor-element elementor-element-328a0ea9 elementor-widget elementor-widget-text-editor\" data-id=\"328a0ea9\" data-element_type=\"widget\" data-e-type=\"widget\" data-widget_type=\"text-editor.default\">\n\t\t\t\t<div class=\"elementor-widget-container\">\n\t\t\t\t\t\t\t\t\t<p><strong>La Compa\u00f1\u00eda Espa\u00f1ola de Seguros de Cr\u00e9dito a la Exportaci\u00f3n (Cesce)<\/strong> y <strong>EthiFinance Ratings<\/strong> han firmado un acuerdo de colaboraci\u00f3n para apoyar a las empresas espa\u00f1olas en su expansi\u00f3n internacional y reforzar su acceso a la financiaci\u00f3n.<\/p><p>Como parte de este acuerdo, Cesce integrar\u00e1 las calificaciones crediticias de EthiFinance Ratings en sus procesos de evaluaci\u00f3n de riesgos para las solicitudes presentadas en el marco de la Cuenta del Estado. Esta integraci\u00f3n <strong>agilizar\u00e1 la tramitaci\u00f3n de los expedientes<\/strong>, acortar\u00e1 los plazos y proporcionar\u00e1 tanto a las PYME como a las grandes empresas un acceso m\u00e1s r\u00e1pido a la cobertura de riesgos y a los productos financieros esenciales para el crecimiento internacional. <\/p>\t\t\t\t\t\t\t\t<\/div>\n\t\t\t\t<\/div>\n\t\t\t\t<\/div>\n\t\t\t\t\t<\/div>\n\t\t\t\t<\/div>\n\t\t<div class=\"elementor-element elementor-element-731a08ef e-flex e-con-boxed e-con e-child\" data-id=\"731a08ef\" data-element_type=\"container\" data-e-type=\"container\">\n\t\t\t\t\t<div class=\"e-con-inner\">\n\t\t<div class=\"elementor-element elementor-element-16636d4f e-con-full e-flex e-con e-child\" data-id=\"16636d4f\" data-element_type=\"container\" data-e-type=\"container\">\n\t\t\t\t<div class=\"elementor-element elementor-element-23770d0b elementor-widget elementor-widget-text-editor\" data-id=\"23770d0b\" data-element_type=\"widget\" data-e-type=\"widget\" data-widget_type=\"text-editor.default\">\n\t\t\t\t<div class=\"elementor-widget-container\">\n\t\t\t\t\t\t\t\t\t<p>La alianza tambi\u00e9n incluye el <strong>apoyo comercial mutuo:<\/strong><\/p>\t\t\t\t\t\t\t\t<\/div>\n\t\t\t\t<\/div>\n\t\t\t\t<div class=\"elementor-element elementor-element-f9e5df7 elementor-icon-list--layout-traditional elementor-list-item-link-full_width elementor-widget elementor-widget-icon-list\" data-id=\"f9e5df7\" data-element_type=\"widget\" data-e-type=\"widget\" data-widget_type=\"icon-list.default\">\n\t\t\t\t<div class=\"elementor-widget-container\">\n\t\t\t\t\t\t\t<ul class=\"elementor-icon-list-items\">\n\t\t\t\t\t\t\t<li class=\"elementor-icon-list-item\">\n\t\t\t\t\t\t\t\t\t\t\t<span class=\"elementor-icon-list-icon\">\n\t\t\t\t\t\t\t<svg aria-hidden=\"true\" class=\"e-font-icon-svg e-fas-check\" viewBox=\"0 0 512 512\" xmlns=\"http:\/\/www.w3.org\/2000\/svg\"><path d=\"M173.898 439.404l-166.4-166.4c-9.997-9.997-9.997-26.206 0-36.204l36.203-36.204c9.997-9.998 26.207-9.998 36.204 0L192 312.69 432.095 72.596c9.997-9.997 26.207-9.997 36.204 0l36.203 36.204c9.997 9.997 9.997 26.206 0 36.204l-294.4 294.401c-9.998 9.997-26.207 9.997-36.204-.001z\"><\/path><\/svg>\t\t\t\t\t\t<\/span>\n\t\t\t\t\t\t\t\t\t\t<span class=\"elementor-icon-list-text\">EthiFinance Ratings promocionar\u00e1 los productos y servicios de Cesce entre sus clientes.<\/span>\n\t\t\t\t\t\t\t\t\t<\/li>\n\t\t\t\t\t\t\t\t<li class=\"elementor-icon-list-item\">\n\t\t\t\t\t\t\t\t\t\t\t<span class=\"elementor-icon-list-icon\">\n\t\t\t\t\t\t\t<svg aria-hidden=\"true\" class=\"e-font-icon-svg e-fas-check\" viewBox=\"0 0 512 512\" xmlns=\"http:\/\/www.w3.org\/2000\/svg\"><path d=\"M173.898 439.404l-166.4-166.4c-9.997-9.997-9.997-26.206 0-36.204l36.203-36.204c9.997-9.998 26.207-9.998 36.204 0L192 312.69 432.095 72.596c9.997-9.997 26.207-9.997 36.204 0l36.203 36.204c9.997 9.997 9.997 26.206 0 36.204l-294.4 294.401c-9.998 9.997-26.207 9.997-36.204-.001z\"><\/path><\/svg>\t\t\t\t\t\t<\/span>\n\t\t\t\t\t\t\t\t\t\t<span class=\"elementor-icon-list-text\">Cesce, a su vez, mostrar\u00e1 las herramientas y calificaciones de EthiFinance a su red.<\/span>\n\t\t\t\t\t\t\t\t\t<\/li>\n\t\t\t\t\t\t<\/ul>\n\t\t\t\t\t\t<\/div>\n\t\t\t\t<\/div>\n\t\t\t\t<div class=\"elementor-element elementor-element-9c3ff67 elementor-widget elementor-widget-text-editor\" data-id=\"9c3ff67\" data-element_type=\"widget\" data-e-type=\"widget\" data-widget_type=\"text-editor.default\">\n\t\t\t\t<div class=\"elementor-widget-container\">\n\t\t\t\t\t\t\t\t\t<p>Adem\u00e1s, ambas organizaciones colaborar\u00e1n en <strong>iniciativas educativas y de divulgaci\u00f3n<\/strong> -como eventos, talleres y actividades de formaci\u00f3n- destinadas a fomentar la inclusi\u00f3n financiera y reforzar la competitividad de las empresas espa\u00f1olas.<\/p><p><i>\u00abEsta colaboraci\u00f3n nos permite optimizar nuestros procesos de evaluaci\u00f3n de riesgos y beneficiar directamente a las empresas al reducir los plazos de tramitaci\u00f3n\u00bb,<\/i> declar\u00f3 Pablo de Ram\u00f3n-Laca, Presidente Ejecutivo de Cesce.<\/p>\t\t\t\t\t\t\t\t<\/div>\n\t\t\t\t<\/div>\n\t\t\t\t<div class=\"elementor-element elementor-element-c112a2a elementor-widget elementor-widget-text-editor\" data-id=\"c112a2a\" data-element_type=\"widget\" data-e-type=\"widget\" data-widget_type=\"text-editor.default\">\n\t\t\t\t<div class=\"elementor-widget-container\">\n\t\t\t\t\t\t\t\t\t<p>\u00abEste acuerdo es una prueba m\u00e1s de la importancia que tiene para las empresas disponer de una calificaci\u00f3n, no s\u00f3lo para acceder a los mercados institucionales y alternativos, sino tambi\u00e9n como carta de presentaci\u00f3n para un amplio abanico de partes interesadas\u00bb, a\u00f1adi\u00f3 Carol Sirou, Directora General de EthiFinance.<\/p><p>A trav\u00e9s de esta asociaci\u00f3n, Cesce y EthiFinance refuerzan su papel de socios estrat\u00e9gicos en el apoyo a empresas de todos los tama\u00f1os, proporcion\u00e1ndoles soluciones innovadoras y fiables que impulsen su <strong>crecimiento, su resistencia y su expansi\u00f3n internacional<\/strong>.<\/p><p>Si desea m\u00e1s informaci\u00f3n sobre Cesce y sus servicios, visite <a href=\"https:\/\/www.cesce.es\/es\/\" target=\"_blank\" rel=\"noopener\">el sitio web oficial de Cesce<\/a>.<\/p>\t\t\t\t\t\t\t\t<\/div>\n\t\t\t\t<\/div>\n\t\t\t\t<\/div>\n\t\t<div class=\"elementor-element elementor-element-344e903d e-con-full elementor-hidden-mobile e-flex e-con e-child\" data-id=\"344e903d\" data-element_type=\"container\" data-e-type=\"container\">\n\t\t\t\t<div class=\"elementor-element elementor-element-300105ca elementor-widget elementor-widget-image\" data-id=\"300105ca\" data-element_type=\"widget\" data-e-type=\"widget\" data-widget_type=\"image.default\">\n\t\t\t\t<div class=\"elementor-widget-container\">\n\t\t\t\t\t\t\t\t\t\t\t\t\t\t\t<img decoding=\"async\" width=\"534\" height=\"800\" src=\"https:\/\/www.ethifinance.com\/wp-content\/uploads\/2025\/10\/51261.webp\" class=\"attachment-medium_large size-medium_large wp-image-45486\" alt=\"\" srcset=\"https:\/\/www.ethifinance.com\/wp-content\/uploads\/2025\/10\/51261.webp 534w, https:\/\/www.ethifinance.com\/wp-content\/uploads\/2025\/10\/51261-200x300.webp 200w\" sizes=\"(max-width: 534px) 100vw, 534px\" \/>\t\t\t\t\t\t\t\t\t\t\t\t\t\t\t<\/div>\n\t\t\t\t<\/div>\n\t\t\t\t<\/div>\n\t\t\t\t\t<\/div>\n\t\t\t\t<\/div>\n\t\t\t\t\t<\/div>\n\t\t\t\t<\/div>\n\t\t\t\t<\/div>\n\t\t","protected":false},"excerpt":{"rendered":"<p>Cesce y EthiFinance Ratings unen sus fuerzas para acelerar el acceso de las empresas espa\u00f1olas a los mercados globales y a la financiaci\u00f3n.<\/p>\n","protected":false},"author":2,"featured_media":36002,"parent":0,"menu_order":0,"comment_status":"closed","ping_status":"closed","template":"","meta":{"_acf_changed":false,"footnotes":""},"class_list":["post-46831","page","type-page","status-publish","has-post-thumbnail","hentry"],"acf":[],"yoast_head":"<!-- This site is optimized with the Yoast SEO plugin v26.9 - https:\/\/yoast.com\/product\/yoast-seo-wordpress\/ -->\n<title>Asociaci\u00f3n Cesce - EthiFinance<\/title>\n<meta name=\"robots\" content=\"index, follow, max-snippet:-1, max-image-preview:large, max-video-preview:-1\" \/>\n<link rel=\"canonical\" href=\"https:\/\/www.ethifinance.com\/es\/asociacion-cesce\/\" \/>\n<meta property=\"og:locale\" content=\"es_ES\" \/>\n<meta property=\"og:type\" content=\"article\" \/>\n<meta property=\"og:title\" content=\"Asociaci\u00f3n Cesce - EthiFinance\" \/>\n<meta property=\"og:description\" content=\"Cesce y EthiFinance Ratings unen sus fuerzas para acelerar el acceso de las empresas espa\u00f1olas a los mercados globales y a la financiaci\u00f3n.\" \/>\n<meta property=\"og:url\" content=\"https:\/\/www.ethifinance.com\/es\/asociacion-cesce\/\" \/>\n<meta property=\"og:site_name\" content=\"EthiFinance\" \/>\n<meta property=\"article:modified_time\" content=\"2026-02-24T14:37:54+00:00\" \/>\n<meta property=\"og:image\" content=\"https:\/\/www.ethifinance.com\/wp-content\/uploads\/2024\/05\/fabian-quintero-UWQP2mh5YJI-unsplash.jpg\" \/>\n\t<meta property=\"og:image:width\" content=\"1920\" \/>\n\t<meta property=\"og:image:height\" content=\"1280\" \/>\n\t<meta property=\"og:image:type\" content=\"image\/jpeg\" \/>\n<meta name=\"twitter:card\" content=\"summary_large_image\" \/>\n<meta name=\"twitter:label1\" content=\"Tiempo de lectura\" \/>\n\t<meta name=\"twitter:data1\" content=\"2 minutos\" \/>\n<script type=\"application\/ld+json\" class=\"yoast-schema-graph\">{\"@context\":\"https:\/\/schema.org\",\"@graph\":[{\"@type\":\"WebPage\",\"@id\":\"https:\/\/www.ethifinance.com\/es\/asociacion-cesce\/\",\"url\":\"https:\/\/www.ethifinance.com\/es\/asociacion-cesce\/\",\"name\":\"Asociaci\u00f3n Cesce - EthiFinance\",\"isPartOf\":{\"@id\":\"https:\/\/www.ethifinance.com\/es\/#website\"},\"primaryImageOfPage\":{\"@id\":\"https:\/\/www.ethifinance.com\/es\/asociacion-cesce\/#primaryimage\"},\"image\":{\"@id\":\"https:\/\/www.ethifinance.com\/es\/asociacion-cesce\/#primaryimage\"},\"thumbnailUrl\":\"https:\/\/www.ethifinance.com\/wp-content\/uploads\/2024\/05\/fabian-quintero-UWQP2mh5YJI-unsplash.jpg\",\"datePublished\":\"2025-10-07T19:22:06+00:00\",\"dateModified\":\"2026-02-24T14:37:54+00:00\",\"breadcrumb\":{\"@id\":\"https:\/\/www.ethifinance.com\/es\/asociacion-cesce\/#breadcrumb\"},\"inLanguage\":\"es\",\"potentialAction\":[{\"@type\":\"ReadAction\",\"target\":[\"https:\/\/www.ethifinance.com\/es\/asociacion-cesce\/\"]}]},{\"@type\":\"ImageObject\",\"inLanguage\":\"es\",\"@id\":\"https:\/\/www.ethifinance.com\/es\/asociacion-cesce\/#primaryimage\",\"url\":\"https:\/\/www.ethifinance.com\/wp-content\/uploads\/2024\/05\/fabian-quintero-UWQP2mh5YJI-unsplash.jpg\",\"contentUrl\":\"https:\/\/www.ethifinance.com\/wp-content\/uploads\/2024\/05\/fabian-quintero-UWQP2mh5YJI-unsplash.jpg\",\"width\":1920,\"height\":1280},{\"@type\":\"BreadcrumbList\",\"@id\":\"https:\/\/www.ethifinance.com\/es\/asociacion-cesce\/#breadcrumb\",\"itemListElement\":[{\"@type\":\"ListItem\",\"position\":1,\"name\":\"Accueil\",\"item\":\"https:\/\/www.ethifinance.com\/es\/\"},{\"@type\":\"ListItem\",\"position\":2,\"name\":\"Asociaci\u00f3n Cesce\"}]},{\"@type\":\"WebSite\",\"@id\":\"https:\/\/www.ethifinance.com\/es\/#website\",\"url\":\"https:\/\/www.ethifinance.com\/es\/\",\"name\":\"Ethifinance\",\"description\":\"\",\"publisher\":{\"@id\":\"https:\/\/www.ethifinance.com\/es\/#organization\"},\"potentialAction\":[{\"@type\":\"SearchAction\",\"target\":{\"@type\":\"EntryPoint\",\"urlTemplate\":\"https:\/\/www.ethifinance.com\/es\/?s={search_term_string}\"},\"query-input\":{\"@type\":\"PropertyValueSpecification\",\"valueRequired\":true,\"valueName\":\"search_term_string\"}}],\"inLanguage\":\"es\"},{\"@type\":\"Organization\",\"@id\":\"https:\/\/www.ethifinance.com\/es\/#organization\",\"name\":\"Ethifinance\",\"url\":\"https:\/\/www.ethifinance.com\/es\/\",\"logo\":{\"@type\":\"ImageObject\",\"inLanguage\":\"es\",\"@id\":\"https:\/\/www.ethifinance.com\/es\/#\/schema\/logo\/image\/\",\"url\":\"https:\/\/www.ethifinance.com\/wp-content\/uploads\/2024\/05\/Logo_simplified_green_by_altay-01-01.png\",\"contentUrl\":\"https:\/\/www.ethifinance.com\/wp-content\/uploads\/2024\/05\/Logo_simplified_green_by_altay-01-01.png\",\"width\":1424,\"height\":248,\"caption\":\"Ethifinance\"},\"image\":{\"@id\":\"https:\/\/www.ethifinance.com\/es\/#\/schema\/logo\/image\/\"},\"sameAs\":[\"https:\/\/www.linkedin.com\/company\/ethifinance\/\",\"https:\/\/www.youtube.com\/@ethifinance_EU\"]}]}<\/script>\n<!-- \/ Yoast SEO plugin. -->","yoast_head_json":{"title":"Asociaci\u00f3n Cesce - EthiFinance","robots":{"index":"index","follow":"follow","max-snippet":"max-snippet:-1","max-image-preview":"max-image-preview:large","max-video-preview":"max-video-preview:-1"},"canonical":"https:\/\/www.ethifinance.com\/es\/asociacion-cesce\/","og_locale":"es_ES","og_type":"article","og_title":"Asociaci\u00f3n Cesce - EthiFinance","og_description":"Cesce y EthiFinance Ratings unen sus fuerzas para acelerar el acceso de las empresas espa\u00f1olas a los mercados globales y a la financiaci\u00f3n.","og_url":"https:\/\/www.ethifinance.com\/es\/asociacion-cesce\/","og_site_name":"EthiFinance","article_modified_time":"2026-02-24T14:37:54+00:00","og_image":[{"width":1920,"height":1280,"url":"https:\/\/www.ethifinance.com\/wp-content\/uploads\/2024\/05\/fabian-quintero-UWQP2mh5YJI-unsplash.jpg","type":"image\/jpeg"}],"twitter_card":"summary_large_image","twitter_misc":{"Tiempo de lectura":"2 minutos"},"schema":{"@context":"https:\/\/schema.org","@graph":[{"@type":"WebPage","@id":"https:\/\/www.ethifinance.com\/es\/asociacion-cesce\/","url":"https:\/\/www.ethifinance.com\/es\/asociacion-cesce\/","name":"Asociaci\u00f3n Cesce - EthiFinance","isPartOf":{"@id":"https:\/\/www.ethifinance.com\/es\/#website"},"primaryImageOfPage":{"@id":"https:\/\/www.ethifinance.com\/es\/asociacion-cesce\/#primaryimage"},"image":{"@id":"https:\/\/www.ethifinance.com\/es\/asociacion-cesce\/#primaryimage"},"thumbnailUrl":"https:\/\/www.ethifinance.com\/wp-content\/uploads\/2024\/05\/fabian-quintero-UWQP2mh5YJI-unsplash.jpg","datePublished":"2025-10-07T19:22:06+00:00","dateModified":"2026-02-24T14:37:54+00:00","breadcrumb":{"@id":"https:\/\/www.ethifinance.com\/es\/asociacion-cesce\/#breadcrumb"},"inLanguage":"es","potentialAction":[{"@type":"ReadAction","target":["https:\/\/www.ethifinance.com\/es\/asociacion-cesce\/"]}]},{"@type":"ImageObject","inLanguage":"es","@id":"https:\/\/www.ethifinance.com\/es\/asociacion-cesce\/#primaryimage","url":"https:\/\/www.ethifinance.com\/wp-content\/uploads\/2024\/05\/fabian-quintero-UWQP2mh5YJI-unsplash.jpg","contentUrl":"https:\/\/www.ethifinance.com\/wp-content\/uploads\/2024\/05\/fabian-quintero-UWQP2mh5YJI-unsplash.jpg","width":1920,"height":1280},{"@type":"BreadcrumbList","@id":"https:\/\/www.ethifinance.com\/es\/asociacion-cesce\/#breadcrumb","itemListElement":[{"@type":"ListItem","position":1,"name":"Accueil","item":"https:\/\/www.ethifinance.com\/es\/"},{"@type":"ListItem","position":2,"name":"Asociaci\u00f3n Cesce"}]},{"@type":"WebSite","@id":"https:\/\/www.ethifinance.com\/es\/#website","url":"https:\/\/www.ethifinance.com\/es\/","name":"Ethifinance","description":"","publisher":{"@id":"https:\/\/www.ethifinance.com\/es\/#organization"},"potentialAction":[{"@type":"SearchAction","target":{"@type":"EntryPoint","urlTemplate":"https:\/\/www.ethifinance.com\/es\/?s={search_term_string}"},"query-input":{"@type":"PropertyValueSpecification","valueRequired":true,"valueName":"search_term_string"}}],"inLanguage":"es"},{"@type":"Organization","@id":"https:\/\/www.ethifinance.com\/es\/#organization","name":"Ethifinance","url":"https:\/\/www.ethifinance.com\/es\/","logo":{"@type":"ImageObject","inLanguage":"es","@id":"https:\/\/www.ethifinance.com\/es\/#\/schema\/logo\/image\/","url":"https:\/\/www.ethifinance.com\/wp-content\/uploads\/2024\/05\/Logo_simplified_green_by_altay-01-01.png","contentUrl":"https:\/\/www.ethifinance.com\/wp-content\/uploads\/2024\/05\/Logo_simplified_green_by_altay-01-01.png","width":1424,"height":248,"caption":"Ethifinance"},"image":{"@id":"https:\/\/www.ethifinance.com\/es\/#\/schema\/logo\/image\/"},"sameAs":["https:\/\/www.linkedin.com\/company\/ethifinance\/","https:\/\/www.youtube.com\/@ethifinance_EU"]}]}},"_links":{"self":[{"href":"https:\/\/www.ethifinance.com\/es\/wp-json\/wp\/v2\/pages\/46831","targetHints":{"allow":["GET"]}}],"collection":[{"href":"https:\/\/www.ethifinance.com\/es\/wp-json\/wp\/v2\/pages"}],"about":[{"href":"https:\/\/www.ethifinance.com\/es\/wp-json\/wp\/v2\/types\/page"}],"author":[{"embeddable":true,"href":"https:\/\/www.ethifinance.com\/es\/wp-json\/wp\/v2\/users\/2"}],"replies":[{"embeddable":true,"href":"https:\/\/www.ethifinance.com\/es\/wp-json\/wp\/v2\/comments?post=46831"}],"version-history":[{"count":5,"href":"https:\/\/www.ethifinance.com\/es\/wp-json\/wp\/v2\/pages\/46831\/revisions"}],"predecessor-version":[{"id":46843,"href":"https:\/\/www.ethifinance.com\/es\/wp-json\/wp\/v2\/pages\/46831\/revisions\/46843"}],"wp:featuredmedia":[{"embeddable":true,"href":"https:\/\/www.ethifinance.com\/es\/wp-json\/wp\/v2\/media\/36002"}],"wp:attachment":[{"href":"https:\/\/www.ethifinance.com\/es\/wp-json\/wp\/v2\/media?parent=46831"}],"curies":[{"name":"wp","href":"https:\/\/api.w.org\/{rel}","templated":true}]}}