{"id":37231,"date":"2024-05-23T13:08:59","date_gmt":"2024-05-23T11:08:59","guid":{"rendered":"https:\/\/prod.altaydagistan.com\/notre-reseau\/"},"modified":"2026-03-30T18:24:57","modified_gmt":"2026-03-30T16:24:57","slug":"notre-reseau","status":"publish","type":"page","link":"https:\/\/www.ethifinance.com\/fr\/notre-reseau\/","title":{"rendered":"Notre r\u00e9seau"},"content":{"rendered":"\t\t<div data-elementor-type=\"wp-page\" data-elementor-id=\"37231\" class=\"elementor elementor-37231 elementor-29862\" data-elementor-post-type=\"page\">\n\t\t\t\t<div class=\"elementor-element elementor-element-ad50a94 e-flex e-con-boxed e-con e-parent\" data-id=\"ad50a94\" data-element_type=\"container\" data-e-type=\"container\">\n\t\t\t\t\t<div class=\"e-con-inner\">\n\t\t\t\t<div class=\"elementor-element elementor-element-0528d28 elementor-widget elementor-widget-shortcode\" data-id=\"0528d28\" data-element_type=\"widget\" data-e-type=\"widget\" data-widget_type=\"shortcode.default\">\n\t\t\t\t<div class=\"elementor-widget-container\">\n\t\t\t\t\t\t\t<div class=\"elementor-shortcode\">\t\t<div data-elementor-type=\"container\" data-elementor-id=\"37681\" class=\"elementor elementor-37681 elementor-29413\" data-elementor-post-type=\"elementor_library\">\n\t\t\t\t<div class=\"elementor-element elementor-element-7d4c768a e-con-full e-flex e-con e-parent\" data-id=\"7d4c768a\" data-element_type=\"container\" data-e-type=\"container\" data-settings=\"{&quot;background_background&quot;:&quot;classic&quot;}\">\n\t\t<div class=\"elementor-element elementor-element-e9a1c69 e-flex e-con-boxed e-con e-child\" data-id=\"e9a1c69\" data-element_type=\"container\" data-e-type=\"container\">\n\t\t\t\t\t<div class=\"e-con-inner\">\n\t\t\t\t<div class=\"elementor-element elementor-element-7cde6404 elementor-widget__width-initial elementor-widget elementor-widget-text-editor\" data-id=\"7cde6404\" data-element_type=\"widget\" data-e-type=\"widget\" data-widget_type=\"text-editor.default\">\n\t\t\t\t<div class=\"elementor-widget-container\">\n\t\t\t\t\t\t\t\t\tEthiFinance est affili\u00e9e \u00e0 un certain nombre de march\u00e9s financiers et d&rsquo;associations professionnelles de premier plan, tant au niveau national qu&rsquo;international. Nous travaillons \u00e9galement avec des partenaires commerciaux qualifi\u00e9s \u00e0 travers l&rsquo;Europe. Notre r\u00e9seau commercial comprend des fournisseurs de donn\u00e9es ESG, des fournisseurs de recherche, des fournisseurs de logiciels et des distributeurs de nos produits et services.    \t\t\t\t\t\t\t\t<\/div>\n\t\t\t\t<\/div>\n\t\t\t\t\t<\/div>\n\t\t\t\t<\/div>\n\t\t\t\t<\/div>\n\t\t\t\t<\/div>\n\t\t<\/div>\n\t\t\t\t\t\t<\/div>\n\t\t\t\t<\/div>\n\t\t\t\t\t<\/div>\n\t\t\t\t<\/div>\n\t\t<div class=\"elementor-element elementor-element-1229a081 e-flex e-con-boxed e-con e-parent\" data-id=\"1229a081\" data-element_type=\"container\" data-e-type=\"container\" data-settings=\"{&quot;background_background&quot;:&quot;classic&quot;}\">\n\t\t\t\t\t<div class=\"e-con-inner\">\n\t\t<div class=\"elementor-element elementor-element-304cd09e e-flex e-con-boxed e-con e-child\" data-id=\"304cd09e\" data-element_type=\"container\" data-e-type=\"container\">\n\t\t\t\t\t<div class=\"e-con-inner\">\n\t\t<div class=\"elementor-element elementor-element-1abc35dd e-con-full e-flex e-con e-child\" data-id=\"1abc35dd\" data-element_type=\"container\" data-e-type=\"container\">\n\t\t\t\t<div class=\"elementor-element elementor-element-f0168bd elementor-widget elementor-widget-heading\" data-id=\"f0168bd\" data-element_type=\"widget\" data-e-type=\"widget\" data-widget_type=\"heading.default\">\n\t\t\t\t<div class=\"elementor-widget-container\">\n\t\t\t\t\t<h3 class=\"elementor-heading-title elementor-size-default\">Notre r\u00e9seau institutionnel \n<\/h3>\t\t\t\t<\/div>\n\t\t\t\t<\/div>\n\t\t\t\t<div class=\"elementor-element elementor-element-eb5b3bc elementor-widget elementor-widget-text-editor\" data-id=\"eb5b3bc\" data-element_type=\"widget\" data-e-type=\"widget\" data-widget_type=\"text-editor.default\">\n\t\t\t\t<div class=\"elementor-widget-container\">\n\t\t\t\t\t\t\t\t\tNous sommes en contact avec les march\u00e9s financiers et les associations professionnelles, tant au niveau national qu&rsquo;international. Nous sommes un membre fondateur de l&rsquo;Association europ\u00e9enne des agences de notation de cr\u00e9dit (EACRA) &#8211; une plateforme de coop\u00e9ration et de discussion pour les agences de notation de cr\u00e9dit \u00e0 travers l&rsquo;Europe. L&rsquo;association a \u00e9t\u00e9 cr\u00e9\u00e9e en novembre 2009 et compte onze membres, tous profond\u00e9ment ancr\u00e9s dans leurs march\u00e9s respectifs, d\u00e9tenant une part de march\u00e9 \u00e9lev\u00e9e et jouissant d&rsquo;une bonne r\u00e9putation aupr\u00e8s des investisseurs locaux.\n\n\t\t\t\t\t\t\t\t<\/div>\n\t\t\t\t<\/div>\n\t\t\t\t<div class=\"elementor-element elementor-element-8dd8e89 elementor-widget elementor-widget-button\" data-id=\"8dd8e89\" data-element_type=\"widget\" data-e-type=\"widget\" data-widget_type=\"button.default\">\n\t\t\t\t<div class=\"elementor-widget-container\">\n\t\t\t\t\t\t\t\t\t<div class=\"elementor-button-wrapper\">\n\t\t\t\t\t<a class=\"elementor-button elementor-button-link elementor-size-sm\" href=\"https:\/\/eacra.eu\/\" target=\"_blank\">\n\t\t\t\t\t\t<span class=\"elementor-button-content-wrapper\">\n\t\t\t\t\t\t\t\t\t<span class=\"elementor-button-text\">En savoir plus sur EACRA<\/span>\n\t\t\t\t\t<\/span>\n\t\t\t\t\t<\/a>\n\t\t\t\t<\/div>\n\t\t\t\t\t\t\t\t<\/div>\n\t\t\t\t<\/div>\n\t\t\t\t<div class=\"elementor-element elementor-element-f968eae elementor-widget elementor-widget-text-editor\" data-id=\"f968eae\" data-element_type=\"widget\" data-e-type=\"widget\" data-widget_type=\"text-editor.default\">\n\t\t\t\t<div class=\"elementor-widget-container\">\n\t\t\t\t\t\t\t\t\t<div class=\"elementor-element elementor-element-f968eae elementor-widget elementor-widget-text-editor\" data-id=\"f968eae\" data-element_type=\"widget\" data-widget_type=\"text-editor.default\"><div class=\"elementor-widget-container\"><p class=\" translation-block\">EthiFinance est un membre fondateur de l&rsquo;European Association of Sustainability Rating Agencies (EASRA). Lanc\u00e9e \u00e0 Paris, en France, au printemps 2023, l&rsquo;association a pour objectif de devenir l&rsquo;organe repr\u00e9sentatif d&rsquo;une nouvelle g\u00e9n\u00e9ration de prestataires de services europ\u00e9ens dans le domaine de la finance durable. Les membres de l&rsquo;EASRA s&rsquo;engagent en faveur de la transparence, de la rigueur, de l&rsquo;ind\u00e9pendance et de la promotion de la double mat\u00e9rialit\u00e9.<\/p><\/div><\/div><div class=\"elementor-element elementor-element-3a19a9e elementor-widget elementor-widget-button\" data-id=\"3a19a9e\" data-element_type=\"widget\" data-widget_type=\"button.default\"><div class=\"elementor-widget-container\"><div class=\"elementor-button-wrapper\">\u00a0<\/div><\/div><\/div>\t\t\t\t\t\t\t\t<\/div>\n\t\t\t\t<\/div>\n\t\t\t\t<div class=\"elementor-element elementor-element-3a19a9e elementor-widget elementor-widget-button\" data-id=\"3a19a9e\" data-element_type=\"widget\" data-e-type=\"widget\" data-widget_type=\"button.default\">\n\t\t\t\t<div class=\"elementor-widget-container\">\n\t\t\t\t\t\t\t\t\t<div class=\"elementor-button-wrapper\">\n\t\t\t\t\t<a class=\"elementor-button elementor-button-link elementor-size-sm\" href=\"https:\/\/www.easra.org\/\" target=\"_blank\">\n\t\t\t\t\t\t<span class=\"elementor-button-content-wrapper\">\n\t\t\t\t\t\t\t\t\t<span class=\"elementor-button-text\">En savoir plus sur l'EASRA<\/span>\n\t\t\t\t\t<\/span>\n\t\t\t\t\t<\/a>\n\t\t\t\t<\/div>\n\t\t\t\t\t\t\t\t<\/div>\n\t\t\t\t<\/div>\n\t\t\t\t<div class=\"elementor-element elementor-element-dd985b7 elementor-widget elementor-widget-text-editor\" data-id=\"dd985b7\" data-element_type=\"widget\" data-e-type=\"widget\" data-widget_type=\"text-editor.default\">\n\t\t\t\t<div class=\"elementor-widget-container\">\n\t\t\t\t\t\t\t\t\t<div class=\"elementor-element elementor-element-dd985b7 elementor-widget elementor-widget-text-editor\" data-id=\"dd985b7\" data-element_type=\"widget\" data-widget_type=\"text-editor.default\"><div class=\"elementor-widget-container\"><p class=\" translation-block\">EthiFinance est un signataire des PRI (Principes pour l&rsquo;investissement responsable), membre des principales associations fran\u00e7aises d&rsquo;investissement et membre actif des Forums europ\u00e9ens et locaux pour l&rsquo;investissement social.<\/p><\/div><\/div><div class=\"elementor-element elementor-element-47e3359 elementor-widget elementor-widget-heading\" data-id=\"47e3359\" data-element_type=\"widget\" data-widget_type=\"heading.default\"><div class=\"elementor-widget-container\">\u00a0<\/div><\/div>\t\t\t\t\t\t\t\t<\/div>\n\t\t\t\t<\/div>\n\t\t\t\t<div class=\"elementor-element elementor-element-47e3359 elementor-widget elementor-widget-heading\" data-id=\"47e3359\" data-element_type=\"widget\" data-e-type=\"widget\" data-widget_type=\"heading.default\">\n\t\t\t\t<div class=\"elementor-widget-container\">\n\t\t\t\t\t<h3 class=\"elementor-heading-title elementor-size-default\">Notre r\u00e9seau commercial  <\/h3>\t\t\t\t<\/div>\n\t\t\t\t<\/div>\n\t\t\t\t<div class=\"elementor-element elementor-element-f68ea02 elementor-widget elementor-widget-text-editor\" data-id=\"f68ea02\" data-element_type=\"widget\" data-e-type=\"widget\" data-widget_type=\"text-editor.default\">\n\t\t\t\t<div class=\"elementor-widget-container\">\n\t\t\t\t\t\t\t\t\tEthiFinance est \u00e9troitement li\u00e9s avec des partenaires commerciaux dans toute l&rsquo;Europe. Notre r\u00e9seau commercial comprend des fournisseurs de donn\u00e9es ESG, des fournisseurs de recherche, des fournisseurs de logiciels et des distributeurs de nos produits et services.\n\n\t\t\t\t\t\t\t\t<\/div>\n\t\t\t\t<\/div>\n\t\t\t\t<\/div>\n\t\t<div class=\"elementor-element elementor-element-6bbea09 e-con-full elementor-hidden-tablet e-flex e-con e-child\" data-id=\"6bbea09\" data-element_type=\"container\" data-e-type=\"container\">\n\t\t\t\t<div class=\"elementor-element elementor-element-4dacadb0 elementor-widget elementor-widget-image\" data-id=\"4dacadb0\" data-element_type=\"widget\" data-e-type=\"widget\" data-widget_type=\"image.default\">\n\t\t\t\t<div class=\"elementor-widget-container\">\n\t\t\t\t\t\t\t\t\t\t\t\t\t\t\t<img fetchpriority=\"high\" decoding=\"async\" width=\"768\" height=\"987\" src=\"https:\/\/www.ethifinance.com\/wp-content\/uploads\/2024\/06\/Sustainable-company-building-surrounded-with-trees-in-a-city-63488-768x987.jpg\" class=\"attachment-medium_large size-medium_large wp-image-36805\" alt=\"\" srcset=\"https:\/\/www.ethifinance.com\/wp-content\/uploads\/2024\/06\/Sustainable-company-building-surrounded-with-trees-in-a-city-63488-768x987.jpg 768w, https:\/\/www.ethifinance.com\/wp-content\/uploads\/2024\/06\/Sustainable-company-building-surrounded-with-trees-in-a-city-63488-233x300.jpg 233w, https:\/\/www.ethifinance.com\/wp-content\/uploads\/2024\/06\/Sustainable-company-building-surrounded-with-trees-in-a-city-63488-796x1024.jpg 796w, https:\/\/www.ethifinance.com\/wp-content\/uploads\/2024\/06\/Sustainable-company-building-surrounded-with-trees-in-a-city-63488-1195x1536.jpg 1195w, https:\/\/www.ethifinance.com\/wp-content\/uploads\/2024\/06\/Sustainable-company-building-surrounded-with-trees-in-a-city-63488-1593x2048.jpg 1593w, https:\/\/www.ethifinance.com\/wp-content\/uploads\/2024\/06\/Sustainable-company-building-surrounded-with-trees-in-a-city-63488-9x12.jpg 9w, https:\/\/www.ethifinance.com\/wp-content\/uploads\/2024\/06\/Sustainable-company-building-surrounded-with-trees-in-a-city-63488.jpg 1792w\" sizes=\"(max-width: 768px) 100vw, 768px\" \/>\t\t\t\t\t\t\t\t\t\t\t\t\t\t\t<\/div>\n\t\t\t\t<\/div>\n\t\t\t\t<\/div>\n\t\t\t\t\t<\/div>\n\t\t\t\t<\/div>\n\t\t\t\t\t<\/div>\n\t\t\t\t<\/div>\n\t\t<div class=\"elementor-element elementor-element-3fc6bbd e-flex e-con-boxed e-con e-parent\" data-id=\"3fc6bbd\" data-element_type=\"container\" data-e-type=\"container\" data-settings=\"{&quot;background_background&quot;:&quot;classic&quot;}\">\n\t\t\t\t\t<div class=\"e-con-inner\">\n\t\t<div class=\"elementor-element elementor-element-7246cff e-con-full e-flex e-con e-child\" data-id=\"7246cff\" data-element_type=\"container\" data-e-type=\"container\" data-settings=\"{&quot;background_background&quot;:&quot;classic&quot;}\">\n\t\t\t\t<div class=\"elementor-element elementor-element-c2df9f1 elementor-widget elementor-widget-html\" data-id=\"c2df9f1\" data-element_type=\"widget\" data-e-type=\"widget\" data-widget_type=\"html.default\">\n\t\t\t\t<div class=\"elementor-widget-container\">\n\t\t\t\t\t<script src=\"https:\/\/ethifinance.my.site.com\/lp\/assets\/scripts\/external-forms-host.min.js\"><\/script>\r\n<script src=\"https:\/\/ethifinance.my.site.com\/lp\/assets\/lightning_out_embed\/prod\/fr\/MCFTQJUFDOXJD4VHBDSD6CBWW76Q.js\"><\/script>\r\n\r\n<script>\r\n    \/\/ On attend que les scripts soient bien l\u00e0 avant d'initialiser\r\n    window.onload = function() {\r\n        if (window.sfdc_forms) {\r\n            window.sfdc_forms.init();\r\n        }\r\n    };\r\n<\/script>\r\n\r\n<fragment-z4vffnca0scbn58jaot6m48pm0b08glcxb9cslx5z69 \r\n    title=\"Marketing Form\" \r\n    id=\"container\" \r\n    data-recaptcha-site-key=\"\" \r\n    data-external-form=\"true\" \r\n    data-web-tracking=\"true\">\r\n<\/fragment-z4vffnca0scbn58jaot6m48pm0b08glcxb9cslx5z69>\t\t\t\t<\/div>\n\t\t\t\t<\/div>\n\t\t\t\t<\/div>\n\t\t\t\t\t<\/div>\n\t\t\t\t<\/div>\n\t\t\t\t<\/div>\n\t\t","protected":false},"excerpt":{"rendered":"<p>EthiFinance est affili\u00e9e \u00e0 un certain nombre de march\u00e9s financiers et d&rsquo;associations professionnelles de premier plan, tant au niveau national qu&rsquo;international. Nous travaillons \u00e9galement avec des partenaires commerciaux qualifi\u00e9s \u00e0 travers l&rsquo;Europe. Notre r\u00e9seau commercial comprend des fournisseurs de donn\u00e9es ESG, des fournisseurs de recherche, des fournisseurs de logiciels et des distributeurs de nos produits et services.    <\/p>\n","protected":false},"author":2,"featured_media":36961,"parent":0,"menu_order":0,"comment_status":"closed","ping_status":"closed","template":"elementor_header_footer","meta":{"_acf_changed":false,"footnotes":""},"class_list":["post-37231","page","type-page","status-publish","has-post-thumbnail","hentry"],"acf":[],"yoast_head":"<!-- This site is optimized with the Yoast SEO plugin v26.9 - https:\/\/yoast.com\/product\/yoast-seo-wordpress\/ -->\n<title>Notre r\u00e9seau - EthiFinance<\/title>\n<meta name=\"robots\" content=\"index, follow, max-snippet:-1, max-image-preview:large, max-video-preview:-1\" \/>\n<link rel=\"canonical\" href=\"https:\/\/www.ethifinance.com\/fr\/notre-reseau\/\" \/>\n<meta property=\"og:locale\" content=\"fr_FR\" \/>\n<meta property=\"og:type\" content=\"article\" \/>\n<meta property=\"og:title\" content=\"Notre r\u00e9seau - EthiFinance\" \/>\n<meta property=\"og:description\" content=\"EthiFinance est affili\u00e9e \u00e0 un certain nombre de march\u00e9s financiers et d&#039;associations professionnelles de premier plan, tant au niveau national qu&#039;international. Nous travaillons \u00e9galement avec des partenaires commerciaux qualifi\u00e9s \u00e0 travers l&#039;Europe. Notre r\u00e9seau commercial comprend des fournisseurs de donn\u00e9es ESG, des fournisseurs de recherche, des fournisseurs de logiciels et des distributeurs de nos produits et services.\" \/>\n<meta property=\"og:url\" content=\"https:\/\/www.ethifinance.com\/fr\/notre-reseau\/\" \/>\n<meta property=\"og:site_name\" content=\"EthiFinance\" \/>\n<meta property=\"article:modified_time\" content=\"2026-03-30T16:24:57+00:00\" \/>\n<meta property=\"og:image\" content=\"https:\/\/www.ethifinance.com\/wp-content\/uploads\/2024\/06\/frans-leivo-QEJzR7GoHz8-unsplash.jpg\" \/>\n\t<meta property=\"og:image:width\" content=\"1920\" \/>\n\t<meta property=\"og:image:height\" content=\"1206\" \/>\n\t<meta property=\"og:image:type\" content=\"image\/jpeg\" \/>\n<meta name=\"twitter:card\" content=\"summary_large_image\" \/>\n<meta name=\"twitter:label1\" content=\"Dur\u00e9e de lecture estim\u00e9e\" \/>\n\t<meta name=\"twitter:data1\" content=\"3 minutes\" \/>\n<script type=\"application\/ld+json\" class=\"yoast-schema-graph\">{\"@context\":\"https:\/\/schema.org\",\"@graph\":[{\"@type\":\"WebPage\",\"@id\":\"https:\/\/www.ethifinance.com\/fr\/notre-reseau\/\",\"url\":\"https:\/\/www.ethifinance.com\/fr\/notre-reseau\/\",\"name\":\"Notre r\u00e9seau - EthiFinance\",\"isPartOf\":{\"@id\":\"https:\/\/www.ethifinance.com\/fr\/#website\"},\"primaryImageOfPage\":{\"@id\":\"https:\/\/www.ethifinance.com\/fr\/notre-reseau\/#primaryimage\"},\"image\":{\"@id\":\"https:\/\/www.ethifinance.com\/fr\/notre-reseau\/#primaryimage\"},\"thumbnailUrl\":\"https:\/\/www.ethifinance.com\/wp-content\/uploads\/2024\/06\/frans-leivo-QEJzR7GoHz8-unsplash.jpg\",\"datePublished\":\"2024-05-23T11:08:59+00:00\",\"dateModified\":\"2026-03-30T16:24:57+00:00\",\"breadcrumb\":{\"@id\":\"https:\/\/www.ethifinance.com\/fr\/notre-reseau\/#breadcrumb\"},\"inLanguage\":\"fr-FR\",\"potentialAction\":[{\"@type\":\"ReadAction\",\"target\":[\"https:\/\/www.ethifinance.com\/fr\/notre-reseau\/\"]}]},{\"@type\":\"ImageObject\",\"inLanguage\":\"fr-FR\",\"@id\":\"https:\/\/www.ethifinance.com\/fr\/notre-reseau\/#primaryimage\",\"url\":\"https:\/\/www.ethifinance.com\/wp-content\/uploads\/2024\/06\/frans-leivo-QEJzR7GoHz8-unsplash.jpg\",\"contentUrl\":\"https:\/\/www.ethifinance.com\/wp-content\/uploads\/2024\/06\/frans-leivo-QEJzR7GoHz8-unsplash.jpg\",\"width\":1920,\"height\":1206},{\"@type\":\"BreadcrumbList\",\"@id\":\"https:\/\/www.ethifinance.com\/fr\/notre-reseau\/#breadcrumb\",\"itemListElement\":[{\"@type\":\"ListItem\",\"position\":1,\"name\":\"Accueil\",\"item\":\"https:\/\/www.ethifinance.com\/fr\/\"},{\"@type\":\"ListItem\",\"position\":2,\"name\":\"Notre r\u00e9seau\"}]},{\"@type\":\"WebSite\",\"@id\":\"https:\/\/www.ethifinance.com\/fr\/#website\",\"url\":\"https:\/\/www.ethifinance.com\/fr\/\",\"name\":\"Ethifinance\",\"description\":\"\",\"publisher\":{\"@id\":\"https:\/\/www.ethifinance.com\/fr\/#organization\"},\"potentialAction\":[{\"@type\":\"SearchAction\",\"target\":{\"@type\":\"EntryPoint\",\"urlTemplate\":\"https:\/\/www.ethifinance.com\/fr\/?s={search_term_string}\"},\"query-input\":{\"@type\":\"PropertyValueSpecification\",\"valueRequired\":true,\"valueName\":\"search_term_string\"}}],\"inLanguage\":\"fr-FR\"},{\"@type\":\"Organization\",\"@id\":\"https:\/\/www.ethifinance.com\/fr\/#organization\",\"name\":\"Ethifinance\",\"url\":\"https:\/\/www.ethifinance.com\/fr\/\",\"logo\":{\"@type\":\"ImageObject\",\"inLanguage\":\"fr-FR\",\"@id\":\"https:\/\/www.ethifinance.com\/fr\/#\/schema\/logo\/image\/\",\"url\":\"https:\/\/www.ethifinance.com\/wp-content\/uploads\/2024\/05\/Logo_simplified_green_by_altay-01-01.png\",\"contentUrl\":\"https:\/\/www.ethifinance.com\/wp-content\/uploads\/2024\/05\/Logo_simplified_green_by_altay-01-01.png\",\"width\":1424,\"height\":248,\"caption\":\"Ethifinance\"},\"image\":{\"@id\":\"https:\/\/www.ethifinance.com\/fr\/#\/schema\/logo\/image\/\"},\"sameAs\":[\"https:\/\/www.linkedin.com\/company\/ethifinance\/\",\"https:\/\/www.youtube.com\/@ethifinance_EU\"]}]}<\/script>\n<!-- \/ Yoast SEO plugin. -->","yoast_head_json":{"title":"Notre r\u00e9seau - EthiFinance","robots":{"index":"index","follow":"follow","max-snippet":"max-snippet:-1","max-image-preview":"max-image-preview:large","max-video-preview":"max-video-preview:-1"},"canonical":"https:\/\/www.ethifinance.com\/fr\/notre-reseau\/","og_locale":"fr_FR","og_type":"article","og_title":"Notre r\u00e9seau - EthiFinance","og_description":"EthiFinance est affili\u00e9e \u00e0 un certain nombre de march\u00e9s financiers et d'associations professionnelles de premier plan, tant au niveau national qu'international. Nous travaillons \u00e9galement avec des partenaires commerciaux qualifi\u00e9s \u00e0 travers l'Europe. Notre r\u00e9seau commercial comprend des fournisseurs de donn\u00e9es ESG, des fournisseurs de recherche, des fournisseurs de logiciels et des distributeurs de nos produits et services.","og_url":"https:\/\/www.ethifinance.com\/fr\/notre-reseau\/","og_site_name":"EthiFinance","article_modified_time":"2026-03-30T16:24:57+00:00","og_image":[{"width":1920,"height":1206,"url":"https:\/\/www.ethifinance.com\/wp-content\/uploads\/2024\/06\/frans-leivo-QEJzR7GoHz8-unsplash.jpg","type":"image\/jpeg"}],"twitter_card":"summary_large_image","twitter_misc":{"Dur\u00e9e de lecture estim\u00e9e":"3 minutes"},"schema":{"@context":"https:\/\/schema.org","@graph":[{"@type":"WebPage","@id":"https:\/\/www.ethifinance.com\/fr\/notre-reseau\/","url":"https:\/\/www.ethifinance.com\/fr\/notre-reseau\/","name":"Notre r\u00e9seau - EthiFinance","isPartOf":{"@id":"https:\/\/www.ethifinance.com\/fr\/#website"},"primaryImageOfPage":{"@id":"https:\/\/www.ethifinance.com\/fr\/notre-reseau\/#primaryimage"},"image":{"@id":"https:\/\/www.ethifinance.com\/fr\/notre-reseau\/#primaryimage"},"thumbnailUrl":"https:\/\/www.ethifinance.com\/wp-content\/uploads\/2024\/06\/frans-leivo-QEJzR7GoHz8-unsplash.jpg","datePublished":"2024-05-23T11:08:59+00:00","dateModified":"2026-03-30T16:24:57+00:00","breadcrumb":{"@id":"https:\/\/www.ethifinance.com\/fr\/notre-reseau\/#breadcrumb"},"inLanguage":"fr-FR","potentialAction":[{"@type":"ReadAction","target":["https:\/\/www.ethifinance.com\/fr\/notre-reseau\/"]}]},{"@type":"ImageObject","inLanguage":"fr-FR","@id":"https:\/\/www.ethifinance.com\/fr\/notre-reseau\/#primaryimage","url":"https:\/\/www.ethifinance.com\/wp-content\/uploads\/2024\/06\/frans-leivo-QEJzR7GoHz8-unsplash.jpg","contentUrl":"https:\/\/www.ethifinance.com\/wp-content\/uploads\/2024\/06\/frans-leivo-QEJzR7GoHz8-unsplash.jpg","width":1920,"height":1206},{"@type":"BreadcrumbList","@id":"https:\/\/www.ethifinance.com\/fr\/notre-reseau\/#breadcrumb","itemListElement":[{"@type":"ListItem","position":1,"name":"Accueil","item":"https:\/\/www.ethifinance.com\/fr\/"},{"@type":"ListItem","position":2,"name":"Notre r\u00e9seau"}]},{"@type":"WebSite","@id":"https:\/\/www.ethifinance.com\/fr\/#website","url":"https:\/\/www.ethifinance.com\/fr\/","name":"Ethifinance","description":"","publisher":{"@id":"https:\/\/www.ethifinance.com\/fr\/#organization"},"potentialAction":[{"@type":"SearchAction","target":{"@type":"EntryPoint","urlTemplate":"https:\/\/www.ethifinance.com\/fr\/?s={search_term_string}"},"query-input":{"@type":"PropertyValueSpecification","valueRequired":true,"valueName":"search_term_string"}}],"inLanguage":"fr-FR"},{"@type":"Organization","@id":"https:\/\/www.ethifinance.com\/fr\/#organization","name":"Ethifinance","url":"https:\/\/www.ethifinance.com\/fr\/","logo":{"@type":"ImageObject","inLanguage":"fr-FR","@id":"https:\/\/www.ethifinance.com\/fr\/#\/schema\/logo\/image\/","url":"https:\/\/www.ethifinance.com\/wp-content\/uploads\/2024\/05\/Logo_simplified_green_by_altay-01-01.png","contentUrl":"https:\/\/www.ethifinance.com\/wp-content\/uploads\/2024\/05\/Logo_simplified_green_by_altay-01-01.png","width":1424,"height":248,"caption":"Ethifinance"},"image":{"@id":"https:\/\/www.ethifinance.com\/fr\/#\/schema\/logo\/image\/"},"sameAs":["https:\/\/www.linkedin.com\/company\/ethifinance\/","https:\/\/www.youtube.com\/@ethifinance_EU"]}]}},"_links":{"self":[{"href":"https:\/\/www.ethifinance.com\/fr\/wp-json\/wp\/v2\/pages\/37231","targetHints":{"allow":["GET"]}}],"collection":[{"href":"https:\/\/www.ethifinance.com\/fr\/wp-json\/wp\/v2\/pages"}],"about":[{"href":"https:\/\/www.ethifinance.com\/fr\/wp-json\/wp\/v2\/types\/page"}],"author":[{"embeddable":true,"href":"https:\/\/www.ethifinance.com\/fr\/wp-json\/wp\/v2\/users\/2"}],"replies":[{"embeddable":true,"href":"https:\/\/www.ethifinance.com\/fr\/wp-json\/wp\/v2\/comments?post=37231"}],"version-history":[{"count":33,"href":"https:\/\/www.ethifinance.com\/fr\/wp-json\/wp\/v2\/pages\/37231\/revisions"}],"predecessor-version":[{"id":48879,"href":"https:\/\/www.ethifinance.com\/fr\/wp-json\/wp\/v2\/pages\/37231\/revisions\/48879"}],"wp:featuredmedia":[{"embeddable":true,"href":"https:\/\/www.ethifinance.com\/fr\/wp-json\/wp\/v2\/media\/36961"}],"wp:attachment":[{"href":"https:\/\/www.ethifinance.com\/fr\/wp-json\/wp\/v2\/media?parent=37231"}],"curies":[{"name":"wp","href":"https:\/\/api.w.org\/{rel}","templated":true}]}}