{"id":37382,"date":"2024-05-28T12:56:06","date_gmt":"2024-05-28T10:56:06","guid":{"rendered":"https:\/\/prod.altaydagistan.com\/produits-et-services\/"},"modified":"2026-05-06T17:33:13","modified_gmt":"2026-05-06T15:33:13","slug":"produits-et-services","status":"publish","type":"page","link":"https:\/\/www.ethifinance.com\/fr\/produits-et-services\/","title":{"rendered":"Produits et services"},"content":{"rendered":"\t\t<div data-elementor-type=\"wp-page\" data-elementor-id=\"37382\" class=\"elementor elementor-37382 elementor-30240\" data-elementor-post-type=\"page\">\n\t\t\t\t<div class=\"elementor-element elementor-element-ad50a94 e-flex e-con-boxed e-con e-parent\" data-id=\"ad50a94\" data-element_type=\"container\" data-e-type=\"container\">\n\t\t\t\t\t<div class=\"e-con-inner\">\n\t\t\t\t<div class=\"elementor-element elementor-element-0528d28 elementor-widget elementor-widget-shortcode\" data-id=\"0528d28\" data-element_type=\"widget\" data-e-type=\"widget\" data-widget_type=\"shortcode.default\">\n\t\t\t\t<div class=\"elementor-widget-container\">\n\t\t\t\t\t\t\t<div class=\"elementor-shortcode\">\t\t<div data-elementor-type=\"container\" data-elementor-id=\"37681\" class=\"elementor elementor-37681 elementor-29413 elementor-29413\" data-elementor-post-type=\"elementor_library\">\n\t\t\t\t<div class=\"elementor-element elementor-element-7d4c768a e-con-full e-flex e-con e-parent\" data-id=\"7d4c768a\" data-element_type=\"container\" data-e-type=\"container\" data-settings=\"{&quot;background_background&quot;:&quot;classic&quot;}\">\n\t\t<div class=\"elementor-element elementor-element-e9a1c69 e-flex e-con-boxed e-con e-child\" data-id=\"e9a1c69\" data-element_type=\"container\" data-e-type=\"container\">\n\t\t\t\t\t<div class=\"e-con-inner\">\n\t\t\t\t<div class=\"elementor-element elementor-element-7cde6404 elementor-widget__width-initial elementor-widget elementor-widget-text-editor\" data-id=\"7cde6404\" data-element_type=\"widget\" data-e-type=\"widget\" data-widget_type=\"text-editor.default\">\n\t\t\t\t<div class=\"elementor-widget-container\">\n\t\t\t\t\t\t\t\t\tNos produits d&rsquo;analyse r\u00e9pondent \u00e0 diff\u00e9rents besoins et sont soumis \u00e0 des valeurs r\u00e9glementaires vari\u00e9es\t\t\t\t\t\t\t\t<\/div>\n\t\t\t\t<\/div>\n\t\t\t\t\t<\/div>\n\t\t\t\t<\/div>\n\t\t\t\t<\/div>\n\t\t\t\t<\/div>\n\t\t<\/div>\n\t\t\t\t\t\t<\/div>\n\t\t\t\t<\/div>\n\t\t\t\t\t<\/div>\n\t\t\t\t<\/div>\n\t\t<div class=\"elementor-element elementor-element-45bb0126 e-flex e-con-boxed e-con e-parent\" data-id=\"45bb0126\" data-element_type=\"container\" data-e-type=\"container\" data-settings=\"{&quot;background_background&quot;:&quot;classic&quot;}\">\n\t\t\t\t\t<div class=\"e-con-inner\">\n\t\t<div class=\"elementor-element elementor-element-115923c1 e-flex e-con-boxed e-con e-child\" data-id=\"115923c1\" data-element_type=\"container\" data-e-type=\"container\">\n\t\t\t\t\t<div class=\"e-con-inner\">\n\t\t<div class=\"elementor-element elementor-element-7adfd876 e-con-full elementor-hidden-tablet elementor-hidden-mobile e-flex e-con e-child\" data-id=\"7adfd876\" data-element_type=\"container\" data-e-type=\"container\">\n\t\t\t\t<div class=\"elementor-element elementor-element-6d4c7b63 elementor-widget elementor-widget-image\" data-id=\"6d4c7b63\" data-element_type=\"widget\" data-e-type=\"widget\" data-widget_type=\"image.default\">\n\t\t\t\t<div class=\"elementor-widget-container\">\n\t\t\t\t\t\t\t\t\t\t\t\t\t\t\t<img fetchpriority=\"high\" decoding=\"async\" width=\"768\" height=\"987\" src=\"https:\/\/www.ethifinance.com\/wp-content\/uploads\/2024\/06\/four-trees-768x987.jpg\" class=\"attachment-medium_large size-medium_large wp-image-36598\" alt=\"\" srcset=\"https:\/\/www.ethifinance.com\/wp-content\/uploads\/2024\/06\/four-trees-768x987.jpg 768w, https:\/\/www.ethifinance.com\/wp-content\/uploads\/2024\/06\/four-trees-233x300.jpg 233w, https:\/\/www.ethifinance.com\/wp-content\/uploads\/2024\/06\/four-trees-796x1024.jpg 796w, https:\/\/www.ethifinance.com\/wp-content\/uploads\/2024\/06\/four-trees-1195x1536.jpg 1195w, https:\/\/www.ethifinance.com\/wp-content\/uploads\/2024\/06\/four-trees-1593x2048.jpg 1593w, https:\/\/www.ethifinance.com\/wp-content\/uploads\/2024\/06\/four-trees-9x12.jpg 9w, https:\/\/www.ethifinance.com\/wp-content\/uploads\/2024\/06\/four-trees.jpg 1792w\" sizes=\"(max-width: 768px) 100vw, 768px\" \/>\t\t\t\t\t\t\t\t\t\t\t\t\t\t\t<\/div>\n\t\t\t\t<\/div>\n\t\t\t\t<\/div>\n\t\t<div class=\"elementor-element elementor-element-16ef5889 e-con-full e-flex e-con e-child\" data-id=\"16ef5889\" data-element_type=\"container\" data-e-type=\"container\">\n\t\t\t\t<div class=\"elementor-element elementor-element-86df830 elementor-widget elementor-widget-heading\" data-id=\"86df830\" data-element_type=\"widget\" data-e-type=\"widget\" data-widget_type=\"heading.default\">\n\t\t\t\t<div class=\"elementor-widget-container\">\n\t\t\t\t\t<h5 class=\"elementor-heading-title elementor-size-default\">Notation de cr\u00e9dit<\/h5>\t\t\t\t<\/div>\n\t\t\t\t<\/div>\n\t\t\t\t<div class=\"elementor-element elementor-element-328a0ea9 elementor-widget elementor-widget-text-editor\" data-id=\"328a0ea9\" data-element_type=\"widget\" data-e-type=\"widget\" data-widget_type=\"text-editor.default\">\n\t\t\t\t<div class=\"elementor-widget-container\">\n\t\t\t\t\t\t\t\t\t<p><span data-contrast=\"none\">Les notations de cr\u00e9dit refl\u00e8tent la qualit\u00e9 de cr\u00e9dit des \u00e9metteurs de dette (entreprises, \u00c9tats, institutions financi\u00e8res, financements structur\u00e9s&#8230;), c\u2019est-\u00e0-dire leur capacit\u00e9 \u00e0 honorer pleinement leurs obligations financi\u00e8res en temps opportun.<\/span><span data-ccp-props=\"{\"201341983\":0,\"335557856\":16777215,\"335559739\":0,\"335559740\":279}\"> <\/span><\/p><p><span data-contrast=\"none\">Les notations de cr\u00e9dit sont couvertes par des <\/span><span data-contrast=\"none\">m\u00e9thodologies transparentes et sp\u00e9cifiques<\/span> <span data-contrast=\"none\">et sont pr\u00e9sent\u00e9es \u00e0 l\u2019aide d\u2019\u00e9chelles de notation sp\u00e9cifiques selon que nous attribuons des notations \u00e0 court terme ou \u00e0 long terme.<\/span><span data-ccp-props=\"{\"201341983\":0,\"335557856\":16777215,\"335559739\":0,\"335559740\":279}\"> <\/span><\/p><p><span data-contrast=\"none\">En tant qu\u2019agence de notation de cr\u00e9dit enregistr\u00e9e, <\/span><span data-contrast=\"auto\">nos notations <\/span><span data-contrast=\"none\">peuvent <\/span><span data-contrast=\"none\">\u00eatre publiques (et avoir une valeur r\u00e9glementaire) ou rester priv\u00e9es.<\/span><\/p><p><span data-contrast=\"none\"><strong>Classes d\u2019actifs couvertes :<\/strong> <span class=\"NormalTextRun DraftCommentAnchorIntent DraftCommentTextAnchorIntentHighlight SCXW35278051 BCX0\">Corporates, <\/span><span class=\"NormalTextRun DraftCommentAnchorIntent DraftCommentTextAnchorIntentHighlight SCXW35278051 BCX0\">Financement de projets, <\/span><span class=\"NormalTextRun DraftCommentAnchorIntent DraftCommentTextAnchorIntentHighlight SCXW35278051 BCX0\">Institutions financi\u00e8res, <\/span><span class=\"NormalTextRun DraftCommentAnchorIntent DraftCommentTextAnchorIntentHighlight SCXW35278051 BCX0\">Assurances<\/span><span class=\"NormalTextRun DraftCommentAnchorIntent DraftCommentTextAnchorIntentHighlight SCXW35278051 BCX0\">, <\/span><span class=\"NormalTextRun DraftCommentAnchorIntent DraftCommentTextAnchorIntentHighlight SCXW35278051 BCX0\">Souverains, Financements structur\u00e9s.<\/span><\/span><\/p>\t\t\t\t\t\t\t\t<\/div>\n\t\t\t\t<\/div>\n\t\t\t\t<\/div>\n\t\t\t\t\t<\/div>\n\t\t\t\t<\/div>\n\t\t<div class=\"elementor-element elementor-element-731a08ef e-flex e-con-boxed e-con e-child\" data-id=\"731a08ef\" data-element_type=\"container\" data-e-type=\"container\">\n\t\t\t\t\t<div class=\"e-con-inner\">\n\t\t<div class=\"elementor-element elementor-element-16636d4f e-con-full e-flex e-con e-child\" data-id=\"16636d4f\" data-element_type=\"container\" data-e-type=\"container\">\n\t\t\t\t<div class=\"elementor-element elementor-element-4bacc8e elementor-widget elementor-widget-heading\" data-id=\"4bacc8e\" data-element_type=\"widget\" data-e-type=\"widget\" data-widget_type=\"heading.default\">\n\t\t\t\t<div class=\"elementor-widget-container\">\n\t\t\t\t\t<h5 class=\"elementor-heading-title elementor-size-default\">Rapports de solvabilit\u00e9<\/h5>\t\t\t\t<\/div>\n\t\t\t\t<\/div>\n\t\t\t\t<div class=\"elementor-element elementor-element-23770d0b elementor-widget elementor-widget-text-editor\" data-id=\"23770d0b\" data-element_type=\"widget\" data-e-type=\"widget\" data-widget_type=\"text-editor.default\">\n\t\t\t\t<div class=\"elementor-widget-container\">\n\t\t\t\t\t\t\t\t\t<p><span data-contrast=\"none\">Un rapport de solvabilit\u00e9 \u00e9value la capacit\u00e9 d\u2019un \u00e9metteur \u00e0 s\u2019acquitter de ses obligations financi\u00e8res en temps opportun.  <\/span><span data-contrast=\"auto\">En tant que tel, il pr\u00e9sente les m\u00eames caract\u00e9ristiques qu\u2019un rapport de notation de cr\u00e9dit, sauf qu\u2019il s\u2019agit d\u2019une opinion contenant une \u00e9valuation de la solvabilit\u00e9 de l\u2019\u00e9metteur.&nbsp;<\/span><span data-ccp-props=\"{\"201341983\":0,\"335557856\":16777215,\"335559739\":0,\"335559740\":279}\">&nbsp;<\/span><\/p>\n<p><span data-contrast=\"none\">Les rapports de solvabilit\u00e9 peuvent donc \u00eatre utilis\u00e9s \u00e0 des fins internes, comme outil dans le processus de prise de d\u00e9cision, ou \u00e0 des fins d\u2019investissement, soit par des investisseurs potentiels, soit par l\u2019entreprise elle-m\u00eame dans sa recherche d\u2019investisseurs potentiels.&nbsp;<\/span><\/p>\t\t\t\t\t\t\t\t<\/div>\n\t\t\t\t<\/div>\n\t\t\t\t<div class=\"elementor-element elementor-element-34cd6b0 elementor-widget elementor-widget-heading\" data-id=\"34cd6b0\" data-element_type=\"widget\" data-e-type=\"widget\" data-widget_type=\"heading.default\">\n\t\t\t\t<div class=\"elementor-widget-container\">\n\t\t\t\t\t<h5 class=\"elementor-heading-title elementor-size-default\">Estimation de notation priv\u00e9e (Proxy Private Rating - PPR)<\/h5>\t\t\t\t<\/div>\n\t\t\t\t<\/div>\n\t\t\t\t<div class=\"elementor-element elementor-element-c112a2a elementor-widget elementor-widget-text-editor\" data-id=\"c112a2a\" data-element_type=\"widget\" data-e-type=\"widget\" data-widget_type=\"text-editor.default\">\n\t\t\t\t<div class=\"elementor-widget-container\">\n\t\t\t\t\t\t\t\t\t<p><span data-contrast=\"auto\">Une notation par procuration est une \u00e9valuation indicative de la solvabilit\u00e9 d&rsquo;un \u00e9metteur ou d&rsquo;un titre de cr\u00e9ance, fond\u00e9e sur l&rsquo;analyse d&rsquo;informations publiques ou priv\u00e9es fournies par la partie \u00e0 l&rsquo;origine de la demande. Cette notation repose sur les grilles d&rsquo;\u00e9valuation de cr\u00e9dit d&rsquo;EthiFinance Ratings et met l&rsquo;accent sur les facteurs financiers (en raison de l&rsquo;absence d&rsquo;acc\u00e8s aux facteurs qualitatifs). <\/span><span data-ccp-props=\"{\"201341983\":0,\"335557856\":16777215,\"335559739\":0,\"335559740\":279}\"> <\/span><\/p><p>D\u00e9pourvues de valeur r\u00e9glementaire publique, les notations priv\u00e9es de substitution sont g\u00e9n\u00e9ralement utilis\u00e9es \u00e0 des fins internes, par exemple pour d\u00e9terminer les taux d&rsquo;int\u00e9r\u00eat dans le cadre des politiques de prix de transfert (financements intragroupe) ou des m\u00e9thodes comptables (IFRS 16).<span data-ccp-props=\"{\"201341983\":0,\"335557856\":16777215,\"335559739\":0,\"335559740\":257}\"> <\/span><\/p>\t\t\t\t\t\t\t\t<\/div>\n\t\t\t\t<\/div>\n\t\t\t\t<\/div>\n\t\t<div class=\"elementor-element elementor-element-344e903d e-con-full elementor-hidden-tablet elementor-hidden-mobile e-flex e-con e-child\" data-id=\"344e903d\" data-element_type=\"container\" data-e-type=\"container\">\n\t\t\t\t<div class=\"elementor-element elementor-element-300105ca elementor-widget elementor-widget-image\" data-id=\"300105ca\" data-element_type=\"widget\" data-e-type=\"widget\" data-widget_type=\"image.default\">\n\t\t\t\t<div class=\"elementor-widget-container\">\n\t\t\t\t\t\t\t\t\t\t\t\t\t\t\t<img decoding=\"async\" width=\"768\" height=\"987\" src=\"https:\/\/www.ethifinance.com\/wp-content\/uploads\/2024\/06\/Sustainable-company-building-surrounded-with-trees-in-a-city-with-a-river-nearby-2793-768x987.jpg\" class=\"attachment-medium_large size-medium_large wp-image-36922\" alt=\"\" srcset=\"https:\/\/www.ethifinance.com\/wp-content\/uploads\/2024\/06\/Sustainable-company-building-surrounded-with-trees-in-a-city-with-a-river-nearby-2793-768x987.jpg 768w, https:\/\/www.ethifinance.com\/wp-content\/uploads\/2024\/06\/Sustainable-company-building-surrounded-with-trees-in-a-city-with-a-river-nearby-2793-233x300.jpg 233w, https:\/\/www.ethifinance.com\/wp-content\/uploads\/2024\/06\/Sustainable-company-building-surrounded-with-trees-in-a-city-with-a-river-nearby-2793-796x1024.jpg 796w, https:\/\/www.ethifinance.com\/wp-content\/uploads\/2024\/06\/Sustainable-company-building-surrounded-with-trees-in-a-city-with-a-river-nearby-2793-1195x1536.jpg 1195w, https:\/\/www.ethifinance.com\/wp-content\/uploads\/2024\/06\/Sustainable-company-building-surrounded-with-trees-in-a-city-with-a-river-nearby-2793-1593x2048.jpg 1593w, https:\/\/www.ethifinance.com\/wp-content\/uploads\/2024\/06\/Sustainable-company-building-surrounded-with-trees-in-a-city-with-a-river-nearby-2793-9x12.jpg 9w, https:\/\/www.ethifinance.com\/wp-content\/uploads\/2024\/06\/Sustainable-company-building-surrounded-with-trees-in-a-city-with-a-river-nearby-2793.jpg 1792w\" sizes=\"(max-width: 768px) 100vw, 768px\" \/>\t\t\t\t\t\t\t\t\t\t\t\t\t\t\t<\/div>\n\t\t\t\t<\/div>\n\t\t\t\t<\/div>\n\t\t\t\t\t<\/div>\n\t\t\t\t<\/div>\n\t\t\t\t\t<\/div>\n\t\t\t\t<\/div>\n\t\t\t\t<\/div>\n\t\t","protected":false},"excerpt":{"rendered":"<p>Nos produits d&rsquo;analyse r\u00e9pondent \u00e0 diff\u00e9rents besoins et sont soumis \u00e0 des valeurs r\u00e9glementaires vari\u00e9es<\/p>\n","protected":false},"author":2,"featured_media":36000,"parent":0,"menu_order":0,"comment_status":"closed","ping_status":"closed","template":"","meta":{"_acf_changed":false,"footnotes":""},"class_list":["post-37382","page","type-page","status-publish","has-post-thumbnail","hentry"],"acf":[],"yoast_head":"<!-- This site is optimized with the Yoast SEO plugin v27.5 - https:\/\/yoast.com\/product\/yoast-seo-wordpress\/ -->\n<title>Produits et services - EthiFinance<\/title>\n<meta name=\"robots\" content=\"index, follow, max-snippet:-1, max-image-preview:large, max-video-preview:-1\" \/>\n<link rel=\"canonical\" href=\"https:\/\/www.ethifinance.com\/fr\/produits-et-services\/\" \/>\n<meta property=\"og:locale\" content=\"fr_FR\" \/>\n<meta property=\"og:type\" content=\"article\" \/>\n<meta property=\"og:title\" content=\"Produits et services - EthiFinance\" \/>\n<meta property=\"og:description\" content=\"Nos produits d&#039;analyse r\u00e9pondent \u00e0 diff\u00e9rents besoins et sont soumis \u00e0 des valeurs r\u00e9glementaires vari\u00e9es\" \/>\n<meta property=\"og:url\" content=\"https:\/\/www.ethifinance.com\/fr\/produits-et-services\/\" \/>\n<meta property=\"og:site_name\" content=\"EthiFinance\" \/>\n<meta property=\"article:modified_time\" content=\"2026-05-06T15:33:13+00:00\" \/>\n<meta property=\"og:image\" content=\"https:\/\/www.ethifinance.com\/wp-content\/uploads\/2024\/05\/fabian-quintero-UWQP2mh5YJI-unsplash.jpg\" \/>\n\t<meta property=\"og:image:width\" content=\"1920\" \/>\n\t<meta property=\"og:image:height\" content=\"1280\" \/>\n\t<meta property=\"og:image:type\" content=\"image\/jpeg\" \/>\n<meta name=\"twitter:card\" content=\"summary_large_image\" \/>\n<meta name=\"twitter:label1\" content=\"Dur\u00e9e de lecture estim\u00e9e\" \/>\n\t<meta name=\"twitter:data1\" content=\"2 minutes\" \/>\n<script type=\"application\/ld+json\" class=\"yoast-schema-graph\">{\"@context\":\"https:\\\/\\\/schema.org\",\"@graph\":[{\"@type\":\"WebPage\",\"@id\":\"https:\\\/\\\/www.ethifinance.com\\\/fr\\\/produits-et-services\\\/\",\"url\":\"https:\\\/\\\/www.ethifinance.com\\\/fr\\\/produits-et-services\\\/\",\"name\":\"Produits et services - EthiFinance\",\"isPartOf\":{\"@id\":\"https:\\\/\\\/www.ethifinance.com\\\/fr\\\/#website\"},\"primaryImageOfPage\":{\"@id\":\"https:\\\/\\\/www.ethifinance.com\\\/fr\\\/produits-et-services\\\/#primaryimage\"},\"image\":{\"@id\":\"https:\\\/\\\/www.ethifinance.com\\\/fr\\\/produits-et-services\\\/#primaryimage\"},\"thumbnailUrl\":\"https:\\\/\\\/www.ethifinance.com\\\/wp-content\\\/uploads\\\/2024\\\/05\\\/fabian-quintero-UWQP2mh5YJI-unsplash.jpg\",\"datePublished\":\"2024-05-28T10:56:06+00:00\",\"dateModified\":\"2026-05-06T15:33:13+00:00\",\"breadcrumb\":{\"@id\":\"https:\\\/\\\/www.ethifinance.com\\\/fr\\\/produits-et-services\\\/#breadcrumb\"},\"inLanguage\":\"fr-FR\",\"potentialAction\":[{\"@type\":\"ReadAction\",\"target\":[\"https:\\\/\\\/www.ethifinance.com\\\/fr\\\/produits-et-services\\\/\"]}]},{\"@type\":\"ImageObject\",\"inLanguage\":\"fr-FR\",\"@id\":\"https:\\\/\\\/www.ethifinance.com\\\/fr\\\/produits-et-services\\\/#primaryimage\",\"url\":\"https:\\\/\\\/www.ethifinance.com\\\/wp-content\\\/uploads\\\/2024\\\/05\\\/fabian-quintero-UWQP2mh5YJI-unsplash.jpg\",\"contentUrl\":\"https:\\\/\\\/www.ethifinance.com\\\/wp-content\\\/uploads\\\/2024\\\/05\\\/fabian-quintero-UWQP2mh5YJI-unsplash.jpg\",\"width\":1920,\"height\":1280},{\"@type\":\"BreadcrumbList\",\"@id\":\"https:\\\/\\\/www.ethifinance.com\\\/fr\\\/produits-et-services\\\/#breadcrumb\",\"itemListElement\":[{\"@type\":\"ListItem\",\"position\":1,\"name\":\"Accueil\",\"item\":\"https:\\\/\\\/www.ethifinance.com\\\/fr\\\/accueil\\\/\"},{\"@type\":\"ListItem\",\"position\":2,\"name\":\"Produits et services\"}]},{\"@type\":\"WebSite\",\"@id\":\"https:\\\/\\\/www.ethifinance.com\\\/fr\\\/#website\",\"url\":\"https:\\\/\\\/www.ethifinance.com\\\/fr\\\/\",\"name\":\"Ethifinance\",\"description\":\"\",\"publisher\":{\"@id\":\"https:\\\/\\\/www.ethifinance.com\\\/fr\\\/#organization\"},\"potentialAction\":[{\"@type\":\"SearchAction\",\"target\":{\"@type\":\"EntryPoint\",\"urlTemplate\":\"https:\\\/\\\/www.ethifinance.com\\\/fr\\\/?s={search_term_string}\"},\"query-input\":{\"@type\":\"PropertyValueSpecification\",\"valueRequired\":true,\"valueName\":\"search_term_string\"}}],\"inLanguage\":\"fr-FR\"},{\"@type\":\"Organization\",\"@id\":\"https:\\\/\\\/www.ethifinance.com\\\/fr\\\/#organization\",\"name\":\"Ethifinance\",\"url\":\"https:\\\/\\\/www.ethifinance.com\\\/fr\\\/\",\"logo\":{\"@type\":\"ImageObject\",\"inLanguage\":\"fr-FR\",\"@id\":\"https:\\\/\\\/www.ethifinance.com\\\/fr\\\/#\\\/schema\\\/logo\\\/image\\\/\",\"url\":\"https:\\\/\\\/www.ethifinance.com\\\/wp-content\\\/uploads\\\/2024\\\/05\\\/Logo_simplified_green_by_altay-01-01.png\",\"contentUrl\":\"https:\\\/\\\/www.ethifinance.com\\\/wp-content\\\/uploads\\\/2024\\\/05\\\/Logo_simplified_green_by_altay-01-01.png\",\"width\":433,\"height\":74,\"caption\":\"Ethifinance\"},\"image\":{\"@id\":\"https:\\\/\\\/www.ethifinance.com\\\/fr\\\/#\\\/schema\\\/logo\\\/image\\\/\"},\"sameAs\":[\"https:\\\/\\\/www.linkedin.com\\\/company\\\/ethifinance\\\/\",\"https:\\\/\\\/www.youtube.com\\\/@ethifinance_EU\"]}]}<\/script>\n<!-- \/ Yoast SEO plugin. -->","yoast_head_json":{"title":"Produits et services - EthiFinance","robots":{"index":"index","follow":"follow","max-snippet":"max-snippet:-1","max-image-preview":"max-image-preview:large","max-video-preview":"max-video-preview:-1"},"canonical":"https:\/\/www.ethifinance.com\/fr\/produits-et-services\/","og_locale":"fr_FR","og_type":"article","og_title":"Produits et services - EthiFinance","og_description":"Nos produits d'analyse r\u00e9pondent \u00e0 diff\u00e9rents besoins et sont soumis \u00e0 des valeurs r\u00e9glementaires vari\u00e9es","og_url":"https:\/\/www.ethifinance.com\/fr\/produits-et-services\/","og_site_name":"EthiFinance","article_modified_time":"2026-05-06T15:33:13+00:00","og_image":[{"width":1920,"height":1280,"url":"https:\/\/www.ethifinance.com\/wp-content\/uploads\/2024\/05\/fabian-quintero-UWQP2mh5YJI-unsplash.jpg","type":"image\/jpeg"}],"twitter_card":"summary_large_image","twitter_misc":{"Dur\u00e9e de lecture estim\u00e9e":"2 minutes"},"schema":{"@context":"https:\/\/schema.org","@graph":[{"@type":"WebPage","@id":"https:\/\/www.ethifinance.com\/fr\/produits-et-services\/","url":"https:\/\/www.ethifinance.com\/fr\/produits-et-services\/","name":"Produits et services - EthiFinance","isPartOf":{"@id":"https:\/\/www.ethifinance.com\/fr\/#website"},"primaryImageOfPage":{"@id":"https:\/\/www.ethifinance.com\/fr\/produits-et-services\/#primaryimage"},"image":{"@id":"https:\/\/www.ethifinance.com\/fr\/produits-et-services\/#primaryimage"},"thumbnailUrl":"https:\/\/www.ethifinance.com\/wp-content\/uploads\/2024\/05\/fabian-quintero-UWQP2mh5YJI-unsplash.jpg","datePublished":"2024-05-28T10:56:06+00:00","dateModified":"2026-05-06T15:33:13+00:00","breadcrumb":{"@id":"https:\/\/www.ethifinance.com\/fr\/produits-et-services\/#breadcrumb"},"inLanguage":"fr-FR","potentialAction":[{"@type":"ReadAction","target":["https:\/\/www.ethifinance.com\/fr\/produits-et-services\/"]}]},{"@type":"ImageObject","inLanguage":"fr-FR","@id":"https:\/\/www.ethifinance.com\/fr\/produits-et-services\/#primaryimage","url":"https:\/\/www.ethifinance.com\/wp-content\/uploads\/2024\/05\/fabian-quintero-UWQP2mh5YJI-unsplash.jpg","contentUrl":"https:\/\/www.ethifinance.com\/wp-content\/uploads\/2024\/05\/fabian-quintero-UWQP2mh5YJI-unsplash.jpg","width":1920,"height":1280},{"@type":"BreadcrumbList","@id":"https:\/\/www.ethifinance.com\/fr\/produits-et-services\/#breadcrumb","itemListElement":[{"@type":"ListItem","position":1,"name":"Accueil","item":"https:\/\/www.ethifinance.com\/fr\/accueil\/"},{"@type":"ListItem","position":2,"name":"Produits et services"}]},{"@type":"WebSite","@id":"https:\/\/www.ethifinance.com\/fr\/#website","url":"https:\/\/www.ethifinance.com\/fr\/","name":"Ethifinance","description":"","publisher":{"@id":"https:\/\/www.ethifinance.com\/fr\/#organization"},"potentialAction":[{"@type":"SearchAction","target":{"@type":"EntryPoint","urlTemplate":"https:\/\/www.ethifinance.com\/fr\/?s={search_term_string}"},"query-input":{"@type":"PropertyValueSpecification","valueRequired":true,"valueName":"search_term_string"}}],"inLanguage":"fr-FR"},{"@type":"Organization","@id":"https:\/\/www.ethifinance.com\/fr\/#organization","name":"Ethifinance","url":"https:\/\/www.ethifinance.com\/fr\/","logo":{"@type":"ImageObject","inLanguage":"fr-FR","@id":"https:\/\/www.ethifinance.com\/fr\/#\/schema\/logo\/image\/","url":"https:\/\/www.ethifinance.com\/wp-content\/uploads\/2024\/05\/Logo_simplified_green_by_altay-01-01.png","contentUrl":"https:\/\/www.ethifinance.com\/wp-content\/uploads\/2024\/05\/Logo_simplified_green_by_altay-01-01.png","width":433,"height":74,"caption":"Ethifinance"},"image":{"@id":"https:\/\/www.ethifinance.com\/fr\/#\/schema\/logo\/image\/"},"sameAs":["https:\/\/www.linkedin.com\/company\/ethifinance\/","https:\/\/www.youtube.com\/@ethifinance_EU"]}]}},"_links":{"self":[{"href":"https:\/\/www.ethifinance.com\/fr\/wp-json\/wp\/v2\/pages\/37382","targetHints":{"allow":["GET"]}}],"collection":[{"href":"https:\/\/www.ethifinance.com\/fr\/wp-json\/wp\/v2\/pages"}],"about":[{"href":"https:\/\/www.ethifinance.com\/fr\/wp-json\/wp\/v2\/types\/page"}],"author":[{"embeddable":true,"href":"https:\/\/www.ethifinance.com\/fr\/wp-json\/wp\/v2\/users\/2"}],"replies":[{"embeddable":true,"href":"https:\/\/www.ethifinance.com\/fr\/wp-json\/wp\/v2\/comments?post=37382"}],"version-history":[{"count":33,"href":"https:\/\/www.ethifinance.com\/fr\/wp-json\/wp\/v2\/pages\/37382\/revisions"}],"predecessor-version":[{"id":49874,"href":"https:\/\/www.ethifinance.com\/fr\/wp-json\/wp\/v2\/pages\/37382\/revisions\/49874"}],"wp:featuredmedia":[{"embeddable":true,"href":"https:\/\/www.ethifinance.com\/fr\/wp-json\/wp\/v2\/media\/36000"}],"wp:attachment":[{"href":"https:\/\/www.ethifinance.com\/fr\/wp-json\/wp\/v2\/media?parent=37382"}],"curies":[{"name":"wp","href":"https:\/\/api.w.org\/{rel}","templated":true}]}}