{"id":37395,"date":"2024-05-28T13:44:25","date_gmt":"2024-05-28T11:44:25","guid":{"rendered":"https:\/\/prod.altaydagistan.com\/processus-devaluation\/"},"modified":"2026-04-13T20:27:17","modified_gmt":"2026-04-13T18:27:17","slug":"processus-devaluation","status":"publish","type":"page","link":"https:\/\/www.ethifinance.com\/fr\/processus-devaluation\/","title":{"rendered":"Processus de notation"},"content":{"rendered":"\t\t<div data-elementor-type=\"wp-page\" data-elementor-id=\"37395\" class=\"elementor elementor-37395 elementor-30283\" data-elementor-post-type=\"page\">\n\t\t\t\t<div class=\"elementor-element elementor-element-ad50a94 e-flex e-con-boxed e-con e-parent\" data-id=\"ad50a94\" data-element_type=\"container\" data-e-type=\"container\">\n\t\t\t\t\t<div class=\"e-con-inner\">\n\t\t\t\t<div class=\"elementor-element elementor-element-0528d28 elementor-widget elementor-widget-shortcode\" data-id=\"0528d28\" data-element_type=\"widget\" data-e-type=\"widget\" data-widget_type=\"shortcode.default\">\n\t\t\t\t<div class=\"elementor-widget-container\">\n\t\t\t\t\t\t\t<div class=\"elementor-shortcode\">\t\t<div data-elementor-type=\"container\" data-elementor-id=\"37681\" class=\"elementor elementor-37681 elementor-29413 elementor-29413\" data-elementor-post-type=\"elementor_library\">\n\t\t\t\t<div class=\"elementor-element elementor-element-7d4c768a e-con-full e-flex e-con e-parent\" data-id=\"7d4c768a\" data-element_type=\"container\" data-e-type=\"container\" data-settings=\"{&quot;background_background&quot;:&quot;classic&quot;}\">\n\t\t<div class=\"elementor-element elementor-element-e9a1c69 e-flex e-con-boxed e-con e-child\" data-id=\"e9a1c69\" data-element_type=\"container\" data-e-type=\"container\">\n\t\t\t\t\t<div class=\"e-con-inner\">\n\t\t\t\t\t<\/div>\n\t\t\t\t<\/div>\n\t\t\t\t<\/div>\n\t\t\t\t<\/div>\n\t\t<\/div>\n\t\t\t\t\t\t<\/div>\n\t\t\t\t<\/div>\n\t\t\t\t\t<\/div>\n\t\t\t\t<\/div>\n\t\t<div class=\"elementor-element elementor-element-6ee68d2 e-flex e-con-boxed e-con e-parent\" data-id=\"6ee68d2\" data-element_type=\"container\" data-e-type=\"container\" data-settings=\"{&quot;background_background&quot;:&quot;classic&quot;}\">\n\t\t\t\t\t<div class=\"e-con-inner\">\n\t\t<div class=\"elementor-element elementor-element-44b6f1e e-flex e-con-boxed e-con e-child\" data-id=\"44b6f1e\" data-element_type=\"container\" data-e-type=\"container\">\n\t\t\t\t\t<div class=\"e-con-inner\">\n\t\t<div class=\"elementor-element elementor-element-ae37a05 e-con-full e-flex e-con e-child\" data-id=\"ae37a05\" data-element_type=\"container\" data-e-type=\"container\">\n\t\t<div class=\"elementor-element elementor-element-5ff195b e-con-full e-flex e-con e-child\" data-id=\"5ff195b\" data-element_type=\"container\" data-e-type=\"container\">\n\t\t\t\t<div class=\"elementor-element elementor-element-04c918b elementor-widget elementor-widget-text-editor\" data-id=\"04c918b\" data-element_type=\"widget\" data-e-type=\"widget\" data-widget_type=\"text-editor.default\">\n\t\t\t\t<div class=\"elementor-widget-container\">\n\t\t\t\t\t\t\t\t\t<p><span data-contrast=\"auto\">Les \u00e9tapes du processus de notation cr\u00e9dit sont \u00e9num\u00e9r\u00e9es ci-dessous dans l&rsquo;ordre chronologique :&nbsp;&nbsp;&nbsp;&nbsp;<\/span><span data-ccp-props=\"{&quot;201341983&quot;:0,&quot;335559739&quot;:160,&quot;335559740&quot;:278}\">&nbsp;<\/span><\/p>\n<p><strong>1. Mandat contractuel<\/strong><\/p>\n<p><span data-contrast=\"auto\">L&rsquo;initiation d&rsquo;un processus de notation cr\u00e9dit commence par la signature d&rsquo;un contrat de service entre EthiFinance Ratings et le client (qu&rsquo;il s&rsquo;agisse de l&rsquo;entit\u00e9 not\u00e9e ou d&rsquo;une tierce partie).&nbsp;<\/span><span data-ccp-props=\"{&quot;201341983&quot;:0,&quot;335559739&quot;:160,&quot;335559740&quot;:278}\">&nbsp;<\/span><\/p>\n<p><strong>2. R\u00e9union de lancement&nbsp;<\/strong><\/p>\n<p><span data-contrast=\"auto\">Cette \u00e9tape permet \u00e0 l&rsquo;\u00e9quipe de notation d&rsquo;expliquer le processus et de d\u00e9tailler les documents demand\u00e9s en fonction de la classe d&rsquo;actifs et des caract\u00e9ristiques de l&rsquo;entit\u00e9 not\u00e9e.<\/span><span data-ccp-props=\"{&quot;201341983&quot;:0,&quot;335559739&quot;:160,&quot;335559740&quot;:278}\">&nbsp;<\/span><\/p>\n<p><strong>3. L&rsquo;analyse&nbsp;<\/strong><\/p>\n<p><span data-contrast=\"auto\">L&rsquo;\u00e9quipe d&rsquo;analystes effectue l&rsquo;analyse cr\u00e9dit conform\u00e9ment \u00e0 la m\u00e9thodologie de notation. Nous rencontrons g\u00e9n\u00e9ralement la direction de l\u2019entit\u00e9 not\u00e9e ou les partenaires pour discuter de l&rsquo;analyse de cr\u00e9dit et s&rsquo;assurer que toutes les informations pertinentes sont incluses dans le processus.<\/span><span data-ccp-props=\"{&quot;201341983&quot;:0,&quot;335559739&quot;:160,&quot;335559740&quot;:278}\">&nbsp;<\/span><\/p>\n<p><strong>4. Le comit\u00e9 de notation&nbsp;&nbsp;&nbsp;<\/strong><\/p>\n<p><span data-contrast=\"auto\">Le comit\u00e9 de notation est l&rsquo;organe responsable de l&rsquo;approbation de la notation cr\u00e9dit qui lui est soumise ou de sa modification.&nbsp;&nbsp;<\/span><\/p>\n<p><strong>5. Notification de la notation&nbsp;<\/strong><\/p>\n<p><span data-contrast=\"auto\">Une fois que le comit\u00e9 de notation a approuv\u00e9 une notation cr\u00e9dit, le client\/l&rsquo;entit\u00e9 not\u00e9e est inform\u00e9(e) de l&rsquo;action de notation, conform\u00e9ment aux exigences r\u00e9glementaires.&nbsp;<\/span><\/p>\n<p><strong>6. Examen par le client ou l&rsquo;entit\u00e9 not\u00e9e&nbsp;<\/strong><\/p>\n<p><span data-contrast=\"auto\">Les clients disposent de quelques jours pour examiner la notation. Ils peuvent faire appel de la notation accord\u00e9e par l&rsquo;agence de notation, \u00e0 condition qu&rsquo;ils puissent soumettre de nouvelles informations et des arguments solides qui justifient l&rsquo;appel. EthiFinance Ratings peut accepter ou refuser l&rsquo;appel. S&rsquo;il est accept\u00e9, un nouveau comit\u00e9 de notation est convoqu\u00e9 pour attribuer la note finale.&nbsp;&nbsp;<\/span><span data-ccp-props=\"{&quot;201341983&quot;:0,&quot;335559739&quot;:160,&quot;335559740&quot;:278}\">&nbsp;<\/span><\/p>\n<p><strong>7. Publication\/ Livraison finale de la notation&nbsp;<\/strong><\/p>\n<p><span data-contrast=\"auto\">Une fois que la notation finale a \u00e9t\u00e9 examin\u00e9e par le client, la version d\u00e9finitive du rapport de notation est envoy\u00e9e au client et publi\u00e9e, le cas \u00e9ch\u00e9ant.<\/span><span data-ccp-props=\"{&quot;201341983&quot;:0,&quot;335559739&quot;:160,&quot;335559740&quot;:278}\">&nbsp;<\/span><\/p>\n<p><strong>8. Le suivi&nbsp;&nbsp;&nbsp;<\/strong><\/p>\n<p><span data-contrast=\"auto\">EthiFinance Ratings surveille en permanence la notation cr\u00e9dit attribu\u00e9e et la r\u00e9vise au moins une fois par an (et tous les six mois pour les notations souveraines) conform\u00e9ment aux exigences r\u00e9glementaires. Cependant, la notation peut \u00eatre revue \u00e0 tout moment si, de l&rsquo;avis des analystes, des \u00e9v\u00e9nements ayant un effet significatif sur la notation de l&rsquo;\u00e9metteur\/\u00e9mission se sont produits.<\/span><span data-ccp-props=\"{&quot;201341983&quot;:0,&quot;335559739&quot;:160,&quot;335559740&quot;:278}\">&nbsp;<\/span><\/p>\t\t\t\t\t\t\t\t<\/div>\n\t\t\t\t<\/div>\n\t\t\t\t<\/div>\n\t\t<div class=\"elementor-element elementor-element-738ee85 elementor-hidden-tablet e-flex e-con-boxed e-con e-child\" data-id=\"738ee85\" data-element_type=\"container\" data-e-type=\"container\">\n\t\t\t\t\t<div class=\"e-con-inner\">\n\t\t\t\t<div class=\"elementor-element elementor-element-ed2744f elementor-widget elementor-widget-image\" data-id=\"ed2744f\" data-element_type=\"widget\" data-e-type=\"widget\" data-widget_type=\"image.default\">\n\t\t\t\t<div class=\"elementor-widget-container\">\n\t\t\t\t\t\t\t\t\t\t\t\t\t\t\t<img fetchpriority=\"high\" decoding=\"async\" width=\"640\" height=\"960\" src=\"https:\/\/www.ethifinance.com\/wp-content\/uploads\/2024\/05\/pietro-de-grandi-Q5dMq3cKqec-unsplash.jpg\" class=\"attachment-medium_large size-medium_large wp-image-36264\" alt=\"\" srcset=\"https:\/\/www.ethifinance.com\/wp-content\/uploads\/2024\/05\/pietro-de-grandi-Q5dMq3cKqec-unsplash.jpg 640w, https:\/\/www.ethifinance.com\/wp-content\/uploads\/2024\/05\/pietro-de-grandi-Q5dMq3cKqec-unsplash-200x300.jpg 200w, https:\/\/www.ethifinance.com\/wp-content\/uploads\/2024\/05\/pietro-de-grandi-Q5dMq3cKqec-unsplash-8x12.jpg 8w\" sizes=\"(max-width: 640px) 100vw, 640px\" \/>\t\t\t\t\t\t\t\t\t\t\t\t\t\t\t<\/div>\n\t\t\t\t<\/div>\n\t\t\t\t\t<\/div>\n\t\t\t\t<\/div>\n\t\t\t\t<\/div>\n\t\t\t\t\t<\/div>\n\t\t\t\t<\/div>\n\t\t\t\t\t<\/div>\n\t\t\t\t<\/div>\n\t\t\t\t<\/div>\n\t\t","protected":false},"excerpt":{"rendered":"<p>Les \u00e9tapes du processus de notation cr\u00e9dit sont \u00e9num\u00e9r\u00e9es ci-dessous dans l&rsquo;ordre chronologique :&nbsp;&nbsp;&nbsp;&nbsp;&nbsp; 1. Mandat contractuel L&rsquo;initiation d&rsquo;un processus de notation cr\u00e9dit commence par la signature d&rsquo;un contrat de service entre EthiFinance Ratings et le client (qu&rsquo;il s&rsquo;agisse de l&rsquo;entit\u00e9 not\u00e9e ou d&rsquo;une tierce partie).&nbsp;&nbsp; 2. R\u00e9union de lancement&nbsp; Cette \u00e9tape permet \u00e0 l&rsquo;\u00e9quipe [&hellip;]<\/p>\n","protected":false},"author":2,"featured_media":36000,"parent":0,"menu_order":0,"comment_status":"closed","ping_status":"closed","template":"","meta":{"_acf_changed":false,"footnotes":""},"class_list":["post-37395","page","type-page","status-publish","has-post-thumbnail","hentry"],"acf":[],"yoast_head":"<!-- This site is optimized with the Yoast SEO plugin v27.5 - https:\/\/yoast.com\/product\/yoast-seo-wordpress\/ -->\n<title>Processus de notation - EthiFinance<\/title>\n<meta name=\"robots\" content=\"index, follow, max-snippet:-1, max-image-preview:large, max-video-preview:-1\" \/>\n<link rel=\"canonical\" href=\"https:\/\/www.ethifinance.com\/fr\/processus-devaluation\/\" \/>\n<meta property=\"og:locale\" content=\"fr_FR\" \/>\n<meta property=\"og:type\" content=\"article\" \/>\n<meta property=\"og:title\" content=\"Processus de notation - EthiFinance\" \/>\n<meta property=\"og:description\" content=\"Les \u00e9tapes du processus de notation cr\u00e9dit sont \u00e9num\u00e9r\u00e9es ci-dessous dans l&rsquo;ordre chronologique :&nbsp;&nbsp;&nbsp;&nbsp;&nbsp; 1. Mandat contractuel L&rsquo;initiation d&rsquo;un processus de notation cr\u00e9dit commence par la signature d&rsquo;un contrat de service entre EthiFinance Ratings et le client (qu&rsquo;il s&rsquo;agisse de l&rsquo;entit\u00e9 not\u00e9e ou d&rsquo;une tierce partie).&nbsp;&nbsp; 2. R\u00e9union de lancement&nbsp; Cette \u00e9tape permet \u00e0 l&rsquo;\u00e9quipe [&hellip;]\" \/>\n<meta property=\"og:url\" content=\"https:\/\/www.ethifinance.com\/fr\/processus-devaluation\/\" \/>\n<meta property=\"og:site_name\" content=\"EthiFinance\" \/>\n<meta property=\"article:modified_time\" content=\"2026-04-13T18:27:17+00:00\" \/>\n<meta property=\"og:image\" content=\"https:\/\/www.ethifinance.com\/wp-content\/uploads\/2024\/05\/fabian-quintero-UWQP2mh5YJI-unsplash.jpg\" \/>\n\t<meta property=\"og:image:width\" content=\"1920\" \/>\n\t<meta property=\"og:image:height\" content=\"1280\" \/>\n\t<meta property=\"og:image:type\" content=\"image\/jpeg\" \/>\n<meta name=\"twitter:card\" content=\"summary_large_image\" \/>\n<meta name=\"twitter:label1\" content=\"Dur\u00e9e de lecture estim\u00e9e\" \/>\n\t<meta name=\"twitter:data1\" content=\"2 minutes\" \/>\n<script type=\"application\/ld+json\" class=\"yoast-schema-graph\">{\"@context\":\"https:\\\/\\\/schema.org\",\"@graph\":[{\"@type\":\"WebPage\",\"@id\":\"https:\\\/\\\/www.ethifinance.com\\\/fr\\\/processus-devaluation\\\/\",\"url\":\"https:\\\/\\\/www.ethifinance.com\\\/fr\\\/processus-devaluation\\\/\",\"name\":\"Processus de notation - EthiFinance\",\"isPartOf\":{\"@id\":\"https:\\\/\\\/www.ethifinance.com\\\/fr\\\/#website\"},\"primaryImageOfPage\":{\"@id\":\"https:\\\/\\\/www.ethifinance.com\\\/fr\\\/processus-devaluation\\\/#primaryimage\"},\"image\":{\"@id\":\"https:\\\/\\\/www.ethifinance.com\\\/fr\\\/processus-devaluation\\\/#primaryimage\"},\"thumbnailUrl\":\"https:\\\/\\\/www.ethifinance.com\\\/wp-content\\\/uploads\\\/2024\\\/05\\\/fabian-quintero-UWQP2mh5YJI-unsplash.jpg\",\"datePublished\":\"2024-05-28T11:44:25+00:00\",\"dateModified\":\"2026-04-13T18:27:17+00:00\",\"breadcrumb\":{\"@id\":\"https:\\\/\\\/www.ethifinance.com\\\/fr\\\/processus-devaluation\\\/#breadcrumb\"},\"inLanguage\":\"fr-FR\",\"potentialAction\":[{\"@type\":\"ReadAction\",\"target\":[\"https:\\\/\\\/www.ethifinance.com\\\/fr\\\/processus-devaluation\\\/\"]}]},{\"@type\":\"ImageObject\",\"inLanguage\":\"fr-FR\",\"@id\":\"https:\\\/\\\/www.ethifinance.com\\\/fr\\\/processus-devaluation\\\/#primaryimage\",\"url\":\"https:\\\/\\\/www.ethifinance.com\\\/wp-content\\\/uploads\\\/2024\\\/05\\\/fabian-quintero-UWQP2mh5YJI-unsplash.jpg\",\"contentUrl\":\"https:\\\/\\\/www.ethifinance.com\\\/wp-content\\\/uploads\\\/2024\\\/05\\\/fabian-quintero-UWQP2mh5YJI-unsplash.jpg\",\"width\":1920,\"height\":1280},{\"@type\":\"BreadcrumbList\",\"@id\":\"https:\\\/\\\/www.ethifinance.com\\\/fr\\\/processus-devaluation\\\/#breadcrumb\",\"itemListElement\":[{\"@type\":\"ListItem\",\"position\":1,\"name\":\"Accueil\",\"item\":\"https:\\\/\\\/www.ethifinance.com\\\/fr\\\/\"},{\"@type\":\"ListItem\",\"position\":2,\"name\":\"Processus de notation\"}]},{\"@type\":\"WebSite\",\"@id\":\"https:\\\/\\\/www.ethifinance.com\\\/fr\\\/#website\",\"url\":\"https:\\\/\\\/www.ethifinance.com\\\/fr\\\/\",\"name\":\"Ethifinance\",\"description\":\"\",\"publisher\":{\"@id\":\"https:\\\/\\\/www.ethifinance.com\\\/fr\\\/#organization\"},\"potentialAction\":[{\"@type\":\"SearchAction\",\"target\":{\"@type\":\"EntryPoint\",\"urlTemplate\":\"https:\\\/\\\/www.ethifinance.com\\\/fr\\\/?s={search_term_string}\"},\"query-input\":{\"@type\":\"PropertyValueSpecification\",\"valueRequired\":true,\"valueName\":\"search_term_string\"}}],\"inLanguage\":\"fr-FR\"},{\"@type\":\"Organization\",\"@id\":\"https:\\\/\\\/www.ethifinance.com\\\/fr\\\/#organization\",\"name\":\"Ethifinance\",\"url\":\"https:\\\/\\\/www.ethifinance.com\\\/fr\\\/\",\"logo\":{\"@type\":\"ImageObject\",\"inLanguage\":\"fr-FR\",\"@id\":\"https:\\\/\\\/www.ethifinance.com\\\/fr\\\/#\\\/schema\\\/logo\\\/image\\\/\",\"url\":\"https:\\\/\\\/www.ethifinance.com\\\/wp-content\\\/uploads\\\/2024\\\/05\\\/Logo_simplified_green_by_altay-01-01.png\",\"contentUrl\":\"https:\\\/\\\/www.ethifinance.com\\\/wp-content\\\/uploads\\\/2024\\\/05\\\/Logo_simplified_green_by_altay-01-01.png\",\"width\":433,\"height\":74,\"caption\":\"Ethifinance\"},\"image\":{\"@id\":\"https:\\\/\\\/www.ethifinance.com\\\/fr\\\/#\\\/schema\\\/logo\\\/image\\\/\"},\"sameAs\":[\"https:\\\/\\\/www.linkedin.com\\\/company\\\/ethifinance\\\/\",\"https:\\\/\\\/www.youtube.com\\\/@ethifinance_EU\"]}]}<\/script>\n<!-- \/ Yoast SEO plugin. -->","yoast_head_json":{"title":"Processus de notation - EthiFinance","robots":{"index":"index","follow":"follow","max-snippet":"max-snippet:-1","max-image-preview":"max-image-preview:large","max-video-preview":"max-video-preview:-1"},"canonical":"https:\/\/www.ethifinance.com\/fr\/processus-devaluation\/","og_locale":"fr_FR","og_type":"article","og_title":"Processus de notation - EthiFinance","og_description":"Les \u00e9tapes du processus de notation cr\u00e9dit sont \u00e9num\u00e9r\u00e9es ci-dessous dans l&rsquo;ordre chronologique :&nbsp;&nbsp;&nbsp;&nbsp;&nbsp; 1. Mandat contractuel L&rsquo;initiation d&rsquo;un processus de notation cr\u00e9dit commence par la signature d&rsquo;un contrat de service entre EthiFinance Ratings et le client (qu&rsquo;il s&rsquo;agisse de l&rsquo;entit\u00e9 not\u00e9e ou d&rsquo;une tierce partie).&nbsp;&nbsp; 2. R\u00e9union de lancement&nbsp; Cette \u00e9tape permet \u00e0 l&rsquo;\u00e9quipe [&hellip;]","og_url":"https:\/\/www.ethifinance.com\/fr\/processus-devaluation\/","og_site_name":"EthiFinance","article_modified_time":"2026-04-13T18:27:17+00:00","og_image":[{"width":1920,"height":1280,"url":"https:\/\/www.ethifinance.com\/wp-content\/uploads\/2024\/05\/fabian-quintero-UWQP2mh5YJI-unsplash.jpg","type":"image\/jpeg"}],"twitter_card":"summary_large_image","twitter_misc":{"Dur\u00e9e de lecture estim\u00e9e":"2 minutes"},"schema":{"@context":"https:\/\/schema.org","@graph":[{"@type":"WebPage","@id":"https:\/\/www.ethifinance.com\/fr\/processus-devaluation\/","url":"https:\/\/www.ethifinance.com\/fr\/processus-devaluation\/","name":"Processus de notation - EthiFinance","isPartOf":{"@id":"https:\/\/www.ethifinance.com\/fr\/#website"},"primaryImageOfPage":{"@id":"https:\/\/www.ethifinance.com\/fr\/processus-devaluation\/#primaryimage"},"image":{"@id":"https:\/\/www.ethifinance.com\/fr\/processus-devaluation\/#primaryimage"},"thumbnailUrl":"https:\/\/www.ethifinance.com\/wp-content\/uploads\/2024\/05\/fabian-quintero-UWQP2mh5YJI-unsplash.jpg","datePublished":"2024-05-28T11:44:25+00:00","dateModified":"2026-04-13T18:27:17+00:00","breadcrumb":{"@id":"https:\/\/www.ethifinance.com\/fr\/processus-devaluation\/#breadcrumb"},"inLanguage":"fr-FR","potentialAction":[{"@type":"ReadAction","target":["https:\/\/www.ethifinance.com\/fr\/processus-devaluation\/"]}]},{"@type":"ImageObject","inLanguage":"fr-FR","@id":"https:\/\/www.ethifinance.com\/fr\/processus-devaluation\/#primaryimage","url":"https:\/\/www.ethifinance.com\/wp-content\/uploads\/2024\/05\/fabian-quintero-UWQP2mh5YJI-unsplash.jpg","contentUrl":"https:\/\/www.ethifinance.com\/wp-content\/uploads\/2024\/05\/fabian-quintero-UWQP2mh5YJI-unsplash.jpg","width":1920,"height":1280},{"@type":"BreadcrumbList","@id":"https:\/\/www.ethifinance.com\/fr\/processus-devaluation\/#breadcrumb","itemListElement":[{"@type":"ListItem","position":1,"name":"Accueil","item":"https:\/\/www.ethifinance.com\/fr\/"},{"@type":"ListItem","position":2,"name":"Processus de notation"}]},{"@type":"WebSite","@id":"https:\/\/www.ethifinance.com\/fr\/#website","url":"https:\/\/www.ethifinance.com\/fr\/","name":"Ethifinance","description":"","publisher":{"@id":"https:\/\/www.ethifinance.com\/fr\/#organization"},"potentialAction":[{"@type":"SearchAction","target":{"@type":"EntryPoint","urlTemplate":"https:\/\/www.ethifinance.com\/fr\/?s={search_term_string}"},"query-input":{"@type":"PropertyValueSpecification","valueRequired":true,"valueName":"search_term_string"}}],"inLanguage":"fr-FR"},{"@type":"Organization","@id":"https:\/\/www.ethifinance.com\/fr\/#organization","name":"Ethifinance","url":"https:\/\/www.ethifinance.com\/fr\/","logo":{"@type":"ImageObject","inLanguage":"fr-FR","@id":"https:\/\/www.ethifinance.com\/fr\/#\/schema\/logo\/image\/","url":"https:\/\/www.ethifinance.com\/wp-content\/uploads\/2024\/05\/Logo_simplified_green_by_altay-01-01.png","contentUrl":"https:\/\/www.ethifinance.com\/wp-content\/uploads\/2024\/05\/Logo_simplified_green_by_altay-01-01.png","width":433,"height":74,"caption":"Ethifinance"},"image":{"@id":"https:\/\/www.ethifinance.com\/fr\/#\/schema\/logo\/image\/"},"sameAs":["https:\/\/www.linkedin.com\/company\/ethifinance\/","https:\/\/www.youtube.com\/@ethifinance_EU"]}]}},"_links":{"self":[{"href":"https:\/\/www.ethifinance.com\/fr\/wp-json\/wp\/v2\/pages\/37395","targetHints":{"allow":["GET"]}}],"collection":[{"href":"https:\/\/www.ethifinance.com\/fr\/wp-json\/wp\/v2\/pages"}],"about":[{"href":"https:\/\/www.ethifinance.com\/fr\/wp-json\/wp\/v2\/types\/page"}],"author":[{"embeddable":true,"href":"https:\/\/www.ethifinance.com\/fr\/wp-json\/wp\/v2\/users\/2"}],"replies":[{"embeddable":true,"href":"https:\/\/www.ethifinance.com\/fr\/wp-json\/wp\/v2\/comments?post=37395"}],"version-history":[{"count":19,"href":"https:\/\/www.ethifinance.com\/fr\/wp-json\/wp\/v2\/pages\/37395\/revisions"}],"predecessor-version":[{"id":49164,"href":"https:\/\/www.ethifinance.com\/fr\/wp-json\/wp\/v2\/pages\/37395\/revisions\/49164"}],"wp:featuredmedia":[{"embeddable":true,"href":"https:\/\/www.ethifinance.com\/fr\/wp-json\/wp\/v2\/media\/36000"}],"wp:attachment":[{"href":"https:\/\/www.ethifinance.com\/fr\/wp-json\/wp\/v2\/media?parent=37395"}],"curies":[{"name":"wp","href":"https:\/\/api.w.org\/{rel}","templated":true}]}}