{"id":37773,"date":"2024-05-30T16:13:51","date_gmt":"2024-05-30T14:13:51","guid":{"rendered":"https:\/\/prod.altaydagistan.com\/actionnariat\/"},"modified":"2024-10-04T22:43:43","modified_gmt":"2024-10-04T20:43:43","slug":"actionnariat","status":"publish","type":"page","link":"https:\/\/www.ethifinance.com\/fr\/actionnariat\/","title":{"rendered":"Actionnariat"},"content":{"rendered":"\t\t<div data-elementor-type=\"wp-page\" data-elementor-id=\"37773\" class=\"elementor elementor-37773 elementor-30559\" data-elementor-post-type=\"page\">\n\t\t\t\t<div class=\"elementor-element elementor-element-5a87323 e-flex e-con-boxed e-con e-parent\" data-id=\"5a87323\" data-element_type=\"container\" data-e-type=\"container\">\n\t\t\t\t\t<div class=\"e-con-inner\">\n\t\t\t\t<div class=\"elementor-element elementor-element-ffc9283 elementor-widget elementor-widget-shortcode\" data-id=\"ffc9283\" data-element_type=\"widget\" data-e-type=\"widget\" data-widget_type=\"shortcode.default\">\n\t\t\t\t<div class=\"elementor-widget-container\">\n\t\t\t\t\t\t\t<div class=\"elementor-shortcode\">\t\t<div data-elementor-type=\"container\" data-elementor-id=\"37681\" class=\"elementor elementor-37681 elementor-29413 elementor-29413\" data-elementor-post-type=\"elementor_library\">\n\t\t\t\t<div class=\"elementor-element elementor-element-7d4c768a e-con-full e-flex e-con e-parent\" data-id=\"7d4c768a\" data-element_type=\"container\" data-e-type=\"container\" data-settings=\"{&quot;background_background&quot;:&quot;classic&quot;}\">\n\t\t<div class=\"elementor-element elementor-element-e9a1c69 e-flex e-con-boxed e-con e-child\" data-id=\"e9a1c69\" data-element_type=\"container\" data-e-type=\"container\">\n\t\t\t\t\t<div class=\"e-con-inner\">\n\t\t\t\t\t<\/div>\n\t\t\t\t<\/div>\n\t\t\t\t<\/div>\n\t\t\t\t<\/div>\n\t\t<\/div>\n\t\t\t\t\t\t<\/div>\n\t\t\t\t<\/div>\n\t\t\t\t\t<\/div>\n\t\t\t\t<\/div>\n\t\t<div class=\"elementor-element elementor-element-4a1f84d5 e-flex e-con-boxed e-con e-parent\" data-id=\"4a1f84d5\" data-element_type=\"container\" data-e-type=\"container\">\n\t\t\t\t\t<div class=\"e-con-inner\">\n\t\t<div class=\"elementor-element elementor-element-df97890 e-flex e-con-boxed e-con e-child\" data-id=\"df97890\" data-element_type=\"container\" data-e-type=\"container\">\n\t\t\t\t\t<div class=\"e-con-inner\">\n\t\t\t\t<div class=\"elementor-element elementor-element-7ae66d06 elementor-widget elementor-widget-text-editor\" data-id=\"7ae66d06\" data-element_type=\"widget\" data-e-type=\"widget\" data-widget_type=\"text-editor.default\">\n\t\t\t\t<div class=\"elementor-widget-container\">\n\t\t\t\t\t\t\t\t\t<p>Le Groupe EthiFinance, dont le si\u00e8ge social est bas\u00e9 \u00e0 Lyon (France), op\u00e8re depuis l\u2019Allemagne, l\u2019Espagne et la France, directement ou indirectement par le biais de filiales et\/ou succursales.<\/p><p>EthiFinance SAS est la maison-m\u00e8re du Groupe EthiFinance.<\/p><p>L\u2019actionnaire majoritaire du Groupe est Androm\u00e8de, un family office. Le reste de l\u2019actionnariat est d\u00e9tenu par les fondateurs, des salari\u00e9s ou anciens salari\u00e9s ainsi que par un groupe d\u2019investisseurs institutionnels (Club Rating holding).<\/p>\t\t\t\t\t\t\t\t<\/div>\n\t\t\t\t<\/div>\n\t\t\t\t\t<\/div>\n\t\t\t\t<\/div>\n\t\t\t\t\t<\/div>\n\t\t\t\t<\/div>\n\t\t\t\t<\/div>\n\t\t","protected":false},"excerpt":{"rendered":"<p>Le Groupe EthiFinance, dont le si\u00e8ge social est bas\u00e9 \u00e0 Lyon (France), op\u00e8re depuis l\u2019Allemagne, l\u2019Espagne et la France, directement ou indirectement par le biais de filiales et\/ou succursales. EthiFinance SAS est la maison-m\u00e8re du Groupe EthiFinance. L\u2019actionnaire majoritaire du Groupe est Androm\u00e8de, un family office. Le reste de l\u2019actionnariat est d\u00e9tenu par les fondateurs, [&hellip;]<\/p>\n","protected":false},"author":2,"featured_media":37063,"parent":0,"menu_order":0,"comment_status":"closed","ping_status":"closed","template":"elementor_header_footer","meta":{"_acf_changed":false,"footnotes":""},"class_list":["post-37773","page","type-page","status-publish","has-post-thumbnail","hentry"],"acf":[],"yoast_head":"<!-- This site is optimized with the Yoast SEO plugin v27.5 - https:\/\/yoast.com\/product\/yoast-seo-wordpress\/ -->\n<title>Actionnariat - EthiFinance<\/title>\n<meta name=\"robots\" content=\"index, follow, max-snippet:-1, max-image-preview:large, max-video-preview:-1\" \/>\n<link rel=\"canonical\" href=\"https:\/\/www.ethifinance.com\/fr\/actionnariat\/\" \/>\n<meta property=\"og:locale\" content=\"fr_FR\" \/>\n<meta property=\"og:type\" content=\"article\" \/>\n<meta property=\"og:title\" content=\"Actionnariat - EthiFinance\" \/>\n<meta property=\"og:description\" content=\"Le Groupe EthiFinance, dont le si\u00e8ge social est bas\u00e9 \u00e0 Lyon (France), op\u00e8re depuis l\u2019Allemagne, l\u2019Espagne et la France, directement ou indirectement par le biais de filiales et\/ou succursales. EthiFinance SAS est la maison-m\u00e8re du Groupe EthiFinance. L\u2019actionnaire majoritaire du Groupe est Androm\u00e8de, un family office. Le reste de l\u2019actionnariat est d\u00e9tenu par les fondateurs, [&hellip;]\" \/>\n<meta property=\"og:url\" content=\"https:\/\/www.ethifinance.com\/fr\/actionnariat\/\" \/>\n<meta property=\"og:site_name\" content=\"EthiFinance\" \/>\n<meta property=\"article:modified_time\" content=\"2024-10-04T20:43:43+00:00\" \/>\n<meta property=\"og:image\" content=\"https:\/\/www.ethifinance.com\/wp-content\/uploads\/2024\/07\/anne-drotleff-b1wLhMibrBc-unsplash.jpg\" \/>\n\t<meta property=\"og:image:width\" content=\"1920\" \/>\n\t<meta property=\"og:image:height\" content=\"1285\" \/>\n\t<meta property=\"og:image:type\" content=\"image\/jpeg\" \/>\n<meta name=\"twitter:card\" content=\"summary_large_image\" \/>\n<meta name=\"twitter:label1\" content=\"Dur\u00e9e de lecture estim\u00e9e\" \/>\n\t<meta name=\"twitter:data1\" content=\"1 minute\" \/>\n<script type=\"application\/ld+json\" class=\"yoast-schema-graph\">{\"@context\":\"https:\\\/\\\/schema.org\",\"@graph\":[{\"@type\":\"WebPage\",\"@id\":\"https:\\\/\\\/www.ethifinance.com\\\/fr\\\/actionnariat\\\/\",\"url\":\"https:\\\/\\\/www.ethifinance.com\\\/fr\\\/actionnariat\\\/\",\"name\":\"Actionnariat - EthiFinance\",\"isPartOf\":{\"@id\":\"https:\\\/\\\/www.ethifinance.com\\\/fr\\\/#website\"},\"primaryImageOfPage\":{\"@id\":\"https:\\\/\\\/www.ethifinance.com\\\/fr\\\/actionnariat\\\/#primaryimage\"},\"image\":{\"@id\":\"https:\\\/\\\/www.ethifinance.com\\\/fr\\\/actionnariat\\\/#primaryimage\"},\"thumbnailUrl\":\"https:\\\/\\\/www.ethifinance.com\\\/wp-content\\\/uploads\\\/2024\\\/07\\\/anne-drotleff-b1wLhMibrBc-unsplash.jpg\",\"datePublished\":\"2024-05-30T14:13:51+00:00\",\"dateModified\":\"2024-10-04T20:43:43+00:00\",\"breadcrumb\":{\"@id\":\"https:\\\/\\\/www.ethifinance.com\\\/fr\\\/actionnariat\\\/#breadcrumb\"},\"inLanguage\":\"fr-FR\",\"potentialAction\":[{\"@type\":\"ReadAction\",\"target\":[\"https:\\\/\\\/www.ethifinance.com\\\/fr\\\/actionnariat\\\/\"]}]},{\"@type\":\"ImageObject\",\"inLanguage\":\"fr-FR\",\"@id\":\"https:\\\/\\\/www.ethifinance.com\\\/fr\\\/actionnariat\\\/#primaryimage\",\"url\":\"https:\\\/\\\/www.ethifinance.com\\\/wp-content\\\/uploads\\\/2024\\\/07\\\/anne-drotleff-b1wLhMibrBc-unsplash.jpg\",\"contentUrl\":\"https:\\\/\\\/www.ethifinance.com\\\/wp-content\\\/uploads\\\/2024\\\/07\\\/anne-drotleff-b1wLhMibrBc-unsplash.jpg\",\"width\":1920,\"height\":1285},{\"@type\":\"BreadcrumbList\",\"@id\":\"https:\\\/\\\/www.ethifinance.com\\\/fr\\\/actionnariat\\\/#breadcrumb\",\"itemListElement\":[{\"@type\":\"ListItem\",\"position\":1,\"name\":\"Accueil\",\"item\":\"https:\\\/\\\/www.ethifinance.com\\\/fr\\\/\"},{\"@type\":\"ListItem\",\"position\":2,\"name\":\"Actionnariat\"}]},{\"@type\":\"WebSite\",\"@id\":\"https:\\\/\\\/www.ethifinance.com\\\/fr\\\/#website\",\"url\":\"https:\\\/\\\/www.ethifinance.com\\\/fr\\\/\",\"name\":\"Ethifinance\",\"description\":\"\",\"publisher\":{\"@id\":\"https:\\\/\\\/www.ethifinance.com\\\/fr\\\/#organization\"},\"potentialAction\":[{\"@type\":\"SearchAction\",\"target\":{\"@type\":\"EntryPoint\",\"urlTemplate\":\"https:\\\/\\\/www.ethifinance.com\\\/fr\\\/?s={search_term_string}\"},\"query-input\":{\"@type\":\"PropertyValueSpecification\",\"valueRequired\":true,\"valueName\":\"search_term_string\"}}],\"inLanguage\":\"fr-FR\"},{\"@type\":\"Organization\",\"@id\":\"https:\\\/\\\/www.ethifinance.com\\\/fr\\\/#organization\",\"name\":\"Ethifinance\",\"url\":\"https:\\\/\\\/www.ethifinance.com\\\/fr\\\/\",\"logo\":{\"@type\":\"ImageObject\",\"inLanguage\":\"fr-FR\",\"@id\":\"https:\\\/\\\/www.ethifinance.com\\\/fr\\\/#\\\/schema\\\/logo\\\/image\\\/\",\"url\":\"https:\\\/\\\/www.ethifinance.com\\\/wp-content\\\/uploads\\\/2024\\\/05\\\/Logo_simplified_green_by_altay-01-01.png\",\"contentUrl\":\"https:\\\/\\\/www.ethifinance.com\\\/wp-content\\\/uploads\\\/2024\\\/05\\\/Logo_simplified_green_by_altay-01-01.png\",\"width\":433,\"height\":74,\"caption\":\"Ethifinance\"},\"image\":{\"@id\":\"https:\\\/\\\/www.ethifinance.com\\\/fr\\\/#\\\/schema\\\/logo\\\/image\\\/\"},\"sameAs\":[\"https:\\\/\\\/www.linkedin.com\\\/company\\\/ethifinance\\\/\",\"https:\\\/\\\/www.youtube.com\\\/@ethifinance_EU\"]}]}<\/script>\n<!-- \/ Yoast SEO plugin. -->","yoast_head_json":{"title":"Actionnariat - EthiFinance","robots":{"index":"index","follow":"follow","max-snippet":"max-snippet:-1","max-image-preview":"max-image-preview:large","max-video-preview":"max-video-preview:-1"},"canonical":"https:\/\/www.ethifinance.com\/fr\/actionnariat\/","og_locale":"fr_FR","og_type":"article","og_title":"Actionnariat - EthiFinance","og_description":"Le Groupe EthiFinance, dont le si\u00e8ge social est bas\u00e9 \u00e0 Lyon (France), op\u00e8re depuis l\u2019Allemagne, l\u2019Espagne et la France, directement ou indirectement par le biais de filiales et\/ou succursales. EthiFinance SAS est la maison-m\u00e8re du Groupe EthiFinance. L\u2019actionnaire majoritaire du Groupe est Androm\u00e8de, un family office. Le reste de l\u2019actionnariat est d\u00e9tenu par les fondateurs, [&hellip;]","og_url":"https:\/\/www.ethifinance.com\/fr\/actionnariat\/","og_site_name":"EthiFinance","article_modified_time":"2024-10-04T20:43:43+00:00","og_image":[{"width":1920,"height":1285,"url":"https:\/\/www.ethifinance.com\/wp-content\/uploads\/2024\/07\/anne-drotleff-b1wLhMibrBc-unsplash.jpg","type":"image\/jpeg"}],"twitter_card":"summary_large_image","twitter_misc":{"Dur\u00e9e de lecture estim\u00e9e":"1 minute"},"schema":{"@context":"https:\/\/schema.org","@graph":[{"@type":"WebPage","@id":"https:\/\/www.ethifinance.com\/fr\/actionnariat\/","url":"https:\/\/www.ethifinance.com\/fr\/actionnariat\/","name":"Actionnariat - EthiFinance","isPartOf":{"@id":"https:\/\/www.ethifinance.com\/fr\/#website"},"primaryImageOfPage":{"@id":"https:\/\/www.ethifinance.com\/fr\/actionnariat\/#primaryimage"},"image":{"@id":"https:\/\/www.ethifinance.com\/fr\/actionnariat\/#primaryimage"},"thumbnailUrl":"https:\/\/www.ethifinance.com\/wp-content\/uploads\/2024\/07\/anne-drotleff-b1wLhMibrBc-unsplash.jpg","datePublished":"2024-05-30T14:13:51+00:00","dateModified":"2024-10-04T20:43:43+00:00","breadcrumb":{"@id":"https:\/\/www.ethifinance.com\/fr\/actionnariat\/#breadcrumb"},"inLanguage":"fr-FR","potentialAction":[{"@type":"ReadAction","target":["https:\/\/www.ethifinance.com\/fr\/actionnariat\/"]}]},{"@type":"ImageObject","inLanguage":"fr-FR","@id":"https:\/\/www.ethifinance.com\/fr\/actionnariat\/#primaryimage","url":"https:\/\/www.ethifinance.com\/wp-content\/uploads\/2024\/07\/anne-drotleff-b1wLhMibrBc-unsplash.jpg","contentUrl":"https:\/\/www.ethifinance.com\/wp-content\/uploads\/2024\/07\/anne-drotleff-b1wLhMibrBc-unsplash.jpg","width":1920,"height":1285},{"@type":"BreadcrumbList","@id":"https:\/\/www.ethifinance.com\/fr\/actionnariat\/#breadcrumb","itemListElement":[{"@type":"ListItem","position":1,"name":"Accueil","item":"https:\/\/www.ethifinance.com\/fr\/"},{"@type":"ListItem","position":2,"name":"Actionnariat"}]},{"@type":"WebSite","@id":"https:\/\/www.ethifinance.com\/fr\/#website","url":"https:\/\/www.ethifinance.com\/fr\/","name":"Ethifinance","description":"","publisher":{"@id":"https:\/\/www.ethifinance.com\/fr\/#organization"},"potentialAction":[{"@type":"SearchAction","target":{"@type":"EntryPoint","urlTemplate":"https:\/\/www.ethifinance.com\/fr\/?s={search_term_string}"},"query-input":{"@type":"PropertyValueSpecification","valueRequired":true,"valueName":"search_term_string"}}],"inLanguage":"fr-FR"},{"@type":"Organization","@id":"https:\/\/www.ethifinance.com\/fr\/#organization","name":"Ethifinance","url":"https:\/\/www.ethifinance.com\/fr\/","logo":{"@type":"ImageObject","inLanguage":"fr-FR","@id":"https:\/\/www.ethifinance.com\/fr\/#\/schema\/logo\/image\/","url":"https:\/\/www.ethifinance.com\/wp-content\/uploads\/2024\/05\/Logo_simplified_green_by_altay-01-01.png","contentUrl":"https:\/\/www.ethifinance.com\/wp-content\/uploads\/2024\/05\/Logo_simplified_green_by_altay-01-01.png","width":433,"height":74,"caption":"Ethifinance"},"image":{"@id":"https:\/\/www.ethifinance.com\/fr\/#\/schema\/logo\/image\/"},"sameAs":["https:\/\/www.linkedin.com\/company\/ethifinance\/","https:\/\/www.youtube.com\/@ethifinance_EU"]}]}},"_links":{"self":[{"href":"https:\/\/www.ethifinance.com\/fr\/wp-json\/wp\/v2\/pages\/37773","targetHints":{"allow":["GET"]}}],"collection":[{"href":"https:\/\/www.ethifinance.com\/fr\/wp-json\/wp\/v2\/pages"}],"about":[{"href":"https:\/\/www.ethifinance.com\/fr\/wp-json\/wp\/v2\/types\/page"}],"author":[{"embeddable":true,"href":"https:\/\/www.ethifinance.com\/fr\/wp-json\/wp\/v2\/users\/2"}],"replies":[{"embeddable":true,"href":"https:\/\/www.ethifinance.com\/fr\/wp-json\/wp\/v2\/comments?post=37773"}],"version-history":[{"count":3,"href":"https:\/\/www.ethifinance.com\/fr\/wp-json\/wp\/v2\/pages\/37773\/revisions"}],"predecessor-version":[{"id":39800,"href":"https:\/\/www.ethifinance.com\/fr\/wp-json\/wp\/v2\/pages\/37773\/revisions\/39800"}],"wp:featuredmedia":[{"embeddable":true,"href":"https:\/\/www.ethifinance.com\/fr\/wp-json\/wp\/v2\/media\/37063"}],"wp:attachment":[{"href":"https:\/\/www.ethifinance.com\/fr\/wp-json\/wp\/v2\/media?parent=37773"}],"curies":[{"name":"wp","href":"https:\/\/api.w.org\/{rel}","templated":true}]}}