{"id":37780,"date":"2024-05-28T14:34:24","date_gmt":"2024-05-28T12:34:24","guid":{"rendered":"https:\/\/prod.altaydagistan.com\/politique-de-qualite\/"},"modified":"2026-04-13T20:20:42","modified_gmt":"2026-04-13T18:20:42","slug":"politique-de-qualite","status":"publish","type":"page","link":"https:\/\/www.ethifinance.com\/fr\/politique-de-qualite\/","title":{"rendered":"Politique qualit\u00e9"},"content":{"rendered":"\t\t<div data-elementor-type=\"wp-page\" data-elementor-id=\"37780\" class=\"elementor elementor-37780 elementor-30330\" data-elementor-post-type=\"page\">\n\t\t\t\t<div class=\"elementor-element elementor-element-ad50a94 e-flex e-con-boxed e-con e-parent\" data-id=\"ad50a94\" data-element_type=\"container\" data-e-type=\"container\">\n\t\t\t\t\t<div class=\"e-con-inner\">\n\t\t\t\t<div class=\"elementor-element elementor-element-0528d28 elementor-widget elementor-widget-shortcode\" data-id=\"0528d28\" data-element_type=\"widget\" data-e-type=\"widget\" data-widget_type=\"shortcode.default\">\n\t\t\t\t<div class=\"elementor-widget-container\">\n\t\t\t\t\t\t\t<div class=\"elementor-shortcode\">\t\t<div data-elementor-type=\"container\" data-elementor-id=\"37681\" class=\"elementor elementor-37681 elementor-29413 elementor-29413\" data-elementor-post-type=\"elementor_library\">\n\t\t\t\t<div class=\"elementor-element elementor-element-7d4c768a e-con-full e-flex e-con e-parent\" data-id=\"7d4c768a\" data-element_type=\"container\" data-e-type=\"container\" data-settings=\"{&quot;background_background&quot;:&quot;classic&quot;}\">\n\t\t<div class=\"elementor-element elementor-element-e9a1c69 e-flex e-con-boxed e-con e-child\" data-id=\"e9a1c69\" data-element_type=\"container\" data-e-type=\"container\">\n\t\t\t\t\t<div class=\"e-con-inner\">\n\t\t\t\t\t<\/div>\n\t\t\t\t<\/div>\n\t\t\t\t<\/div>\n\t\t\t\t<\/div>\n\t\t<\/div>\n\t\t\t\t\t\t<\/div>\n\t\t\t\t<\/div>\n\t\t\t\t\t<\/div>\n\t\t\t\t<\/div>\n\t\t<div class=\"elementor-element elementor-element-97d5658 e-flex e-con-boxed e-con e-parent\" data-id=\"97d5658\" data-element_type=\"container\" data-e-type=\"container\" data-settings=\"{&quot;background_background&quot;:&quot;classic&quot;}\">\n\t\t\t\t\t<div class=\"e-con-inner\">\n\t\t<div class=\"elementor-element elementor-element-84eac55 e-flex e-con-boxed e-con e-child\" data-id=\"84eac55\" data-element_type=\"container\" data-e-type=\"container\">\n\t\t\t\t\t<div class=\"e-con-inner\">\n\t\t<div class=\"elementor-element elementor-element-c3f42da e-con-full e-flex e-con e-child\" data-id=\"c3f42da\" data-element_type=\"container\" data-e-type=\"container\">\n\t\t\t\t<div class=\"elementor-element elementor-element-7263789 elementor-widget elementor-widget-heading\" data-id=\"7263789\" data-element_type=\"widget\" data-e-type=\"widget\" data-widget_type=\"heading.default\">\n\t\t\t\t<div class=\"elementor-widget-container\">\n\t\t\t\t\t<h3 class=\"elementor-heading-title elementor-size-default\">La politique qualit\u00e9 d'Ethifinance Ratings<\/h3>\t\t\t\t<\/div>\n\t\t\t\t<\/div>\n\t\t\t\t<div class=\"elementor-element elementor-element-9e42f5b elementor-widget elementor-widget-text-editor\" data-id=\"9e42f5b\" data-element_type=\"widget\" data-e-type=\"widget\" data-widget_type=\"text-editor.default\">\n\t\t\t\t<div class=\"elementor-widget-container\">\n\t\t\t\t\t\t\t\t\t<h5>La politique qualit\u00e9 d\u00e9finie par EthiFinance Ratings est la suivante :<\/h5><p>EthiFinance Ratings est une soci\u00e9t\u00e9 de services dont l&rsquo;objectif principal est :<\/p><ul><li>\u00a0Exprimer, par l&rsquo;\u00e9mission de notations \u00e0 l&rsquo;\u00e9chelle europ\u00e9enne, une opinion cr\u00e9dit ind\u00e9pendante sur la capacit\u00e9 d&rsquo;un \u00e9tablissement \u00e0 remplir pleinement ses obligations financi\u00e8res dans les d\u00e9lais impartis, afin de lui permettre d&rsquo;acc\u00e9der \u00e0 de nouvelles sources de financement.<\/li><\/ul><ul><li>EthiFinance Ratings jouit d&rsquo;une solide r\u00e9putation dans son secteur gr\u00e2ce \u00e0 son expertise analytique, son innovation m\u00e9thodologique continue et son orientation client.<\/li><\/ul><p>La politique qualit\u00e9 d&rsquo;EthiFinance Ratings repose sur les points suivants :<\/p><ol><li>L\u2019analyse des r\u00e9sultats des enqu\u00eates de satisfaction client<\/li><li>Comp\u00e9tence de notre personnel d&rsquo;analyse<\/li><li>Qualit\u00e9 de nos produits<\/li><li>Fiabilit\u00e9 de nos processus<\/li><li>Am\u00e9lioration continue<\/li><\/ol><p><span data-ccp-props=\"{&quot;201341983&quot;:0,&quot;335559685&quot;:720,&quot;335559739&quot;:160,&quot;335559740&quot;:279}\">\u00a0<\/span><\/p><h5>1. Une approche centr\u00e9e sur le besoin client<\/h5><p>Le syst\u00e8me de gestion de la qualit\u00e9 met en place des m\u00e9canismes permettant de rester constamment \u00e0 l&rsquo;\u00e9coute des besoins des clients :<\/p><ul><li>Le respect des accords contractuels.<\/li><li>Le traitement des demandes des clients ou des prospects concernant les produits ou les services offerts.<\/li><li>L&rsquo;analyse des plaintes d\u00e9pos\u00e9es.<\/li><li>L&rsquo;analyse des r\u00e9sultats de la satisfaction de la client\u00e8le.<\/li><li>Ces sources nous permettent d&rsquo;am\u00e9liorer et de mettre en \u0153uvre des actions correctives sur nos produits et services de mani\u00e8re continue.<\/li><\/ul>\t\t\t\t\t\t\t\t<\/div>\n\t\t\t\t<\/div>\n\t\t\t\t<div class=\"elementor-element elementor-element-38a6f07 elementor-widget elementor-widget-text-editor\" data-id=\"38a6f07\" data-element_type=\"widget\" data-e-type=\"widget\" data-widget_type=\"text-editor.default\">\n\t\t\t\t<div class=\"elementor-widget-container\">\n\t\t\t\t\t\t\t\t\t<h5>2. La comp\u00e9tence du personnel d&rsquo;EthiFinance Ratings<\/h5><p><span data-ccp-props=\"{&quot;201341983&quot;:0,&quot;335559739&quot;:160,&quot;335559740&quot;:279}\">EthiFinance Ratings vise \u00e0 disposer d&rsquo;une \u00e9quipe de professionnels hautement comp\u00e9tents et motiv\u00e9s, pour mener \u00e0 bien son activit\u00e9 de notation et servir ses clients de mani\u00e8re satisfaisante. Afin d&rsquo;atteindre cet objectif, EthiFinance Ratings dispose des outils suivants :<\/span><\/p><ul><li data-leveltext=\"\uf0b7\" data-font=\"Symbol\" data-listid=\"3\" data-list-defn-props=\"{&quot;335552541&quot;:1,&quot;335559685&quot;:720,&quot;335559991&quot;:360,&quot;469769226&quot;:&quot;Symbol&quot;,&quot;469769242&quot;:[8226],&quot;469777803&quot;:&quot;left&quot;,&quot;469777804&quot;:&quot;\uf0b7&quot;,&quot;469777815&quot;:&quot;hybridMultilevel&quot;}\" aria-setsize=\"-1\" data-aria-posinset=\"1\" data-aria-level=\"1\">Une d\u00e9finition constamment mise \u00e0 jour des diff\u00e9rents emplois de l&rsquo;entreprise et de leurs exigences.<\/li><li data-leveltext=\"\uf0b7\" data-font=\"Symbol\" data-listid=\"3\" data-list-defn-props=\"{&quot;335552541&quot;:1,&quot;335559685&quot;:720,&quot;335559991&quot;:360,&quot;469769226&quot;:&quot;Symbol&quot;,&quot;469769242&quot;:[8226],&quot;469777803&quot;:&quot;left&quot;,&quot;469777804&quot;:&quot;\uf0b7&quot;,&quot;469777815&quot;:&quot;hybridMultilevel&quot;}\" aria-setsize=\"-1\" data-aria-posinset=\"1\" data-aria-level=\"1\">Une description compl\u00e8te du profil de chaque r\u00f4le.<\/li><li data-leveltext=\"\uf0b7\" data-font=\"Symbol\" data-listid=\"3\" data-list-defn-props=\"{&quot;335552541&quot;:1,&quot;335559685&quot;:720,&quot;335559991&quot;:360,&quot;469769226&quot;:&quot;Symbol&quot;,&quot;469769242&quot;:[8226],&quot;469777803&quot;:&quot;left&quot;,&quot;469777804&quot;:&quot;\uf0b7&quot;,&quot;469777815&quot;:&quot;hybridMultilevel&quot;}\" aria-setsize=\"-1\" data-aria-posinset=\"1\" data-aria-level=\"1\">Un plan de formation qui permet \u00e0 chaque employ\u00e9 d&rsquo;exercer sa fonction en acqu\u00e9rant les connaissances n\u00e9cessaires de mani\u00e8re continue.<\/li><li data-leveltext=\"\uf0b7\" data-font=\"Symbol\" data-listid=\"3\" data-list-defn-props=\"{&quot;335552541&quot;:1,&quot;335559685&quot;:720,&quot;335559991&quot;:360,&quot;469769226&quot;:&quot;Symbol&quot;,&quot;469769242&quot;:[8226],&quot;469777803&quot;:&quot;left&quot;,&quot;469777804&quot;:&quot;\uf0b7&quot;,&quot;469777815&quot;:&quot;hybridMultilevel&quot;}\" aria-setsize=\"-1\" data-aria-posinset=\"1\" data-aria-level=\"1\">Une attention constante port\u00e9e \u00e0 la promotion interne, la priorit\u00e9 \u00e9tant d&rsquo;offrir les nouveaux postes, au fur et \u00e0 mesure de leur cr\u00e9ation, aux employ\u00e9s d&rsquo;EthiFinance Ratings avant de recruter du personnel externe.<\/li><\/ul>\t\t\t\t\t\t\t\t<\/div>\n\t\t\t\t<\/div>\n\t\t\t\t<div class=\"elementor-element elementor-element-1f83cab elementor-widget elementor-widget-text-editor\" data-id=\"1f83cab\" data-element_type=\"widget\" data-e-type=\"widget\" data-widget_type=\"text-editor.default\">\n\t\t\t\t<div class=\"elementor-widget-container\">\n\t\t\t\t\t\t\t\t\t<h5>3. La qualit\u00e9 de ses produits<\/h5><p>EthiFinance Ratings s&rsquo;attache \u00e0 offrir \u00e0 ses clients des produits et des services incluant une information compl\u00e8te et \u00e0 jour, et en tant qu&rsquo;agence de la double mat\u00e9rialit\u00e9, s&rsquo;efforce continuellement d&rsquo;int\u00e9grer les crit\u00e8res ESG dans ses m\u00e9thodologies de notation.<\/p>\t\t\t\t\t\t\t\t<\/div>\n\t\t\t\t<\/div>\n\t\t\t\t<div class=\"elementor-element elementor-element-e299da4 elementor-widget elementor-widget-text-editor\" data-id=\"e299da4\" data-element_type=\"widget\" data-e-type=\"widget\" data-widget_type=\"text-editor.default\">\n\t\t\t\t<div class=\"elementor-widget-container\">\n\t\t\t\t\t\t\t\t\t<h5><span data-ccp-props=\"{&quot;201341983&quot;:0,&quot;335559739&quot;:160,&quot;335559740&quot;:279}\">\u00a0<\/span>4. La valeur de nos processus<\/h5><p>EthiFinance Ratings est une organisation qui se concentre sur la qualit\u00e9 et l&rsquo;efficacit\u00e9 des produits fournis \u00e0 ses clients (par exemple, le professionnalisme des employ\u00e9s, l&rsquo;accessibilit\u00e9, la s\u00e9curit\u00e9 et la r\u00e9silience de ses syst\u00e8mes informatiques, etc.)<\/p><div class=\"ewa-rteLine\">Tous les processus internes d\u2019EthiFinance Ratings (EFR) sont mis en \u0153uvre et organis\u00e9s en mettant l\u2019accent sur l\u2019efficacit\u00e9 des processus individuels et globaux. La compr\u00e9hension et la gestion des processus interd\u00e9pendants contribuent \u00e0 l\u2019efficacit\u00e9 d\u2019EFR dans l\u2019obtention des r\u00e9sultats escompt\u00e9s. Cette approche permet \u00e0 EFR de contr\u00f4ler les relations et les interd\u00e9pendances entre les processus du syst\u00e8me, afin d\u2019am\u00e9liorer la performance globale de l\u2019organisation.<\/div><div class=\"ewa-rteLine\">\u00a0<\/div><div class=\"ewa-rteLine\">Cette attention constante \u00e0 la qualit\u00e9 et \u00e0 l\u2019int\u00e9grit\u00e9 des diff\u00e9rents processus est un \u00e9l\u00e9ment cl\u00e9 de la politique qualit\u00e9 d\u2019EthiFinance Ratings.<\/div>\t\t\t\t\t\t\t\t<\/div>\n\t\t\t\t<\/div>\n\t\t\t\t<div class=\"elementor-element elementor-element-e9003e8 elementor-widget elementor-widget-text-editor\" data-id=\"e9003e8\" data-element_type=\"widget\" data-e-type=\"widget\" data-widget_type=\"text-editor.default\">\n\t\t\t\t<div class=\"elementor-widget-container\">\n\t\t\t\t\t\t\t\t\t<h5>5. Un processus en am\u00e9lioration continue<\/h5><p>EthiFinance Ratings est une organisation dynamique dans un environnement changeant. Les l\u00e9gislations en vigueur, les conditions du march\u00e9, l&rsquo;\u00e9volution des besoins de toutes les parties prenantes, la technologie sont des \u00e9l\u00e9ments changeants qui obligent EthiFinance Ratings \u00e0 s&rsquo;adapter en permanence et \u00e0 r\u00e9\u00e9valuer ses op\u00e9rations.<\/p><p>En s\u2019effor\u00e7ant d\u2019offrir les meilleurs produits et services et les plus \u00e0 jour, EthiFinance Ratings am\u00e9liore constamment son syst\u00e8me de gestion de la qualit\u00e9.<\/p><p>Afin de se conformer \u00e0 tous les points ci-dessus, la direction d&rsquo;EthiFinance Ratings a d\u00e9cid\u00e9 de mettre en place un syst\u00e8me de gestion de la qualit\u00e9 conforme aux exigences de la norme ISO 9001.<\/p><p><b>Cette politique qualit\u00e9 des notations d&rsquo;EthiFinance est \u00e9tablie par la direction, qui s&rsquo;assure que :<\/b><\/p><ul><li>Elle est calibr\u00e9e en fonction de l&rsquo;objectif et du contexte de l&rsquo;organisation.<\/li><li>Il s&rsquo;agit d&rsquo;un engagement \u00e0 respecter toutes les exigences internes et l\u00e9gales applicables et \u00e0 se concentrer sur l&rsquo;am\u00e9lioration continue.<\/li><li>Elle fournit un cadre pour la d\u00e9finition et la r\u00e9vision des objectifs de qualit\u00e9.<\/li><li>Elle est communiqu\u00e9e \u00e0 tous les niveaux de l&rsquo;organisation et \u00e0 toutes les parties prenantes par le biais de sa diffusion sur le site web www.ethifinance.com.<\/li><li>Elle est revue p\u00e9riodiquement pour s&rsquo;assurer qu&rsquo;elle est toujours adapt\u00e9e.<\/li><\/ul>\t\t\t\t\t\t\t\t<\/div>\n\t\t\t\t<\/div>\n\t\t\t\t<\/div>\n\t\t<div class=\"elementor-element elementor-element-969c699 e-con-full e-flex e-con e-child\" data-id=\"969c699\" data-element_type=\"container\" data-e-type=\"container\">\n\t\t<div class=\"elementor-element elementor-element-3fabca3 e-flex e-con-boxed e-con e-child\" data-id=\"3fabca3\" data-element_type=\"container\" data-e-type=\"container\">\n\t\t\t\t\t<div class=\"e-con-inner\">\n\t\t\t\t<div class=\"elementor-element elementor-element-c2fc84d elementor-widget elementor-widget-text-editor\" data-id=\"c2fc84d\" data-element_type=\"widget\" data-e-type=\"widget\" data-widget_type=\"text-editor.default\">\n\t\t\t\t<div class=\"elementor-widget-container\">\n\t\t\t\t\t\t\t\t\t<p>ISO 9001:2015 Certificate<\/p>\t\t\t\t\t\t\t\t<\/div>\n\t\t\t\t<\/div>\n\t\t\t\t<div class=\"elementor-element elementor-element-1ce4312 elementor-align-center elementor-widget elementor-widget-button\" data-id=\"1ce4312\" data-element_type=\"widget\" data-e-type=\"widget\" data-widget_type=\"button.default\">\n\t\t\t\t<div class=\"elementor-widget-container\">\n\t\t\t\t\t\t\t\t\t<div class=\"elementor-button-wrapper\">\n\t\t\t\t\t<a class=\"elementor-button elementor-button-link elementor-size-sm\" href=\"https:\/\/www.ethifinance.com\/fr\/efr_iso_9001_certificates_2025\/\" target=\"_blank\">\n\t\t\t\t\t\t<span class=\"elementor-button-content-wrapper\">\n\t\t\t\t\t\t\t\t\t<span class=\"elementor-button-text\">Download ISO 9001:2015 Certificate<\/span>\n\t\t\t\t\t<\/span>\n\t\t\t\t\t<\/a>\n\t\t\t\t<\/div>\n\t\t\t\t\t\t\t\t<\/div>\n\t\t\t\t<\/div>\n\t\t\t\t\t<\/div>\n\t\t\t\t<\/div>\n\t\t\t\t<div class=\"elementor-element elementor-element-a0ccef5 elementor-widget elementor-widget-image\" data-id=\"a0ccef5\" data-element_type=\"widget\" data-e-type=\"widget\" data-widget_type=\"image.default\">\n\t\t\t\t<div class=\"elementor-widget-container\">\n\t\t\t\t\t\t\t\t\t\t\t\t\t\t\t<img fetchpriority=\"high\" decoding=\"async\" width=\"640\" height=\"853\" src=\"https:\/\/www.ethifinance.com\/wp-content\/uploads\/2024\/06\/kees-streefkerk-Adl90-aXYwA-unsplash.jpg\" class=\"attachment-medium_large size-medium_large wp-image-36982\" alt=\"\" srcset=\"https:\/\/www.ethifinance.com\/wp-content\/uploads\/2024\/06\/kees-streefkerk-Adl90-aXYwA-unsplash.jpg 640w, https:\/\/www.ethifinance.com\/wp-content\/uploads\/2024\/06\/kees-streefkerk-Adl90-aXYwA-unsplash-225x300.jpg 225w, https:\/\/www.ethifinance.com\/wp-content\/uploads\/2024\/06\/kees-streefkerk-Adl90-aXYwA-unsplash-9x12.jpg 9w\" sizes=\"(max-width: 640px) 100vw, 640px\" \/>\t\t\t\t\t\t\t\t\t\t\t\t\t\t\t<\/div>\n\t\t\t\t<\/div>\n\t\t\t\t<\/div>\n\t\t\t\t\t<\/div>\n\t\t\t\t<\/div>\n\t\t\t\t\t<\/div>\n\t\t\t\t<\/div>\n\t\t\t\t<\/div>\n\t\t","protected":false},"excerpt":{"rendered":"<p>La politique qualit\u00e9 d&rsquo;Ethifinance Ratings La politique qualit\u00e9 d\u00e9finie par EthiFinance Ratings est la suivante : EthiFinance Ratings est une soci\u00e9t\u00e9 de services dont l&rsquo;objectif principal est : \u00a0Exprimer, par l&rsquo;\u00e9mission de notations \u00e0 l&rsquo;\u00e9chelle europ\u00e9enne, une opinion cr\u00e9dit ind\u00e9pendante sur la capacit\u00e9 d&rsquo;un \u00e9tablissement \u00e0 remplir pleinement ses obligations financi\u00e8res dans les d\u00e9lais impartis, [&hellip;]<\/p>\n","protected":false},"author":2,"featured_media":36931,"parent":0,"menu_order":0,"comment_status":"closed","ping_status":"closed","template":"","meta":{"_acf_changed":false,"footnotes":""},"class_list":["post-37780","page","type-page","status-publish","has-post-thumbnail","hentry"],"acf":[],"yoast_head":"<!-- This site is optimized with the Yoast SEO plugin v27.5 - https:\/\/yoast.com\/product\/yoast-seo-wordpress\/ -->\n<title>Politique qualit\u00e9 - EthiFinance<\/title>\n<meta name=\"robots\" content=\"index, follow, max-snippet:-1, max-image-preview:large, max-video-preview:-1\" \/>\n<link rel=\"canonical\" href=\"https:\/\/www.ethifinance.com\/fr\/politique-de-qualite\/\" \/>\n<meta property=\"og:locale\" content=\"fr_FR\" \/>\n<meta property=\"og:type\" content=\"article\" \/>\n<meta property=\"og:title\" content=\"Politique qualit\u00e9 - EthiFinance\" \/>\n<meta property=\"og:description\" content=\"La politique qualit\u00e9 d&rsquo;Ethifinance Ratings La politique qualit\u00e9 d\u00e9finie par EthiFinance Ratings est la suivante : EthiFinance Ratings est une soci\u00e9t\u00e9 de services dont l&rsquo;objectif principal est : \u00a0Exprimer, par l&rsquo;\u00e9mission de notations \u00e0 l&rsquo;\u00e9chelle europ\u00e9enne, une opinion cr\u00e9dit ind\u00e9pendante sur la capacit\u00e9 d&rsquo;un \u00e9tablissement \u00e0 remplir pleinement ses obligations financi\u00e8res dans les d\u00e9lais impartis, [&hellip;]\" \/>\n<meta property=\"og:url\" content=\"https:\/\/www.ethifinance.com\/fr\/politique-de-qualite\/\" \/>\n<meta property=\"og:site_name\" content=\"EthiFinance\" \/>\n<meta property=\"article:modified_time\" content=\"2026-04-13T18:20:42+00:00\" \/>\n<meta property=\"og:image\" content=\"https:\/\/www.ethifinance.com\/wp-content\/uploads\/2024\/06\/Top-view-of-5-sea-stars-lying-on-the-ground-in-a-line-at-the-beach-sand-on-an-ocean-shore-61-scaled.jpg\" \/>\n\t<meta property=\"og:image:width\" content=\"2560\" \/>\n\t<meta property=\"og:image:height\" content=\"1463\" \/>\n\t<meta property=\"og:image:type\" content=\"image\/jpeg\" \/>\n<meta name=\"twitter:card\" content=\"summary_large_image\" \/>\n<meta name=\"twitter:label1\" content=\"Dur\u00e9e de lecture estim\u00e9e\" \/>\n\t<meta name=\"twitter:data1\" content=\"4 minutes\" \/>\n<script type=\"application\/ld+json\" class=\"yoast-schema-graph\">{\"@context\":\"https:\\\/\\\/schema.org\",\"@graph\":[{\"@type\":\"WebPage\",\"@id\":\"https:\\\/\\\/www.ethifinance.com\\\/fr\\\/politique-de-qualite\\\/\",\"url\":\"https:\\\/\\\/www.ethifinance.com\\\/fr\\\/politique-de-qualite\\\/\",\"name\":\"Politique qualit\u00e9 - EthiFinance\",\"isPartOf\":{\"@id\":\"https:\\\/\\\/www.ethifinance.com\\\/fr\\\/#website\"},\"primaryImageOfPage\":{\"@id\":\"https:\\\/\\\/www.ethifinance.com\\\/fr\\\/politique-de-qualite\\\/#primaryimage\"},\"image\":{\"@id\":\"https:\\\/\\\/www.ethifinance.com\\\/fr\\\/politique-de-qualite\\\/#primaryimage\"},\"thumbnailUrl\":\"https:\\\/\\\/www.ethifinance.com\\\/wp-content\\\/uploads\\\/2024\\\/06\\\/Top-view-of-5-sea-stars-lying-on-the-ground-in-a-line-at-the-beach-sand-on-an-ocean-shore-61-scaled.jpg\",\"datePublished\":\"2024-05-28T12:34:24+00:00\",\"dateModified\":\"2026-04-13T18:20:42+00:00\",\"breadcrumb\":{\"@id\":\"https:\\\/\\\/www.ethifinance.com\\\/fr\\\/politique-de-qualite\\\/#breadcrumb\"},\"inLanguage\":\"fr-FR\",\"potentialAction\":[{\"@type\":\"ReadAction\",\"target\":[\"https:\\\/\\\/www.ethifinance.com\\\/fr\\\/politique-de-qualite\\\/\"]}]},{\"@type\":\"ImageObject\",\"inLanguage\":\"fr-FR\",\"@id\":\"https:\\\/\\\/www.ethifinance.com\\\/fr\\\/politique-de-qualite\\\/#primaryimage\",\"url\":\"https:\\\/\\\/www.ethifinance.com\\\/wp-content\\\/uploads\\\/2024\\\/06\\\/Top-view-of-5-sea-stars-lying-on-the-ground-in-a-line-at-the-beach-sand-on-an-ocean-shore-61-scaled.jpg\",\"contentUrl\":\"https:\\\/\\\/www.ethifinance.com\\\/wp-content\\\/uploads\\\/2024\\\/06\\\/Top-view-of-5-sea-stars-lying-on-the-ground-in-a-line-at-the-beach-sand-on-an-ocean-shore-61-scaled.jpg\",\"width\":2560,\"height\":1463},{\"@type\":\"BreadcrumbList\",\"@id\":\"https:\\\/\\\/www.ethifinance.com\\\/fr\\\/politique-de-qualite\\\/#breadcrumb\",\"itemListElement\":[{\"@type\":\"ListItem\",\"position\":1,\"name\":\"Accueil\",\"item\":\"https:\\\/\\\/www.ethifinance.com\\\/fr\\\/\"},{\"@type\":\"ListItem\",\"position\":2,\"name\":\"Politique qualit\u00e9\"}]},{\"@type\":\"WebSite\",\"@id\":\"https:\\\/\\\/www.ethifinance.com\\\/fr\\\/#website\",\"url\":\"https:\\\/\\\/www.ethifinance.com\\\/fr\\\/\",\"name\":\"Ethifinance\",\"description\":\"\",\"publisher\":{\"@id\":\"https:\\\/\\\/www.ethifinance.com\\\/fr\\\/#organization\"},\"potentialAction\":[{\"@type\":\"SearchAction\",\"target\":{\"@type\":\"EntryPoint\",\"urlTemplate\":\"https:\\\/\\\/www.ethifinance.com\\\/fr\\\/?s={search_term_string}\"},\"query-input\":{\"@type\":\"PropertyValueSpecification\",\"valueRequired\":true,\"valueName\":\"search_term_string\"}}],\"inLanguage\":\"fr-FR\"},{\"@type\":\"Organization\",\"@id\":\"https:\\\/\\\/www.ethifinance.com\\\/fr\\\/#organization\",\"name\":\"Ethifinance\",\"url\":\"https:\\\/\\\/www.ethifinance.com\\\/fr\\\/\",\"logo\":{\"@type\":\"ImageObject\",\"inLanguage\":\"fr-FR\",\"@id\":\"https:\\\/\\\/www.ethifinance.com\\\/fr\\\/#\\\/schema\\\/logo\\\/image\\\/\",\"url\":\"https:\\\/\\\/www.ethifinance.com\\\/wp-content\\\/uploads\\\/2024\\\/05\\\/Logo_simplified_green_by_altay-01-01.png\",\"contentUrl\":\"https:\\\/\\\/www.ethifinance.com\\\/wp-content\\\/uploads\\\/2024\\\/05\\\/Logo_simplified_green_by_altay-01-01.png\",\"width\":433,\"height\":74,\"caption\":\"Ethifinance\"},\"image\":{\"@id\":\"https:\\\/\\\/www.ethifinance.com\\\/fr\\\/#\\\/schema\\\/logo\\\/image\\\/\"},\"sameAs\":[\"https:\\\/\\\/www.linkedin.com\\\/company\\\/ethifinance\\\/\",\"https:\\\/\\\/www.youtube.com\\\/@ethifinance_EU\"]}]}<\/script>\n<!-- \/ Yoast SEO plugin. -->","yoast_head_json":{"title":"Politique qualit\u00e9 - EthiFinance","robots":{"index":"index","follow":"follow","max-snippet":"max-snippet:-1","max-image-preview":"max-image-preview:large","max-video-preview":"max-video-preview:-1"},"canonical":"https:\/\/www.ethifinance.com\/fr\/politique-de-qualite\/","og_locale":"fr_FR","og_type":"article","og_title":"Politique qualit\u00e9 - EthiFinance","og_description":"La politique qualit\u00e9 d&rsquo;Ethifinance Ratings La politique qualit\u00e9 d\u00e9finie par EthiFinance Ratings est la suivante : EthiFinance Ratings est une soci\u00e9t\u00e9 de services dont l&rsquo;objectif principal est : \u00a0Exprimer, par l&rsquo;\u00e9mission de notations \u00e0 l&rsquo;\u00e9chelle europ\u00e9enne, une opinion cr\u00e9dit ind\u00e9pendante sur la capacit\u00e9 d&rsquo;un \u00e9tablissement \u00e0 remplir pleinement ses obligations financi\u00e8res dans les d\u00e9lais impartis, [&hellip;]","og_url":"https:\/\/www.ethifinance.com\/fr\/politique-de-qualite\/","og_site_name":"EthiFinance","article_modified_time":"2026-04-13T18:20:42+00:00","og_image":[{"width":2560,"height":1463,"url":"https:\/\/www.ethifinance.com\/wp-content\/uploads\/2024\/06\/Top-view-of-5-sea-stars-lying-on-the-ground-in-a-line-at-the-beach-sand-on-an-ocean-shore-61-scaled.jpg","type":"image\/jpeg"}],"twitter_card":"summary_large_image","twitter_misc":{"Dur\u00e9e de lecture estim\u00e9e":"4 minutes"},"schema":{"@context":"https:\/\/schema.org","@graph":[{"@type":"WebPage","@id":"https:\/\/www.ethifinance.com\/fr\/politique-de-qualite\/","url":"https:\/\/www.ethifinance.com\/fr\/politique-de-qualite\/","name":"Politique qualit\u00e9 - EthiFinance","isPartOf":{"@id":"https:\/\/www.ethifinance.com\/fr\/#website"},"primaryImageOfPage":{"@id":"https:\/\/www.ethifinance.com\/fr\/politique-de-qualite\/#primaryimage"},"image":{"@id":"https:\/\/www.ethifinance.com\/fr\/politique-de-qualite\/#primaryimage"},"thumbnailUrl":"https:\/\/www.ethifinance.com\/wp-content\/uploads\/2024\/06\/Top-view-of-5-sea-stars-lying-on-the-ground-in-a-line-at-the-beach-sand-on-an-ocean-shore-61-scaled.jpg","datePublished":"2024-05-28T12:34:24+00:00","dateModified":"2026-04-13T18:20:42+00:00","breadcrumb":{"@id":"https:\/\/www.ethifinance.com\/fr\/politique-de-qualite\/#breadcrumb"},"inLanguage":"fr-FR","potentialAction":[{"@type":"ReadAction","target":["https:\/\/www.ethifinance.com\/fr\/politique-de-qualite\/"]}]},{"@type":"ImageObject","inLanguage":"fr-FR","@id":"https:\/\/www.ethifinance.com\/fr\/politique-de-qualite\/#primaryimage","url":"https:\/\/www.ethifinance.com\/wp-content\/uploads\/2024\/06\/Top-view-of-5-sea-stars-lying-on-the-ground-in-a-line-at-the-beach-sand-on-an-ocean-shore-61-scaled.jpg","contentUrl":"https:\/\/www.ethifinance.com\/wp-content\/uploads\/2024\/06\/Top-view-of-5-sea-stars-lying-on-the-ground-in-a-line-at-the-beach-sand-on-an-ocean-shore-61-scaled.jpg","width":2560,"height":1463},{"@type":"BreadcrumbList","@id":"https:\/\/www.ethifinance.com\/fr\/politique-de-qualite\/#breadcrumb","itemListElement":[{"@type":"ListItem","position":1,"name":"Accueil","item":"https:\/\/www.ethifinance.com\/fr\/"},{"@type":"ListItem","position":2,"name":"Politique qualit\u00e9"}]},{"@type":"WebSite","@id":"https:\/\/www.ethifinance.com\/fr\/#website","url":"https:\/\/www.ethifinance.com\/fr\/","name":"Ethifinance","description":"","publisher":{"@id":"https:\/\/www.ethifinance.com\/fr\/#organization"},"potentialAction":[{"@type":"SearchAction","target":{"@type":"EntryPoint","urlTemplate":"https:\/\/www.ethifinance.com\/fr\/?s={search_term_string}"},"query-input":{"@type":"PropertyValueSpecification","valueRequired":true,"valueName":"search_term_string"}}],"inLanguage":"fr-FR"},{"@type":"Organization","@id":"https:\/\/www.ethifinance.com\/fr\/#organization","name":"Ethifinance","url":"https:\/\/www.ethifinance.com\/fr\/","logo":{"@type":"ImageObject","inLanguage":"fr-FR","@id":"https:\/\/www.ethifinance.com\/fr\/#\/schema\/logo\/image\/","url":"https:\/\/www.ethifinance.com\/wp-content\/uploads\/2024\/05\/Logo_simplified_green_by_altay-01-01.png","contentUrl":"https:\/\/www.ethifinance.com\/wp-content\/uploads\/2024\/05\/Logo_simplified_green_by_altay-01-01.png","width":433,"height":74,"caption":"Ethifinance"},"image":{"@id":"https:\/\/www.ethifinance.com\/fr\/#\/schema\/logo\/image\/"},"sameAs":["https:\/\/www.linkedin.com\/company\/ethifinance\/","https:\/\/www.youtube.com\/@ethifinance_EU"]}]}},"_links":{"self":[{"href":"https:\/\/www.ethifinance.com\/fr\/wp-json\/wp\/v2\/pages\/37780","targetHints":{"allow":["GET"]}}],"collection":[{"href":"https:\/\/www.ethifinance.com\/fr\/wp-json\/wp\/v2\/pages"}],"about":[{"href":"https:\/\/www.ethifinance.com\/fr\/wp-json\/wp\/v2\/types\/page"}],"author":[{"embeddable":true,"href":"https:\/\/www.ethifinance.com\/fr\/wp-json\/wp\/v2\/users\/2"}],"replies":[{"embeddable":true,"href":"https:\/\/www.ethifinance.com\/fr\/wp-json\/wp\/v2\/comments?post=37780"}],"version-history":[{"count":45,"href":"https:\/\/www.ethifinance.com\/fr\/wp-json\/wp\/v2\/pages\/37780\/revisions"}],"predecessor-version":[{"id":49148,"href":"https:\/\/www.ethifinance.com\/fr\/wp-json\/wp\/v2\/pages\/37780\/revisions\/49148"}],"wp:featuredmedia":[{"embeddable":true,"href":"https:\/\/www.ethifinance.com\/fr\/wp-json\/wp\/v2\/media\/36931"}],"wp:attachment":[{"href":"https:\/\/www.ethifinance.com\/fr\/wp-json\/wp\/v2\/media?parent=37780"}],"curies":[{"name":"wp","href":"https:\/\/api.w.org\/{rel}","templated":true}]}}