{"id":37787,"date":"2024-05-30T16:16:49","date_gmt":"2024-05-30T14:16:49","guid":{"rendered":"https:\/\/prod.altaydagistan.com\/organes-de-gouvernance\/"},"modified":"2025-11-04T16:21:40","modified_gmt":"2025-11-04T15:21:40","slug":"governance-bodies","status":"publish","type":"page","link":"https:\/\/www.ethifinance.com\/fr\/governance-bodies\/","title":{"rendered":"Organes de gouvernance"},"content":{"rendered":"\t\t<div data-elementor-type=\"wp-page\" data-elementor-id=\"37787\" class=\"elementor elementor-37787 elementor-30564\" data-elementor-post-type=\"page\">\n\t\t\t\t<div class=\"elementor-element elementor-element-74f471c e-flex e-con-boxed e-con e-parent\" data-id=\"74f471c\" data-element_type=\"container\" data-e-type=\"container\">\n\t\t\t\t\t<div class=\"e-con-inner\">\n\t\t\t\t<div class=\"elementor-element elementor-element-c71e137 elementor-widget elementor-widget-shortcode\" data-id=\"c71e137\" data-element_type=\"widget\" data-e-type=\"widget\" data-widget_type=\"shortcode.default\">\n\t\t\t\t<div class=\"elementor-widget-container\">\n\t\t\t\t\t\t\t<div class=\"elementor-shortcode\">\t\t<div data-elementor-type=\"container\" data-elementor-id=\"37681\" class=\"elementor elementor-37681 elementor-29413 elementor-29413\" data-elementor-post-type=\"elementor_library\">\n\t\t\t\t<div class=\"elementor-element elementor-element-7d4c768a e-con-full e-flex e-con e-parent\" data-id=\"7d4c768a\" data-element_type=\"container\" data-e-type=\"container\" data-settings=\"{&quot;background_background&quot;:&quot;classic&quot;}\">\n\t\t<div class=\"elementor-element elementor-element-e9a1c69 e-flex e-con-boxed e-con e-child\" data-id=\"e9a1c69\" data-element_type=\"container\" data-e-type=\"container\">\n\t\t\t\t\t<div class=\"e-con-inner\">\n\t\t\t\t\t<\/div>\n\t\t\t\t<\/div>\n\t\t\t\t<\/div>\n\t\t\t\t<\/div>\n\t\t<\/div>\n\t\t\t\t\t\t<\/div>\n\t\t\t\t<\/div>\n\t\t\t\t\t<\/div>\n\t\t\t\t<\/div>\n\t\t<div class=\"elementor-element elementor-element-3f328ff1 e-flex e-con-boxed e-con e-parent\" data-id=\"3f328ff1\" data-element_type=\"container\" data-e-type=\"container\">\n\t\t\t\t\t<div class=\"e-con-inner\">\n\t\t<div class=\"elementor-element elementor-element-a41b47b e-flex e-con-boxed e-con e-child\" data-id=\"a41b47b\" data-element_type=\"container\" data-e-type=\"container\">\n\t\t\t\t\t<div class=\"e-con-inner\">\n\t\t\t\t<div class=\"elementor-element elementor-element-7f40b7b elementor-widget elementor-widget-heading\" data-id=\"7f40b7b\" data-element_type=\"widget\" data-e-type=\"widget\" data-widget_type=\"heading.default\">\n\t\t\t\t<div class=\"elementor-widget-container\">\n\t\t\t\t\t<h3 class=\"elementor-heading-title elementor-size-default\">Composition des organes de gouvernance EthiFinance SAS<\/h3>\t\t\t\t<\/div>\n\t\t\t\t<\/div>\n\t\t<div class=\"elementor-element elementor-element-556cb9b e-flex e-con-boxed e-con e-child\" data-id=\"556cb9b\" data-element_type=\"container\" data-e-type=\"container\">\n\t\t\t\t\t<div class=\"e-con-inner\">\n\t\t\t\t<div class=\"elementor-element elementor-element-88664f1 elementor-widget elementor-widget-text-editor\" data-id=\"88664f1\" data-element_type=\"widget\" data-e-type=\"widget\" data-widget_type=\"text-editor.default\">\n\t\t\t\t<div class=\"elementor-widget-container\">\n\t\t\t\t\t\t\t\t\t<p><strong>Carol Sirou, <\/strong>Pr\u00e9sidente<\/p>\t\t\t\t\t\t\t\t<\/div>\n\t\t\t\t<\/div>\n\t\t\t\t<div class=\"elementor-element elementor-element-2f3fb57 elementor-widget elementor-widget-heading\" data-id=\"2f3fb57\" data-element_type=\"widget\" data-e-type=\"widget\" data-widget_type=\"heading.default\">\n\t\t\t\t<div class=\"elementor-widget-container\">\n\t\t\t\t\t<h5 class=\"elementor-heading-title elementor-size-default\">Conseil de Surveillance\n\n<\/h5>\t\t\t\t<\/div>\n\t\t\t\t<\/div>\n\t\t\t\t<div class=\"elementor-element elementor-element-f7179ea elementor-widget elementor-widget-heading\" data-id=\"f7179ea\" data-element_type=\"widget\" data-e-type=\"widget\" data-widget_type=\"heading.default\">\n\t\t\t\t<div class=\"elementor-widget-container\">\n\t\t\t\t\t<h6 class=\"elementor-heading-title elementor-size-default\">Membre et Pr\u00e9sident du Conseil<\/h6>\t\t\t\t<\/div>\n\t\t\t\t<\/div>\n\t\t\t\t<div class=\"elementor-element elementor-element-d6ce44e elementor-widget elementor-widget-text-editor\" data-id=\"d6ce44e\" data-element_type=\"widget\" data-e-type=\"widget\" data-widget_type=\"text-editor.default\">\n\t\t\t\t<div class=\"elementor-widget-container\">\n\t\t\t\t\t\t\t\t\t<p><strong>\u00c9lie H\u00e9riard-Dubreuil,<\/strong> Pr\u00e9sident de Androm\u00e8de<\/p>\t\t\t\t\t\t\t\t<\/div>\n\t\t\t\t<\/div>\n\t\t\t\t<div class=\"elementor-element elementor-element-a4f1200 elementor-widget elementor-widget-heading\" data-id=\"a4f1200\" data-element_type=\"widget\" data-e-type=\"widget\" data-widget_type=\"heading.default\">\n\t\t\t\t<div class=\"elementor-widget-container\">\n\t\t\t\t\t<h6 class=\"elementor-heading-title elementor-size-default\">Membres ind\u00e9pendants<\/h6>\t\t\t\t<\/div>\n\t\t\t\t<\/div>\n\t\t\t\t\t<\/div>\n\t\t\t\t<\/div>\n\t\t<div class=\"elementor-element elementor-element-30de58f e-flex e-con-boxed e-con e-child\" data-id=\"30de58f\" data-element_type=\"container\" data-e-type=\"container\">\n\t\t\t\t\t<div class=\"e-con-inner\">\n\t\t\t\t<div class=\"elementor-element elementor-element-2b69650 elementor-widget elementor-widget-text-editor\" data-id=\"2b69650\" data-element_type=\"widget\" data-e-type=\"widget\" data-widget_type=\"text-editor.default\">\n\t\t\t\t<div class=\"elementor-widget-container\">\n\t\t\t\t\t\t\t\t\t<p><strong>Monique Barbut,<\/strong> Pr\u00e9sident du WWF France<\/p><p><strong>Stella Clarke<\/strong>, Directeur de la strat\u00e9gie et du marketing chez Fenergo\u00a0<\/p><p><strong>Emmanuelle Cordano,<\/strong> Chef de projet senior \u00e0 l\u2019EFRAG (Groupe consultatif europ\u00e9en sur l\u2019information financi\u00e8re)<\/p>\t\t\t\t\t\t\t\t<\/div>\n\t\t\t\t<\/div>\n\t\t\t\t<div class=\"elementor-element elementor-element-33c6090 elementor-widget elementor-widget-heading\" data-id=\"33c6090\" data-element_type=\"widget\" data-e-type=\"widget\" data-widget_type=\"heading.default\">\n\t\t\t\t<div class=\"elementor-widget-container\">\n\t\t\t\t\t<h6 class=\"elementor-heading-title elementor-size-default\">Non-independant members<\/h6>\t\t\t\t<\/div>\n\t\t\t\t<\/div>\n\t\t\t\t<div class=\"elementor-element elementor-element-fe869a4 elementor-widget elementor-widget-text-editor\" data-id=\"fe869a4\" data-element_type=\"widget\" data-e-type=\"widget\" data-widget_type=\"text-editor.default\">\n\t\t\t\t<div class=\"elementor-widget-container\">\n\t\t\t\t\t\t\t\t\t<p><strong>Caroline Bois,<\/strong> Directeur g\u00e9n\u00e9ral d\u00e9l\u00e9gu\u00e9 de Androm\u00e8de<\/p><p><strong>Bertrand Jounin,<\/strong> Directeur des participations du Groupe Apicil, Repr\u00e9sentant du Club Rating<\/p><p><strong>Pierre Ducret,<\/strong> ancien Pr\u00e9sident de la Caisse des D\u00e9p\u00f4ts Climat<\/p><p><strong>Blaise Ganguin,<\/strong> Pr\u00e9sident-fondateur de SwissThink, ancien directeur de la notation de cr\u00e9dit \u00ab Soci\u00e9t\u00e9s et infrastructures \u00bb chez Standard &amp; Poor\u2019s<\/p>\t\t\t\t\t\t\t\t<\/div>\n\t\t\t\t<\/div>\n\t\t\t\t<div class=\"elementor-element elementor-element-d352c28 elementor-widget elementor-widget-heading\" data-id=\"d352c28\" data-element_type=\"widget\" data-e-type=\"widget\" data-widget_type=\"heading.default\">\n\t\t\t\t<div class=\"elementor-widget-container\">\n\t\t\t\t\t<h6 class=\"elementor-heading-title elementor-size-default\">Censors (non-voting members)<\/h6>\t\t\t\t<\/div>\n\t\t\t\t<\/div>\n\t\t\t\t<div class=\"elementor-element elementor-element-78db98d elementor-widget elementor-widget-text-editor\" data-id=\"78db98d\" data-element_type=\"widget\" data-e-type=\"widget\" data-widget_type=\"text-editor.default\">\n\t\t\t\t<div class=\"elementor-widget-container\">\n\t\t\t\t\t\t\t\t\t<p><strong>Lucille Bosc H\u00e9riard-Dubreuil,<\/strong> Directeur du D\u00e9veloppement et de l\u2019international \u00e0 la BBC<\/p><p><strong>Jean-Florent R\u00e9rolle,<\/strong> co-fondateur de l\u2019Institut fran\u00e7ais des administrateurs\u00a0<\/p>\t\t\t\t\t\t\t\t<\/div>\n\t\t\t\t<\/div>\n\t\t\t\t<div class=\"elementor-element elementor-element-bffdbac elementor-widget elementor-widget-heading\" data-id=\"bffdbac\" data-element_type=\"widget\" data-e-type=\"widget\" data-widget_type=\"heading.default\">\n\t\t\t\t<div class=\"elementor-widget-container\">\n\t\t\t\t\t<h5 class=\"elementor-heading-title elementor-size-default\">Comit\u00e9 d\u2019audit<\/h5>\t\t\t\t<\/div>\n\t\t\t\t<\/div>\n\t\t\t\t<div class=\"elementor-element elementor-element-ecd7207 elementor-widget elementor-widget-heading\" data-id=\"ecd7207\" data-element_type=\"widget\" data-e-type=\"widget\" data-widget_type=\"heading.default\">\n\t\t\t\t<div class=\"elementor-widget-container\">\n\t\t\t\t\t<h6 class=\"elementor-heading-title elementor-size-default\">Membre et Pr\u00e9sidente<\/h6>\t\t\t\t<\/div>\n\t\t\t\t<\/div>\n\t\t\t\t<div class=\"elementor-element elementor-element-ba19d59 elementor-widget elementor-widget-text-editor\" data-id=\"ba19d59\" data-element_type=\"widget\" data-e-type=\"widget\" data-widget_type=\"text-editor.default\">\n\t\t\t\t<div class=\"elementor-widget-container\">\n\t\t\t\t\t\t\t\t\t<p><strong>Emmanuelle Cordano,<\/strong> Chef de projet senior \u00e0 l\u2019EFRAG (Groupe consultatif europ\u00e9en sur l\u2019information financi\u00e8re)<\/p>\t\t\t\t\t\t\t\t<\/div>\n\t\t\t\t<\/div>\n\t\t\t\t<div class=\"elementor-element elementor-element-2348015 elementor-widget elementor-widget-heading\" data-id=\"2348015\" data-element_type=\"widget\" data-e-type=\"widget\" data-widget_type=\"heading.default\">\n\t\t\t\t<div class=\"elementor-widget-container\">\n\t\t\t\t\t<h6 class=\"elementor-heading-title elementor-size-default\">Members<\/h6>\t\t\t\t<\/div>\n\t\t\t\t<\/div>\n\t\t\t\t<div class=\"elementor-element elementor-element-3045f3e elementor-widget elementor-widget-text-editor\" data-id=\"3045f3e\" data-element_type=\"widget\" data-e-type=\"widget\" data-widget_type=\"text-editor.default\">\n\t\t\t\t<div class=\"elementor-widget-container\">\n\t\t\t\t\t\t\t\t\t<p><strong>Stella Clarke,<\/strong> Directeur de la strat\u00e9gie et du marketing chez Fenergo\u00a0<\/p><p><strong>Caroline Bois,<\/strong> Directeur g\u00e9n\u00e9ral d\u00e9l\u00e9gu\u00e9 de Androm\u00e8de<\/p><p><strong>Bertrand Jounin,<\/strong> Directeur des participations du Groupe Apicil, Repr\u00e9sentant du Club Rating<\/p>\t\t\t\t\t\t\t\t<\/div>\n\t\t\t\t<\/div>\n\t\t\t\t<div class=\"elementor-element elementor-element-a23c2ee elementor-widget elementor-widget-heading\" data-id=\"a23c2ee\" data-element_type=\"widget\" data-e-type=\"widget\" data-widget_type=\"heading.default\">\n\t\t\t\t<div class=\"elementor-widget-container\">\n\t\t\t\t\t<h6 class=\"elementor-heading-title elementor-size-default\">Censors (non-voting members)<\/h6>\t\t\t\t<\/div>\n\t\t\t\t<\/div>\n\t\t\t\t<div class=\"elementor-element elementor-element-c8d6d41 elementor-widget elementor-widget-heading\" data-id=\"c8d6d41\" data-element_type=\"widget\" data-e-type=\"widget\" data-widget_type=\"heading.default\">\n\t\t\t\t<div class=\"elementor-widget-container\">\n\t\t\t\t\t<h5 class=\"elementor-heading-title elementor-size-default\">Comit\u00e9 de gouvernance<\/h5>\t\t\t\t<\/div>\n\t\t\t\t<\/div>\n\t\t\t\t<div class=\"elementor-element elementor-element-7799630 elementor-widget elementor-widget-heading\" data-id=\"7799630\" data-element_type=\"widget\" data-e-type=\"widget\" data-widget_type=\"heading.default\">\n\t\t\t\t<div class=\"elementor-widget-container\">\n\t\t\t\t\t<h6 class=\"elementor-heading-title elementor-size-default\">Membre et Pr\u00e9sident<\/h6>\t\t\t\t<\/div>\n\t\t\t\t<\/div>\n\t\t\t\t<div class=\"elementor-element elementor-element-f859423 elementor-widget elementor-widget-text-editor\" data-id=\"f859423\" data-element_type=\"widget\" data-e-type=\"widget\" data-widget_type=\"text-editor.default\">\n\t\t\t\t<div class=\"elementor-widget-container\">\n\t\t\t\t\t\t\t\t\t<p><strong>Pierre Ducret,<\/strong> ancien Pr\u00e9sident de la Caisse des D\u00e9p\u00f4ts Climat<\/p>\t\t\t\t\t\t\t\t<\/div>\n\t\t\t\t<\/div>\n\t\t\t\t<div class=\"elementor-element elementor-element-d717313 elementor-widget elementor-widget-heading\" data-id=\"d717313\" data-element_type=\"widget\" data-e-type=\"widget\" data-widget_type=\"heading.default\">\n\t\t\t\t<div class=\"elementor-widget-container\">\n\t\t\t\t\t<h6 class=\"elementor-heading-title elementor-size-default\">Members<\/h6>\t\t\t\t<\/div>\n\t\t\t\t<\/div>\n\t\t\t\t<div class=\"elementor-element elementor-element-501fd28 elementor-widget elementor-widget-text-editor\" data-id=\"501fd28\" data-element_type=\"widget\" data-e-type=\"widget\" data-widget_type=\"text-editor.default\">\n\t\t\t\t<div class=\"elementor-widget-container\">\n\t\t\t\t\t\t\t\t\t<p><strong>Monique Barbut,<\/strong> Pr\u00e9sident du WWF France<\/p><p><strong>Blaise Ganguin,<\/strong> Pr\u00e9sident-fondateur de SwissThink, ancien directeur de la notation de cr\u00e9dit \u00ab\u00a0Soci\u00e9t\u00e9s et infrastructures\u00a0\u00bb chez Standard &amp; Poor\u2019s<\/p>\t\t\t\t\t\t\t\t<\/div>\n\t\t\t\t<\/div>\n\t\t\t\t\t<\/div>\n\t\t\t\t<\/div>\n\t\t\t\t\t<\/div>\n\t\t\t\t<\/div>\n\t\t\t\t\t<\/div>\n\t\t\t\t<\/div>\n\t\t\t\t<\/div>\n\t\t","protected":false},"excerpt":{"rendered":"<p>Composition des organes de gouvernance EthiFinance SAS Carol Sirou, Pr\u00e9sidente Conseil de Surveillance Membre et Pr\u00e9sident du Conseil \u00c9lie H\u00e9riard-Dubreuil, Pr\u00e9sident de Androm\u00e8de Membres ind\u00e9pendants Monique Barbut, Pr\u00e9sident du WWF France Stella Clarke, Directeur de la strat\u00e9gie et du marketing chez Fenergo\u00a0 Emmanuelle Cordano, Chef de projet senior \u00e0 l\u2019EFRAG (Groupe consultatif europ\u00e9en sur l\u2019information [&hellip;]<\/p>\n","protected":false},"author":2,"featured_media":37060,"parent":0,"menu_order":0,"comment_status":"closed","ping_status":"closed","template":"elementor_header_footer","meta":{"_acf_changed":false,"footnotes":""},"class_list":["post-37787","page","type-page","status-publish","has-post-thumbnail","hentry"],"acf":[],"yoast_head":"<!-- This site is optimized with the Yoast SEO plugin v27.5 - https:\/\/yoast.com\/product\/yoast-seo-wordpress\/ -->\n<title>Organes de gouvernance - EthiFinance<\/title>\n<meta name=\"robots\" content=\"index, follow, max-snippet:-1, max-image-preview:large, max-video-preview:-1\" \/>\n<link rel=\"canonical\" href=\"https:\/\/www.ethifinance.com\/fr\/governance-bodies\/\" \/>\n<meta property=\"og:locale\" content=\"fr_FR\" \/>\n<meta property=\"og:type\" content=\"article\" \/>\n<meta property=\"og:title\" content=\"Organes de gouvernance - EthiFinance\" \/>\n<meta property=\"og:description\" content=\"Composition des organes de gouvernance EthiFinance SAS Carol Sirou, Pr\u00e9sidente Conseil de Surveillance Membre et Pr\u00e9sident du Conseil \u00c9lie H\u00e9riard-Dubreuil, Pr\u00e9sident de Androm\u00e8de Membres ind\u00e9pendants Monique Barbut, Pr\u00e9sident du WWF France Stella Clarke, Directeur de la strat\u00e9gie et du marketing chez Fenergo\u00a0 Emmanuelle Cordano, Chef de projet senior \u00e0 l\u2019EFRAG (Groupe consultatif europ\u00e9en sur l\u2019information [&hellip;]\" \/>\n<meta property=\"og:url\" content=\"https:\/\/www.ethifinance.com\/fr\/governance-bodies\/\" \/>\n<meta property=\"og:site_name\" content=\"EthiFinance\" \/>\n<meta property=\"article:modified_time\" content=\"2025-11-04T15:21:40+00:00\" \/>\n<meta property=\"og:image\" content=\"https:\/\/www.ethifinance.com\/wp-content\/uploads\/2024\/07\/aviv-ben-or-4HuzkCaB92s-unsplash-scaled.jpg\" \/>\n\t<meta property=\"og:image:width\" content=\"2560\" \/>\n\t<meta property=\"og:image:height\" content=\"1438\" \/>\n\t<meta property=\"og:image:type\" content=\"image\/jpeg\" \/>\n<meta name=\"twitter:card\" content=\"summary_large_image\" \/>\n<meta name=\"twitter:label1\" content=\"Dur\u00e9e de lecture estim\u00e9e\" \/>\n\t<meta name=\"twitter:data1\" content=\"2 minutes\" \/>\n<script type=\"application\/ld+json\" class=\"yoast-schema-graph\">{\"@context\":\"https:\\\/\\\/schema.org\",\"@graph\":[{\"@type\":\"WebPage\",\"@id\":\"https:\\\/\\\/www.ethifinance.com\\\/fr\\\/governance-bodies\\\/\",\"url\":\"https:\\\/\\\/www.ethifinance.com\\\/fr\\\/governance-bodies\\\/\",\"name\":\"Organes de gouvernance - EthiFinance\",\"isPartOf\":{\"@id\":\"https:\\\/\\\/www.ethifinance.com\\\/fr\\\/#website\"},\"primaryImageOfPage\":{\"@id\":\"https:\\\/\\\/www.ethifinance.com\\\/fr\\\/governance-bodies\\\/#primaryimage\"},\"image\":{\"@id\":\"https:\\\/\\\/www.ethifinance.com\\\/fr\\\/governance-bodies\\\/#primaryimage\"},\"thumbnailUrl\":\"https:\\\/\\\/www.ethifinance.com\\\/wp-content\\\/uploads\\\/2024\\\/07\\\/aviv-ben-or-4HuzkCaB92s-unsplash-scaled.jpg\",\"datePublished\":\"2024-05-30T14:16:49+00:00\",\"dateModified\":\"2025-11-04T15:21:40+00:00\",\"breadcrumb\":{\"@id\":\"https:\\\/\\\/www.ethifinance.com\\\/fr\\\/governance-bodies\\\/#breadcrumb\"},\"inLanguage\":\"fr-FR\",\"potentialAction\":[{\"@type\":\"ReadAction\",\"target\":[\"https:\\\/\\\/www.ethifinance.com\\\/fr\\\/governance-bodies\\\/\"]}]},{\"@type\":\"ImageObject\",\"inLanguage\":\"fr-FR\",\"@id\":\"https:\\\/\\\/www.ethifinance.com\\\/fr\\\/governance-bodies\\\/#primaryimage\",\"url\":\"https:\\\/\\\/www.ethifinance.com\\\/wp-content\\\/uploads\\\/2024\\\/07\\\/aviv-ben-or-4HuzkCaB92s-unsplash-scaled.jpg\",\"contentUrl\":\"https:\\\/\\\/www.ethifinance.com\\\/wp-content\\\/uploads\\\/2024\\\/07\\\/aviv-ben-or-4HuzkCaB92s-unsplash-scaled.jpg\",\"width\":2560,\"height\":1438},{\"@type\":\"BreadcrumbList\",\"@id\":\"https:\\\/\\\/www.ethifinance.com\\\/fr\\\/governance-bodies\\\/#breadcrumb\",\"itemListElement\":[{\"@type\":\"ListItem\",\"position\":1,\"name\":\"Accueil\",\"item\":\"https:\\\/\\\/www.ethifinance.com\\\/fr\\\/accueil\\\/\"},{\"@type\":\"ListItem\",\"position\":2,\"name\":\"Organes de gouvernance\"}]},{\"@type\":\"WebSite\",\"@id\":\"https:\\\/\\\/www.ethifinance.com\\\/fr\\\/#website\",\"url\":\"https:\\\/\\\/www.ethifinance.com\\\/fr\\\/\",\"name\":\"Ethifinance\",\"description\":\"\",\"publisher\":{\"@id\":\"https:\\\/\\\/www.ethifinance.com\\\/fr\\\/#organization\"},\"potentialAction\":[{\"@type\":\"SearchAction\",\"target\":{\"@type\":\"EntryPoint\",\"urlTemplate\":\"https:\\\/\\\/www.ethifinance.com\\\/fr\\\/?s={search_term_string}\"},\"query-input\":{\"@type\":\"PropertyValueSpecification\",\"valueRequired\":true,\"valueName\":\"search_term_string\"}}],\"inLanguage\":\"fr-FR\"},{\"@type\":\"Organization\",\"@id\":\"https:\\\/\\\/www.ethifinance.com\\\/fr\\\/#organization\",\"name\":\"Ethifinance\",\"url\":\"https:\\\/\\\/www.ethifinance.com\\\/fr\\\/\",\"logo\":{\"@type\":\"ImageObject\",\"inLanguage\":\"fr-FR\",\"@id\":\"https:\\\/\\\/www.ethifinance.com\\\/fr\\\/#\\\/schema\\\/logo\\\/image\\\/\",\"url\":\"https:\\\/\\\/www.ethifinance.com\\\/wp-content\\\/uploads\\\/2024\\\/05\\\/Logo_simplified_green_by_altay-01-01.png\",\"contentUrl\":\"https:\\\/\\\/www.ethifinance.com\\\/wp-content\\\/uploads\\\/2024\\\/05\\\/Logo_simplified_green_by_altay-01-01.png\",\"width\":433,\"height\":74,\"caption\":\"Ethifinance\"},\"image\":{\"@id\":\"https:\\\/\\\/www.ethifinance.com\\\/fr\\\/#\\\/schema\\\/logo\\\/image\\\/\"},\"sameAs\":[\"https:\\\/\\\/www.linkedin.com\\\/company\\\/ethifinance\\\/\",\"https:\\\/\\\/www.youtube.com\\\/@ethifinance_EU\"]}]}<\/script>\n<!-- \/ Yoast SEO plugin. -->","yoast_head_json":{"title":"Organes de gouvernance - EthiFinance","robots":{"index":"index","follow":"follow","max-snippet":"max-snippet:-1","max-image-preview":"max-image-preview:large","max-video-preview":"max-video-preview:-1"},"canonical":"https:\/\/www.ethifinance.com\/fr\/governance-bodies\/","og_locale":"fr_FR","og_type":"article","og_title":"Organes de gouvernance - EthiFinance","og_description":"Composition des organes de gouvernance EthiFinance SAS Carol Sirou, Pr\u00e9sidente Conseil de Surveillance Membre et Pr\u00e9sident du Conseil \u00c9lie H\u00e9riard-Dubreuil, Pr\u00e9sident de Androm\u00e8de Membres ind\u00e9pendants Monique Barbut, Pr\u00e9sident du WWF France Stella Clarke, Directeur de la strat\u00e9gie et du marketing chez Fenergo\u00a0 Emmanuelle Cordano, Chef de projet senior \u00e0 l\u2019EFRAG (Groupe consultatif europ\u00e9en sur l\u2019information [&hellip;]","og_url":"https:\/\/www.ethifinance.com\/fr\/governance-bodies\/","og_site_name":"EthiFinance","article_modified_time":"2025-11-04T15:21:40+00:00","og_image":[{"width":2560,"height":1438,"url":"https:\/\/www.ethifinance.com\/wp-content\/uploads\/2024\/07\/aviv-ben-or-4HuzkCaB92s-unsplash-scaled.jpg","type":"image\/jpeg"}],"twitter_card":"summary_large_image","twitter_misc":{"Dur\u00e9e de lecture estim\u00e9e":"2 minutes"},"schema":{"@context":"https:\/\/schema.org","@graph":[{"@type":"WebPage","@id":"https:\/\/www.ethifinance.com\/fr\/governance-bodies\/","url":"https:\/\/www.ethifinance.com\/fr\/governance-bodies\/","name":"Organes de gouvernance - EthiFinance","isPartOf":{"@id":"https:\/\/www.ethifinance.com\/fr\/#website"},"primaryImageOfPage":{"@id":"https:\/\/www.ethifinance.com\/fr\/governance-bodies\/#primaryimage"},"image":{"@id":"https:\/\/www.ethifinance.com\/fr\/governance-bodies\/#primaryimage"},"thumbnailUrl":"https:\/\/www.ethifinance.com\/wp-content\/uploads\/2024\/07\/aviv-ben-or-4HuzkCaB92s-unsplash-scaled.jpg","datePublished":"2024-05-30T14:16:49+00:00","dateModified":"2025-11-04T15:21:40+00:00","breadcrumb":{"@id":"https:\/\/www.ethifinance.com\/fr\/governance-bodies\/#breadcrumb"},"inLanguage":"fr-FR","potentialAction":[{"@type":"ReadAction","target":["https:\/\/www.ethifinance.com\/fr\/governance-bodies\/"]}]},{"@type":"ImageObject","inLanguage":"fr-FR","@id":"https:\/\/www.ethifinance.com\/fr\/governance-bodies\/#primaryimage","url":"https:\/\/www.ethifinance.com\/wp-content\/uploads\/2024\/07\/aviv-ben-or-4HuzkCaB92s-unsplash-scaled.jpg","contentUrl":"https:\/\/www.ethifinance.com\/wp-content\/uploads\/2024\/07\/aviv-ben-or-4HuzkCaB92s-unsplash-scaled.jpg","width":2560,"height":1438},{"@type":"BreadcrumbList","@id":"https:\/\/www.ethifinance.com\/fr\/governance-bodies\/#breadcrumb","itemListElement":[{"@type":"ListItem","position":1,"name":"Accueil","item":"https:\/\/www.ethifinance.com\/fr\/accueil\/"},{"@type":"ListItem","position":2,"name":"Organes de gouvernance"}]},{"@type":"WebSite","@id":"https:\/\/www.ethifinance.com\/fr\/#website","url":"https:\/\/www.ethifinance.com\/fr\/","name":"Ethifinance","description":"","publisher":{"@id":"https:\/\/www.ethifinance.com\/fr\/#organization"},"potentialAction":[{"@type":"SearchAction","target":{"@type":"EntryPoint","urlTemplate":"https:\/\/www.ethifinance.com\/fr\/?s={search_term_string}"},"query-input":{"@type":"PropertyValueSpecification","valueRequired":true,"valueName":"search_term_string"}}],"inLanguage":"fr-FR"},{"@type":"Organization","@id":"https:\/\/www.ethifinance.com\/fr\/#organization","name":"Ethifinance","url":"https:\/\/www.ethifinance.com\/fr\/","logo":{"@type":"ImageObject","inLanguage":"fr-FR","@id":"https:\/\/www.ethifinance.com\/fr\/#\/schema\/logo\/image\/","url":"https:\/\/www.ethifinance.com\/wp-content\/uploads\/2024\/05\/Logo_simplified_green_by_altay-01-01.png","contentUrl":"https:\/\/www.ethifinance.com\/wp-content\/uploads\/2024\/05\/Logo_simplified_green_by_altay-01-01.png","width":433,"height":74,"caption":"Ethifinance"},"image":{"@id":"https:\/\/www.ethifinance.com\/fr\/#\/schema\/logo\/image\/"},"sameAs":["https:\/\/www.linkedin.com\/company\/ethifinance\/","https:\/\/www.youtube.com\/@ethifinance_EU"]}]}},"_links":{"self":[{"href":"https:\/\/www.ethifinance.com\/fr\/wp-json\/wp\/v2\/pages\/37787","targetHints":{"allow":["GET"]}}],"collection":[{"href":"https:\/\/www.ethifinance.com\/fr\/wp-json\/wp\/v2\/pages"}],"about":[{"href":"https:\/\/www.ethifinance.com\/fr\/wp-json\/wp\/v2\/types\/page"}],"author":[{"embeddable":true,"href":"https:\/\/www.ethifinance.com\/fr\/wp-json\/wp\/v2\/users\/2"}],"replies":[{"embeddable":true,"href":"https:\/\/www.ethifinance.com\/fr\/wp-json\/wp\/v2\/comments?post=37787"}],"version-history":[{"count":30,"href":"https:\/\/www.ethifinance.com\/fr\/wp-json\/wp\/v2\/pages\/37787\/revisions"}],"predecessor-version":[{"id":45928,"href":"https:\/\/www.ethifinance.com\/fr\/wp-json\/wp\/v2\/pages\/37787\/revisions\/45928"}],"wp:featuredmedia":[{"embeddable":true,"href":"https:\/\/www.ethifinance.com\/fr\/wp-json\/wp\/v2\/media\/37060"}],"wp:attachment":[{"href":"https:\/\/www.ethifinance.com\/fr\/wp-json\/wp\/v2\/media?parent=37787"}],"curies":[{"name":"wp","href":"https:\/\/api.w.org\/{rel}","templated":true}]}}