{"id":41979,"date":"2024-05-21T11:15:00","date_gmt":"2024-05-21T09:15:00","guid":{"rendered":"https:\/\/www.ethifinance.com\/contact\/"},"modified":"2026-03-30T17:43:46","modified_gmt":"2026-03-30T15:43:46","slug":"contact","status":"publish","type":"page","link":"https:\/\/www.ethifinance.com\/fr\/contact\/","title":{"rendered":"Contact"},"content":{"rendered":"\t\t<div data-elementor-type=\"wp-page\" data-elementor-id=\"41979\" class=\"elementor elementor-41979 elementor-28963\" data-elementor-post-type=\"page\">\n\t\t\t\t<div class=\"elementor-element elementor-element-25508e0 e-flex e-con-boxed e-con e-parent\" data-id=\"25508e0\" data-element_type=\"container\" data-e-type=\"container\">\n\t\t\t\t\t<div class=\"e-con-inner\">\n\t\t<div class=\"elementor-element elementor-element-b7fc2d9 e-con-full e-flex e-con e-child\" data-id=\"b7fc2d9\" data-element_type=\"container\" data-e-type=\"container\">\n\t\t<div class=\"elementor-element elementor-element-b920e0a e-con-full e-flex e-con e-child\" data-id=\"b920e0a\" data-element_type=\"container\" data-e-type=\"container\">\n\t\t\t\t<div class=\"elementor-element elementor-element-0f07831 elementor-widget elementor-widget-html\" data-id=\"0f07831\" data-element_type=\"widget\" data-e-type=\"widget\" data-widget_type=\"html.default\">\n\t\t\t\t<div class=\"elementor-widget-container\">\n\t\t\t\t\t\r\n<script src=\"https:\/\/ethifinance.my.site.com\/lp\/assets\/scripts\/external-forms-host.min.js\"><\/script>\r\n<script src=\"https:\/\/ethifinance.my.site.com\/lp\/assets\/lightning_out_embed\/prod\/fr\/MCFTQJUFDOXJD4VHBDSD6CBWW76Q.js\"><\/script>\r\n\r\n<script>\r\n    \/\/ On attend que les scripts soient bien l\u00e0 avant d'initialiser\r\n    window.onload = function() {\r\n        if (window.sfdc_forms) {\r\n            window.sfdc_forms.init();\r\n        }\r\n    };\r\n<\/script>\r\n\r\n<fragment-z4vffnca0scbn58jaot6m48pm0b08glcxb9cslx5z69 \r\n    title=\"Marketing Form\" \r\n    id=\"container\" \r\n    data-recaptcha-site-key=\"\" \r\n    data-external-form=\"true\" \r\n    data-web-tracking=\"true\">\r\n<\/fragment-z4vffnca0scbn58jaot6m48pm0b08glcxb9cslx5z69>\t\t\t\t<\/div>\n\t\t\t\t<\/div>\n\t\t\t\t<\/div>\n\t\t<div class=\"elementor-element elementor-element-a714cc4 e-con-full e-flex e-con e-child\" data-id=\"a714cc4\" data-element_type=\"container\" data-e-type=\"container\">\n\t\t<div class=\"elementor-element elementor-element-923d4c2 e-con-full e-flex e-con e-child\" data-id=\"923d4c2\" data-element_type=\"container\" data-e-type=\"container\">\n\t\t\t\t<div class=\"elementor-element elementor-element-765d49e elementor-widget elementor-widget-text-editor\" data-id=\"765d49e\" data-element_type=\"widget\" data-e-type=\"widget\" data-widget_type=\"text-editor.default\">\n\t\t\t\t<div class=\"elementor-widget-container\">\n\t\t\t\t\t\t\t\t\t<p>Depuis 17 ans, EthiFinance propose aux acteurs \u00e9conomiques et financiers europ\u00e9ens &#8211; gestionnaires d&rsquo;actifs, propri\u00e9taires d&rsquo;actifs, banques, \u00e9metteurs &#8211; des solutions diversifi\u00e9es pour g\u00e9rer leurs risques, optimiser les opportunit\u00e9s et d\u00e9velopper des strat\u00e9gies financi\u00e8res et extra-financi\u00e8res.<\/p><p>D\u00e9couvrez notre gamme de services personnalis\u00e9s.<\/p>\t\t\t\t\t\t\t\t<\/div>\n\t\t\t\t<\/div>\n\t\t<div class=\"elementor-element elementor-element-a34ca48 e-flex e-con-boxed e-con e-child\" data-id=\"a34ca48\" data-element_type=\"container\" data-e-type=\"container\">\n\t\t\t\t\t<div class=\"e-con-inner\">\n\t\t\t\t<div class=\"elementor-element elementor-element-530c110 elementor-widget elementor-widget-heading\" data-id=\"530c110\" data-element_type=\"widget\" data-e-type=\"widget\" data-widget_type=\"heading.default\">\n\t\t\t\t<div class=\"elementor-widget-container\">\n\t\t\t\t\t<h5 class=\"elementor-heading-title elementor-size-default\">Coordonn\u00e9es<\/h5>\t\t\t\t<\/div>\n\t\t\t\t<\/div>\n\t\t\t\t<div class=\"elementor-element elementor-element-354e278 elementor-icon-list--layout-traditional elementor-list-item-link-full_width elementor-widget elementor-widget-icon-list\" data-id=\"354e278\" data-element_type=\"widget\" data-e-type=\"widget\" data-widget_type=\"icon-list.default\">\n\t\t\t\t<div class=\"elementor-widget-container\">\n\t\t\t\t\t\t\t<ul class=\"elementor-icon-list-items\">\n\t\t\t\t\t\t\t<li class=\"elementor-icon-list-item\">\n\t\t\t\t\t\t\t\t\t\t\t<span class=\"elementor-icon-list-icon\">\n\t\t\t\t\t\t\t<svg aria-hidden=\"true\" class=\"e-font-icon-svg e-fas-envelope\" viewBox=\"0 0 512 512\" xmlns=\"http:\/\/www.w3.org\/2000\/svg\"><path d=\"M502.3 190.8c3.9-3.1 9.7-.2 9.7 4.7V400c0 26.5-21.5 48-48 48H48c-26.5 0-48-21.5-48-48V195.6c0-5 5.7-7.8 9.7-4.7 22.4 17.4 52.1 39.5 154.1 113.6 21.1 15.4 56.7 47.8 92.2 47.6 35.7.3 72-32.8 92.3-47.6 102-74.1 131.6-96.3 154-113.7zM256 320c23.2.4 56.6-29.2 73.4-41.4 132.7-96.3 142.8-104.7 173.4-128.7 5.8-4.5 9.2-11.5 9.2-18.9v-19c0-26.5-21.5-48-48-48H48C21.5 64 0 85.5 0 112v19c0 7.4 3.4 14.3 9.2 18.9 30.6 23.9 40.7 32.4 173.4 128.7 16.8 12.2 50.2 41.8 73.4 41.4z\"><\/path><\/svg>\t\t\t\t\t\t<\/span>\n\t\t\t\t\t\t\t\t\t\t<span class=\"elementor-icon-list-text\">contact@ethifinance.com<\/span>\n\t\t\t\t\t\t\t\t\t<\/li>\n\t\t\t\t\t\t<\/ul>\n\t\t\t\t\t\t<\/div>\n\t\t\t\t<\/div>\n\t\t<div class=\"elementor-element elementor-element-fa27d73 e-con-full e-flex e-con e-child\" data-id=\"fa27d73\" data-element_type=\"container\" data-e-type=\"container\">\n\t\t\t\t<div class=\"elementor-element elementor-element-651f5b5 elementor-widget elementor-widget-heading\" data-id=\"651f5b5\" data-element_type=\"widget\" data-e-type=\"widget\" data-widget_type=\"heading.default\">\n\t\t\t\t<div class=\"elementor-widget-container\">\n\t\t\t\t\t<span class=\"elementor-heading-title elementor-size-default\">France<\/span>\t\t\t\t<\/div>\n\t\t\t\t<\/div>\n\t\t\t\t<div class=\"elementor-element elementor-element-81970c3 elementor-icon-list--layout-traditional elementor-list-item-link-full_width elementor-widget elementor-widget-icon-list\" data-id=\"81970c3\" data-element_type=\"widget\" data-e-type=\"widget\" data-widget_type=\"icon-list.default\">\n\t\t\t\t<div class=\"elementor-widget-container\">\n\t\t\t\t\t\t\t<ul class=\"elementor-icon-list-items\">\n\t\t\t\t\t\t\t<li class=\"elementor-icon-list-item\">\n\t\t\t\t\t\t\t\t\t\t\t<span class=\"elementor-icon-list-icon\">\n\t\t\t\t\t\t\t<svg aria-hidden=\"true\" class=\"e-font-icon-svg e-fas-phone-alt\" viewBox=\"0 0 512 512\" xmlns=\"http:\/\/www.w3.org\/2000\/svg\"><path d=\"M497.39 361.8l-112-48a24 24 0 0 0-28 6.9l-49.6 60.6A370.66 370.66 0 0 1 130.6 204.11l60.6-49.6a23.94 23.94 0 0 0 6.9-28l-48-112A24.16 24.16 0 0 0 122.6.61l-104 24A24 24 0 0 0 0 48c0 256.5 207.9 464 464 464a24 24 0 0 0 23.4-18.6l24-104a24.29 24.29 0 0 0-14.01-27.6z\"><\/path><\/svg>\t\t\t\t\t\t<\/span>\n\t\t\t\t\t\t\t\t\t\t<span class=\"elementor-icon-list-text\">+33 1 39 62 13 22<\/span>\n\t\t\t\t\t\t\t\t\t<\/li>\n\t\t\t\t\t\t\t\t<li class=\"elementor-icon-list-item\">\n\t\t\t\t\t\t\t\t\t\t\t<span class=\"elementor-icon-list-icon\">\n\t\t\t\t\t\t\t<svg aria-hidden=\"true\" class=\"e-font-icon-svg e-fas-map-marker-alt\" viewBox=\"0 0 384 512\" xmlns=\"http:\/\/www.w3.org\/2000\/svg\"><path d=\"M172.268 501.67C26.97 291.031 0 269.413 0 192 0 85.961 85.961 0 192 0s192 85.961 192 192c0 77.413-26.97 99.031-172.268 309.67-9.535 13.774-29.93 13.773-39.464 0zM192 272c44.183 0 80-35.817 80-80s-35.817-80-80-80-80 35.817-80 80 35.817 80 80 80z\"><\/path><\/svg>\t\t\t\t\t\t<\/span>\n\t\t\t\t\t\t\t\t\t\t<span class=\"elementor-icon-list-text\">153 Boulevard Haussmann, 75008 Paris<\/span>\n\t\t\t\t\t\t\t\t\t<\/li>\n\t\t\t\t\t\t<\/ul>\n\t\t\t\t\t\t<\/div>\n\t\t\t\t<\/div>\n\t\t\t\t<\/div>\n\t\t<div class=\"elementor-element elementor-element-c504044 e-con-full e-flex e-con e-child\" data-id=\"c504044\" data-element_type=\"container\" data-e-type=\"container\">\n\t\t\t\t<div class=\"elementor-element elementor-element-9cd1c5b elementor-widget elementor-widget-heading\" data-id=\"9cd1c5b\" data-element_type=\"widget\" data-e-type=\"widget\" data-widget_type=\"heading.default\">\n\t\t\t\t<div class=\"elementor-widget-container\">\n\t\t\t\t\t<span class=\"elementor-heading-title elementor-size-default\">Espagne<\/span>\t\t\t\t<\/div>\n\t\t\t\t<\/div>\n\t\t\t\t<div class=\"elementor-element elementor-element-2a79d4e elementor-icon-list--layout-traditional elementor-list-item-link-full_width elementor-widget elementor-widget-icon-list\" data-id=\"2a79d4e\" data-element_type=\"widget\" data-e-type=\"widget\" data-widget_type=\"icon-list.default\">\n\t\t\t\t<div class=\"elementor-widget-container\">\n\t\t\t\t\t\t\t<ul class=\"elementor-icon-list-items\">\n\t\t\t\t\t\t\t<li class=\"elementor-icon-list-item\">\n\t\t\t\t\t\t\t\t\t\t\t<span class=\"elementor-icon-list-icon\">\n\t\t\t\t\t\t\t<svg aria-hidden=\"true\" class=\"e-font-icon-svg e-fas-phone-alt\" viewBox=\"0 0 512 512\" xmlns=\"http:\/\/www.w3.org\/2000\/svg\"><path d=\"M497.39 361.8l-112-48a24 24 0 0 0-28 6.9l-49.6 60.6A370.66 370.66 0 0 1 130.6 204.11l60.6-49.6a23.94 23.94 0 0 0 6.9-28l-48-112A24.16 24.16 0 0 0 122.6.61l-104 24A24 24 0 0 0 0 48c0 256.5 207.9 464 464 464a24 24 0 0 0 23.4-18.6l24-104a24.29 24.29 0 0 0-14.01-27.6z\"><\/path><\/svg>\t\t\t\t\t\t<\/span>\n\t\t\t\t\t\t\t\t\t\t<span class=\"elementor-icon-list-text\">+34 914 31 82 42<\/span>\n\t\t\t\t\t\t\t\t\t<\/li>\n\t\t\t\t\t\t\t\t<li class=\"elementor-icon-list-item\">\n\t\t\t\t\t\t\t\t\t\t\t<span class=\"elementor-icon-list-icon\">\n\t\t\t\t\t\t\t<svg aria-hidden=\"true\" class=\"e-font-icon-svg e-fas-map-marker-alt\" viewBox=\"0 0 384 512\" xmlns=\"http:\/\/www.w3.org\/2000\/svg\"><path d=\"M172.268 501.67C26.97 291.031 0 269.413 0 192 0 85.961 85.961 0 192 0s192 85.961 192 192c0 77.413-26.97 99.031-172.268 309.67-9.535 13.774-29.93 13.773-39.464 0zM192 272c44.183 0 80-35.817 80-80s-35.817-80-80-80-80 35.817-80 80 35.817 80 80 80z\"><\/path><\/svg>\t\t\t\t\t\t<\/span>\n\t\t\t\t\t\t\t\t\t\t<span class=\"elementor-icon-list-text\">18 C. de Vel\u00e1zquez, 28001 Madrid<\/span>\n\t\t\t\t\t\t\t\t\t<\/li>\n\t\t\t\t\t\t<\/ul>\n\t\t\t\t\t\t<\/div>\n\t\t\t\t<\/div>\n\t\t\t\t<\/div>\n\t\t<div class=\"elementor-element elementor-element-e73da4a e-con-full e-flex e-con e-child\" data-id=\"e73da4a\" data-element_type=\"container\" data-e-type=\"container\">\n\t\t\t\t<div class=\"elementor-element elementor-element-a7fd42d elementor-widget elementor-widget-heading\" data-id=\"a7fd42d\" data-element_type=\"widget\" data-e-type=\"widget\" data-widget_type=\"heading.default\">\n\t\t\t\t<div class=\"elementor-widget-container\">\n\t\t\t\t\t<span class=\"elementor-heading-title elementor-size-default\">Allemagne<\/span>\t\t\t\t<\/div>\n\t\t\t\t<\/div>\n\t\t\t\t<div class=\"elementor-element elementor-element-da961b3 elementor-icon-list--layout-traditional elementor-list-item-link-full_width elementor-widget elementor-widget-icon-list\" data-id=\"da961b3\" data-element_type=\"widget\" data-e-type=\"widget\" data-widget_type=\"icon-list.default\">\n\t\t\t\t<div class=\"elementor-widget-container\">\n\t\t\t\t\t\t\t<ul class=\"elementor-icon-list-items\">\n\t\t\t\t\t\t\t<li class=\"elementor-icon-list-item\">\n\t\t\t\t\t\t\t\t\t\t\t<span class=\"elementor-icon-list-icon\">\n\t\t\t\t\t\t\t<svg aria-hidden=\"true\" class=\"e-font-icon-svg e-fas-phone-alt\" viewBox=\"0 0 512 512\" xmlns=\"http:\/\/www.w3.org\/2000\/svg\"><path d=\"M497.39 361.8l-112-48a24 24 0 0 0-28 6.9l-49.6 60.6A370.66 370.66 0 0 1 130.6 204.11l60.6-49.6a23.94 23.94 0 0 0 6.9-28l-48-112A24.16 24.16 0 0 0 122.6.61l-104 24A24 24 0 0 0 0 48c0 256.5 207.9 464 464 464a24 24 0 0 0 23.4-18.6l24-104a24.29 24.29 0 0 0-14.01-27.6z\"><\/path><\/svg>\t\t\t\t\t\t<\/span>\n\t\t\t\t\t\t\t\t\t\t<span class=\"elementor-icon-list-text\">+49 511 999987-0<\/span>\n\t\t\t\t\t\t\t\t\t<\/li>\n\t\t\t\t\t\t\t\t<li class=\"elementor-icon-list-item\">\n\t\t\t\t\t\t\t\t\t\t\t<span class=\"elementor-icon-list-icon\">\n\t\t\t\t\t\t\t<svg aria-hidden=\"true\" class=\"e-font-icon-svg e-fas-map-marker-alt\" viewBox=\"0 0 384 512\" xmlns=\"http:\/\/www.w3.org\/2000\/svg\"><path d=\"M172.268 501.67C26.97 291.031 0 269.413 0 192 0 85.961 85.961 0 192 0s192 85.961 192 192c0 77.413-26.97 99.031-172.268 309.67-9.535 13.774-29.93 13.773-39.464 0zM192 272c44.183 0 80-35.817 80-80s-35.817-80-80-80-80 35.817-80 80 35.817 80 80 80z\"><\/path><\/svg>\t\t\t\t\t\t<\/span>\n\t\t\t\t\t\t\t\t\t\t<span class=\"elementor-icon-list-text\">EthiFinance GmbH, Hohenzollernstra\u00dfe 26, 30161 Hannover<\/span>\n\t\t\t\t\t\t\t\t\t<\/li>\n\t\t\t\t\t\t<\/ul>\n\t\t\t\t\t\t<\/div>\n\t\t\t\t<\/div>\n\t\t\t\t<\/div>\n\t\t\t\t\t<\/div>\n\t\t\t\t<\/div>\n\t\t\t\t<\/div>\n\t\t\t\t<\/div>\n\t\t\t\t<\/div>\n\t\t\t\t\t<\/div>\n\t\t\t\t<\/div>\n\t\t\t\t<\/div>\n\t\t","protected":false},"excerpt":{"rendered":"<p>Depuis 17 ans, EthiFinance propose aux acteurs \u00e9conomiques et financiers europ\u00e9ens &#8211; gestionnaires d&rsquo;actifs, propri\u00e9taires d&rsquo;actifs, banques, \u00e9metteurs &#8211; des solutions diversifi\u00e9es pour g\u00e9rer leurs risques, optimiser les opportunit\u00e9s et d\u00e9velopper des strat\u00e9gies financi\u00e8res et extra-financi\u00e8res. D\u00e9couvrez notre gamme de services personnalis\u00e9s. Coordonn\u00e9es contact@ethifinance.com France +33 1 39 62 13 22 153 Boulevard Haussmann, 75008 [&hellip;]<\/p>\n","protected":false},"author":2,"featured_media":0,"parent":0,"menu_order":0,"comment_status":"closed","ping_status":"closed","template":"","meta":{"_acf_changed":false,"footnotes":""},"class_list":["post-41979","page","type-page","status-publish","hentry"],"acf":[],"yoast_head":"<!-- This site is optimized with the Yoast SEO plugin v27.5 - https:\/\/yoast.com\/product\/yoast-seo-wordpress\/ -->\n<title>Contact - EthiFinance<\/title>\n<meta name=\"robots\" content=\"index, follow, max-snippet:-1, max-image-preview:large, max-video-preview:-1\" \/>\n<link rel=\"canonical\" href=\"https:\/\/www.ethifinance.com\/fr\/contact\/\" \/>\n<meta property=\"og:locale\" content=\"fr_FR\" \/>\n<meta property=\"og:type\" content=\"article\" \/>\n<meta property=\"og:title\" content=\"Contact - EthiFinance\" \/>\n<meta property=\"og:description\" content=\"Depuis 17 ans, EthiFinance propose aux acteurs \u00e9conomiques et financiers europ\u00e9ens &#8211; gestionnaires d&rsquo;actifs, propri\u00e9taires d&rsquo;actifs, banques, \u00e9metteurs &#8211; des solutions diversifi\u00e9es pour g\u00e9rer leurs risques, optimiser les opportunit\u00e9s et d\u00e9velopper des strat\u00e9gies financi\u00e8res et extra-financi\u00e8res. D\u00e9couvrez notre gamme de services personnalis\u00e9s. Coordonn\u00e9es contact@ethifinance.com France +33 1 39 62 13 22 153 Boulevard Haussmann, 75008 [&hellip;]\" \/>\n<meta property=\"og:url\" content=\"https:\/\/www.ethifinance.com\/fr\/contact\/\" \/>\n<meta property=\"og:site_name\" content=\"EthiFinance\" \/>\n<meta property=\"article:modified_time\" content=\"2026-03-30T15:43:46+00:00\" \/>\n<meta name=\"twitter:card\" content=\"summary_large_image\" \/>\n<meta name=\"twitter:label1\" content=\"Dur\u00e9e de lecture estim\u00e9e\" \/>\n\t<meta name=\"twitter:data1\" content=\"1 minute\" \/>\n<script type=\"application\/ld+json\" class=\"yoast-schema-graph\">{\"@context\":\"https:\\\/\\\/schema.org\",\"@graph\":[{\"@type\":\"WebPage\",\"@id\":\"https:\\\/\\\/www.ethifinance.com\\\/fr\\\/contact\\\/\",\"url\":\"https:\\\/\\\/www.ethifinance.com\\\/fr\\\/contact\\\/\",\"name\":\"Contact - EthiFinance\",\"isPartOf\":{\"@id\":\"https:\\\/\\\/www.ethifinance.com\\\/fr\\\/#website\"},\"datePublished\":\"2024-05-21T09:15:00+00:00\",\"dateModified\":\"2026-03-30T15:43:46+00:00\",\"breadcrumb\":{\"@id\":\"https:\\\/\\\/www.ethifinance.com\\\/fr\\\/contact\\\/#breadcrumb\"},\"inLanguage\":\"fr-FR\",\"potentialAction\":[{\"@type\":\"ReadAction\",\"target\":[\"https:\\\/\\\/www.ethifinance.com\\\/fr\\\/contact\\\/\"]}]},{\"@type\":\"BreadcrumbList\",\"@id\":\"https:\\\/\\\/www.ethifinance.com\\\/fr\\\/contact\\\/#breadcrumb\",\"itemListElement\":[{\"@type\":\"ListItem\",\"position\":1,\"name\":\"Accueil\",\"item\":\"https:\\\/\\\/www.ethifinance.com\\\/fr\\\/accueil\\\/\"},{\"@type\":\"ListItem\",\"position\":2,\"name\":\"Contact\"}]},{\"@type\":\"WebSite\",\"@id\":\"https:\\\/\\\/www.ethifinance.com\\\/fr\\\/#website\",\"url\":\"https:\\\/\\\/www.ethifinance.com\\\/fr\\\/\",\"name\":\"Ethifinance\",\"description\":\"\",\"publisher\":{\"@id\":\"https:\\\/\\\/www.ethifinance.com\\\/fr\\\/#organization\"},\"potentialAction\":[{\"@type\":\"SearchAction\",\"target\":{\"@type\":\"EntryPoint\",\"urlTemplate\":\"https:\\\/\\\/www.ethifinance.com\\\/fr\\\/?s={search_term_string}\"},\"query-input\":{\"@type\":\"PropertyValueSpecification\",\"valueRequired\":true,\"valueName\":\"search_term_string\"}}],\"inLanguage\":\"fr-FR\"},{\"@type\":\"Organization\",\"@id\":\"https:\\\/\\\/www.ethifinance.com\\\/fr\\\/#organization\",\"name\":\"Ethifinance\",\"url\":\"https:\\\/\\\/www.ethifinance.com\\\/fr\\\/\",\"logo\":{\"@type\":\"ImageObject\",\"inLanguage\":\"fr-FR\",\"@id\":\"https:\\\/\\\/www.ethifinance.com\\\/fr\\\/#\\\/schema\\\/logo\\\/image\\\/\",\"url\":\"https:\\\/\\\/www.ethifinance.com\\\/wp-content\\\/uploads\\\/2024\\\/05\\\/Logo_simplified_green_by_altay-01-01.png\",\"contentUrl\":\"https:\\\/\\\/www.ethifinance.com\\\/wp-content\\\/uploads\\\/2024\\\/05\\\/Logo_simplified_green_by_altay-01-01.png\",\"width\":433,\"height\":74,\"caption\":\"Ethifinance\"},\"image\":{\"@id\":\"https:\\\/\\\/www.ethifinance.com\\\/fr\\\/#\\\/schema\\\/logo\\\/image\\\/\"},\"sameAs\":[\"https:\\\/\\\/www.linkedin.com\\\/company\\\/ethifinance\\\/\",\"https:\\\/\\\/www.youtube.com\\\/@ethifinance_EU\"]}]}<\/script>\n<!-- \/ Yoast SEO plugin. -->","yoast_head_json":{"title":"Contact - EthiFinance","robots":{"index":"index","follow":"follow","max-snippet":"max-snippet:-1","max-image-preview":"max-image-preview:large","max-video-preview":"max-video-preview:-1"},"canonical":"https:\/\/www.ethifinance.com\/fr\/contact\/","og_locale":"fr_FR","og_type":"article","og_title":"Contact - EthiFinance","og_description":"Depuis 17 ans, EthiFinance propose aux acteurs \u00e9conomiques et financiers europ\u00e9ens &#8211; gestionnaires d&rsquo;actifs, propri\u00e9taires d&rsquo;actifs, banques, \u00e9metteurs &#8211; des solutions diversifi\u00e9es pour g\u00e9rer leurs risques, optimiser les opportunit\u00e9s et d\u00e9velopper des strat\u00e9gies financi\u00e8res et extra-financi\u00e8res. D\u00e9couvrez notre gamme de services personnalis\u00e9s. Coordonn\u00e9es contact@ethifinance.com France +33 1 39 62 13 22 153 Boulevard Haussmann, 75008 [&hellip;]","og_url":"https:\/\/www.ethifinance.com\/fr\/contact\/","og_site_name":"EthiFinance","article_modified_time":"2026-03-30T15:43:46+00:00","twitter_card":"summary_large_image","twitter_misc":{"Dur\u00e9e de lecture estim\u00e9e":"1 minute"},"schema":{"@context":"https:\/\/schema.org","@graph":[{"@type":"WebPage","@id":"https:\/\/www.ethifinance.com\/fr\/contact\/","url":"https:\/\/www.ethifinance.com\/fr\/contact\/","name":"Contact - EthiFinance","isPartOf":{"@id":"https:\/\/www.ethifinance.com\/fr\/#website"},"datePublished":"2024-05-21T09:15:00+00:00","dateModified":"2026-03-30T15:43:46+00:00","breadcrumb":{"@id":"https:\/\/www.ethifinance.com\/fr\/contact\/#breadcrumb"},"inLanguage":"fr-FR","potentialAction":[{"@type":"ReadAction","target":["https:\/\/www.ethifinance.com\/fr\/contact\/"]}]},{"@type":"BreadcrumbList","@id":"https:\/\/www.ethifinance.com\/fr\/contact\/#breadcrumb","itemListElement":[{"@type":"ListItem","position":1,"name":"Accueil","item":"https:\/\/www.ethifinance.com\/fr\/accueil\/"},{"@type":"ListItem","position":2,"name":"Contact"}]},{"@type":"WebSite","@id":"https:\/\/www.ethifinance.com\/fr\/#website","url":"https:\/\/www.ethifinance.com\/fr\/","name":"Ethifinance","description":"","publisher":{"@id":"https:\/\/www.ethifinance.com\/fr\/#organization"},"potentialAction":[{"@type":"SearchAction","target":{"@type":"EntryPoint","urlTemplate":"https:\/\/www.ethifinance.com\/fr\/?s={search_term_string}"},"query-input":{"@type":"PropertyValueSpecification","valueRequired":true,"valueName":"search_term_string"}}],"inLanguage":"fr-FR"},{"@type":"Organization","@id":"https:\/\/www.ethifinance.com\/fr\/#organization","name":"Ethifinance","url":"https:\/\/www.ethifinance.com\/fr\/","logo":{"@type":"ImageObject","inLanguage":"fr-FR","@id":"https:\/\/www.ethifinance.com\/fr\/#\/schema\/logo\/image\/","url":"https:\/\/www.ethifinance.com\/wp-content\/uploads\/2024\/05\/Logo_simplified_green_by_altay-01-01.png","contentUrl":"https:\/\/www.ethifinance.com\/wp-content\/uploads\/2024\/05\/Logo_simplified_green_by_altay-01-01.png","width":433,"height":74,"caption":"Ethifinance"},"image":{"@id":"https:\/\/www.ethifinance.com\/fr\/#\/schema\/logo\/image\/"},"sameAs":["https:\/\/www.linkedin.com\/company\/ethifinance\/","https:\/\/www.youtube.com\/@ethifinance_EU"]}]}},"_links":{"self":[{"href":"https:\/\/www.ethifinance.com\/fr\/wp-json\/wp\/v2\/pages\/41979","targetHints":{"allow":["GET"]}}],"collection":[{"href":"https:\/\/www.ethifinance.com\/fr\/wp-json\/wp\/v2\/pages"}],"about":[{"href":"https:\/\/www.ethifinance.com\/fr\/wp-json\/wp\/v2\/types\/page"}],"author":[{"embeddable":true,"href":"https:\/\/www.ethifinance.com\/fr\/wp-json\/wp\/v2\/users\/2"}],"replies":[{"embeddable":true,"href":"https:\/\/www.ethifinance.com\/fr\/wp-json\/wp\/v2\/comments?post=41979"}],"version-history":[{"count":20,"href":"https:\/\/www.ethifinance.com\/fr\/wp-json\/wp\/v2\/pages\/41979\/revisions"}],"predecessor-version":[{"id":48796,"href":"https:\/\/www.ethifinance.com\/fr\/wp-json\/wp\/v2\/pages\/41979\/revisions\/48796"}],"wp:attachment":[{"href":"https:\/\/www.ethifinance.com\/fr\/wp-json\/wp\/v2\/media?parent=41979"}],"curies":[{"name":"wp","href":"https:\/\/api.w.org\/{rel}","templated":true}]}}