{"id":44026,"date":"2025-04-03T11:49:22","date_gmt":"2025-04-03T09:49:22","guid":{"rendered":"https:\/\/www.ethifinance.com\/solutions-pour-le-climat\/"},"modified":"2026-04-13T20:35:18","modified_gmt":"2026-04-13T18:35:18","slug":"notation-climat","status":"publish","type":"page","link":"https:\/\/www.ethifinance.com\/fr\/notation-climat\/","title":{"rendered":"Solutions pour le climat"},"content":{"rendered":"\t\t<div data-elementor-type=\"wp-page\" data-elementor-id=\"44026\" class=\"elementor elementor-44026 elementor-43435\" data-elementor-post-type=\"page\">\n\t\t\t\t<div class=\"elementor-element elementor-element-51b0d220 e-con-full e-flex e-con e-parent\" data-id=\"51b0d220\" data-element_type=\"container\" data-e-type=\"container\" data-settings=\"{&quot;background_background&quot;:&quot;classic&quot;}\">\n\t\t<div class=\"elementor-element elementor-element-5eb3709d e-flex e-con-boxed e-con e-child\" data-id=\"5eb3709d\" data-element_type=\"container\" data-e-type=\"container\">\n\t\t\t\t\t<div class=\"e-con-inner\">\n\t\t\t\t<div class=\"elementor-element elementor-element-679f03f3 elementor-widget__width-initial elementor-widget elementor-widget-text-editor\" data-id=\"679f03f3\" data-element_type=\"widget\" data-e-type=\"widget\" data-widget_type=\"text-editor.default\">\n\t\t\t\t<div class=\"elementor-widget-container\">\n\t\t\t\t\t\t\t\t\tConfront\u00e9es \u00e0 l\u2019urgence climatique ainsi qu\u2019\u00e0 la pression croissante exerc\u00e9e sur les ressources naturelles et la biodiversit\u00e9, nos \u00e9conomies se doivent d\u2019acc\u00e9l\u00e9rer leur transition. Il en va d\u00e9sormais de leur r\u00e9silience, de leur s\u00e9curit\u00e9, voire de leur souverainet\u00e9.  \t\t\t\t\t\t\t\t<\/div>\n\t\t\t\t<\/div>\n\t\t\t\t\t<\/div>\n\t\t\t\t<\/div>\n\t\t\t\t<\/div>\n\t\t<div class=\"elementor-element elementor-element-fd9156b e-flex e-con-boxed e-con e-parent\" data-id=\"fd9156b\" data-element_type=\"container\" data-e-type=\"container\" data-settings=\"{&quot;background_background&quot;:&quot;classic&quot;}\">\n\t\t\t\t\t<div class=\"e-con-inner\">\n\t\t<div class=\"elementor-element elementor-element-20cb391 e-flex e-con-boxed e-con e-child\" data-id=\"20cb391\" data-element_type=\"container\" data-e-type=\"container\">\n\t\t\t\t\t<div class=\"e-con-inner\">\n\t\t<div class=\"elementor-element elementor-element-91258d4 e-con-full e-flex e-con e-child\" data-id=\"91258d4\" data-element_type=\"container\" data-e-type=\"container\">\n\t\t<div class=\"elementor-element elementor-element-627ab99 e-con-full e-flex e-con e-child\" data-id=\"627ab99\" data-element_type=\"container\" data-e-type=\"container\">\n\t\t\t\t<div class=\"elementor-element elementor-element-e9fe529 elementor-widget elementor-widget-heading\" data-id=\"e9fe529\" data-element_type=\"widget\" data-e-type=\"widget\" data-widget_type=\"heading.default\">\n\t\t\t\t<div class=\"elementor-widget-container\">\n\t\t\t\t\t<h1 class=\"elementor-heading-title elementor-size-default\">Outils d\u2019aide \u00e0 la d\u00e9cision pour l\u2019int\u00e9gration des enjeux climatiques<\/h1>\t\t\t\t<\/div>\n\t\t\t\t<\/div>\n\t\t\t\t<div class=\"elementor-element elementor-element-d67d355 elementor-widget elementor-widget-text-editor\" data-id=\"d67d355\" data-element_type=\"widget\" data-e-type=\"widget\" data-widget_type=\"text-editor.default\">\n\t\t\t\t<div class=\"elementor-widget-container\">\n\t\t\t\t\t\t\t\t\t<p>Pour piloter efficacement leurs plans de transition, les entreprises doivent s\u2019appuyer sur des donn\u00e9es fiables, leur permettant d\u2019\u00e9valuer le degr\u00e9 d\u2019alignement avec les standards attendus. Parall\u00e8lement, les investisseurs engag\u00e9s ont besoin d\u2019une information claire et structur\u00e9e pour orienter leurs d\u00e9cisions en toute connaissance de cause. <\/p>\t\t\t\t\t\t\t\t<\/div>\n\t\t\t\t<\/div>\n\t\t\t\t<div class=\"elementor-element elementor-element-155ecc7 elementor-widget elementor-widget-text-editor\" data-id=\"155ecc7\" data-element_type=\"widget\" data-e-type=\"widget\" data-widget_type=\"text-editor.default\">\n\t\t\t\t<div class=\"elementor-widget-container\">\n\t\t\t\t\t\t\t\t\t<p>EthiFinance accompagne ses clients dans l\u2019\u00e9valuation des strat\u00e9gies climatiques et des plans de transition, en proposant une analyse concr\u00e8te des engagements pris par les entreprises ainsi que des actions effectivement mises en \u0153uvre. Nos solutions compl\u00e9mentaires ont \u00e9t\u00e9 con\u00e7ues pour : <\/p>\t\t\t\t\t\t\t\t<\/div>\n\t\t\t\t<\/div>\n\t\t\t\t<div class=\"elementor-element elementor-element-e4f4b7c elementor-icon-list--layout-traditional elementor-list-item-link-full_width elementor-widget elementor-widget-icon-list\" data-id=\"e4f4b7c\" data-element_type=\"widget\" data-e-type=\"widget\" data-widget_type=\"icon-list.default\">\n\t\t\t\t<div class=\"elementor-widget-container\">\n\t\t\t\t\t\t\t<ul class=\"elementor-icon-list-items\">\n\t\t\t\t\t\t\t<li class=\"elementor-icon-list-item\">\n\t\t\t\t\t\t\t\t\t\t\t<span class=\"elementor-icon-list-icon\">\n\t\t\t\t\t\t\t<svg aria-hidden=\"true\" class=\"e-font-icon-svg e-fas-check\" viewBox=\"0 0 512 512\" xmlns=\"http:\/\/www.w3.org\/2000\/svg\"><path d=\"M173.898 439.404l-166.4-166.4c-9.997-9.997-9.997-26.206 0-36.204l36.203-36.204c9.997-9.998 26.207-9.998 36.204 0L192 312.69 432.095 72.596c9.997-9.997 26.207-9.997 36.204 0l36.203 36.204c9.997 9.997 9.997 26.206 0 36.204l-294.4 294.401c-9.998 9.997-26.207 9.997-36.204-.001z\"><\/path><\/svg>\t\t\t\t\t\t<\/span>\n\t\t\t\t\t\t\t\t\t\t<span class=\"elementor-icon-list-text\">Permettre aux investisseurs de guider leurs choix d\u2019investissement, de limiter l\u2019exposition de leur portefeuille aux risques li\u00e9s au changement climatique, d\u2019accro\u00eetre leur impact positif, et de structurer efficacement leurs d\u00e9marches d\u2019engagement ;<\/span>\n\t\t\t\t\t\t\t\t\t<\/li>\n\t\t\t\t\t\t\t\t<li class=\"elementor-icon-list-item\">\n\t\t\t\t\t\t\t\t\t\t\t<span class=\"elementor-icon-list-icon\">\n\t\t\t\t\t\t\t<svg aria-hidden=\"true\" class=\"e-font-icon-svg e-fas-check\" viewBox=\"0 0 512 512\" xmlns=\"http:\/\/www.w3.org\/2000\/svg\"><path d=\"M173.898 439.404l-166.4-166.4c-9.997-9.997-9.997-26.206 0-36.204l36.203-36.204c9.997-9.998 26.207-9.998 36.204 0L192 312.69 432.095 72.596c9.997-9.997 26.207-9.997 36.204 0l36.203 36.204c9.997 9.997 9.997 26.206 0 36.204l-294.4 294.401c-9.998 9.997-26.207 9.997-36.204-.001z\"><\/path><\/svg>\t\t\t\t\t\t<\/span>\n\t\t\t\t\t\t\t\t\t\t<span class=\"elementor-icon-list-text\">Aider les entreprises \u00e0 \u00e9valuer et positionner leurs performances, \u00e0 optimiser leurs plans de transition, et \u00e0 r\u00e9pondre aux attentes croissantes de leurs parties prenantes.<\/span>\n\t\t\t\t\t\t\t\t\t<\/li>\n\t\t\t\t\t\t<\/ul>\n\t\t\t\t\t\t<\/div>\n\t\t\t\t<\/div>\n\t\t\t\t<\/div>\n\t\t<div class=\"elementor-element elementor-element-a0f51cb e-con-full e-flex e-con e-child\" data-id=\"a0f51cb\" data-element_type=\"container\" data-e-type=\"container\">\n\t\t\t\t<div class=\"elementor-element elementor-element-d99d91b elementor-widget elementor-widget-image\" data-id=\"d99d91b\" data-element_type=\"widget\" data-e-type=\"widget\" data-widget_type=\"image.default\">\n\t\t\t\t<div class=\"elementor-widget-container\">\n\t\t\t\t\t\t\t\t\t\t\t\t\t\t\t<img fetchpriority=\"high\" decoding=\"async\" width=\"640\" height=\"444\" src=\"https:\/\/www.ethifinance.com\/wp-content\/uploads\/2024\/07\/compass.jpg\" class=\"attachment-medium_large size-medium_large wp-image-37051\" alt=\"\" srcset=\"https:\/\/www.ethifinance.com\/wp-content\/uploads\/2024\/07\/compass.jpg 640w, https:\/\/www.ethifinance.com\/wp-content\/uploads\/2024\/07\/compass-300x208.jpg 300w, https:\/\/www.ethifinance.com\/wp-content\/uploads\/2024\/07\/compass-18x12.jpg 18w\" sizes=\"(max-width: 640px) 100vw, 640px\" \/>\t\t\t\t\t\t\t\t\t\t\t\t\t\t\t<\/div>\n\t\t\t\t<\/div>\n\t\t\t\t<\/div>\n\t\t\t\t<\/div>\n\t\t\t\t\t<\/div>\n\t\t\t\t<\/div>\n\t\t\t\t\t<\/div>\n\t\t\t\t<\/div>\n\t\t<div class=\"elementor-element elementor-element-d0534a8 e-flex e-con-boxed e-con e-parent\" data-id=\"d0534a8\" data-element_type=\"container\" data-e-type=\"container\">\n\t\t\t\t\t<div class=\"e-con-inner\">\n\t\t<div class=\"elementor-element elementor-element-bdd591f e-flex e-con-boxed e-con e-child\" data-id=\"bdd591f\" data-element_type=\"container\" data-e-type=\"container\">\n\t\t\t\t\t<div class=\"e-con-inner\">\n\t\t<div class=\"elementor-element elementor-element-ffd0e9d e-flex e-con-boxed e-con e-child\" data-id=\"ffd0e9d\" data-element_type=\"container\" data-e-type=\"container\">\n\t\t\t\t\t<div class=\"e-con-inner\">\n\t\t\t\t<div class=\"elementor-element elementor-element-d1fe1a7 elementor-widget__width-initial elementor-widget elementor-widget-heading\" data-id=\"d1fe1a7\" data-element_type=\"widget\" data-e-type=\"widget\" data-widget_type=\"heading.default\">\n\t\t\t\t<div class=\"elementor-widget-container\">\n\t\t\t\t\t<h3 class=\"elementor-heading-title elementor-size-default\">Une m\u00e9thodologie unique pour une approche globale des dynamiques de transition<\/h3>\t\t\t\t<\/div>\n\t\t\t\t<\/div>\n\t\t\t\t<div class=\"elementor-element elementor-element-94f8992 elementor-widget elementor-widget-text-editor\" data-id=\"94f8992\" data-element_type=\"widget\" data-e-type=\"widget\" data-widget_type=\"text-editor.default\">\n\t\t\t\t<div class=\"elementor-widget-container\">\n\t\t\t\t\t\t\t\t\t<p>Conformes aux principales r\u00e9glementations et initiatives climatiques internationales (TCFD, CSRD, SBTi, etc.), nos outils reposent sur une m\u00e9thodologie commune articul\u00e9e autour de quatre piliers : la mesure d\u2019impact, la trajectoire carbone, la strat\u00e9gie et la gouvernance. Au-del\u00e0 de l\u2019\u00e9valuation des objectifs quantitatifs, cette approche permet d\u2019appr\u00e9hender de mani\u00e8re globale les efforts d\u00e9ploy\u00e9s par l\u2019entreprise ainsi que sa capacit\u00e9 r\u00e9elle de transformation. <\/p>\t\t\t\t\t\t\t\t<\/div>\n\t\t\t\t<\/div>\n\t\t\t\t\t<\/div>\n\t\t\t\t<\/div>\n\t\t\t\t\t<\/div>\n\t\t\t\t<\/div>\n\t\t\t\t\t<\/div>\n\t\t\t\t<\/div>\n\t\t<div class=\"elementor-element elementor-element-33fdfde e-grid e-con-boxed e-con e-child\" data-id=\"33fdfde\" data-element_type=\"container\" data-e-type=\"container\">\n\t\t\t\t\t<div class=\"e-con-inner\">\n\t\t\t\t<div class=\"elementor-element elementor-element-bfc8906 elementor-cta--layout-image-below elementor-widget__width-initial elementor-widget-mobile__width-inherit elementor-cta--valign-top elementor-cta--skin-classic elementor-animated-content elementor-bg-transform elementor-bg-transform-zoom-in elementor-widget elementor-widget-call-to-action\" data-id=\"bfc8906\" data-element_type=\"widget\" data-e-type=\"widget\" data-widget_type=\"call-to-action.default\">\n\t\t\t\t<div class=\"elementor-widget-container\">\n\t\t\t\t\t\t\t<a class=\"elementor-cta\" href=\"https:\/\/www.ethifinance.com\/es\/evaluacion-de-la-transicion-climatica\/\" target=\"_blank\">\n\t\t\t\t\t<div class=\"elementor-cta__bg-wrapper\">\n\t\t\t\t<div class=\"elementor-cta__bg elementor-bg\" style=\"background-image: url(https:\/\/www.ethifinance.com\/wp-content\/uploads\/elementor\/thumbs\/investors-1-ribczo8bbipiqayet7qv105ifwx80xk30tsaqrpkso.jpeg);\" role=\"img\" aria-label=\"investors.jpeg\"><\/div>\n\t\t\t\t<div class=\"elementor-cta__bg-overlay\"><\/div>\n\t\t\t<\/div>\n\t\t\t\t\t\t\t<div class=\"elementor-cta__content\">\n\t\t\t\t\n\t\t\t\t\t\t\t\t\t<h2 class=\"elementor-cta__title elementor-cta__content-item elementor-content-item\">\n\t\t\t\t\t\tPour les investisseurs \u2013 Climate Transition Assessment\t\t\t\t\t<\/h2>\n\t\t\t\t\n\t\t\t\t\t\t\t\t\t<div class=\"elementor-cta__description elementor-cta__content-item elementor-content-item\">\n\t\t\t\t\t\tUn outil standardis\u00e9 bas\u00e9 sur des donn\u00e9es publiques, couvrant les entreprises internationales cot\u00e9es en bourse op\u00e9rant dans des secteurs \u00e0 forte \u00e9mission.<br \/><br \/>\n\n<b>Bon \u00e0 savoir :<\/b> Les entreprises couvertes peuvent \u00e9galement demander l\u2019acc\u00e8s \u00e0 leur \u00e9valuation.\t\t\t\t\t<\/div>\n\t\t\t\t\n\t\t\t\t\t\t\t\t\t<div class=\"elementor-cta__button-wrapper elementor-cta__content-item elementor-content-item \">\n\t\t\t\t\t<span class=\"elementor-cta__button elementor-button elementor-size-\">\n\t\t\t\t\t\tEn savoir plus\t\t\t\t\t<\/span>\n\t\t\t\t\t<\/div>\n\t\t\t\t\t\t\t<\/div>\n\t\t\t\t\t\t<\/a>\n\t\t\t\t\t\t<\/div>\n\t\t\t\t<\/div>\n\t\t\t\t<div class=\"elementor-element elementor-element-b968286 elementor-cta--layout-image-below elementor-widget__width-initial elementor-widget-mobile__width-inherit elementor-cta--valign-top elementor-cta--skin-classic elementor-animated-content elementor-bg-transform elementor-bg-transform-zoom-in elementor-widget elementor-widget-call-to-action\" data-id=\"b968286\" data-element_type=\"widget\" data-e-type=\"widget\" data-widget_type=\"call-to-action.default\">\n\t\t\t\t<div class=\"elementor-widget-container\">\n\t\t\t\t\t\t\t<a class=\"elementor-cta\" href=\"https:\/\/www.ethifinance.com\/es\/solicited-climate-rating\/\" target=\"_blank\">\n\t\t\t\t\t<div class=\"elementor-cta__bg-wrapper\">\n\t\t\t\t<div class=\"elementor-cta__bg elementor-bg\" style=\"background-image: url(https:\/\/www.ethifinance.com\/wp-content\/uploads\/elementor\/thumbs\/corporate-1-ribczo8bbipiqayet7qv105ifwx80xk30tsaqrpkso.png);\" role=\"img\" aria-label=\"corporate.png\"><\/div>\n\t\t\t\t<div class=\"elementor-cta__bg-overlay\"><\/div>\n\t\t\t<\/div>\n\t\t\t\t\t\t\t<div class=\"elementor-cta__content\">\n\t\t\t\t\n\t\t\t\t\t\t\t\t\t<h2 class=\"elementor-cta__title elementor-cta__content-item elementor-content-item\">\n\t\t\t\t\t\tPour les entreprises \u2013 Solicited Climate Rating\t\t\t\t\t<\/h2>\n\t\t\t\t\n\t\t\t\t\t\t\t\t\t<div class=\"elementor-cta__description elementor-cta__content-item elementor-content-item\">\n\t\t\t\t\t\tNous proposons une analyse approfondie des plans de transition climatique, fond\u00e9e sur une revue documentaire enrichie par des entretiens qualitatifs. Cette \u00e9valuation est applicable \u00e0 tous types d\u2019entreprises, qu\u2019elles soient cot\u00e9es ou non, publiques ou priv\u00e9es, et \u00e0 tous les secteurs d\u2019activit\u00e9.\n<br><br>R\u00e9alis\u00e9es \u00e0 la demande, ces notations climat permettent aux entreprises de se comparer \u00e0 leurs pairs, d\u2019identifier leurs leviers de progr\u00e8s et d\u2019acc\u00e9l\u00e9rer concr\u00e8tement leur transition climatique.\n \t\t\t\t\t<\/div>\n\t\t\t\t\n\t\t\t\t\t\t\t\t\t<div class=\"elementor-cta__button-wrapper elementor-cta__content-item elementor-content-item \">\n\t\t\t\t\t<span class=\"elementor-cta__button elementor-button elementor-size-\">\n\t\t\t\t\t\tEn savoir plus\t\t\t\t\t<\/span>\n\t\t\t\t\t<\/div>\n\t\t\t\t\t\t\t<\/div>\n\t\t\t\t\t\t<\/a>\n\t\t\t\t\t\t<\/div>\n\t\t\t\t<\/div>\n\t\t\t\t\t<\/div>\n\t\t\t\t<\/div>\n\t\t\t\t<\/div>\n\t\t","protected":false},"excerpt":{"rendered":"<p>Confront\u00e9es \u00e0 l\u2019urgence climatique ainsi qu\u2019\u00e0 la pression croissante exerc\u00e9e sur les ressources naturelles et la biodiversit\u00e9, nos \u00e9conomies se doivent d\u2019acc\u00e9l\u00e9rer leur transition. Il en va d\u00e9sormais de leur r\u00e9silience, de leur s\u00e9curit\u00e9, voire de leur souverainet\u00e9.  <\/p>\n","protected":false},"author":2,"featured_media":43445,"parent":0,"menu_order":0,"comment_status":"closed","ping_status":"closed","template":"","meta":{"_acf_changed":false,"footnotes":""},"class_list":["post-44026","page","type-page","status-publish","has-post-thumbnail","hentry"],"acf":[],"yoast_head":"<!-- This site is optimized with the Yoast SEO plugin v27.5 - https:\/\/yoast.com\/product\/yoast-seo-wordpress\/ -->\n<title>Solutions pour le climat - EthiFinance<\/title>\n<meta name=\"robots\" content=\"index, follow, max-snippet:-1, max-image-preview:large, max-video-preview:-1\" \/>\n<link rel=\"canonical\" href=\"https:\/\/www.ethifinance.com\/fr\/notation-climat\/\" \/>\n<meta property=\"og:locale\" content=\"fr_FR\" \/>\n<meta property=\"og:type\" content=\"article\" \/>\n<meta property=\"og:title\" content=\"Solutions pour le climat - EthiFinance\" \/>\n<meta property=\"og:description\" content=\"Confront\u00e9es \u00e0 l\u2019urgence climatique ainsi qu\u2019\u00e0 la pression croissante exerc\u00e9e sur les ressources naturelles et la biodiversit\u00e9, nos \u00e9conomies se doivent d\u2019acc\u00e9l\u00e9rer leur transition. Il en va d\u00e9sormais de leur r\u00e9silience, de leur s\u00e9curit\u00e9, voire de leur souverainet\u00e9.\" \/>\n<meta property=\"og:url\" content=\"https:\/\/www.ethifinance.com\/fr\/notation-climat\/\" \/>\n<meta property=\"og:site_name\" content=\"EthiFinance\" \/>\n<meta property=\"article:modified_time\" content=\"2026-04-13T18:35:18+00:00\" \/>\n<meta property=\"og:image\" content=\"https:\/\/www.ethifinance.com\/wp-content\/uploads\/2025\/04\/138187.jpg\" \/>\n\t<meta property=\"og:image:width\" content=\"1500\" \/>\n\t<meta property=\"og:image:height\" content=\"1004\" \/>\n\t<meta property=\"og:image:type\" content=\"image\/jpeg\" \/>\n<meta name=\"twitter:card\" content=\"summary_large_image\" \/>\n<meta name=\"twitter:label1\" content=\"Dur\u00e9e de lecture estim\u00e9e\" \/>\n\t<meta name=\"twitter:data1\" content=\"2 minutes\" \/>\n<script type=\"application\/ld+json\" class=\"yoast-schema-graph\">{\"@context\":\"https:\\\/\\\/schema.org\",\"@graph\":[{\"@type\":\"WebPage\",\"@id\":\"https:\\\/\\\/www.ethifinance.com\\\/fr\\\/notation-climat\\\/\",\"url\":\"https:\\\/\\\/www.ethifinance.com\\\/fr\\\/notation-climat\\\/\",\"name\":\"Solutions pour le climat - EthiFinance\",\"isPartOf\":{\"@id\":\"https:\\\/\\\/www.ethifinance.com\\\/fr\\\/#website\"},\"primaryImageOfPage\":{\"@id\":\"https:\\\/\\\/www.ethifinance.com\\\/fr\\\/notation-climat\\\/#primaryimage\"},\"image\":{\"@id\":\"https:\\\/\\\/www.ethifinance.com\\\/fr\\\/notation-climat\\\/#primaryimage\"},\"thumbnailUrl\":\"https:\\\/\\\/www.ethifinance.com\\\/wp-content\\\/uploads\\\/2025\\\/04\\\/138187.jpg\",\"datePublished\":\"2025-04-03T09:49:22+00:00\",\"dateModified\":\"2026-04-13T18:35:18+00:00\",\"breadcrumb\":{\"@id\":\"https:\\\/\\\/www.ethifinance.com\\\/fr\\\/notation-climat\\\/#breadcrumb\"},\"inLanguage\":\"fr-FR\",\"potentialAction\":[{\"@type\":\"ReadAction\",\"target\":[\"https:\\\/\\\/www.ethifinance.com\\\/fr\\\/notation-climat\\\/\"]}]},{\"@type\":\"ImageObject\",\"inLanguage\":\"fr-FR\",\"@id\":\"https:\\\/\\\/www.ethifinance.com\\\/fr\\\/notation-climat\\\/#primaryimage\",\"url\":\"https:\\\/\\\/www.ethifinance.com\\\/wp-content\\\/uploads\\\/2025\\\/04\\\/138187.jpg\",\"contentUrl\":\"https:\\\/\\\/www.ethifinance.com\\\/wp-content\\\/uploads\\\/2025\\\/04\\\/138187.jpg\",\"width\":1500,\"height\":1004},{\"@type\":\"BreadcrumbList\",\"@id\":\"https:\\\/\\\/www.ethifinance.com\\\/fr\\\/notation-climat\\\/#breadcrumb\",\"itemListElement\":[{\"@type\":\"ListItem\",\"position\":1,\"name\":\"Accueil\",\"item\":\"https:\\\/\\\/www.ethifinance.com\\\/fr\\\/\"},{\"@type\":\"ListItem\",\"position\":2,\"name\":\"Solutions pour le climat\"}]},{\"@type\":\"WebSite\",\"@id\":\"https:\\\/\\\/www.ethifinance.com\\\/fr\\\/#website\",\"url\":\"https:\\\/\\\/www.ethifinance.com\\\/fr\\\/\",\"name\":\"Ethifinance\",\"description\":\"\",\"publisher\":{\"@id\":\"https:\\\/\\\/www.ethifinance.com\\\/fr\\\/#organization\"},\"potentialAction\":[{\"@type\":\"SearchAction\",\"target\":{\"@type\":\"EntryPoint\",\"urlTemplate\":\"https:\\\/\\\/www.ethifinance.com\\\/fr\\\/?s={search_term_string}\"},\"query-input\":{\"@type\":\"PropertyValueSpecification\",\"valueRequired\":true,\"valueName\":\"search_term_string\"}}],\"inLanguage\":\"fr-FR\"},{\"@type\":\"Organization\",\"@id\":\"https:\\\/\\\/www.ethifinance.com\\\/fr\\\/#organization\",\"name\":\"Ethifinance\",\"url\":\"https:\\\/\\\/www.ethifinance.com\\\/fr\\\/\",\"logo\":{\"@type\":\"ImageObject\",\"inLanguage\":\"fr-FR\",\"@id\":\"https:\\\/\\\/www.ethifinance.com\\\/fr\\\/#\\\/schema\\\/logo\\\/image\\\/\",\"url\":\"https:\\\/\\\/www.ethifinance.com\\\/wp-content\\\/uploads\\\/2024\\\/05\\\/Logo_simplified_green_by_altay-01-01.png\",\"contentUrl\":\"https:\\\/\\\/www.ethifinance.com\\\/wp-content\\\/uploads\\\/2024\\\/05\\\/Logo_simplified_green_by_altay-01-01.png\",\"width\":433,\"height\":74,\"caption\":\"Ethifinance\"},\"image\":{\"@id\":\"https:\\\/\\\/www.ethifinance.com\\\/fr\\\/#\\\/schema\\\/logo\\\/image\\\/\"},\"sameAs\":[\"https:\\\/\\\/www.linkedin.com\\\/company\\\/ethifinance\\\/\",\"https:\\\/\\\/www.youtube.com\\\/@ethifinance_EU\"]}]}<\/script>\n<!-- \/ Yoast SEO plugin. -->","yoast_head_json":{"title":"Solutions pour le climat - EthiFinance","robots":{"index":"index","follow":"follow","max-snippet":"max-snippet:-1","max-image-preview":"max-image-preview:large","max-video-preview":"max-video-preview:-1"},"canonical":"https:\/\/www.ethifinance.com\/fr\/notation-climat\/","og_locale":"fr_FR","og_type":"article","og_title":"Solutions pour le climat - EthiFinance","og_description":"Confront\u00e9es \u00e0 l\u2019urgence climatique ainsi qu\u2019\u00e0 la pression croissante exerc\u00e9e sur les ressources naturelles et la biodiversit\u00e9, nos \u00e9conomies se doivent d\u2019acc\u00e9l\u00e9rer leur transition. Il en va d\u00e9sormais de leur r\u00e9silience, de leur s\u00e9curit\u00e9, voire de leur souverainet\u00e9.","og_url":"https:\/\/www.ethifinance.com\/fr\/notation-climat\/","og_site_name":"EthiFinance","article_modified_time":"2026-04-13T18:35:18+00:00","og_image":[{"width":1500,"height":1004,"url":"https:\/\/www.ethifinance.com\/wp-content\/uploads\/2025\/04\/138187.jpg","type":"image\/jpeg"}],"twitter_card":"summary_large_image","twitter_misc":{"Dur\u00e9e de lecture estim\u00e9e":"2 minutes"},"schema":{"@context":"https:\/\/schema.org","@graph":[{"@type":"WebPage","@id":"https:\/\/www.ethifinance.com\/fr\/notation-climat\/","url":"https:\/\/www.ethifinance.com\/fr\/notation-climat\/","name":"Solutions pour le climat - EthiFinance","isPartOf":{"@id":"https:\/\/www.ethifinance.com\/fr\/#website"},"primaryImageOfPage":{"@id":"https:\/\/www.ethifinance.com\/fr\/notation-climat\/#primaryimage"},"image":{"@id":"https:\/\/www.ethifinance.com\/fr\/notation-climat\/#primaryimage"},"thumbnailUrl":"https:\/\/www.ethifinance.com\/wp-content\/uploads\/2025\/04\/138187.jpg","datePublished":"2025-04-03T09:49:22+00:00","dateModified":"2026-04-13T18:35:18+00:00","breadcrumb":{"@id":"https:\/\/www.ethifinance.com\/fr\/notation-climat\/#breadcrumb"},"inLanguage":"fr-FR","potentialAction":[{"@type":"ReadAction","target":["https:\/\/www.ethifinance.com\/fr\/notation-climat\/"]}]},{"@type":"ImageObject","inLanguage":"fr-FR","@id":"https:\/\/www.ethifinance.com\/fr\/notation-climat\/#primaryimage","url":"https:\/\/www.ethifinance.com\/wp-content\/uploads\/2025\/04\/138187.jpg","contentUrl":"https:\/\/www.ethifinance.com\/wp-content\/uploads\/2025\/04\/138187.jpg","width":1500,"height":1004},{"@type":"BreadcrumbList","@id":"https:\/\/www.ethifinance.com\/fr\/notation-climat\/#breadcrumb","itemListElement":[{"@type":"ListItem","position":1,"name":"Accueil","item":"https:\/\/www.ethifinance.com\/fr\/"},{"@type":"ListItem","position":2,"name":"Solutions pour le climat"}]},{"@type":"WebSite","@id":"https:\/\/www.ethifinance.com\/fr\/#website","url":"https:\/\/www.ethifinance.com\/fr\/","name":"Ethifinance","description":"","publisher":{"@id":"https:\/\/www.ethifinance.com\/fr\/#organization"},"potentialAction":[{"@type":"SearchAction","target":{"@type":"EntryPoint","urlTemplate":"https:\/\/www.ethifinance.com\/fr\/?s={search_term_string}"},"query-input":{"@type":"PropertyValueSpecification","valueRequired":true,"valueName":"search_term_string"}}],"inLanguage":"fr-FR"},{"@type":"Organization","@id":"https:\/\/www.ethifinance.com\/fr\/#organization","name":"Ethifinance","url":"https:\/\/www.ethifinance.com\/fr\/","logo":{"@type":"ImageObject","inLanguage":"fr-FR","@id":"https:\/\/www.ethifinance.com\/fr\/#\/schema\/logo\/image\/","url":"https:\/\/www.ethifinance.com\/wp-content\/uploads\/2024\/05\/Logo_simplified_green_by_altay-01-01.png","contentUrl":"https:\/\/www.ethifinance.com\/wp-content\/uploads\/2024\/05\/Logo_simplified_green_by_altay-01-01.png","width":433,"height":74,"caption":"Ethifinance"},"image":{"@id":"https:\/\/www.ethifinance.com\/fr\/#\/schema\/logo\/image\/"},"sameAs":["https:\/\/www.linkedin.com\/company\/ethifinance\/","https:\/\/www.youtube.com\/@ethifinance_EU"]}]}},"_links":{"self":[{"href":"https:\/\/www.ethifinance.com\/fr\/wp-json\/wp\/v2\/pages\/44026","targetHints":{"allow":["GET"]}}],"collection":[{"href":"https:\/\/www.ethifinance.com\/fr\/wp-json\/wp\/v2\/pages"}],"about":[{"href":"https:\/\/www.ethifinance.com\/fr\/wp-json\/wp\/v2\/types\/page"}],"author":[{"embeddable":true,"href":"https:\/\/www.ethifinance.com\/fr\/wp-json\/wp\/v2\/users\/2"}],"replies":[{"embeddable":true,"href":"https:\/\/www.ethifinance.com\/fr\/wp-json\/wp\/v2\/comments?post=44026"}],"version-history":[{"count":24,"href":"https:\/\/www.ethifinance.com\/fr\/wp-json\/wp\/v2\/pages\/44026\/revisions"}],"predecessor-version":[{"id":49206,"href":"https:\/\/www.ethifinance.com\/fr\/wp-json\/wp\/v2\/pages\/44026\/revisions\/49206"}],"wp:featuredmedia":[{"embeddable":true,"href":"https:\/\/www.ethifinance.com\/fr\/wp-json\/wp\/v2\/media\/43445"}],"wp:attachment":[{"href":"https:\/\/www.ethifinance.com\/fr\/wp-json\/wp\/v2\/media?parent=44026"}],"curies":[{"name":"wp","href":"https:\/\/api.w.org\/{rel}","templated":true}]}}